{"id":4159,"date":"2018-03-28T07:09:51","date_gmt":"2018-03-28T06:09:51","guid":{"rendered":"https:\/\/www.teatroreal.es\/proyectolova\/?page_id=4159"},"modified":"2020-07-27T16:16:38","modified_gmt":"2020-07-27T15:16:38","slug":"formacion-aprendanza","status":"publish","type":"page","link":"https:\/\/www.teatroreal.es\/proyectolova\/formacion-aprendanza\/","title":{"rendered":"aprendanza18"},"content":{"rendered":"\t\t<div data-elementor-type=\"wp-page\" data-elementor-id=\"4159\" class=\"elementor elementor-4159\" data-elementor-post-type=\"page\">\n\t\t\t\t\t\t<section class=\"elementor-section elementor-top-section elementor-element elementor-element-ce74fb7 elementor-section-boxed elementor-section-height-default elementor-section-height-default qodef-elementor-content-no\" data-id=\"ce74fb7\" data-element_type=\"section\">\n\t\t\t\t\t\t<div class=\"elementor-container elementor-column-gap-default\">\n\t\t\t\t\t<div class=\"elementor-column elementor-col-100 elementor-top-column elementor-element elementor-element-e731f9d\" data-id=\"e731f9d\" data-element_type=\"column\">\n\t\t\t<div class=\"elementor-widget-wrap elementor-element-populated\">\n\t\t\t\t\t\t<div class=\"elementor-element elementor-element-7e2c74a elementor-widget elementor-widget-video\" data-id=\"7e2c74a\" data-element_type=\"widget\" data-settings=\"{&quot;youtube_url&quot;:&quot;https:\\\/\\\/youtu.be\\\/0RXD-e_8lzE&quot;,&quot;video_type&quot;:&quot;youtube&quot;,&quot;controls&quot;:&quot;yes&quot;}\" data-widget_type=\"video.default\">\n\t\t\t\t<div class=\"elementor-widget-container\">\n\t\t\t\t\t\t\t<div class=\"elementor-wrapper elementor-open-inline\">\n\t\t\t<div class=\"elementor-video\"><\/div>\t\t<\/div>\n\t\t\t\t\t\t<\/div>\n\t\t\t\t<\/div>\n\t\t\t\t\t<\/div>\n\t\t<\/div>\n\t\t\t\t\t<\/div>\n\t\t<\/section>\n\t\t\t\t<section class=\"elementor-section elementor-top-section elementor-element elementor-element-f78497a elementor-section-boxed elementor-section-height-default elementor-section-height-default qodef-elementor-content-no\" data-id=\"f78497a\" data-element_type=\"section\">\n\t\t\t\t\t\t<div class=\"elementor-container elementor-column-gap-default\">\n\t\t\t\t\t<div class=\"elementor-column elementor-col-100 elementor-top-column elementor-element elementor-element-3589c198\" data-id=\"3589c198\" data-element_type=\"column\">\n\t\t\t<div class=\"elementor-widget-wrap elementor-element-populated\">\n\t\t\t\t\t\t<div class=\"elementor-element elementor-element-47fea88f elementor-widget elementor-widget-text-editor\" data-id=\"47fea88f\" data-element_type=\"widget\" data-widget_type=\"text-editor.default\">\n\t\t\t\t<div class=\"elementor-widget-container\">\n\t\t\t\t\t\t\t\t\t<h2><strong>aprendanza 18<\/strong><\/h2><h2><strong>educaci\u00f3n en movimiento<\/strong><\/h2><h4>26-28 octubre 2018<\/h4><h3><strong>programa <a href=\"https:\/\/www.teatroreal.es\/proyectolova\/aprendanza-programa-3\/\" target=\"_blank\" rel=\"noopener\">(desc\u00e1rgalo aqu\u00ed)<\/a><\/strong><\/h3><p>de Legazpi a Chamber\u00ed<br \/>la cuarta edici\u00f3n de aprendanza te regala actividades simult\u00e1neas en tres sedes: una en Legazpi (Matadero) y dos en Chamber\u00ed (Fundaci\u00f3n Giner y Centro Danza Canal).<\/p><p>Elige en cu\u00e1l de las tres sedes vas a pasar cada ma\u00f1ana\/tarde de aprendanza. Recuerda que puedes cambiar de sede por d\u00edas y a la hora de comer el s\u00e1bado. De Legazpi a Chamber\u00ed, se tarda media hora en metro.<\/p><\/div><\/div><\/div><\/div><\/div><\/section><\/div><p class=\"read-more-container\"><a title=\"aprendanza18\" class=\"read-more content-read-more\" href=\"https:\/\/www.teatroreal.es\/proyectolova\/formacion-aprendanza\/#more-4159\">Read more<span class=\"screen-reader-text\">aprendanza18<\/span><\/a><\/p>","protected":false},"excerpt":{"rendered":"<p>https:\/\/youtu.be\/0RXD-e_8lzE aprendanza 18 educaci\u00f3n en movimiento 26-28 octubre 2018 programa (desc\u00e1rgalo aqu\u00ed) de Legazpi a Chamber\u00edla cuarta edici\u00f3n de aprendanza te regala actividades simult\u00e1neas en tres sedes: una en Legazpi (Matadero) y dos en Chamber\u00ed (Fundaci\u00f3n Giner y Centro Danza Canal). Elige en cu\u00e1l de las tres sedes vas a pasar cada ma\u00f1ana\/tarde de aprendanza. &#8230; <a title=\"aprendanza18\" class=\"read-more\" href=\"https:\/\/www.teatroreal.es\/proyectolova\/formacion-aprendanza\/\">Read more<\/a><\/p>\n","protected":false},"author":151,"featured_media":4581,"parent":0,"menu_order":0,"comment_status":"closed","ping_status":"closed","template":"","meta":{"footnotes":""},"hashtags":[],"class_list":["post-4159","page","type-page","status-publish","has-post-thumbnail"],"yoast_head":"<!-- This site is optimized with the Yoast SEO plugin v26.8 - https:\/\/yoast.com\/product\/yoast-seo-wordpress\/ -->\n<title>aprendanza18 - L\u00d3VA<\/title>\n<meta name=\"description\" content=\"aprendanza es un encuentro anual de educaci\u00f3n en movimiento. Del 26 al 28 de octubre vamos a celebrar la cuarta edici\u00f3n, aprendanza18,\u00a0ampliando nuestra red de apoyos institucionales e imaginando nuevas formas de conectar cuerpo, vida y aprendizaje.\" \/>\n<meta name=\"robots\" content=\"index, follow, max-snippet:-1, max-image-preview:large, max-video-preview:-1\" \/>\n<link rel=\"canonical\" href=\"https:\/\/www.teatroreal.es\/proyectolova\/formacion-aprendanza\/\" \/>\n<meta property=\"og:locale\" content=\"es_ES\" \/>\n<meta property=\"og:type\" content=\"article\" \/>\n<meta property=\"og:title\" content=\"aprendanza18 - L\u00d3VA\" \/>\n<meta property=\"og:description\" content=\"aprendanza es un encuentro anual de educaci\u00f3n en movimiento. Del 26 al 28 de octubre vamos a celebrar la cuarta edici\u00f3n, aprendanza18,\u00a0ampliando nuestra red de apoyos institucionales e imaginando nuevas formas de conectar cuerpo, vida y aprendizaje.\" \/>\n<meta property=\"og:url\" content=\"https:\/\/www.teatroreal.es\/proyectolova\/formacion-aprendanza\/\" \/>\n<meta property=\"og:site_name\" content=\"L\u00d3VA\" \/>\n<meta property=\"article:publisher\" content=\"https:\/\/www.facebook.com\/proyectolova\/\" \/>\n<meta property=\"article:modified_time\" content=\"2020-07-27T15:16:38+00:00\" \/>\n<meta property=\"og:image\" content=\"https:\/\/www.teatroreal.es\/proyectolova\/wp-content\/uploads\/2018\/10\/Aprendanza-grupo-de-Facebook.png\" \/>\n\t<meta property=\"og:image:width\" content=\"5760\" \/>\n\t<meta property=\"og:image:height\" content=\"3601\" \/>\n\t<meta property=\"og:image:type\" content=\"image\/png\" \/>\n<meta name=\"twitter:card\" content=\"summary_large_image\" \/>\n<meta name=\"twitter:site\" content=\"@proyectolova\" \/>\n<meta name=\"twitter:label1\" content=\"Tiempo de lectura\" \/>\n\t<meta name=\"twitter:data1\" content=\"7 minutos\" \/>\n<script type=\"application\/ld+json\" class=\"yoast-schema-graph\">{\"@context\":\"https:\/\/schema.org\",\"@graph\":[{\"@type\":\"WebPage\",\"@id\":\"https:\/\/www.teatroreal.es\/proyectolova\/formacion-aprendanza\/\",\"url\":\"https:\/\/www.teatroreal.es\/proyectolova\/formacion-aprendanza\/\",\"name\":\"aprendanza18 - L\u00d3VA\",\"isPartOf\":{\"@id\":\"https:\/\/www.teatroreal.es\/proyectolova\/#website\"},\"primaryImageOfPage\":{\"@id\":\"https:\/\/www.teatroreal.es\/proyectolova\/formacion-aprendanza\/#primaryimage\"},\"image\":{\"@id\":\"https:\/\/www.teatroreal.es\/proyectolova\/formacion-aprendanza\/#primaryimage\"},\"thumbnailUrl\":\"https:\/\/www.teatroreal.es\/proyectolova\/wp-content\/uploads\/2018\/10\/Aprendanza-grupo-de-Facebook.png\",\"datePublished\":\"2018-03-28T06:09:51+00:00\",\"dateModified\":\"2020-07-27T15:16:38+00:00\",\"description\":\"aprendanza es un encuentro anual de educaci\u00f3n en movimiento. Del 26 al 28 de octubre vamos a celebrar la cuarta edici\u00f3n, aprendanza18,\u00a0ampliando nuestra red de apoyos institucionales e imaginando nuevas formas de conectar cuerpo, vida y aprendizaje.\",\"breadcrumb\":{\"@id\":\"https:\/\/www.teatroreal.es\/proyectolova\/formacion-aprendanza\/#breadcrumb\"},\"inLanguage\":\"es\",\"potentialAction\":[{\"@type\":\"ReadAction\",\"target\":[\"https:\/\/www.teatroreal.es\/proyectolova\/formacion-aprendanza\/\"]}]},{\"@type\":\"ImageObject\",\"inLanguage\":\"es\",\"@id\":\"https:\/\/www.teatroreal.es\/proyectolova\/formacion-aprendanza\/#primaryimage\",\"url\":\"https:\/\/www.teatroreal.es\/proyectolova\/wp-content\/uploads\/2018\/10\/Aprendanza-grupo-de-Facebook.png\",\"contentUrl\":\"https:\/\/www.teatroreal.es\/proyectolova\/wp-content\/uploads\/2018\/10\/Aprendanza-grupo-de-Facebook.png\",\"width\":5760,\"height\":3601},{\"@type\":\"BreadcrumbList\",\"@id\":\"https:\/\/www.teatroreal.es\/proyectolova\/formacion-aprendanza\/#breadcrumb\",\"itemListElement\":[{\"@type\":\"ListItem\",\"position\":1,\"name\":\"Portada\",\"item\":\"https:\/\/www.teatroreal.es\/proyectolova\/\"},{\"@type\":\"ListItem\",\"position\":2,\"name\":\"aprendanza18\"}]},{\"@type\":\"WebSite\",\"@id\":\"https:\/\/www.teatroreal.es\/proyectolova\/#website\",\"url\":\"https:\/\/www.teatroreal.es\/proyectolova\/\",\"name\":\"L\u00d3VA\",\"description\":\"La \u00d3pera, un Veh\u00edculo de Aprendizaje\",\"publisher\":{\"@id\":\"https:\/\/www.teatroreal.es\/proyectolova\/#organization\"},\"potentialAction\":[{\"@type\":\"SearchAction\",\"target\":{\"@type\":\"EntryPoint\",\"urlTemplate\":\"https:\/\/www.teatroreal.es\/proyectolova\/?s={search_term_string}\"},\"query-input\":{\"@type\":\"PropertyValueSpecification\",\"valueRequired\":true,\"valueName\":\"search_term_string\"}}],\"inLanguage\":\"es\"},{\"@type\":\"Organization\",\"@id\":\"https:\/\/www.teatroreal.es\/proyectolova\/#organization\",\"name\":\"L\u00d3VA\",\"url\":\"https:\/\/www.teatroreal.es\/proyectolova\/\",\"logo\":{\"@type\":\"ImageObject\",\"inLanguage\":\"es\",\"@id\":\"https:\/\/www.teatroreal.es\/proyectolova\/#\/schema\/logo\/image\/\",\"url\":\"https:\/\/www.teatroreal.es\/proyectolova\/wp-content\/uploads\/2018\/01\/logo-L\u00d3VA-Marin\u00e9.jpg\",\"contentUrl\":\"https:\/\/www.teatroreal.es\/proyectolova\/wp-content\/uploads\/2018\/01\/logo-L\u00d3VA-Marin\u00e9.jpg\",\"width\":1890,\"height\":2848,\"caption\":\"L\u00d3VA\"},\"image\":{\"@id\":\"https:\/\/www.teatroreal.es\/proyectolova\/#\/schema\/logo\/image\/\"},\"sameAs\":[\"https:\/\/www.facebook.com\/proyectolova\/\",\"https:\/\/x.com\/proyectolova\",\"https:\/\/www.instagram.com\/proyectolova\/\",\"https:\/\/www.linkedin.com\/company\/proyectolova\/\",\"https:\/\/www.youtube.com\/user\/mecenartis\"]}]}<\/script>\n<!-- \/ Yoast SEO plugin. -->","yoast_head_json":{"title":"aprendanza18 - L\u00d3VA","description":"aprendanza es un encuentro anual de educaci\u00f3n en movimiento. Del 26 al 28 de octubre vamos a celebrar la cuarta edici\u00f3n, aprendanza18,\u00a0ampliando nuestra red de apoyos institucionales e imaginando nuevas formas de conectar cuerpo, vida y aprendizaje.","robots":{"index":"index","follow":"follow","max-snippet":"max-snippet:-1","max-image-preview":"max-image-preview:large","max-video-preview":"max-video-preview:-1"},"canonical":"https:\/\/www.teatroreal.es\/proyectolova\/formacion-aprendanza\/","og_locale":"es_ES","og_type":"article","og_title":"aprendanza18 - L\u00d3VA","og_description":"aprendanza es un encuentro anual de educaci\u00f3n en movimiento. Del 26 al 28 de octubre vamos a celebrar la cuarta edici\u00f3n, aprendanza18,\u00a0ampliando nuestra red de apoyos institucionales e imaginando nuevas formas de conectar cuerpo, vida y aprendizaje.","og_url":"https:\/\/www.teatroreal.es\/proyectolova\/formacion-aprendanza\/","og_site_name":"L\u00d3VA","article_publisher":"https:\/\/www.facebook.com\/proyectolova\/","article_modified_time":"2020-07-27T15:16:38+00:00","og_image":[{"width":5760,"height":3601,"url":"https:\/\/www.teatroreal.es\/proyectolova\/wp-content\/uploads\/2018\/10\/Aprendanza-grupo-de-Facebook.png","type":"image\/png"}],"twitter_card":"summary_large_image","twitter_site":"@proyectolova","twitter_misc":{"Tiempo de lectura":"7 minutos"},"schema":{"@context":"https:\/\/schema.org","@graph":[{"@type":"WebPage","@id":"https:\/\/www.teatroreal.es\/proyectolova\/formacion-aprendanza\/","url":"https:\/\/www.teatroreal.es\/proyectolova\/formacion-aprendanza\/","name":"aprendanza18 - L\u00d3VA","isPartOf":{"@id":"https:\/\/www.teatroreal.es\/proyectolova\/#website"},"primaryImageOfPage":{"@id":"https:\/\/www.teatroreal.es\/proyectolova\/formacion-aprendanza\/#primaryimage"},"image":{"@id":"https:\/\/www.teatroreal.es\/proyectolova\/formacion-aprendanza\/#primaryimage"},"thumbnailUrl":"https:\/\/www.teatroreal.es\/proyectolova\/wp-content\/uploads\/2018\/10\/Aprendanza-grupo-de-Facebook.png","datePublished":"2018-03-28T06:09:51+00:00","dateModified":"2020-07-27T15:16:38+00:00","description":"aprendanza es un encuentro anual de educaci\u00f3n en movimiento. Del 26 al 28 de octubre vamos a celebrar la cuarta edici\u00f3n, aprendanza18,\u00a0ampliando nuestra red de apoyos institucionales e imaginando nuevas formas de conectar cuerpo, vida y aprendizaje.","breadcrumb":{"@id":"https:\/\/www.teatroreal.es\/proyectolova\/formacion-aprendanza\/#breadcrumb"},"inLanguage":"es","potentialAction":[{"@type":"ReadAction","target":["https:\/\/www.teatroreal.es\/proyectolova\/formacion-aprendanza\/"]}]},{"@type":"ImageObject","inLanguage":"es","@id":"https:\/\/www.teatroreal.es\/proyectolova\/formacion-aprendanza\/#primaryimage","url":"https:\/\/www.teatroreal.es\/proyectolova\/wp-content\/uploads\/2018\/10\/Aprendanza-grupo-de-Facebook.png","contentUrl":"https:\/\/www.teatroreal.es\/proyectolova\/wp-content\/uploads\/2018\/10\/Aprendanza-grupo-de-Facebook.png","width":5760,"height":3601},{"@type":"BreadcrumbList","@id":"https:\/\/www.teatroreal.es\/proyectolova\/formacion-aprendanza\/#breadcrumb","itemListElement":[{"@type":"ListItem","position":1,"name":"Portada","item":"https:\/\/www.teatroreal.es\/proyectolova\/"},{"@type":"ListItem","position":2,"name":"aprendanza18"}]},{"@type":"WebSite","@id":"https:\/\/www.teatroreal.es\/proyectolova\/#website","url":"https:\/\/www.teatroreal.es\/proyectolova\/","name":"L\u00d3VA","description":"La \u00d3pera, un Veh\u00edculo de Aprendizaje","publisher":{"@id":"https:\/\/www.teatroreal.es\/proyectolova\/#organization"},"potentialAction":[{"@type":"SearchAction","target":{"@type":"EntryPoint","urlTemplate":"https:\/\/www.teatroreal.es\/proyectolova\/?s={search_term_string}"},"query-input":{"@type":"PropertyValueSpecification","valueRequired":true,"valueName":"search_term_string"}}],"inLanguage":"es"},{"@type":"Organization","@id":"https:\/\/www.teatroreal.es\/proyectolova\/#organization","name":"L\u00d3VA","url":"https:\/\/www.teatroreal.es\/proyectolova\/","logo":{"@type":"ImageObject","inLanguage":"es","@id":"https:\/\/www.teatroreal.es\/proyectolova\/#\/schema\/logo\/image\/","url":"https:\/\/www.teatroreal.es\/proyectolova\/wp-content\/uploads\/2018\/01\/logo-L\u00d3VA-Marin\u00e9.jpg","contentUrl":"https:\/\/www.teatroreal.es\/proyectolova\/wp-content\/uploads\/2018\/01\/logo-L\u00d3VA-Marin\u00e9.jpg","width":1890,"height":2848,"caption":"L\u00d3VA"},"image":{"@id":"https:\/\/www.teatroreal.es\/proyectolova\/#\/schema\/logo\/image\/"},"sameAs":["https:\/\/www.facebook.com\/proyectolova\/","https:\/\/x.com\/proyectolova","https:\/\/www.instagram.com\/proyectolova\/","https:\/\/www.linkedin.com\/company\/proyectolova\/","https:\/\/www.youtube.com\/user\/mecenartis"]}]}},"_links":{"self":[{"href":"https:\/\/www.teatroreal.es\/proyectolova\/wp-json\/wp\/v2\/pages\/4159","targetHints":{"allow":["GET"]}}],"collection":[{"href":"https:\/\/www.teatroreal.es\/proyectolova\/wp-json\/wp\/v2\/pages"}],"about":[{"href":"https:\/\/www.teatroreal.es\/proyectolova\/wp-json\/wp\/v2\/types\/page"}],"author":[{"embeddable":true,"href":"https:\/\/www.teatroreal.es\/proyectolova\/wp-json\/wp\/v2\/users\/151"}],"replies":[{"embeddable":true,"href":"https:\/\/www.teatroreal.es\/proyectolova\/wp-json\/wp\/v2\/comments?post=4159"}],"version-history":[{"count":43,"href":"https:\/\/www.teatroreal.es\/proyectolova\/wp-json\/wp\/v2\/pages\/4159\/revisions"}],"predecessor-version":[{"id":7305,"href":"https:\/\/www.teatroreal.es\/proyectolova\/wp-json\/wp\/v2\/pages\/4159\/revisions\/7305"}],"wp:featuredmedia":[{"embeddable":true,"href":"https:\/\/www.teatroreal.es\/proyectolova\/wp-json\/wp\/v2\/media\/4581"}],"wp:attachment":[{"href":"https:\/\/www.teatroreal.es\/proyectolova\/wp-json\/wp\/v2\/media?parent=4159"}],"wp:term":[{"taxonomy":"hashtags","embeddable":true,"href":"https:\/\/www.teatroreal.es\/proyectolova\/wp-json\/wp\/v2\/hashtags?post=4159"}],"curies":[{"name":"wp","href":"https:\/\/api.w.org\/{rel}","templated":true}]}}