{"id":4635,"date":"2018-10-04T13:04:44","date_gmt":"2018-10-04T12:04:44","guid":{"rendered":"https:\/\/www.teatroreal.es\/proyectolova\/?page_id=4635"},"modified":"2020-04-16T18:08:39","modified_gmt":"2020-04-16T17:08:39","slug":"legazpi-matadero-viernes-26-de-1830-a-2100h","status":"publish","type":"page","link":"https:\/\/www.teatroreal.es\/proyectolova\/legazpi-matadero-viernes-26-de-1830-a-2100h\/","title":{"rendered":""},"content":{"rendered":"<h1><\/h1>\n<hr \/>\n<h2>Torre de Babel: un coro de identidades<\/h2>\n<p><strong>lugar\u00a0<\/strong>Legazpi &#8211; <a href=\"http:\/\/www.mataderomadrid.org\/\" target=\"_blank\" rel=\"noopener noreferrer\">Matadero<\/a><br \/>\n<strong>fecha<\/strong>\u00a0viernes, 26 de octubre<br \/>\n<b>hora\u00a0<\/b>de 18:30 a 20:30 horas<\/p>\n<p><strong><a class=\"preload\" title=\"\" href=\"https:\/\/www.teatroreal.es\/proyectolova\/wp-content\/uploads\/2018\/10\/Torre-de-Babel_aprendanza.jpg\" rel=\"prettyphoto\"><img fetchpriority=\"high\" decoding=\"async\" class=\"size-medium wp-image-4868 alignleft\" src=\"https:\/\/www.teatroreal.es\/proyectolova\/wp-content\/uploads\/2018\/10\/Torre-de-Babel_aprendanza-300x229.jpg\" alt=\"\" width=\"300\" height=\"229\" srcset=\"https:\/\/www.teatroreal.es\/proyectolova\/wp-content\/uploads\/2018\/10\/Torre-de-Babel_aprendanza-300x229.jpg 300w, https:\/\/www.teatroreal.es\/proyectolova\/wp-content\/uploads\/2018\/10\/Torre-de-Babel_aprendanza-768x587.jpg 768w, https:\/\/www.teatroreal.es\/proyectolova\/wp-content\/uploads\/2018\/10\/Torre-de-Babel_aprendanza-1024x783.jpg 1024w, https:\/\/www.teatroreal.es\/proyectolova\/wp-content\/uploads\/2018\/10\/Torre-de-Babel_aprendanza-150x115.jpg 150w, https:\/\/www.teatroreal.es\/proyectolova\/wp-content\/uploads\/2018\/10\/Torre-de-Babel_aprendanza-310x237.jpg 310w, https:\/\/www.teatroreal.es\/proyectolova\/wp-content\/uploads\/2018\/10\/Torre-de-Babel_aprendanza.jpg 1413w\" sizes=\"(max-width: 300px) 100vw, 300px\" \/><\/a>descripci\u00f3n<br \/>\n<\/strong>\u201cHacer una cosa sin unidad, con diferentes sensibilidades [&#8230;] o hacerla entre varios\u201d (Le\u00f3n Ferrari)<\/p>\n<p>Con esta premisa nace el babelismo, una metodolog\u00eda de trabajo que ponemos al servicio de diferentes contextos. En esta ocasi\u00f3n, el proceso de pr\u00e1ctica compartida aparece como una herramienta de trabajo transdisciplinar donde cada cuerpo es fuente sensible y situada de conocimiento. Torre de Babel es, en esencia, la transmisi\u00f3n de un dispositivo esc\u00e9nico que se construye desde la multiplicidad de identidades de quienes se involucran en ella, su potencialidad no radica en el dispositivo en s\u00ed, sino en el proceso, en el que cada participante desarrolla su potencial creativo desde la individualidad para un fin colectivo.<\/p>\n<p><strong>impartido por<\/strong><\/p>\n<p><strong>Amaia Bono Jim\u00e9nez.<\/strong> M\u00e1ster en pr\u00e1ctica Esc\u00e9nica y Cultura Visual por la UCLM, Graduada en Educaci\u00f3n Social por la UNED, T\u00e9cnico superior en Integraci\u00f3n Social, con estudios en Arte Dram\u00e1tico (TAE. Vitoria Gasteiz) y participante durante dos a\u00f1os del Laboratorio de Investigaci\u00f3n Esc\u00e9nica que la compa\u00f1\u00eda Parasite Kolektiboa facilita en la Sala Baratza. Coordinadora de proyectos esc\u00e9nicos para la transformaci\u00f3n social con entidades como Save The Children o Amnist\u00eda Internacional. Actualmente, centra su atenci\u00f3n en la b\u00fasqueda de nuevos lenguajes esc\u00e9nicos que pongan en cuesti\u00f3n los m\u00e9todos convencionales de producci\u00f3n\/creaci\u00f3n\/investigaci\u00f3n esc\u00e9nica.<\/p>\n<p><strong>Noemi R. Oncala.<\/strong> Diplomada en danza por SEAD y diplomada como fisioterapeuta por la UVIC. Completa su formaci\u00f3n art\u00edstica con el M\u00e1ster en Pr\u00e1ctica Esc\u00e9nica y Cultura Visual por la UCLM. Se desarrolla en el \u00e1mbito terap\u00e9utico, docente y art\u00edstico en Europa y el Sudeste Asi\u00e1tico. Trabaja para diversos artistas internacionales en Viena y colabora en m\u00faltiples laboratorios de investigaci\u00f3n art\u00edstica . Del 2008 al 2010, junto con Esther Freixa, impulsa el proyecto CRA\u2019P (En la actualidad), un espacio de pr\u00e1cticas de creaci\u00f3n y aprendizaje. Este a\u00f1o, junto con Jos\u00e9 Antonio S\u00e1nchez y otres artistes, realizan las conferencias-performativas Torre de Babel.<\/p>\n<hr \/>\n<h2>\u00bfA ti qu\u00e9 te mueve?<\/h2>\n<p><strong>lugar\u00a0<\/strong>Legazpi &#8211; <a href=\"http:\/\/www.mataderomadrid.org\/\" target=\"_blank\" rel=\"noopener noreferrer\">Matadero<\/a><br \/>\n<strong>fecha<\/strong>\u00a0viernes, 26 de octubre<br \/>\n<b>hora\u00a0<\/b>de 18:30 a 20:30 horas<\/p>\n<p><strong>descripci\u00f3n<\/strong><br \/>\nUn juego de movimiento, objetos y espacios para permitir a nuestros cuerpos que respondan, que nos cuenten bailando.<\/p>\n<p>Una actividad que puede servirte como catalizador de las experiencias que tengas en aprendanza y un proyecto audiovisual que se podr\u00e1 exportar a las escuelas para \u201cpensar el lugar que ocupa el cuerpo en el aprendizaje\u201d.<br \/>\n<a class=\"preload\" title=\"\" href=\"https:\/\/www.teatroreal.es\/proyectolova\/wp-content\/uploads\/2018\/10\/10.jpg\" rel=\"prettyphoto\"><img decoding=\"async\" class=\"size-medium wp-image-4666 alignleft\" src=\"https:\/\/www.teatroreal.es\/proyectolova\/wp-content\/uploads\/2018\/10\/10-300x200.jpg\" alt=\"\" width=\"300\" height=\"200\" srcset=\"https:\/\/www.teatroreal.es\/proyectolova\/wp-content\/uploads\/2018\/10\/10-300x200.jpg 300w, https:\/\/www.teatroreal.es\/proyectolova\/wp-content\/uploads\/2018\/10\/10-768x512.jpg 768w, https:\/\/www.teatroreal.es\/proyectolova\/wp-content\/uploads\/2018\/10\/10-1024x683.jpg 1024w, https:\/\/www.teatroreal.es\/proyectolova\/wp-content\/uploads\/2018\/10\/10-150x100.jpg 150w, https:\/\/www.teatroreal.es\/proyectolova\/wp-content\/uploads\/2018\/10\/10-310x207.jpg 310w\" sizes=\"(max-width: 300px) 100vw, 300px\" \/><\/a><\/p>\n<p>&nbsp;<\/p>\n<p>&nbsp;<\/p>\n<p>&nbsp;<\/p>\n<p>&nbsp;<\/p>\n<p>&nbsp;<\/p>\n<p>&nbsp;<\/p>\n<p>&nbsp;<\/p>\n<p><strong>impartido por<br \/>\ngrupo algonuevo<\/strong><br \/>\n\u00bfQu\u00e9 le preguntar\u00edas al cuerpo en la escuela?<\/p>\n<p>\u00bfHola, c\u00f3mo est\u00e1s?<br \/>\n\u00bfpuedo aprender en movimiento?<br \/>\n\u00bfQu\u00e9 puedo aprender de ti?<br \/>\n\u00bfpor qu\u00e9 no paras quieto? \u00bfPor qu\u00e9 no quieres moverte?<br \/>\n\u00bfa mi cuerpo le gusta esta silla?<br \/>\n\u00bfa mi cuerpo le gusta moverse en este patio?<\/p>\n<p>Desde mi cuerpo habito en la vida, en el mundo\u2026\u00bfqu\u00e9 posibilidades me da la escuela?<\/p>\n<p>Estar en relaci\u00f3n, probar qu\u00e9 pasa cuando estoy con los otros<br \/>\nSalir de lo que conozco<br \/>\nEstar en un espacio de aprendizaje legitimado socialmente<\/p>\n<p><iframe title=\"Plastilina algonuevo\" width=\"1200\" height=\"675\" src=\"https:\/\/www.youtube.com\/embed\/XHIoyJd0JIM?feature=oembed&#038;enablejsapi=1&#038;origin=https:\/\/www.teatroreal.es\/proyectolova\" frameborder=\"0\" allow=\"accelerometer; autoplay; encrypted-media; gyroscope; picture-in-picture\" allowfullscreen><\/iframe><\/p>\n<p><a href=\"https:\/\/www.teatroreal.es\/proyectolova\/formacion-curso-lova\/formacion-aprendanza-2\/\" target=\"_blank\" rel=\"noopener noreferrer\">Volver al programa de aprendanza<\/a><\/p>\n","protected":false},"excerpt":{"rendered":"<p>Torre de Babel: un coro de identidades lugar\u00a0Legazpi &#8211; Matadero fecha\u00a0viernes, 26 de octubre hora\u00a0de 18:30 a 20:30 horas descripci\u00f3n \u201cHacer una cosa sin unidad, con diferentes sensibilidades [&#8230;] o hacerla entre varios\u201d (Le\u00f3n Ferrari) Con esta premisa nace el babelismo, una metodolog\u00eda de trabajo que ponemos al servicio de diferentes contextos. En esta ocasi\u00f3n, &#8230; <a title=\"\" class=\"read-more\" href=\"https:\/\/www.teatroreal.es\/proyectolova\/legazpi-matadero-viernes-26-de-1830-a-2100h\/\">Read more<\/a><\/p>\n","protected":false},"author":151,"featured_media":0,"parent":0,"menu_order":0,"comment_status":"closed","ping_status":"closed","template":"","meta":{"footnotes":""},"hashtags":[],"class_list":["post-4635","page","type-page","status-publish"],"yoast_head":"<!-- This site is optimized with the Yoast SEO plugin v26.8 - https:\/\/yoast.com\/product\/yoast-seo-wordpress\/ -->\n<title>- L\u00d3VA<\/title>\n<meta name=\"robots\" content=\"index, follow, max-snippet:-1, max-image-preview:large, max-video-preview:-1\" \/>\n<link rel=\"canonical\" href=\"https:\/\/www.teatroreal.es\/proyectolova\/legazpi-matadero-viernes-26-de-1830-a-2100h\/\" \/>\n<meta property=\"og:locale\" content=\"es_ES\" \/>\n<meta property=\"og:type\" content=\"article\" \/>\n<meta property=\"og:title\" content=\"- L\u00d3VA\" \/>\n<meta property=\"og:description\" content=\"Torre de Babel: un coro de identidades lugar\u00a0Legazpi &#8211; Matadero fecha\u00a0viernes, 26 de octubre hora\u00a0de 18:30 a 20:30 horas descripci\u00f3n \u201cHacer una cosa sin unidad, con diferentes sensibilidades [&#8230;] o hacerla entre varios\u201d (Le\u00f3n Ferrari) Con esta premisa nace el babelismo, una metodolog\u00eda de trabajo que ponemos al servicio de diferentes contextos. En esta ocasi\u00f3n, ... Read more\" \/>\n<meta property=\"og:url\" content=\"https:\/\/www.teatroreal.es\/proyectolova\/legazpi-matadero-viernes-26-de-1830-a-2100h\/\" \/>\n<meta property=\"og:site_name\" content=\"L\u00d3VA\" \/>\n<meta property=\"article:publisher\" content=\"https:\/\/www.facebook.com\/proyectolova\/\" \/>\n<meta property=\"article:modified_time\" content=\"2020-04-16T17:08:39+00:00\" \/>\n<meta property=\"og:image\" content=\"https:\/\/www.teatroreal.es\/proyectolova\/wp-content\/uploads\/2018\/10\/Torre-de-Babel_aprendanza-300x229.jpg\" \/>\n<meta name=\"twitter:card\" content=\"summary_large_image\" \/>\n<meta name=\"twitter:site\" content=\"@proyectolova\" \/>\n<meta name=\"twitter:label1\" content=\"Tiempo de lectura\" \/>\n\t<meta name=\"twitter:data1\" content=\"3 minutos\" \/>\n<script type=\"application\/ld+json\" class=\"yoast-schema-graph\">{\"@context\":\"https:\/\/schema.org\",\"@graph\":[{\"@type\":\"WebPage\",\"@id\":\"https:\/\/www.teatroreal.es\/proyectolova\/legazpi-matadero-viernes-26-de-1830-a-2100h\/\",\"url\":\"https:\/\/www.teatroreal.es\/proyectolova\/legazpi-matadero-viernes-26-de-1830-a-2100h\/\",\"name\":\"- L\u00d3VA\",\"isPartOf\":{\"@id\":\"https:\/\/www.teatroreal.es\/proyectolova\/#website\"},\"primaryImageOfPage\":{\"@id\":\"https:\/\/www.teatroreal.es\/proyectolova\/legazpi-matadero-viernes-26-de-1830-a-2100h\/#primaryimage\"},\"image\":{\"@id\":\"https:\/\/www.teatroreal.es\/proyectolova\/legazpi-matadero-viernes-26-de-1830-a-2100h\/#primaryimage\"},\"thumbnailUrl\":\"https:\/\/www.teatroreal.es\/proyectolova\/wp-content\/uploads\/2018\/10\/Torre-de-Babel_aprendanza-300x229.jpg\",\"datePublished\":\"2018-10-04T12:04:44+00:00\",\"dateModified\":\"2020-04-16T17:08:39+00:00\",\"inLanguage\":\"es\",\"potentialAction\":[{\"@type\":\"ReadAction\",\"target\":[\"https:\/\/www.teatroreal.es\/proyectolova\/legazpi-matadero-viernes-26-de-1830-a-2100h\/\"]}]},{\"@type\":\"ImageObject\",\"inLanguage\":\"es\",\"@id\":\"https:\/\/www.teatroreal.es\/proyectolova\/legazpi-matadero-viernes-26-de-1830-a-2100h\/#primaryimage\",\"url\":\"https:\/\/www.teatroreal.es\/proyectolova\/wp-content\/uploads\/2018\/10\/Torre-de-Babel_aprendanza.jpg\",\"contentUrl\":\"https:\/\/www.teatroreal.es\/proyectolova\/wp-content\/uploads\/2018\/10\/Torre-de-Babel_aprendanza.jpg\",\"width\":1413,\"height\":1080},{\"@type\":\"WebSite\",\"@id\":\"https:\/\/www.teatroreal.es\/proyectolova\/#website\",\"url\":\"https:\/\/www.teatroreal.es\/proyectolova\/\",\"name\":\"L\u00d3VA\",\"description\":\"La \u00d3pera, un Veh\u00edculo de Aprendizaje\",\"publisher\":{\"@id\":\"https:\/\/www.teatroreal.es\/proyectolova\/#organization\"},\"potentialAction\":[{\"@type\":\"SearchAction\",\"target\":{\"@type\":\"EntryPoint\",\"urlTemplate\":\"https:\/\/www.teatroreal.es\/proyectolova\/?s={search_term_string}\"},\"query-input\":{\"@type\":\"PropertyValueSpecification\",\"valueRequired\":true,\"valueName\":\"search_term_string\"}}],\"inLanguage\":\"es\"},{\"@type\":\"Organization\",\"@id\":\"https:\/\/www.teatroreal.es\/proyectolova\/#organization\",\"name\":\"L\u00d3VA\",\"url\":\"https:\/\/www.teatroreal.es\/proyectolova\/\",\"logo\":{\"@type\":\"ImageObject\",\"inLanguage\":\"es\",\"@id\":\"https:\/\/www.teatroreal.es\/proyectolova\/#\/schema\/logo\/image\/\",\"url\":\"https:\/\/www.teatroreal.es\/proyectolova\/wp-content\/uploads\/2018\/01\/logo-L\u00d3VA-Marin\u00e9.jpg\",\"contentUrl\":\"https:\/\/www.teatroreal.es\/proyectolova\/wp-content\/uploads\/2018\/01\/logo-L\u00d3VA-Marin\u00e9.jpg\",\"width\":1890,\"height\":2848,\"caption\":\"L\u00d3VA\"},\"image\":{\"@id\":\"https:\/\/www.teatroreal.es\/proyectolova\/#\/schema\/logo\/image\/\"},\"sameAs\":[\"https:\/\/www.facebook.com\/proyectolova\/\",\"https:\/\/x.com\/proyectolova\",\"https:\/\/www.instagram.com\/proyectolova\/\",\"https:\/\/www.linkedin.com\/company\/proyectolova\/\",\"https:\/\/www.youtube.com\/user\/mecenartis\"]}]}<\/script>\n<!-- \/ Yoast SEO plugin. -->","yoast_head_json":{"title":"- L\u00d3VA","robots":{"index":"index","follow":"follow","max-snippet":"max-snippet:-1","max-image-preview":"max-image-preview:large","max-video-preview":"max-video-preview:-1"},"canonical":"https:\/\/www.teatroreal.es\/proyectolova\/legazpi-matadero-viernes-26-de-1830-a-2100h\/","og_locale":"es_ES","og_type":"article","og_title":"- L\u00d3VA","og_description":"Torre de Babel: un coro de identidades lugar\u00a0Legazpi &#8211; Matadero fecha\u00a0viernes, 26 de octubre hora\u00a0de 18:30 a 20:30 horas descripci\u00f3n \u201cHacer una cosa sin unidad, con diferentes sensibilidades [&#8230;] o hacerla entre varios\u201d (Le\u00f3n Ferrari) Con esta premisa nace el babelismo, una metodolog\u00eda de trabajo que ponemos al servicio de diferentes contextos. En esta ocasi\u00f3n, ... Read more","og_url":"https:\/\/www.teatroreal.es\/proyectolova\/legazpi-matadero-viernes-26-de-1830-a-2100h\/","og_site_name":"L\u00d3VA","article_publisher":"https:\/\/www.facebook.com\/proyectolova\/","article_modified_time":"2020-04-16T17:08:39+00:00","og_image":[{"url":"https:\/\/www.teatroreal.es\/proyectolova\/wp-content\/uploads\/2018\/10\/Torre-de-Babel_aprendanza-300x229.jpg","type":"","width":"","height":""}],"twitter_card":"summary_large_image","twitter_site":"@proyectolova","twitter_misc":{"Tiempo de lectura":"3 minutos"},"schema":{"@context":"https:\/\/schema.org","@graph":[{"@type":"WebPage","@id":"https:\/\/www.teatroreal.es\/proyectolova\/legazpi-matadero-viernes-26-de-1830-a-2100h\/","url":"https:\/\/www.teatroreal.es\/proyectolova\/legazpi-matadero-viernes-26-de-1830-a-2100h\/","name":"- L\u00d3VA","isPartOf":{"@id":"https:\/\/www.teatroreal.es\/proyectolova\/#website"},"primaryImageOfPage":{"@id":"https:\/\/www.teatroreal.es\/proyectolova\/legazpi-matadero-viernes-26-de-1830-a-2100h\/#primaryimage"},"image":{"@id":"https:\/\/www.teatroreal.es\/proyectolova\/legazpi-matadero-viernes-26-de-1830-a-2100h\/#primaryimage"},"thumbnailUrl":"https:\/\/www.teatroreal.es\/proyectolova\/wp-content\/uploads\/2018\/10\/Torre-de-Babel_aprendanza-300x229.jpg","datePublished":"2018-10-04T12:04:44+00:00","dateModified":"2020-04-16T17:08:39+00:00","inLanguage":"es","potentialAction":[{"@type":"ReadAction","target":["https:\/\/www.teatroreal.es\/proyectolova\/legazpi-matadero-viernes-26-de-1830-a-2100h\/"]}]},{"@type":"ImageObject","inLanguage":"es","@id":"https:\/\/www.teatroreal.es\/proyectolova\/legazpi-matadero-viernes-26-de-1830-a-2100h\/#primaryimage","url":"https:\/\/www.teatroreal.es\/proyectolova\/wp-content\/uploads\/2018\/10\/Torre-de-Babel_aprendanza.jpg","contentUrl":"https:\/\/www.teatroreal.es\/proyectolova\/wp-content\/uploads\/2018\/10\/Torre-de-Babel_aprendanza.jpg","width":1413,"height":1080},{"@type":"WebSite","@id":"https:\/\/www.teatroreal.es\/proyectolova\/#website","url":"https:\/\/www.teatroreal.es\/proyectolova\/","name":"L\u00d3VA","description":"La \u00d3pera, un Veh\u00edculo de Aprendizaje","publisher":{"@id":"https:\/\/www.teatroreal.es\/proyectolova\/#organization"},"potentialAction":[{"@type":"SearchAction","target":{"@type":"EntryPoint","urlTemplate":"https:\/\/www.teatroreal.es\/proyectolova\/?s={search_term_string}"},"query-input":{"@type":"PropertyValueSpecification","valueRequired":true,"valueName":"search_term_string"}}],"inLanguage":"es"},{"@type":"Organization","@id":"https:\/\/www.teatroreal.es\/proyectolova\/#organization","name":"L\u00d3VA","url":"https:\/\/www.teatroreal.es\/proyectolova\/","logo":{"@type":"ImageObject","inLanguage":"es","@id":"https:\/\/www.teatroreal.es\/proyectolova\/#\/schema\/logo\/image\/","url":"https:\/\/www.teatroreal.es\/proyectolova\/wp-content\/uploads\/2018\/01\/logo-L\u00d3VA-Marin\u00e9.jpg","contentUrl":"https:\/\/www.teatroreal.es\/proyectolova\/wp-content\/uploads\/2018\/01\/logo-L\u00d3VA-Marin\u00e9.jpg","width":1890,"height":2848,"caption":"L\u00d3VA"},"image":{"@id":"https:\/\/www.teatroreal.es\/proyectolova\/#\/schema\/logo\/image\/"},"sameAs":["https:\/\/www.facebook.com\/proyectolova\/","https:\/\/x.com\/proyectolova","https:\/\/www.instagram.com\/proyectolova\/","https:\/\/www.linkedin.com\/company\/proyectolova\/","https:\/\/www.youtube.com\/user\/mecenartis"]}]}},"_links":{"self":[{"href":"https:\/\/www.teatroreal.es\/proyectolova\/wp-json\/wp\/v2\/pages\/4635","targetHints":{"allow":["GET"]}}],"collection":[{"href":"https:\/\/www.teatroreal.es\/proyectolova\/wp-json\/wp\/v2\/pages"}],"about":[{"href":"https:\/\/www.teatroreal.es\/proyectolova\/wp-json\/wp\/v2\/types\/page"}],"author":[{"embeddable":true,"href":"https:\/\/www.teatroreal.es\/proyectolova\/wp-json\/wp\/v2\/users\/151"}],"replies":[{"embeddable":true,"href":"https:\/\/www.teatroreal.es\/proyectolova\/wp-json\/wp\/v2\/comments?post=4635"}],"version-history":[{"count":26,"href":"https:\/\/www.teatroreal.es\/proyectolova\/wp-json\/wp\/v2\/pages\/4635\/revisions"}],"predecessor-version":[{"id":7236,"href":"https:\/\/www.teatroreal.es\/proyectolova\/wp-json\/wp\/v2\/pages\/4635\/revisions\/7236"}],"wp:attachment":[{"href":"https:\/\/www.teatroreal.es\/proyectolova\/wp-json\/wp\/v2\/media?parent=4635"}],"wp:term":[{"taxonomy":"hashtags","embeddable":true,"href":"https:\/\/www.teatroreal.es\/proyectolova\/wp-json\/wp\/v2\/hashtags?post=4635"}],"curies":[{"name":"wp","href":"https:\/\/api.w.org\/{rel}","templated":true}]}}