{"id":4693,"date":"2018-10-05T13:39:48","date_gmt":"2018-10-05T12:39:48","guid":{"rendered":"https:\/\/www.teatroreal.es\/proyectolova\/?page_id=4693"},"modified":"2020-04-16T18:12:35","modified_gmt":"2020-04-16T17:12:35","slug":"legazpi-matadero-sabado-27-tarde-de-1600-a-2030h","status":"publish","type":"page","link":"https:\/\/www.teatroreal.es\/proyectolova\/legazpi-matadero-sabado-27-tarde-de-1600-a-2030h\/","title":{"rendered":""},"content":{"rendered":"<h1><\/h1>\n<hr \/>\n<h2>Con CoroF\u00f3n Compongo<\/h2>\n<p><strong>lugar\u00a0<\/strong>Legazpi &#8211; <a href=\"\/\/www.mataderomadrid.org\/\" target=\"_blank\" rel=\"noopener noreferrer\">Matadero<\/a><br \/>\n<strong>fecha<\/strong> s\u00e1bado, 27 de octubre<br \/>\n<b>hora\u00a0<\/b>de 16:00 a 20:30 horas<\/p>\n<p><strong>descripci\u00f3n<\/strong><br \/>\nEl CoroF\u00f3n os invita a crear, desde la unidad del grupo y la espontaneidad de la individualidad, una canci\u00f3n cuyas tem\u00e1ticas ser\u00e1n propuestas por lxs participantes. Se explorar\u00e1n diversas formas de jugar y expresar con la voz, pero tambi\u00e9n con el cuerpo. La finalidad es interpretar la canci\u00f3n con puesta en escena creada, as\u00ed mismo, por lxs participantes. El CoroF\u00f3n brindar\u00e1 su ayuda y experiencia para dinamizar este taller.<\/p>\n<p><strong><a class=\"preload\" title=\"\" href=\"https:\/\/www.teatroreal.es\/proyectolova\/wp-content\/uploads\/2018\/10\/El-Corof\u00f3n-1.png\" rel=\"prettyphoto\"><img decoding=\"async\" class=\"size-medium wp-image-4696 alignleft\" src=\"https:\/\/www.teatroreal.es\/proyectolova\/wp-content\/uploads\/2018\/10\/El-Corof\u00f3n-1-300x163.png\" alt=\"\" width=\"300\" height=\"163\" srcset=\"https:\/\/www.teatroreal.es\/proyectolova\/wp-content\/uploads\/2018\/10\/El-Corof\u00f3n-1-300x163.png 300w, https:\/\/www.teatroreal.es\/proyectolova\/wp-content\/uploads\/2018\/10\/El-Corof\u00f3n-1-768x417.png 768w, https:\/\/www.teatroreal.es\/proyectolova\/wp-content\/uploads\/2018\/10\/El-Corof\u00f3n-1-1024x557.png 1024w, https:\/\/www.teatroreal.es\/proyectolova\/wp-content\/uploads\/2018\/10\/El-Corof\u00f3n-1-150x82.png 150w, https:\/\/www.teatroreal.es\/proyectolova\/wp-content\/uploads\/2018\/10\/El-Corof\u00f3n-1-310x168.png 310w, https:\/\/www.teatroreal.es\/proyectolova\/wp-content\/uploads\/2018\/10\/El-Corof\u00f3n-1.png 1231w\" sizes=\"(max-width: 300px) 100vw, 300px\" \/><\/a>impartido por<br \/>\nEl CoroF\u00f3n<\/strong> es un coro autogestionado, diverso y horizontal, que siente y vive la m\u00fasica desde la voz y el cuerpo, y que ofrece un repertorio protest\u00f3n, multicolor y juguet\u00f3n, apto para todos los p\u00fablicos. Gracias al eficaz y profesional impulso de sus directores (Alejandra Barella y Guillermo Gonz\u00e1lez), desde el compa\u00f1erismo, la solidaridad, la improvisaci\u00f3n, la responsabilidad social, la alegr\u00eda o el talento individual o de grupo, busca desarrollar, explorar e incentivar la cultura desde el compromiso.<\/p>\n<p>El CoroF\u00f3n es un coro participativo y, en sus actuaciones, con frecuencia se difumina la frontera entre int\u00e9rprete y p\u00fablico. Desde su participaci\u00f3n con DEF (Di\u00e1logos Electro Flamencos) ha reproducido y desarrollado herramientas para colaborar con diversos colectivos en la creaci\u00f3n de sus propias canciones (La Tribu de Arganzuela, La Madro\u00f1era, etc).<\/p>\n<hr \/>\n<h2>\u00bfY t\u00fa qu\u00e9 vas a hacer el d\u00eda que te den la libertad?<\/h2>\n<p><strong>lugar\u00a0<\/strong>Legazpi &#8211; <a href=\"http:\/\/www.mataderomadrid.org\/\" target=\"_blank\" rel=\"noopener noreferrer\">Matadero<\/a><br \/>\n<strong>fecha<\/strong> s\u00e1bado, 27 de octubre<br \/>\n<b>hora\u00a0<\/b>de 16:00 a 20:30 horas<\/p>\n<p><strong>descripci\u00f3n\u00a0<\/strong><br \/>\nTod@s tenemos alguna c\u00e1rcel de la que escapar. A lo mejor encuentras un texto que cuenta tu liberaci\u00f3n. A lo mejor descubres tu sitio, tu postura, tu camino y la forma de recorrerlo. Puedes hacerlo sol@, a ciegas o puedes cruzarte, conectar, mirar, chocar y reconocerte en el espejo de otr@ que mira, cruza, choca y conecta contigo. No hay una historia igual, pero todas se parecen. Solo atrevi\u00e9ndote a visualizar y pintar el futuro puedes llegar a hacerlo realidad.<\/p>\n<p><strong>impartido por<\/strong><br \/>\n<strong>Exprisi\u00f3n Corporal.<\/strong>\u00a0Vive sin vivir en s\u00ed y tan alta vida espera que muere porque no muera. Engendrad@ en una c\u00e1rcel pugna por nacer cada semana, cada d\u00eda, cada minuto. Libre.<\/p>\n<p><a class=\"preload\" title=\"\" href=\"https:\/\/www.teatroreal.es\/proyectolova\/wp-content\/uploads\/2018\/10\/IMG_1674.jpg\" rel=\"prettyphoto\"><img fetchpriority=\"high\" decoding=\"async\" class=\"alignnone size-medium wp-image-4699\" src=\"https:\/\/www.teatroreal.es\/proyectolova\/wp-content\/uploads\/2018\/10\/IMG_1674-300x229.jpg\" alt=\"\" width=\"300\" height=\"229\" srcset=\"https:\/\/www.teatroreal.es\/proyectolova\/wp-content\/uploads\/2018\/10\/IMG_1674-300x229.jpg 300w, https:\/\/www.teatroreal.es\/proyectolova\/wp-content\/uploads\/2018\/10\/IMG_1674-768x587.jpg 768w, https:\/\/www.teatroreal.es\/proyectolova\/wp-content\/uploads\/2018\/10\/IMG_1674-1024x782.jpg 1024w, https:\/\/www.teatroreal.es\/proyectolova\/wp-content\/uploads\/2018\/10\/IMG_1674-150x115.jpg 150w, https:\/\/www.teatroreal.es\/proyectolova\/wp-content\/uploads\/2018\/10\/IMG_1674-310x237.jpg 310w\" sizes=\"(max-width: 300px) 100vw, 300px\" \/><\/a><\/p>\n<p><a href=\"https:\/\/www.teatroreal.es\/proyectolova\/formacion-curso-lova\/formacion-aprendanza-2\/\" target=\"_blank\" rel=\"noopener noreferrer\">*Volver al programa de aprendanza<\/a><\/p>\n","protected":false},"excerpt":{"rendered":"<p>Con CoroF\u00f3n Compongo lugar\u00a0Legazpi &#8211; Matadero fecha s\u00e1bado, 27 de octubre hora\u00a0de 16:00 a 20:30 horas descripci\u00f3n El CoroF\u00f3n os invita a crear, desde la unidad del grupo y la espontaneidad de la individualidad, una canci\u00f3n cuyas tem\u00e1ticas ser\u00e1n propuestas por lxs participantes. Se explorar\u00e1n diversas formas de jugar y expresar con la voz, pero &#8230; <a title=\"\" class=\"read-more\" href=\"https:\/\/www.teatroreal.es\/proyectolova\/legazpi-matadero-sabado-27-tarde-de-1600-a-2030h\/\">Read more<\/a><\/p>\n","protected":false},"author":151,"featured_media":0,"parent":0,"menu_order":0,"comment_status":"closed","ping_status":"closed","template":"","meta":{"footnotes":""},"hashtags":[],"class_list":["post-4693","page","type-page","status-publish"],"yoast_head":"<!-- This site is optimized with the Yoast SEO plugin v26.8 - https:\/\/yoast.com\/product\/yoast-seo-wordpress\/ -->\n<title>- L\u00d3VA<\/title>\n<meta name=\"robots\" content=\"index, follow, max-snippet:-1, max-image-preview:large, max-video-preview:-1\" \/>\n<link rel=\"canonical\" href=\"https:\/\/www.teatroreal.es\/proyectolova\/legazpi-matadero-sabado-27-tarde-de-1600-a-2030h\/\" \/>\n<meta property=\"og:locale\" content=\"es_ES\" \/>\n<meta property=\"og:type\" content=\"article\" \/>\n<meta property=\"og:title\" content=\"- L\u00d3VA\" \/>\n<meta property=\"og:description\" content=\"Con CoroF\u00f3n Compongo lugar\u00a0Legazpi &#8211; Matadero fecha s\u00e1bado, 27 de octubre hora\u00a0de 16:00 a 20:30 horas descripci\u00f3n El CoroF\u00f3n os invita a crear, desde la unidad del grupo y la espontaneidad de la individualidad, una canci\u00f3n cuyas tem\u00e1ticas ser\u00e1n propuestas por lxs participantes. Se explorar\u00e1n diversas formas de jugar y expresar con la voz, pero ... Read more\" \/>\n<meta property=\"og:url\" content=\"https:\/\/www.teatroreal.es\/proyectolova\/legazpi-matadero-sabado-27-tarde-de-1600-a-2030h\/\" \/>\n<meta property=\"og:site_name\" content=\"L\u00d3VA\" \/>\n<meta property=\"article:publisher\" content=\"https:\/\/www.facebook.com\/proyectolova\/\" \/>\n<meta property=\"article:modified_time\" content=\"2020-04-16T17:12:35+00:00\" \/>\n<meta property=\"og:image\" content=\"https:\/\/www.teatroreal.es\/proyectolova\/wp-content\/uploads\/2018\/10\/El-Corof\u00f3n-1-300x163.png\" \/>\n<meta name=\"twitter:card\" content=\"summary_large_image\" \/>\n<meta name=\"twitter:site\" content=\"@proyectolova\" \/>\n<meta name=\"twitter:label1\" content=\"Tiempo de lectura\" \/>\n\t<meta name=\"twitter:data1\" content=\"2 minutos\" \/>\n<script type=\"application\/ld+json\" class=\"yoast-schema-graph\">{\"@context\":\"https:\/\/schema.org\",\"@graph\":[{\"@type\":\"WebPage\",\"@id\":\"https:\/\/www.teatroreal.es\/proyectolova\/legazpi-matadero-sabado-27-tarde-de-1600-a-2030h\/\",\"url\":\"https:\/\/www.teatroreal.es\/proyectolova\/legazpi-matadero-sabado-27-tarde-de-1600-a-2030h\/\",\"name\":\"- L\u00d3VA\",\"isPartOf\":{\"@id\":\"https:\/\/www.teatroreal.es\/proyectolova\/#website\"},\"primaryImageOfPage\":{\"@id\":\"https:\/\/www.teatroreal.es\/proyectolova\/legazpi-matadero-sabado-27-tarde-de-1600-a-2030h\/#primaryimage\"},\"image\":{\"@id\":\"https:\/\/www.teatroreal.es\/proyectolova\/legazpi-matadero-sabado-27-tarde-de-1600-a-2030h\/#primaryimage\"},\"thumbnailUrl\":\"https:\/\/www.teatroreal.es\/proyectolova\/wp-content\/uploads\/2018\/10\/IMG_1674-300x229.jpg\",\"datePublished\":\"2018-10-05T12:39:48+00:00\",\"dateModified\":\"2020-04-16T17:12:35+00:00\",\"inLanguage\":\"es\",\"potentialAction\":[{\"@type\":\"ReadAction\",\"target\":[\"https:\/\/www.teatroreal.es\/proyectolova\/legazpi-matadero-sabado-27-tarde-de-1600-a-2030h\/\"]}]},{\"@type\":\"ImageObject\",\"inLanguage\":\"es\",\"@id\":\"https:\/\/www.teatroreal.es\/proyectolova\/legazpi-matadero-sabado-27-tarde-de-1600-a-2030h\/#primaryimage\",\"url\":\"https:\/\/www.teatroreal.es\/proyectolova\/wp-content\/uploads\/2018\/10\/IMG_1674.jpg\",\"contentUrl\":\"https:\/\/www.teatroreal.es\/proyectolova\/wp-content\/uploads\/2018\/10\/IMG_1674.jpg\",\"width\":2451,\"height\":1872},{\"@type\":\"WebSite\",\"@id\":\"https:\/\/www.teatroreal.es\/proyectolova\/#website\",\"url\":\"https:\/\/www.teatroreal.es\/proyectolova\/\",\"name\":\"L\u00d3VA\",\"description\":\"La \u00d3pera, un Veh\u00edculo de Aprendizaje\",\"publisher\":{\"@id\":\"https:\/\/www.teatroreal.es\/proyectolova\/#organization\"},\"potentialAction\":[{\"@type\":\"SearchAction\",\"target\":{\"@type\":\"EntryPoint\",\"urlTemplate\":\"https:\/\/www.teatroreal.es\/proyectolova\/?s={search_term_string}\"},\"query-input\":{\"@type\":\"PropertyValueSpecification\",\"valueRequired\":true,\"valueName\":\"search_term_string\"}}],\"inLanguage\":\"es\"},{\"@type\":\"Organization\",\"@id\":\"https:\/\/www.teatroreal.es\/proyectolova\/#organization\",\"name\":\"L\u00d3VA\",\"url\":\"https:\/\/www.teatroreal.es\/proyectolova\/\",\"logo\":{\"@type\":\"ImageObject\",\"inLanguage\":\"es\",\"@id\":\"https:\/\/www.teatroreal.es\/proyectolova\/#\/schema\/logo\/image\/\",\"url\":\"https:\/\/www.teatroreal.es\/proyectolova\/wp-content\/uploads\/2018\/01\/logo-L\u00d3VA-Marin\u00e9.jpg\",\"contentUrl\":\"https:\/\/www.teatroreal.es\/proyectolova\/wp-content\/uploads\/2018\/01\/logo-L\u00d3VA-Marin\u00e9.jpg\",\"width\":1890,\"height\":2848,\"caption\":\"L\u00d3VA\"},\"image\":{\"@id\":\"https:\/\/www.teatroreal.es\/proyectolova\/#\/schema\/logo\/image\/\"},\"sameAs\":[\"https:\/\/www.facebook.com\/proyectolova\/\",\"https:\/\/x.com\/proyectolova\",\"https:\/\/www.instagram.com\/proyectolova\/\",\"https:\/\/www.linkedin.com\/company\/proyectolova\/\",\"https:\/\/www.youtube.com\/user\/mecenartis\"]}]}<\/script>\n<!-- \/ Yoast SEO plugin. -->","yoast_head_json":{"title":"- L\u00d3VA","robots":{"index":"index","follow":"follow","max-snippet":"max-snippet:-1","max-image-preview":"max-image-preview:large","max-video-preview":"max-video-preview:-1"},"canonical":"https:\/\/www.teatroreal.es\/proyectolova\/legazpi-matadero-sabado-27-tarde-de-1600-a-2030h\/","og_locale":"es_ES","og_type":"article","og_title":"- L\u00d3VA","og_description":"Con CoroF\u00f3n Compongo lugar\u00a0Legazpi &#8211; Matadero fecha s\u00e1bado, 27 de octubre hora\u00a0de 16:00 a 20:30 horas descripci\u00f3n El CoroF\u00f3n os invita a crear, desde la unidad del grupo y la espontaneidad de la individualidad, una canci\u00f3n cuyas tem\u00e1ticas ser\u00e1n propuestas por lxs participantes. Se explorar\u00e1n diversas formas de jugar y expresar con la voz, pero ... Read more","og_url":"https:\/\/www.teatroreal.es\/proyectolova\/legazpi-matadero-sabado-27-tarde-de-1600-a-2030h\/","og_site_name":"L\u00d3VA","article_publisher":"https:\/\/www.facebook.com\/proyectolova\/","article_modified_time":"2020-04-16T17:12:35+00:00","og_image":[{"url":"https:\/\/www.teatroreal.es\/proyectolova\/wp-content\/uploads\/2018\/10\/El-Corof\u00f3n-1-300x163.png","type":"","width":"","height":""}],"twitter_card":"summary_large_image","twitter_site":"@proyectolova","twitter_misc":{"Tiempo de lectura":"2 minutos"},"schema":{"@context":"https:\/\/schema.org","@graph":[{"@type":"WebPage","@id":"https:\/\/www.teatroreal.es\/proyectolova\/legazpi-matadero-sabado-27-tarde-de-1600-a-2030h\/","url":"https:\/\/www.teatroreal.es\/proyectolova\/legazpi-matadero-sabado-27-tarde-de-1600-a-2030h\/","name":"- L\u00d3VA","isPartOf":{"@id":"https:\/\/www.teatroreal.es\/proyectolova\/#website"},"primaryImageOfPage":{"@id":"https:\/\/www.teatroreal.es\/proyectolova\/legazpi-matadero-sabado-27-tarde-de-1600-a-2030h\/#primaryimage"},"image":{"@id":"https:\/\/www.teatroreal.es\/proyectolova\/legazpi-matadero-sabado-27-tarde-de-1600-a-2030h\/#primaryimage"},"thumbnailUrl":"https:\/\/www.teatroreal.es\/proyectolova\/wp-content\/uploads\/2018\/10\/IMG_1674-300x229.jpg","datePublished":"2018-10-05T12:39:48+00:00","dateModified":"2020-04-16T17:12:35+00:00","inLanguage":"es","potentialAction":[{"@type":"ReadAction","target":["https:\/\/www.teatroreal.es\/proyectolova\/legazpi-matadero-sabado-27-tarde-de-1600-a-2030h\/"]}]},{"@type":"ImageObject","inLanguage":"es","@id":"https:\/\/www.teatroreal.es\/proyectolova\/legazpi-matadero-sabado-27-tarde-de-1600-a-2030h\/#primaryimage","url":"https:\/\/www.teatroreal.es\/proyectolova\/wp-content\/uploads\/2018\/10\/IMG_1674.jpg","contentUrl":"https:\/\/www.teatroreal.es\/proyectolova\/wp-content\/uploads\/2018\/10\/IMG_1674.jpg","width":2451,"height":1872},{"@type":"WebSite","@id":"https:\/\/www.teatroreal.es\/proyectolova\/#website","url":"https:\/\/www.teatroreal.es\/proyectolova\/","name":"L\u00d3VA","description":"La \u00d3pera, un Veh\u00edculo de Aprendizaje","publisher":{"@id":"https:\/\/www.teatroreal.es\/proyectolova\/#organization"},"potentialAction":[{"@type":"SearchAction","target":{"@type":"EntryPoint","urlTemplate":"https:\/\/www.teatroreal.es\/proyectolova\/?s={search_term_string}"},"query-input":{"@type":"PropertyValueSpecification","valueRequired":true,"valueName":"search_term_string"}}],"inLanguage":"es"},{"@type":"Organization","@id":"https:\/\/www.teatroreal.es\/proyectolova\/#organization","name":"L\u00d3VA","url":"https:\/\/www.teatroreal.es\/proyectolova\/","logo":{"@type":"ImageObject","inLanguage":"es","@id":"https:\/\/www.teatroreal.es\/proyectolova\/#\/schema\/logo\/image\/","url":"https:\/\/www.teatroreal.es\/proyectolova\/wp-content\/uploads\/2018\/01\/logo-L\u00d3VA-Marin\u00e9.jpg","contentUrl":"https:\/\/www.teatroreal.es\/proyectolova\/wp-content\/uploads\/2018\/01\/logo-L\u00d3VA-Marin\u00e9.jpg","width":1890,"height":2848,"caption":"L\u00d3VA"},"image":{"@id":"https:\/\/www.teatroreal.es\/proyectolova\/#\/schema\/logo\/image\/"},"sameAs":["https:\/\/www.facebook.com\/proyectolova\/","https:\/\/x.com\/proyectolova","https:\/\/www.instagram.com\/proyectolova\/","https:\/\/www.linkedin.com\/company\/proyectolova\/","https:\/\/www.youtube.com\/user\/mecenartis"]}]}},"_links":{"self":[{"href":"https:\/\/www.teatroreal.es\/proyectolova\/wp-json\/wp\/v2\/pages\/4693","targetHints":{"allow":["GET"]}}],"collection":[{"href":"https:\/\/www.teatroreal.es\/proyectolova\/wp-json\/wp\/v2\/pages"}],"about":[{"href":"https:\/\/www.teatroreal.es\/proyectolova\/wp-json\/wp\/v2\/types\/page"}],"author":[{"embeddable":true,"href":"https:\/\/www.teatroreal.es\/proyectolova\/wp-json\/wp\/v2\/users\/151"}],"replies":[{"embeddable":true,"href":"https:\/\/www.teatroreal.es\/proyectolova\/wp-json\/wp\/v2\/comments?post=4693"}],"version-history":[{"count":9,"href":"https:\/\/www.teatroreal.es\/proyectolova\/wp-json\/wp\/v2\/pages\/4693\/revisions"}],"predecessor-version":[{"id":7242,"href":"https:\/\/www.teatroreal.es\/proyectolova\/wp-json\/wp\/v2\/pages\/4693\/revisions\/7242"}],"wp:attachment":[{"href":"https:\/\/www.teatroreal.es\/proyectolova\/wp-json\/wp\/v2\/media?parent=4693"}],"wp:term":[{"taxonomy":"hashtags","embeddable":true,"href":"https:\/\/www.teatroreal.es\/proyectolova\/wp-json\/wp\/v2\/hashtags?post=4693"}],"curies":[{"name":"wp","href":"https:\/\/api.w.org\/{rel}","templated":true}]}}