{"id":4702,"date":"2018-10-05T13:57:42","date_gmt":"2018-10-05T12:57:42","guid":{"rendered":"https:\/\/www.teatroreal.es\/proyectolova\/?page_id=4702"},"modified":"2020-04-16T18:13:11","modified_gmt":"2020-04-16T17:13:11","slug":"chamberi-fundacion-giner-sabado-27-tarde-de-1600-a-2030h","status":"publish","type":"page","link":"https:\/\/www.teatroreal.es\/proyectolova\/chamberi-fundacion-giner-sabado-27-tarde-de-1600-a-2030h\/","title":{"rendered":""},"content":{"rendered":"<h1><\/h1>\n<hr \/>\n<h2>Las grandes preguntas, sus hijitas y la toma de tierra<\/h2>\n<p><strong>lugar\u00a0<\/strong>Chamber\u00ed &#8211; <a href=\"http:\/\/www.fundacionginer.org\/\" target=\"_blank\" rel=\"noopener noreferrer\">Fundaci\u00f3n Giner<\/a><br \/>\n<strong>fecha<\/strong>\u00a0s\u00e1bado, 27 de octubre<br \/>\n<b>hora\u00a0<\/b>de 16:00 a 20:30 horas<\/p>\n<p><strong>descripci\u00f3n<\/strong><br \/>\nDin\u00e1mica de participaci\u00f3n y reflexi\u00f3n colectiva en torno al movimiento en la escuela<\/p>\n<p><a class=\"preload\" title=\"\" href=\"https:\/\/www.teatroreal.es\/proyectolova\/wp-content\/uploads\/2018\/10\/5-1.jpg\" rel=\"prettyphoto\"><img fetchpriority=\"high\" decoding=\"async\" class=\"size-medium wp-image-4781 alignleft\" src=\"https:\/\/www.teatroreal.es\/proyectolova\/wp-content\/uploads\/2018\/10\/5-1-300x200.jpg\" alt=\"\" width=\"300\" height=\"200\" srcset=\"https:\/\/www.teatroreal.es\/proyectolova\/wp-content\/uploads\/2018\/10\/5-1-300x200.jpg 300w, https:\/\/www.teatroreal.es\/proyectolova\/wp-content\/uploads\/2018\/10\/5-1-768x512.jpg 768w, https:\/\/www.teatroreal.es\/proyectolova\/wp-content\/uploads\/2018\/10\/5-1-1024x683.jpg 1024w, https:\/\/www.teatroreal.es\/proyectolova\/wp-content\/uploads\/2018\/10\/5-1-150x100.jpg 150w, https:\/\/www.teatroreal.es\/proyectolova\/wp-content\/uploads\/2018\/10\/5-1-310x207.jpg 310w\" sizes=\"(max-width: 300px) 100vw, 300px\" \/><\/a><strong>impartido por<\/strong><br \/>\n<strong>Grupo algonuevo<\/strong><\/p>\n<p>\u00bfQu\u00e9 le preguntar\u00edas al cuerpo en la escuela?<\/p>\n<p>\u00bfHola, c\u00f3mo est\u00e1s?<br \/>\n\u00bfpuedo aprender en movimiento?<br \/>\n\u00bfQu\u00e9 puedo aprender de ti?<br \/>\n\u00bfpor qu\u00e9 no paras quieto? \u00bfPor qu\u00e9 no quieres moverte?<br \/>\n\u00bfa mi cuerpo le gusta esta silla?<br \/>\n\u00bfa mi cuerpo le gusta moverse en este patio?<\/p>\n<p>Desde mi cuerpo habito en la vida, en el mundo\u2026\u00bfqu\u00e9 posibilidades me da la escuela?<\/p>\n<p>Estar en relaci\u00f3n, probar qu\u00e9 pasa cuando estoy con los otros<br \/>\nSalir de lo que conozco<br \/>\nEstar en un espacio de aprendizaje legitimado socialmente<\/p>\n<hr \/>\n<h2>Rapsodia (una canci\u00f3n ensamblada)<\/h2>\n<p><strong>lugar\u00a0<\/strong>Chamber\u00ed &#8211; <a href=\"http:\/\/www.fundacionginer.org\/\" target=\"_blank\" rel=\"noopener noreferrer\">Fundaci\u00f3n Giner<\/a><br \/>\n<strong>fecha<\/strong>\u00a0s\u00e1bado, 27 de octubre<br \/>\n<b>hora\u00a0<\/b>de 16:00 a 20:30 horas<\/p>\n<p><strong>descripci\u00f3n<\/strong><br \/>\nUna rapsodia o canci\u00f3n ensamblada se caracteriza por estar compuesta de unidades r\u00edtmicas y tem\u00e1ticas diferentes y desvinculadas. Compositores como Brahms y Liszt popularizaron la rapsodia en la m\u00fasica cl\u00e1sica, y el siglo XX dio pie al collage sonoro y la cultura del sampleo que caracteriza nuestro actual imaginario pop. Llevaremos esta idea a una actividad de creaci\u00f3n colaborativa, l\u00fadica y experimental, donde el azar jugar\u00e1 un papel protagonista. Divididos por aulas, y tras compartir unas premisas y ejemplos iniciales, cada grupo emplear\u00e1 sus cuerpos, voces y herramientas audiovisuales elementales para elaborar cada fragmento de una creaci\u00f3n colectiva. El resultado ser\u00e1 una v\u00eddeo-canci\u00f3n ensamblada que veremos al final de la sesi\u00f3n, animando a las participantes a remezclar y replicar esta actividad en sus propios centros educativos.<\/p>\n<p><img decoding=\"async\" class=\"size-medium wp-image-4703 alignleft\" src=\"https:\/\/www.teatroreal.es\/proyectolova\/wp-content\/uploads\/2018\/10\/rapsodia-1-300x176.jpg\" alt=\"\" width=\"300\" height=\"176\" srcset=\"https:\/\/www.teatroreal.es\/proyectolova\/wp-content\/uploads\/2018\/10\/rapsodia-1-300x176.jpg 300w, https:\/\/www.teatroreal.es\/proyectolova\/wp-content\/uploads\/2018\/10\/rapsodia-1-768x452.jpg 768w, https:\/\/www.teatroreal.es\/proyectolova\/wp-content\/uploads\/2018\/10\/rapsodia-1-1024x602.jpg 1024w, https:\/\/www.teatroreal.es\/proyectolova\/wp-content\/uploads\/2018\/10\/rapsodia-1-150x88.jpg 150w, https:\/\/www.teatroreal.es\/proyectolova\/wp-content\/uploads\/2018\/10\/rapsodia-1-310x182.jpg 310w, https:\/\/www.teatroreal.es\/proyectolova\/wp-content\/uploads\/2018\/10\/rapsodia-1.jpg 2000w\" sizes=\"(max-width: 300px) 100vw, 300px\" \/><\/p>\n<p><strong>impartido por<\/strong><br \/>\n<strong>Christian Fern\u00e1ndez Mir\u00f3n<\/strong> (Madrid, 1984) pas\u00f3 su infancia en Indonesia y Argentina antes de regresar a Espa\u00f1a. La educaci\u00f3n informal ha sido y es determinante en su visi\u00f3n del mundo y del trabajo. El cuestionamiento y el placer. De alg\u00fan modo, la hibridaci\u00f3n es su especialidad y cuestiona los caminos y modelos de aprendizaje y legitimaci\u00f3n convencionales. Combina proyectos de arte, dise\u00f1o, educaci\u00f3n y m\u00fasica, disciplinas a las que ha llegado a trav\u00e9s de la experimentaci\u00f3n. Colabora tanto con museos, escuelas e instituciones como con iniciativas independientes y autogestionadas, y es que le gusta hacer cosas con gente. Aunque sus proyectos son variopintos, quiz\u00e1 un hilo conductor sea la exploraci\u00f3n de la intimidad colectiva, las formas de colaboraci\u00f3n y el aprendizaje compartido. Durante 2018 ha desarrollado proyectos en Espa\u00f1a, Inglaterra, Colombia, Irlanda y Croacia.<br \/>\n<a class=\"preload\" title=\"\" href=\"https:\/\/www.teatroreal.es\/proyectolova\/wp-content\/uploads\/2018\/10\/10.jpg\" rel=\"prettyphoto\"><br \/>\n<\/a><\/p>\n<p><a href=\"https:\/\/www.teatroreal.es\/proyectolova\/formacion-curso-lova\/formacion-aprendanza-2\/\" target=\"_blank\" rel=\"noopener noreferrer\">*Volver al programa de aprendanza<\/a><\/p>\n","protected":false},"excerpt":{"rendered":"<p>Las grandes preguntas, sus hijitas y la toma de tierra lugar\u00a0Chamber\u00ed &#8211; Fundaci\u00f3n Giner fecha\u00a0s\u00e1bado, 27 de octubre hora\u00a0de 16:00 a 20:30 horas descripci\u00f3n Din\u00e1mica de participaci\u00f3n y reflexi\u00f3n colectiva en torno al movimiento en la escuela impartido por Grupo algonuevo \u00bfQu\u00e9 le preguntar\u00edas al cuerpo en la escuela? \u00bfHola, c\u00f3mo est\u00e1s? \u00bfpuedo aprender en &#8230; <a title=\"\" class=\"read-more\" href=\"https:\/\/www.teatroreal.es\/proyectolova\/chamberi-fundacion-giner-sabado-27-tarde-de-1600-a-2030h\/\">Read more<\/a><\/p>\n","protected":false},"author":151,"featured_media":0,"parent":0,"menu_order":0,"comment_status":"closed","ping_status":"closed","template":"","meta":{"footnotes":""},"hashtags":[],"class_list":["post-4702","page","type-page","status-publish"],"yoast_head":"<!-- This site is optimized with the Yoast SEO plugin v26.8 - https:\/\/yoast.com\/product\/yoast-seo-wordpress\/ -->\n<title>- L\u00d3VA<\/title>\n<meta name=\"robots\" content=\"index, follow, max-snippet:-1, max-image-preview:large, max-video-preview:-1\" \/>\n<link rel=\"canonical\" href=\"https:\/\/www.teatroreal.es\/proyectolova\/chamberi-fundacion-giner-sabado-27-tarde-de-1600-a-2030h\/\" \/>\n<meta property=\"og:locale\" content=\"es_ES\" \/>\n<meta property=\"og:type\" content=\"article\" \/>\n<meta property=\"og:title\" content=\"- L\u00d3VA\" \/>\n<meta property=\"og:description\" content=\"Las grandes preguntas, sus hijitas y la toma de tierra lugar\u00a0Chamber\u00ed &#8211; Fundaci\u00f3n Giner fecha\u00a0s\u00e1bado, 27 de octubre hora\u00a0de 16:00 a 20:30 horas descripci\u00f3n Din\u00e1mica de participaci\u00f3n y reflexi\u00f3n colectiva en torno al movimiento en la escuela impartido por Grupo algonuevo \u00bfQu\u00e9 le preguntar\u00edas al cuerpo en la escuela? \u00bfHola, c\u00f3mo est\u00e1s? \u00bfpuedo aprender en ... Read more\" \/>\n<meta property=\"og:url\" content=\"https:\/\/www.teatroreal.es\/proyectolova\/chamberi-fundacion-giner-sabado-27-tarde-de-1600-a-2030h\/\" \/>\n<meta property=\"og:site_name\" content=\"L\u00d3VA\" \/>\n<meta property=\"article:publisher\" content=\"https:\/\/www.facebook.com\/proyectolova\/\" \/>\n<meta property=\"article:modified_time\" content=\"2020-04-16T17:13:11+00:00\" \/>\n<meta property=\"og:image\" content=\"https:\/\/www.teatroreal.es\/proyectolova\/wp-content\/uploads\/2018\/10\/5-1-300x200.jpg\" \/>\n<meta name=\"twitter:card\" content=\"summary_large_image\" \/>\n<meta name=\"twitter:site\" content=\"@proyectolova\" \/>\n<meta name=\"twitter:label1\" content=\"Tiempo de lectura\" \/>\n\t<meta name=\"twitter:data1\" content=\"2 minutos\" \/>\n<script type=\"application\/ld+json\" class=\"yoast-schema-graph\">{\"@context\":\"https:\/\/schema.org\",\"@graph\":[{\"@type\":\"WebPage\",\"@id\":\"https:\/\/www.teatroreal.es\/proyectolova\/chamberi-fundacion-giner-sabado-27-tarde-de-1600-a-2030h\/\",\"url\":\"https:\/\/www.teatroreal.es\/proyectolova\/chamberi-fundacion-giner-sabado-27-tarde-de-1600-a-2030h\/\",\"name\":\"- L\u00d3VA\",\"isPartOf\":{\"@id\":\"https:\/\/www.teatroreal.es\/proyectolova\/#website\"},\"primaryImageOfPage\":{\"@id\":\"https:\/\/www.teatroreal.es\/proyectolova\/chamberi-fundacion-giner-sabado-27-tarde-de-1600-a-2030h\/#primaryimage\"},\"image\":{\"@id\":\"https:\/\/www.teatroreal.es\/proyectolova\/chamberi-fundacion-giner-sabado-27-tarde-de-1600-a-2030h\/#primaryimage\"},\"thumbnailUrl\":\"https:\/\/www.teatroreal.es\/proyectolova\/wp-content\/uploads\/2018\/10\/5-1-300x200.jpg\",\"datePublished\":\"2018-10-05T12:57:42+00:00\",\"dateModified\":\"2020-04-16T17:13:11+00:00\",\"inLanguage\":\"es\",\"potentialAction\":[{\"@type\":\"ReadAction\",\"target\":[\"https:\/\/www.teatroreal.es\/proyectolova\/chamberi-fundacion-giner-sabado-27-tarde-de-1600-a-2030h\/\"]}]},{\"@type\":\"ImageObject\",\"inLanguage\":\"es\",\"@id\":\"https:\/\/www.teatroreal.es\/proyectolova\/chamberi-fundacion-giner-sabado-27-tarde-de-1600-a-2030h\/#primaryimage\",\"url\":\"https:\/\/www.teatroreal.es\/proyectolova\/wp-content\/uploads\/2018\/10\/5-1.jpg\",\"contentUrl\":\"https:\/\/www.teatroreal.es\/proyectolova\/wp-content\/uploads\/2018\/10\/5-1.jpg\",\"width\":4272,\"height\":2848},{\"@type\":\"WebSite\",\"@id\":\"https:\/\/www.teatroreal.es\/proyectolova\/#website\",\"url\":\"https:\/\/www.teatroreal.es\/proyectolova\/\",\"name\":\"L\u00d3VA\",\"description\":\"La \u00d3pera, un Veh\u00edculo de Aprendizaje\",\"publisher\":{\"@id\":\"https:\/\/www.teatroreal.es\/proyectolova\/#organization\"},\"potentialAction\":[{\"@type\":\"SearchAction\",\"target\":{\"@type\":\"EntryPoint\",\"urlTemplate\":\"https:\/\/www.teatroreal.es\/proyectolova\/?s={search_term_string}\"},\"query-input\":{\"@type\":\"PropertyValueSpecification\",\"valueRequired\":true,\"valueName\":\"search_term_string\"}}],\"inLanguage\":\"es\"},{\"@type\":\"Organization\",\"@id\":\"https:\/\/www.teatroreal.es\/proyectolova\/#organization\",\"name\":\"L\u00d3VA\",\"url\":\"https:\/\/www.teatroreal.es\/proyectolova\/\",\"logo\":{\"@type\":\"ImageObject\",\"inLanguage\":\"es\",\"@id\":\"https:\/\/www.teatroreal.es\/proyectolova\/#\/schema\/logo\/image\/\",\"url\":\"https:\/\/www.teatroreal.es\/proyectolova\/wp-content\/uploads\/2018\/01\/logo-L\u00d3VA-Marin\u00e9.jpg\",\"contentUrl\":\"https:\/\/www.teatroreal.es\/proyectolova\/wp-content\/uploads\/2018\/01\/logo-L\u00d3VA-Marin\u00e9.jpg\",\"width\":1890,\"height\":2848,\"caption\":\"L\u00d3VA\"},\"image\":{\"@id\":\"https:\/\/www.teatroreal.es\/proyectolova\/#\/schema\/logo\/image\/\"},\"sameAs\":[\"https:\/\/www.facebook.com\/proyectolova\/\",\"https:\/\/x.com\/proyectolova\",\"https:\/\/www.instagram.com\/proyectolova\/\",\"https:\/\/www.linkedin.com\/company\/proyectolova\/\",\"https:\/\/www.youtube.com\/user\/mecenartis\"]}]}<\/script>\n<!-- \/ Yoast SEO plugin. -->","yoast_head_json":{"title":"- L\u00d3VA","robots":{"index":"index","follow":"follow","max-snippet":"max-snippet:-1","max-image-preview":"max-image-preview:large","max-video-preview":"max-video-preview:-1"},"canonical":"https:\/\/www.teatroreal.es\/proyectolova\/chamberi-fundacion-giner-sabado-27-tarde-de-1600-a-2030h\/","og_locale":"es_ES","og_type":"article","og_title":"- L\u00d3VA","og_description":"Las grandes preguntas, sus hijitas y la toma de tierra lugar\u00a0Chamber\u00ed &#8211; Fundaci\u00f3n Giner fecha\u00a0s\u00e1bado, 27 de octubre hora\u00a0de 16:00 a 20:30 horas descripci\u00f3n Din\u00e1mica de participaci\u00f3n y reflexi\u00f3n colectiva en torno al movimiento en la escuela impartido por Grupo algonuevo \u00bfQu\u00e9 le preguntar\u00edas al cuerpo en la escuela? \u00bfHola, c\u00f3mo est\u00e1s? \u00bfpuedo aprender en ... Read more","og_url":"https:\/\/www.teatroreal.es\/proyectolova\/chamberi-fundacion-giner-sabado-27-tarde-de-1600-a-2030h\/","og_site_name":"L\u00d3VA","article_publisher":"https:\/\/www.facebook.com\/proyectolova\/","article_modified_time":"2020-04-16T17:13:11+00:00","og_image":[{"url":"https:\/\/www.teatroreal.es\/proyectolova\/wp-content\/uploads\/2018\/10\/5-1-300x200.jpg","type":"","width":"","height":""}],"twitter_card":"summary_large_image","twitter_site":"@proyectolova","twitter_misc":{"Tiempo de lectura":"2 minutos"},"schema":{"@context":"https:\/\/schema.org","@graph":[{"@type":"WebPage","@id":"https:\/\/www.teatroreal.es\/proyectolova\/chamberi-fundacion-giner-sabado-27-tarde-de-1600-a-2030h\/","url":"https:\/\/www.teatroreal.es\/proyectolova\/chamberi-fundacion-giner-sabado-27-tarde-de-1600-a-2030h\/","name":"- L\u00d3VA","isPartOf":{"@id":"https:\/\/www.teatroreal.es\/proyectolova\/#website"},"primaryImageOfPage":{"@id":"https:\/\/www.teatroreal.es\/proyectolova\/chamberi-fundacion-giner-sabado-27-tarde-de-1600-a-2030h\/#primaryimage"},"image":{"@id":"https:\/\/www.teatroreal.es\/proyectolova\/chamberi-fundacion-giner-sabado-27-tarde-de-1600-a-2030h\/#primaryimage"},"thumbnailUrl":"https:\/\/www.teatroreal.es\/proyectolova\/wp-content\/uploads\/2018\/10\/5-1-300x200.jpg","datePublished":"2018-10-05T12:57:42+00:00","dateModified":"2020-04-16T17:13:11+00:00","inLanguage":"es","potentialAction":[{"@type":"ReadAction","target":["https:\/\/www.teatroreal.es\/proyectolova\/chamberi-fundacion-giner-sabado-27-tarde-de-1600-a-2030h\/"]}]},{"@type":"ImageObject","inLanguage":"es","@id":"https:\/\/www.teatroreal.es\/proyectolova\/chamberi-fundacion-giner-sabado-27-tarde-de-1600-a-2030h\/#primaryimage","url":"https:\/\/www.teatroreal.es\/proyectolova\/wp-content\/uploads\/2018\/10\/5-1.jpg","contentUrl":"https:\/\/www.teatroreal.es\/proyectolova\/wp-content\/uploads\/2018\/10\/5-1.jpg","width":4272,"height":2848},{"@type":"WebSite","@id":"https:\/\/www.teatroreal.es\/proyectolova\/#website","url":"https:\/\/www.teatroreal.es\/proyectolova\/","name":"L\u00d3VA","description":"La \u00d3pera, un Veh\u00edculo de Aprendizaje","publisher":{"@id":"https:\/\/www.teatroreal.es\/proyectolova\/#organization"},"potentialAction":[{"@type":"SearchAction","target":{"@type":"EntryPoint","urlTemplate":"https:\/\/www.teatroreal.es\/proyectolova\/?s={search_term_string}"},"query-input":{"@type":"PropertyValueSpecification","valueRequired":true,"valueName":"search_term_string"}}],"inLanguage":"es"},{"@type":"Organization","@id":"https:\/\/www.teatroreal.es\/proyectolova\/#organization","name":"L\u00d3VA","url":"https:\/\/www.teatroreal.es\/proyectolova\/","logo":{"@type":"ImageObject","inLanguage":"es","@id":"https:\/\/www.teatroreal.es\/proyectolova\/#\/schema\/logo\/image\/","url":"https:\/\/www.teatroreal.es\/proyectolova\/wp-content\/uploads\/2018\/01\/logo-L\u00d3VA-Marin\u00e9.jpg","contentUrl":"https:\/\/www.teatroreal.es\/proyectolova\/wp-content\/uploads\/2018\/01\/logo-L\u00d3VA-Marin\u00e9.jpg","width":1890,"height":2848,"caption":"L\u00d3VA"},"image":{"@id":"https:\/\/www.teatroreal.es\/proyectolova\/#\/schema\/logo\/image\/"},"sameAs":["https:\/\/www.facebook.com\/proyectolova\/","https:\/\/x.com\/proyectolova","https:\/\/www.instagram.com\/proyectolova\/","https:\/\/www.linkedin.com\/company\/proyectolova\/","https:\/\/www.youtube.com\/user\/mecenartis"]}]}},"_links":{"self":[{"href":"https:\/\/www.teatroreal.es\/proyectolova\/wp-json\/wp\/v2\/pages\/4702","targetHints":{"allow":["GET"]}}],"collection":[{"href":"https:\/\/www.teatroreal.es\/proyectolova\/wp-json\/wp\/v2\/pages"}],"about":[{"href":"https:\/\/www.teatroreal.es\/proyectolova\/wp-json\/wp\/v2\/types\/page"}],"author":[{"embeddable":true,"href":"https:\/\/www.teatroreal.es\/proyectolova\/wp-json\/wp\/v2\/users\/151"}],"replies":[{"embeddable":true,"href":"https:\/\/www.teatroreal.es\/proyectolova\/wp-json\/wp\/v2\/comments?post=4702"}],"version-history":[{"count":14,"href":"https:\/\/www.teatroreal.es\/proyectolova\/wp-json\/wp\/v2\/pages\/4702\/revisions"}],"predecessor-version":[{"id":7243,"href":"https:\/\/www.teatroreal.es\/proyectolova\/wp-json\/wp\/v2\/pages\/4702\/revisions\/7243"}],"wp:attachment":[{"href":"https:\/\/www.teatroreal.es\/proyectolova\/wp-json\/wp\/v2\/media?parent=4702"}],"wp:term":[{"taxonomy":"hashtags","embeddable":true,"href":"https:\/\/www.teatroreal.es\/proyectolova\/wp-json\/wp\/v2\/hashtags?post=4702"}],"curies":[{"name":"wp","href":"https:\/\/api.w.org\/{rel}","templated":true}]}}