{"id":4802,"date":"2018-10-06T12:05:49","date_gmt":"2018-10-06T11:05:49","guid":{"rendered":"https:\/\/www.teatroreal.es\/proyectolova\/?page_id=4802"},"modified":"2020-04-16T18:15:04","modified_gmt":"2020-04-16T17:15:04","slug":"chamberi-centro-danza-canal-domingo-28-manana-de-1000-a-1200h","status":"publish","type":"page","link":"https:\/\/www.teatroreal.es\/proyectolova\/chamberi-centro-danza-canal-domingo-28-manana-de-1000-a-1200h\/","title":{"rendered":""},"content":{"rendered":"<h1><\/h1>\n<hr \/>\n<h2>Taller PSDance! Modelo de integraci\u00f3n de la danza en centros educativos p\u00fablicos de Nueva York<\/h2>\n<p><strong>(Taller completo)<\/strong><br \/>\n<strong>lugar\u00a0<\/strong>Chamber\u00ed- <a href=\"http:\/\/www.teatroscanal.com\/centro-danza-madrid\/\" target=\"_blank\" rel=\"noopener noreferrer\">Centro Danza Canal<\/a><br \/>\n<strong>fecha<\/strong>\u00a0domingo, 28 de octubre<br \/>\n<b>hora\u00a0<\/b>de 10:00 a 12:00 horas<\/p>\n<p><strong>descripci\u00f3n<\/strong><br \/>\n<em>Taller en el que Ana Nery Fragoso compartir\u00e1 el modelo de integraci\u00f3n de la danza dentro del curr\u00edculo de la educaci\u00f3n formal en los colegios p\u00fablicos de la ciudad de Nueva York. Estos programas est\u00e1n dise\u00f1ados para implementar los est\u00e1ndares educativos en danza del <\/em><em>Blueprint for Teaching and Learning Dance Grades K-12<\/em> del Departamento de Educaci\u00f3n. El taller constar\u00e1 de dos partes, una con movimiento participativo en la que se explorar\u00e1n conceptos b\u00e1sicos del an\u00e1lisis del movimiento de Rudolf Laban y su uso did\u00e1ctico, y otra en la que se discutir\u00e1 el modelo neoyorquino y su potencial aplicaci\u00f3n en el sistema educativo espa\u00f1ol.<\/p>\n<p><strong>impartido por<\/strong><br \/>\n<strong>Ana Nery Fragoso<\/strong> comenz\u00f3 su carrera profesional en el Ballet Contempor\u00e1neo de Las Palmas de Gran Canaria bajo la direcci\u00f3n art\u00edstica de Lorenzo Godoy. En Madrid, compagin\u00f3 sus estudios de ballet, moderno, jazz y tap, trabajando en proyectos profesionales como bailarina, core\u00f3grafa y cantante. En 1993, se traslad\u00f3 a Nueva York para formarse en Alvin Nikolais Dance Lab (NYC), ingres\u00f3 en Hunter College University donde recibi\u00f3 un B.A. en Pedagog\u00eda de la Danza y obtuvo un Master of Fine Arts en Coreograf\u00eda en el Sarah Lawrence College. Los siguientes catorce a\u00f1os ense\u00f1\u00f3 en un colegio de artes esc\u00e9nicas en Brooklyn, creando un plan de estudios basado en la metodolog\u00eda y an\u00e1lisis del movimiento de Rudolf Laban que inclu\u00eda improvisaci\u00f3n, t\u00e9cnica y composici\u00f3n.<\/p>\n<p>Fragoso contribuy\u00f3 como autora al Dance Blueprint para el Departamento de Educaci\u00f3n de Nueva York que defini\u00f3 por primera vez el conocimiento y las habilidades que los alumnos de los programas de danza adquieren en los diferentes cursos, ense\u00f1\u00f3 en el Dance Education Laboratory (DEL) y en 2017 fue uno de los autores de los NYS Dance Learning Standards. En la actualidad, Fragoso es la Directora de Danza del Departamento de Educaci\u00f3n de Nueva York y dise\u00f1a e imparte talleres para aproximadamente 400 profesores de danza del sistema educativo p\u00fablico.<br \/>\n*Esta actividad se realiza con el apoyo de <a href=\"https:\/\/www.accioncultural.es\/\" target=\"_blank\" rel=\"noopener noreferrer\">Acci\u00f3n Cultural Espa\u00f1ola (AC\/E)<\/a><br \/>\n<iframe title=\"PS DANCE! Dance Education in Public Schools (OFFICIAL TRAILER)\" width=\"1200\" height=\"675\" src=\"https:\/\/www.youtube.com\/embed\/ICyS65MyoIE?feature=oembed&#038;enablejsapi=1&#038;origin=https:\/\/www.teatroreal.es\/proyectolova\" frameborder=\"0\" allow=\"accelerometer; autoplay; encrypted-media; gyroscope; picture-in-picture\" allowfullscreen><\/iframe><\/p>\n<hr \/>\n<h2>Flamenco Emp\u00edrico Method<\/h2>\n<p><strong>(Taller completo)<\/strong><br \/>\n<strong>lugar\u00a0<\/strong>Chamber\u00ed- <a href=\"http:\/\/www.teatroscanal.com\/centro-danza-madrid\/\" target=\"_blank\" rel=\"noopener noreferrer\">Centro Danza Canal<\/a><br \/>\n<strong>fecha<\/strong>\u00a0domingo, 28 de octubre<br \/>\n<b>hora\u00a0<\/b>de 10:00 a 12:00 horas<\/p>\n<p><a class=\"preload\" title=\"\" href=\"https:\/\/www.teatroreal.es\/proyectolova\/wp-content\/uploads\/2018\/10\/AtelierJCL-253.jpg\" rel=\"prettyphoto\"><img fetchpriority=\"high\" decoding=\"async\" class=\"size-medium wp-image-4806 alignleft\" src=\"https:\/\/www.teatroreal.es\/proyectolova\/wp-content\/uploads\/2018\/10\/AtelierJCL-253-300x195.jpg\" alt=\"\" width=\"300\" height=\"195\" srcset=\"https:\/\/www.teatroreal.es\/proyectolova\/wp-content\/uploads\/2018\/10\/AtelierJCL-253-300x195.jpg 300w, https:\/\/www.teatroreal.es\/proyectolova\/wp-content\/uploads\/2018\/10\/AtelierJCL-253-768x499.jpg 768w, https:\/\/www.teatroreal.es\/proyectolova\/wp-content\/uploads\/2018\/10\/AtelierJCL-253-150x97.jpg 150w, https:\/\/www.teatroreal.es\/proyectolova\/wp-content\/uploads\/2018\/10\/AtelierJCL-253-310x201.jpg 310w, https:\/\/www.teatroreal.es\/proyectolova\/wp-content\/uploads\/2018\/10\/AtelierJCL-253.jpg 831w\" sizes=\"(max-width: 300px) 100vw, 300px\" \/><\/a><\/p>\n<p><strong>descripci\u00f3n<\/strong><br \/>\nJuan Carlos L\u00e9rida propone un acercamiento al flamenco a trav\u00e9s de una metodolog\u00eda que ha llamado Flamenco Emp\u00edrico Method. En \u00e9l, L\u00e9rida comparte sus recursos y herramientas para la pr\u00e1ctica y comprensi\u00f3n de los diferentes elementos que componen el baile flamenco: T\u00e9cnicos, expresivos, r\u00edtmicos. Su trabajo nos revela las coordenadas que construyen el baile flamenco a partir de la observaci\u00f3n y pr\u00e1ctica del movimiento y la percusi\u00f3n corporal y zapateados. El Flamenco Emp\u00edrico Method ampl\u00eda el conocimiento y el aprendizaje de la t\u00e9cnica corporal, con t\u00e9cnicas de exploraci\u00f3n , improvisaci\u00f3n y composici\u00f3n en el flamenco. Las sesiones est\u00e1n construidas para ofrecer herramienta \u00fatiles para pedagogos. Abarcando los diferentes niveles de aprendizaje. Desde acercamiento y el disfrute de los iniciados en el flamenco., el perfeccionamiento y el desarrollo de profesionales y semiprofesionales de la danza flamenca.<\/p>\n<p><a class=\"preload\" title=\"\" href=\"https:\/\/www.teatroreal.es\/proyectolova\/wp-content\/uploads\/2018\/10\/alta_2014-12-12_Lerida_CAS_Sevilla_PacoVillalta-0609-2.jpg\" rel=\"prettyphoto\"><img decoding=\"async\" class=\"size-medium wp-image-4805 alignleft\" src=\"https:\/\/www.teatroreal.es\/proyectolova\/wp-content\/uploads\/2018\/10\/alta_2014-12-12_Lerida_CAS_Sevilla_PacoVillalta-0609-2-200x300.jpg\" alt=\"\" width=\"200\" height=\"300\" srcset=\"https:\/\/www.teatroreal.es\/proyectolova\/wp-content\/uploads\/2018\/10\/alta_2014-12-12_Lerida_CAS_Sevilla_PacoVillalta-0609-2-200x300.jpg 200w, https:\/\/www.teatroreal.es\/proyectolova\/wp-content\/uploads\/2018\/10\/alta_2014-12-12_Lerida_CAS_Sevilla_PacoVillalta-0609-2-768x1154.jpg 768w, https:\/\/www.teatroreal.es\/proyectolova\/wp-content\/uploads\/2018\/10\/alta_2014-12-12_Lerida_CAS_Sevilla_PacoVillalta-0609-2-681x1024.jpg 681w, https:\/\/www.teatroreal.es\/proyectolova\/wp-content\/uploads\/2018\/10\/alta_2014-12-12_Lerida_CAS_Sevilla_PacoVillalta-0609-2-150x225.jpg 150w, https:\/\/www.teatroreal.es\/proyectolova\/wp-content\/uploads\/2018\/10\/alta_2014-12-12_Lerida_CAS_Sevilla_PacoVillalta-0609-2-310x466.jpg 310w\" sizes=\"(max-width: 200px) 100vw, 200px\" \/><\/a><strong>impartido por<br \/>\nJuan Carlos L\u00e9rida\u00a0<\/strong>La investigaci\u00f3n que viene desarrollando <a href=\"http:\/\/juancarloslerida.com\/\" target=\"_blank\" rel=\"noopener noreferrer\">Juan Carlos L\u00e9rida<\/a> en el \u00e1<\/p>\n<p>mbito de la divulgaci\u00f3n emp\u00edrica del flamenco, a trav\u00e9s de talleres y performances, podr\u00eda situarse a medio camino entre la formaci\u00f3n y el comisariado art\u00edstico. En esa delgada l\u00ednea que separa las etiquetas m\u00e1s utilizadas en esto de las artes esc\u00e9nicas, L\u00e9rida se nos presenta como un artista del flamenco emp\u00edrico. Profesional que navega entre disciplinas ya hace tiempo en sinergia l\u00f3gica para muchos. Reunir en un mismo escenario a diferentes artistas y profundizar en la investigaci\u00f3n sobre el flamenco, el cuerpo y la improvisaci\u00f3n, son las bases y se\u00f1as de identidad que han llevado a Juan Carlos L\u00e9rida a desarrollar su trilog\u00eda sobre Los Cuerpos del Flamenco : \u201cAl Toque\u201d (2011), \u201cAl Cante\u201d (2014 y \u201cAl Baile\u201d ( 2016).<br \/>\nDedica su tiempo a la investigaci\u00f3n, la direcci\u00f3n esc\u00e9nica y la coreograf\u00eda, sin dejar de lado su labor como pedagogo y curator. Capaz de reunir en un escenario a nombres tan dispares como Mar\u00eda Mu\u00f1oz (Mal Pelo), Candela Pe\u00f1a, Bel\u00e9n Maya, La Chana, Roc\u00edo Molina, Ni\u00f1o de Elche, Sol Pic\u00f3.. en el ciclo que ide\u00f3 para Mercat de les Flors desde el 2009., L\u00e9rida es aclamado en espacios tan fundamentales, en el circuito de las artes actuales, como el Mercat de les Flors, Tanzhaus NRW de Dusseldorf.<\/p>\n<hr \/>\n<h2>La escuela danza<\/h2>\n<p><strong>(Taller completo)<\/strong><br \/>\n<strong>lugar<\/strong> Chamber\u00ed &#8211; <a href=\"http:\/\/www.teatroscanal.com\/centro-danza-madrid\/\" target=\"_blank\" rel=\"noopener noreferrer\">Centro Danza Canal<\/a><br \/>\n<strong>fecha<\/strong> domingo, 28 de octubre<br \/>\n<strong>hora<\/strong> de 10:00 a 12:00 horas<\/p>\n<p><strong>descripci\u00f3n<\/strong><br \/>\nComenzaremos con una asamblea donde presentaremos el proyecto \u00abDANZARTE\u00bb, basado en el M\u00e9todo Laban de An\u00e1lisis del Movimiento. Una peque\u00f1a audici\u00f3n de danza ofrecida por los chicos y unos juegos motores guiados por ellos, para terminar con una relajaci\u00f3n y reflexi\u00f3n final.<br \/>\n\u201cDICE\u201d: conducido por los alumnos de DICE, Danza e Inteligencia corporal en la escuela, proyecto pedag\u00f3gico, desarrollado por <a href=\"https:\/\/www.inquietanz.com\/\" target=\"_blank\" rel=\"noopener noreferrer\">Inquietanz<\/a> en colaboraci\u00f3n con el colegio p\u00fablico Jorge Guill\u00e9n de M\u00f3stoles. DICE introduce la danza y el movimiento creativo en la escuela con el fin de replantear el papel del cuerpo en la educaci\u00f3n formal. A trav\u00e9s de sesiones semanales con el alumnado, que conectan las competencias curriculares y \u00e1reas de conocimiento con el movimiento creativo, se fomenta la percepci\u00f3n del cuerpo como herramienta de aprendizaje y se generan espacios que transforman y promueven distintos modos de estar, experimentar y comunicarse. Tras el primer curso 2017\/18 de implantaci\u00f3n en infantil, este curso 2018\/19 se extiende hasta tercero de primaria. En el siguiente curso se ampliar\u00e1 hasta sexto, integrando as\u00ed la danza en todos los ciclos. A lo largo del proceso se proporcionan herramientas al profesorado y se elabora una memoria conjunta que permiten la continuidad y replicabilidad del proyecto.<\/p>\n<p><strong>impartido por<\/strong><br \/>\nAlumnos de tercero de Primaria del Colegio Santo \u00c1ngel de la Guarda: Aitana Garc\u00eda Varea, Vera Cobo S\u00e1nchez, Aitor Vuelta Rey, V\u00edctor Doval Concejo y Sergio San Segundo Santos.<\/p>\n<hr \/>\n<h2>Orquesta de lun\u00e1ticos<\/h2>\n<p><strong>lugar<\/strong> Chamber\u00ed &#8211; <a href=\"http:\/\/www.teatroscanal.com\/centro-danza-madrid\/\" target=\"_blank\" rel=\"noopener noreferrer\">Centro Danza Canal<\/a><br \/>\n<strong>fecha<\/strong> domingo, 28 de octubre<br \/>\n<strong>hora<\/strong> de 10:00 a 12:00 horas<\/p>\n<p><a class=\"preload\" title=\"\" href=\"https:\/\/www.teatroreal.es\/proyectolova\/wp-content\/uploads\/2018\/10\/lunaticos-MIX.jpg\" rel=\"prettyphoto\"><img decoding=\"async\" class=\"size-medium wp-image-4811 alignleft\" src=\"https:\/\/www.teatroreal.es\/proyectolova\/wp-content\/uploads\/2018\/10\/lunaticos-MIX-300x223.jpg\" alt=\"\" width=\"300\" height=\"223\" srcset=\"https:\/\/www.teatroreal.es\/proyectolova\/wp-content\/uploads\/2018\/10\/lunaticos-MIX-300x223.jpg 300w, https:\/\/www.teatroreal.es\/proyectolova\/wp-content\/uploads\/2018\/10\/lunaticos-MIX-768x571.jpg 768w, https:\/\/www.teatroreal.es\/proyectolova\/wp-content\/uploads\/2018\/10\/lunaticos-MIX-1024x761.jpg 1024w, https:\/\/www.teatroreal.es\/proyectolova\/wp-content\/uploads\/2018\/10\/lunaticos-MIX-150x111.jpg 150w, https:\/\/www.teatroreal.es\/proyectolova\/wp-content\/uploads\/2018\/10\/lunaticos-MIX-310x230.jpg 310w\" sizes=\"(max-width: 300px) 100vw, 300px\" \/><\/a><strong>descripci\u00f3n<\/strong><br \/>\nA trav\u00e9s de la m\u00fasica, el silencio, el ruido, el ritmo, el caos, la improvisaci\u00f3n y la escucha, intentaremos llegar m\u00e1s all\u00e1 de la luna<\/p>\n<p><strong>impartido por<\/strong><br \/>\n<strong>Nilo Gallego<\/strong> es m\u00fasico, realiza performances en las que la experimentaci\u00f3n con el sonido es el punto de partida. En sus trabajos, que siempre tienen un componente l\u00fadico, busca la participaci\u00f3n del p\u00fablico y la interacci\u00f3n con el entorno y lo cotidiano. Toca la bater\u00eda, percusi\u00f3n y electr\u00f3nica.<\/p>\n<p>&nbsp;<\/p>\n<p><a href=\"https:\/\/www.teatroreal.es\/proyectolova\/formacion-curso-lova\/formacion-aprendanza-2\/\" target=\"_blank\" rel=\"noopener noreferrer\">*Volver al programa de aprendanza<\/a><\/p>\n","protected":false},"excerpt":{"rendered":"<p>Taller PSDance! Modelo de integraci\u00f3n de la danza en centros educativos p\u00fablicos de Nueva York (Taller completo) lugar\u00a0Chamber\u00ed- Centro Danza Canal fecha\u00a0domingo, 28 de octubre hora\u00a0de 10:00 a 12:00 horas descripci\u00f3n Taller en el que Ana Nery Fragoso compartir\u00e1 el modelo de integraci\u00f3n de la danza dentro del curr\u00edculo de la educaci\u00f3n formal en los &#8230; <a title=\"\" class=\"read-more\" href=\"https:\/\/www.teatroreal.es\/proyectolova\/chamberi-centro-danza-canal-domingo-28-manana-de-1000-a-1200h\/\">Read more<\/a><\/p>\n","protected":false},"author":151,"featured_media":0,"parent":0,"menu_order":0,"comment_status":"closed","ping_status":"closed","template":"","meta":{"footnotes":""},"hashtags":[],"class_list":["post-4802","page","type-page","status-publish"],"yoast_head":"<!-- This site is optimized with the Yoast SEO plugin v26.8 - https:\/\/yoast.com\/product\/yoast-seo-wordpress\/ -->\n<title>- L\u00d3VA<\/title>\n<meta name=\"robots\" content=\"index, follow, max-snippet:-1, max-image-preview:large, max-video-preview:-1\" \/>\n<link rel=\"canonical\" href=\"https:\/\/www.teatroreal.es\/proyectolova\/chamberi-centro-danza-canal-domingo-28-manana-de-1000-a-1200h\/\" \/>\n<meta property=\"og:locale\" content=\"es_ES\" \/>\n<meta property=\"og:type\" content=\"article\" \/>\n<meta property=\"og:title\" content=\"- L\u00d3VA\" \/>\n<meta property=\"og:description\" content=\"Taller PSDance! Modelo de integraci\u00f3n de la danza en centros educativos p\u00fablicos de Nueva York (Taller completo) lugar\u00a0Chamber\u00ed- Centro Danza Canal fecha\u00a0domingo, 28 de octubre hora\u00a0de 10:00 a 12:00 horas descripci\u00f3n Taller en el que Ana Nery Fragoso compartir\u00e1 el modelo de integraci\u00f3n de la danza dentro del curr\u00edculo de la educaci\u00f3n formal en los ... Read more\" \/>\n<meta property=\"og:url\" content=\"https:\/\/www.teatroreal.es\/proyectolova\/chamberi-centro-danza-canal-domingo-28-manana-de-1000-a-1200h\/\" \/>\n<meta property=\"og:site_name\" content=\"L\u00d3VA\" \/>\n<meta property=\"article:publisher\" content=\"https:\/\/www.facebook.com\/proyectolova\/\" \/>\n<meta property=\"article:modified_time\" content=\"2020-04-16T17:15:04+00:00\" \/>\n<meta property=\"og:image\" content=\"https:\/\/www.teatroreal.es\/proyectolova\/wp-content\/uploads\/2018\/10\/AtelierJCL-253-300x195.jpg\" \/>\n<meta name=\"twitter:card\" content=\"summary_large_image\" \/>\n<meta name=\"twitter:site\" content=\"@proyectolova\" \/>\n<meta name=\"twitter:label1\" content=\"Tiempo de lectura\" \/>\n\t<meta name=\"twitter:data1\" content=\"6 minutos\" \/>\n<script type=\"application\/ld+json\" class=\"yoast-schema-graph\">{\"@context\":\"https:\/\/schema.org\",\"@graph\":[{\"@type\":\"WebPage\",\"@id\":\"https:\/\/www.teatroreal.es\/proyectolova\/chamberi-centro-danza-canal-domingo-28-manana-de-1000-a-1200h\/\",\"url\":\"https:\/\/www.teatroreal.es\/proyectolova\/chamberi-centro-danza-canal-domingo-28-manana-de-1000-a-1200h\/\",\"name\":\"- L\u00d3VA\",\"isPartOf\":{\"@id\":\"https:\/\/www.teatroreal.es\/proyectolova\/#website\"},\"primaryImageOfPage\":{\"@id\":\"https:\/\/www.teatroreal.es\/proyectolova\/chamberi-centro-danza-canal-domingo-28-manana-de-1000-a-1200h\/#primaryimage\"},\"image\":{\"@id\":\"https:\/\/www.teatroreal.es\/proyectolova\/chamberi-centro-danza-canal-domingo-28-manana-de-1000-a-1200h\/#primaryimage\"},\"thumbnailUrl\":\"https:\/\/www.teatroreal.es\/proyectolova\/wp-content\/uploads\/2018\/10\/AtelierJCL-253-300x195.jpg\",\"datePublished\":\"2018-10-06T11:05:49+00:00\",\"dateModified\":\"2020-04-16T17:15:04+00:00\",\"inLanguage\":\"es\",\"potentialAction\":[{\"@type\":\"ReadAction\",\"target\":[\"https:\/\/www.teatroreal.es\/proyectolova\/chamberi-centro-danza-canal-domingo-28-manana-de-1000-a-1200h\/\"]}]},{\"@type\":\"ImageObject\",\"inLanguage\":\"es\",\"@id\":\"https:\/\/www.teatroreal.es\/proyectolova\/chamberi-centro-danza-canal-domingo-28-manana-de-1000-a-1200h\/#primaryimage\",\"url\":\"https:\/\/www.teatroreal.es\/proyectolova\/wp-content\/uploads\/2018\/10\/AtelierJCL-253.jpg\",\"contentUrl\":\"https:\/\/www.teatroreal.es\/proyectolova\/wp-content\/uploads\/2018\/10\/AtelierJCL-253.jpg\",\"width\":831,\"height\":540,\"caption\":\"Atelier Juan Carlos Lerida :: Studio Pleamar :: mars 2017\"},{\"@type\":\"WebSite\",\"@id\":\"https:\/\/www.teatroreal.es\/proyectolova\/#website\",\"url\":\"https:\/\/www.teatroreal.es\/proyectolova\/\",\"name\":\"L\u00d3VA\",\"description\":\"La \u00d3pera, un Veh\u00edculo de Aprendizaje\",\"publisher\":{\"@id\":\"https:\/\/www.teatroreal.es\/proyectolova\/#organization\"},\"potentialAction\":[{\"@type\":\"SearchAction\",\"target\":{\"@type\":\"EntryPoint\",\"urlTemplate\":\"https:\/\/www.teatroreal.es\/proyectolova\/?s={search_term_string}\"},\"query-input\":{\"@type\":\"PropertyValueSpecification\",\"valueRequired\":true,\"valueName\":\"search_term_string\"}}],\"inLanguage\":\"es\"},{\"@type\":\"Organization\",\"@id\":\"https:\/\/www.teatroreal.es\/proyectolova\/#organization\",\"name\":\"L\u00d3VA\",\"url\":\"https:\/\/www.teatroreal.es\/proyectolova\/\",\"logo\":{\"@type\":\"ImageObject\",\"inLanguage\":\"es\",\"@id\":\"https:\/\/www.teatroreal.es\/proyectolova\/#\/schema\/logo\/image\/\",\"url\":\"https:\/\/www.teatroreal.es\/proyectolova\/wp-content\/uploads\/2018\/01\/logo-L\u00d3VA-Marin\u00e9.jpg\",\"contentUrl\":\"https:\/\/www.teatroreal.es\/proyectolova\/wp-content\/uploads\/2018\/01\/logo-L\u00d3VA-Marin\u00e9.jpg\",\"width\":1890,\"height\":2848,\"caption\":\"L\u00d3VA\"},\"image\":{\"@id\":\"https:\/\/www.teatroreal.es\/proyectolova\/#\/schema\/logo\/image\/\"},\"sameAs\":[\"https:\/\/www.facebook.com\/proyectolova\/\",\"https:\/\/x.com\/proyectolova\",\"https:\/\/www.instagram.com\/proyectolova\/\",\"https:\/\/www.linkedin.com\/company\/proyectolova\/\",\"https:\/\/www.youtube.com\/user\/mecenartis\"]}]}<\/script>\n<!-- \/ Yoast SEO plugin. -->","yoast_head_json":{"title":"- L\u00d3VA","robots":{"index":"index","follow":"follow","max-snippet":"max-snippet:-1","max-image-preview":"max-image-preview:large","max-video-preview":"max-video-preview:-1"},"canonical":"https:\/\/www.teatroreal.es\/proyectolova\/chamberi-centro-danza-canal-domingo-28-manana-de-1000-a-1200h\/","og_locale":"es_ES","og_type":"article","og_title":"- L\u00d3VA","og_description":"Taller PSDance! Modelo de integraci\u00f3n de la danza en centros educativos p\u00fablicos de Nueva York (Taller completo) lugar\u00a0Chamber\u00ed- Centro Danza Canal fecha\u00a0domingo, 28 de octubre hora\u00a0de 10:00 a 12:00 horas descripci\u00f3n Taller en el que Ana Nery Fragoso compartir\u00e1 el modelo de integraci\u00f3n de la danza dentro del curr\u00edculo de la educaci\u00f3n formal en los ... Read more","og_url":"https:\/\/www.teatroreal.es\/proyectolova\/chamberi-centro-danza-canal-domingo-28-manana-de-1000-a-1200h\/","og_site_name":"L\u00d3VA","article_publisher":"https:\/\/www.facebook.com\/proyectolova\/","article_modified_time":"2020-04-16T17:15:04+00:00","og_image":[{"url":"https:\/\/www.teatroreal.es\/proyectolova\/wp-content\/uploads\/2018\/10\/AtelierJCL-253-300x195.jpg","type":"","width":"","height":""}],"twitter_card":"summary_large_image","twitter_site":"@proyectolova","twitter_misc":{"Tiempo de lectura":"6 minutos"},"schema":{"@context":"https:\/\/schema.org","@graph":[{"@type":"WebPage","@id":"https:\/\/www.teatroreal.es\/proyectolova\/chamberi-centro-danza-canal-domingo-28-manana-de-1000-a-1200h\/","url":"https:\/\/www.teatroreal.es\/proyectolova\/chamberi-centro-danza-canal-domingo-28-manana-de-1000-a-1200h\/","name":"- L\u00d3VA","isPartOf":{"@id":"https:\/\/www.teatroreal.es\/proyectolova\/#website"},"primaryImageOfPage":{"@id":"https:\/\/www.teatroreal.es\/proyectolova\/chamberi-centro-danza-canal-domingo-28-manana-de-1000-a-1200h\/#primaryimage"},"image":{"@id":"https:\/\/www.teatroreal.es\/proyectolova\/chamberi-centro-danza-canal-domingo-28-manana-de-1000-a-1200h\/#primaryimage"},"thumbnailUrl":"https:\/\/www.teatroreal.es\/proyectolova\/wp-content\/uploads\/2018\/10\/AtelierJCL-253-300x195.jpg","datePublished":"2018-10-06T11:05:49+00:00","dateModified":"2020-04-16T17:15:04+00:00","inLanguage":"es","potentialAction":[{"@type":"ReadAction","target":["https:\/\/www.teatroreal.es\/proyectolova\/chamberi-centro-danza-canal-domingo-28-manana-de-1000-a-1200h\/"]}]},{"@type":"ImageObject","inLanguage":"es","@id":"https:\/\/www.teatroreal.es\/proyectolova\/chamberi-centro-danza-canal-domingo-28-manana-de-1000-a-1200h\/#primaryimage","url":"https:\/\/www.teatroreal.es\/proyectolova\/wp-content\/uploads\/2018\/10\/AtelierJCL-253.jpg","contentUrl":"https:\/\/www.teatroreal.es\/proyectolova\/wp-content\/uploads\/2018\/10\/AtelierJCL-253.jpg","width":831,"height":540,"caption":"Atelier Juan Carlos Lerida :: Studio Pleamar :: mars 2017"},{"@type":"WebSite","@id":"https:\/\/www.teatroreal.es\/proyectolova\/#website","url":"https:\/\/www.teatroreal.es\/proyectolova\/","name":"L\u00d3VA","description":"La \u00d3pera, un Veh\u00edculo de Aprendizaje","publisher":{"@id":"https:\/\/www.teatroreal.es\/proyectolova\/#organization"},"potentialAction":[{"@type":"SearchAction","target":{"@type":"EntryPoint","urlTemplate":"https:\/\/www.teatroreal.es\/proyectolova\/?s={search_term_string}"},"query-input":{"@type":"PropertyValueSpecification","valueRequired":true,"valueName":"search_term_string"}}],"inLanguage":"es"},{"@type":"Organization","@id":"https:\/\/www.teatroreal.es\/proyectolova\/#organization","name":"L\u00d3VA","url":"https:\/\/www.teatroreal.es\/proyectolova\/","logo":{"@type":"ImageObject","inLanguage":"es","@id":"https:\/\/www.teatroreal.es\/proyectolova\/#\/schema\/logo\/image\/","url":"https:\/\/www.teatroreal.es\/proyectolova\/wp-content\/uploads\/2018\/01\/logo-L\u00d3VA-Marin\u00e9.jpg","contentUrl":"https:\/\/www.teatroreal.es\/proyectolova\/wp-content\/uploads\/2018\/01\/logo-L\u00d3VA-Marin\u00e9.jpg","width":1890,"height":2848,"caption":"L\u00d3VA"},"image":{"@id":"https:\/\/www.teatroreal.es\/proyectolova\/#\/schema\/logo\/image\/"},"sameAs":["https:\/\/www.facebook.com\/proyectolova\/","https:\/\/x.com\/proyectolova","https:\/\/www.instagram.com\/proyectolova\/","https:\/\/www.linkedin.com\/company\/proyectolova\/","https:\/\/www.youtube.com\/user\/mecenartis"]}]}},"_links":{"self":[{"href":"https:\/\/www.teatroreal.es\/proyectolova\/wp-json\/wp\/v2\/pages\/4802","targetHints":{"allow":["GET"]}}],"collection":[{"href":"https:\/\/www.teatroreal.es\/proyectolova\/wp-json\/wp\/v2\/pages"}],"about":[{"href":"https:\/\/www.teatroreal.es\/proyectolova\/wp-json\/wp\/v2\/types\/page"}],"author":[{"embeddable":true,"href":"https:\/\/www.teatroreal.es\/proyectolova\/wp-json\/wp\/v2\/users\/151"}],"replies":[{"embeddable":true,"href":"https:\/\/www.teatroreal.es\/proyectolova\/wp-json\/wp\/v2\/comments?post=4802"}],"version-history":[{"count":15,"href":"https:\/\/www.teatroreal.es\/proyectolova\/wp-json\/wp\/v2\/pages\/4802\/revisions"}],"predecessor-version":[{"id":7246,"href":"https:\/\/www.teatroreal.es\/proyectolova\/wp-json\/wp\/v2\/pages\/4802\/revisions\/7246"}],"wp:attachment":[{"href":"https:\/\/www.teatroreal.es\/proyectolova\/wp-json\/wp\/v2\/media?parent=4802"}],"wp:term":[{"taxonomy":"hashtags","embeddable":true,"href":"https:\/\/www.teatroreal.es\/proyectolova\/wp-json\/wp\/v2\/hashtags?post=4802"}],"curies":[{"name":"wp","href":"https:\/\/api.w.org\/{rel}","templated":true}]}}