{"id":6573,"date":"2019-09-05T08:32:05","date_gmt":"2019-09-05T07:32:05","guid":{"rendered":"http:\/\/w3.proyectolova.es\/?page_id=5796"},"modified":"2019-09-05T08:32:05","modified_gmt":"2019-09-05T07:32:05","slug":"curso-lova-2019-2","status":"publish","type":"page","link":"https:\/\/www.teatroreal.es\/proyectolova\/curso-lova-2019-2\/","title":{"rendered":"Curso L\u00d3VA 2019"},"content":{"rendered":"<p>L\u00d3VA te ofrece cursos desde 2009 en el Teatro Real de Madrid, desde 2016 en el Palau de les Arts de Valencia y desde 2017 en el Teatro Jofre de Ferrol. Las tres convocatorias se lanzan este verano, una vez m\u00e1s, desde las respectivas consejer\u00edas de educaci\u00f3n (Madrid, Comunidad Valenciana y Galicia).<br \/>\nConvocatorias del curso L\u00d3VA 2019:<br \/>\nTeatro Real, Madrid: del 1 al 8 de julio, ambos incluidos. Convocatoria del CRIF Las Acacias de la Consejer\u00eda de Educaci\u00f3n de la Comunidad de Madrid<br \/>\nTeatro Jofre, Ferrol: del 13 al 20 de julio, ambos incluidos. Convocatoria de la Conselleria de Educaci\u00f3n de la Xunta<br \/>\nPalau de les Arts, Valencia: fechas por determinar en julio. Convocatoria del CEFIRE Art\u00edstico Expresivo<br \/>\nLos cursos L\u00d3VA tienen un enfoque eminentemente pr\u00e1ctico. Vas a vivir la misma experiencia que vas a proponer a tu clase. A lo largo de sesenta horas (cuarenta en Valencia), formas una compa\u00f1\u00eda y estrenas frente al p\u00fablico tu propia \u00f3pera. La \u00f3pera se convierte en una plataforma para transformar tu papel en el aula e invitar a tus alumnas\/os a superar un gran reto. Mostrar\u00e1n lo que son capaces de hacer cuando se conf\u00eda en sus capacidades.<br \/>\nDirigido a:\u00a0Tutoras\/es de clase. Te recomendamos hacer la formaci\u00f3n junto a otro\/a docente de quien puedas recibir apoyo para desarrollar el proyecto en tu centro.<br \/>\nInscripci\u00f3n curso de Madrid<br \/>\n&#8211; para docentes de la Comunidad de Madrid<br \/>\n&#8211; para docentes de otras CCAA (excepto Galicia y Comunidad Valenciana)<br \/>\nPara docentes de Galicia y la Comunidad Valenciana (pendiente de convocatorias de las respectivas consejer\u00edas de educaci\u00f3n)<br \/>\nDuraci\u00f3n:\u00a060 horas lectivas<br \/>\nFecha y horario: 1-8 julio 2019, de 9 a 18h.<br \/>\nLugar: Teatro Real<br \/>\nPonentes: Mary Ruth McGinn y Peter Hoyle<br \/>\nEl curso se imparte en ingl\u00e9s con traducci\u00f3n consecutiva.<br \/>\nCoordinaci\u00f3n: Pedro Sarmiento<br \/>\nPrograma: consulta el programa provisional del curso 2019<br \/>\nInscripci\u00f3n: solicita tu plaza a trav\u00e9s de este formulario<br \/>\nPlazo de inscripci\u00f3n:<br \/>\n&#8211; para docentes de la Comunidad de Madrid: del 2 de abril a las 8h. al 3 de junio.<br \/>\n&#8211; para docentes de otras CCAA (excepto Galicia y Comunidad Valenciana): del 3 de abril al 31 de mayo<br \/>\nCertificaci\u00f3n del Ministerio de Educaci\u00f3n en tr\u00e1mite para docentes de fuera de la Comunidad de Madrid<br \/>\nCriterios de selecci\u00f3n: L\u00d3VA vive y se difunde en la red de docentes que lo convert\u00eds en el centro de vuestra actividad profesional. Por ello, el verdadero criterio es querer hacer el curso, pero si recibimos m\u00e1s solicitudes que plazas, damos preferencia siguiendo estos criterios:<br \/>\nTe comprometes asistir al 100% de las sesiones<br \/>\nNos confirmas que vas a implementar el proyecto durante el curso 2017-18 en horario lectivo<br \/>\nCuentas con el apoyo por escrito de la direcci\u00f3n de tu centro<br \/>\nHaces el curso junto a otro\/a docente y al menos una de vosotras\/os es tutor\/a de la clase que har\u00e1 el proyecto durante el curso 2019-20<br \/>\nTu centro atiende situaciones de vulnerabilidad\/exclusi\u00f3n social<br \/>\nNo has realizado previamente el curso<br \/>\nRecursos:\u00a0Puedes acceder\u00a0aqu\u00ed\u00a0a los abundantes materiales del curso.<br \/>\nPreinscripci\u00f3n por convocatorias para el curso L\u00d3VA 2019:<br \/>\nTeatro Real, Madrid: del 1 al 8 de julio. Abierta desde las 8h. del martes 2 abril 2019 en este enlace:<br \/>\n&#8211; si eres docente en Madrid, haz clic aqu\u00ed<br \/>\n&#8211; si eres docente fuera de Madrid (excepto Galicia y Comunidad Valenciana), haz clic aqu\u00ed<br \/>\nTeatro Jofre, Ferrol: del 13 al 20 de julio. Pendiente de la convocatoria del CFR de Ferrol. Incluiremos el enlace cuando se publique.<br \/>\nPalau de les Arts, Valencia: fechas por confirmar en julio. Convocatoria del CEFIRE Art\u00edstico Expresivo. Haz clic aqu\u00ed<br \/>\n\u00bfDudas, propuestas, preguntas?<br \/>\nLl\u00e1manos o env\u00edanos email\/SMS\/WhatsApp a:<br \/>\n+34 661 833 335 Pedro Sarmiento<br \/>\nlova@proyectolova.es<br \/>\n\u00a1Nos encanta atenderte!<\/p>\n","protected":false},"excerpt":{"rendered":"<p>L\u00d3VA te ofrece cursos desde 2009 en el Teatro Real de Madrid, desde 2016 en el Palau de les Arts de Valencia y desde 2017 en el Teatro Jofre de Ferrol. Las tres convocatorias se lanzan este verano, una vez m\u00e1s, desde las respectivas consejer\u00edas de educaci\u00f3n (Madrid, Comunidad Valenciana y Galicia). Convocatorias del curso &#8230; <a title=\"Curso L\u00d3VA 2019\" class=\"read-more\" href=\"https:\/\/www.teatroreal.es\/proyectolova\/curso-lova-2019-2\/\">Read more<\/a><\/p>\n","protected":false},"author":151,"featured_media":0,"parent":0,"menu_order":0,"comment_status":"closed","ping_status":"closed","template":"","meta":{"footnotes":""},"hashtags":[],"class_list":["post-6573","page","type-page","status-publish"],"yoast_head":"<!-- This site is optimized with the Yoast SEO plugin v26.8 - https:\/\/yoast.com\/product\/yoast-seo-wordpress\/ -->\n<title>Curso L\u00d3VA 2019 - L\u00d3VA<\/title>\n<meta name=\"robots\" content=\"index, follow, max-snippet:-1, max-image-preview:large, max-video-preview:-1\" \/>\n<link rel=\"canonical\" href=\"https:\/\/www.teatroreal.es\/proyectolova\/curso-lova-2019-2\/\" \/>\n<meta property=\"og:locale\" content=\"es_ES\" \/>\n<meta property=\"og:type\" content=\"article\" \/>\n<meta property=\"og:title\" content=\"Curso L\u00d3VA 2019 - L\u00d3VA\" \/>\n<meta property=\"og:description\" content=\"L\u00d3VA te ofrece cursos desde 2009 en el Teatro Real de Madrid, desde 2016 en el Palau de les Arts de Valencia y desde 2017 en el Teatro Jofre de Ferrol. Las tres convocatorias se lanzan este verano, una vez m\u00e1s, desde las respectivas consejer\u00edas de educaci\u00f3n (Madrid, Comunidad Valenciana y Galicia). Convocatorias del curso ... Read more\" \/>\n<meta property=\"og:url\" content=\"https:\/\/www.teatroreal.es\/proyectolova\/curso-lova-2019-2\/\" \/>\n<meta property=\"og:site_name\" content=\"L\u00d3VA\" \/>\n<meta property=\"article:publisher\" content=\"https:\/\/www.facebook.com\/proyectolova\/\" \/>\n<meta name=\"twitter:card\" content=\"summary_large_image\" \/>\n<meta name=\"twitter:site\" content=\"@proyectolova\" \/>\n<meta name=\"twitter:label1\" content=\"Tiempo de lectura\" \/>\n\t<meta name=\"twitter:data1\" content=\"3 minutos\" \/>\n<script type=\"application\/ld+json\" class=\"yoast-schema-graph\">{\"@context\":\"https:\/\/schema.org\",\"@graph\":[{\"@type\":\"WebPage\",\"@id\":\"https:\/\/www.teatroreal.es\/proyectolova\/curso-lova-2019-2\/\",\"url\":\"https:\/\/www.teatroreal.es\/proyectolova\/curso-lova-2019-2\/\",\"name\":\"Curso L\u00d3VA 2019 - L\u00d3VA\",\"isPartOf\":{\"@id\":\"https:\/\/www.teatroreal.es\/proyectolova\/#website\"},\"datePublished\":\"2019-09-05T07:32:05+00:00\",\"breadcrumb\":{\"@id\":\"https:\/\/www.teatroreal.es\/proyectolova\/curso-lova-2019-2\/#breadcrumb\"},\"inLanguage\":\"es\",\"potentialAction\":[{\"@type\":\"ReadAction\",\"target\":[\"https:\/\/www.teatroreal.es\/proyectolova\/curso-lova-2019-2\/\"]}]},{\"@type\":\"BreadcrumbList\",\"@id\":\"https:\/\/www.teatroreal.es\/proyectolova\/curso-lova-2019-2\/#breadcrumb\",\"itemListElement\":[{\"@type\":\"ListItem\",\"position\":1,\"name\":\"Portada\",\"item\":\"https:\/\/www.teatroreal.es\/proyectolova\/\"},{\"@type\":\"ListItem\",\"position\":2,\"name\":\"Curso L\u00d3VA 2019\"}]},{\"@type\":\"WebSite\",\"@id\":\"https:\/\/www.teatroreal.es\/proyectolova\/#website\",\"url\":\"https:\/\/www.teatroreal.es\/proyectolova\/\",\"name\":\"L\u00d3VA\",\"description\":\"La \u00d3pera, un Veh\u00edculo de Aprendizaje\",\"publisher\":{\"@id\":\"https:\/\/www.teatroreal.es\/proyectolova\/#organization\"},\"potentialAction\":[{\"@type\":\"SearchAction\",\"target\":{\"@type\":\"EntryPoint\",\"urlTemplate\":\"https:\/\/www.teatroreal.es\/proyectolova\/?s={search_term_string}\"},\"query-input\":{\"@type\":\"PropertyValueSpecification\",\"valueRequired\":true,\"valueName\":\"search_term_string\"}}],\"inLanguage\":\"es\"},{\"@type\":\"Organization\",\"@id\":\"https:\/\/www.teatroreal.es\/proyectolova\/#organization\",\"name\":\"L\u00d3VA\",\"url\":\"https:\/\/www.teatroreal.es\/proyectolova\/\",\"logo\":{\"@type\":\"ImageObject\",\"inLanguage\":\"es\",\"@id\":\"https:\/\/www.teatroreal.es\/proyectolova\/#\/schema\/logo\/image\/\",\"url\":\"https:\/\/www.teatroreal.es\/proyectolova\/wp-content\/uploads\/2018\/01\/logo-L\u00d3VA-Marin\u00e9.jpg\",\"contentUrl\":\"https:\/\/www.teatroreal.es\/proyectolova\/wp-content\/uploads\/2018\/01\/logo-L\u00d3VA-Marin\u00e9.jpg\",\"width\":1890,\"height\":2848,\"caption\":\"L\u00d3VA\"},\"image\":{\"@id\":\"https:\/\/www.teatroreal.es\/proyectolova\/#\/schema\/logo\/image\/\"},\"sameAs\":[\"https:\/\/www.facebook.com\/proyectolova\/\",\"https:\/\/x.com\/proyectolova\",\"https:\/\/www.instagram.com\/proyectolova\/\",\"https:\/\/www.linkedin.com\/company\/proyectolova\/\",\"https:\/\/www.youtube.com\/user\/mecenartis\"]}]}<\/script>\n<!-- \/ Yoast SEO plugin. -->","yoast_head_json":{"title":"Curso L\u00d3VA 2019 - L\u00d3VA","robots":{"index":"index","follow":"follow","max-snippet":"max-snippet:-1","max-image-preview":"max-image-preview:large","max-video-preview":"max-video-preview:-1"},"canonical":"https:\/\/www.teatroreal.es\/proyectolova\/curso-lova-2019-2\/","og_locale":"es_ES","og_type":"article","og_title":"Curso L\u00d3VA 2019 - L\u00d3VA","og_description":"L\u00d3VA te ofrece cursos desde 2009 en el Teatro Real de Madrid, desde 2016 en el Palau de les Arts de Valencia y desde 2017 en el Teatro Jofre de Ferrol. Las tres convocatorias se lanzan este verano, una vez m\u00e1s, desde las respectivas consejer\u00edas de educaci\u00f3n (Madrid, Comunidad Valenciana y Galicia). Convocatorias del curso ... Read more","og_url":"https:\/\/www.teatroreal.es\/proyectolova\/curso-lova-2019-2\/","og_site_name":"L\u00d3VA","article_publisher":"https:\/\/www.facebook.com\/proyectolova\/","twitter_card":"summary_large_image","twitter_site":"@proyectolova","twitter_misc":{"Tiempo de lectura":"3 minutos"},"schema":{"@context":"https:\/\/schema.org","@graph":[{"@type":"WebPage","@id":"https:\/\/www.teatroreal.es\/proyectolova\/curso-lova-2019-2\/","url":"https:\/\/www.teatroreal.es\/proyectolova\/curso-lova-2019-2\/","name":"Curso L\u00d3VA 2019 - L\u00d3VA","isPartOf":{"@id":"https:\/\/www.teatroreal.es\/proyectolova\/#website"},"datePublished":"2019-09-05T07:32:05+00:00","breadcrumb":{"@id":"https:\/\/www.teatroreal.es\/proyectolova\/curso-lova-2019-2\/#breadcrumb"},"inLanguage":"es","potentialAction":[{"@type":"ReadAction","target":["https:\/\/www.teatroreal.es\/proyectolova\/curso-lova-2019-2\/"]}]},{"@type":"BreadcrumbList","@id":"https:\/\/www.teatroreal.es\/proyectolova\/curso-lova-2019-2\/#breadcrumb","itemListElement":[{"@type":"ListItem","position":1,"name":"Portada","item":"https:\/\/www.teatroreal.es\/proyectolova\/"},{"@type":"ListItem","position":2,"name":"Curso L\u00d3VA 2019"}]},{"@type":"WebSite","@id":"https:\/\/www.teatroreal.es\/proyectolova\/#website","url":"https:\/\/www.teatroreal.es\/proyectolova\/","name":"L\u00d3VA","description":"La \u00d3pera, un Veh\u00edculo de Aprendizaje","publisher":{"@id":"https:\/\/www.teatroreal.es\/proyectolova\/#organization"},"potentialAction":[{"@type":"SearchAction","target":{"@type":"EntryPoint","urlTemplate":"https:\/\/www.teatroreal.es\/proyectolova\/?s={search_term_string}"},"query-input":{"@type":"PropertyValueSpecification","valueRequired":true,"valueName":"search_term_string"}}],"inLanguage":"es"},{"@type":"Organization","@id":"https:\/\/www.teatroreal.es\/proyectolova\/#organization","name":"L\u00d3VA","url":"https:\/\/www.teatroreal.es\/proyectolova\/","logo":{"@type":"ImageObject","inLanguage":"es","@id":"https:\/\/www.teatroreal.es\/proyectolova\/#\/schema\/logo\/image\/","url":"https:\/\/www.teatroreal.es\/proyectolova\/wp-content\/uploads\/2018\/01\/logo-L\u00d3VA-Marin\u00e9.jpg","contentUrl":"https:\/\/www.teatroreal.es\/proyectolova\/wp-content\/uploads\/2018\/01\/logo-L\u00d3VA-Marin\u00e9.jpg","width":1890,"height":2848,"caption":"L\u00d3VA"},"image":{"@id":"https:\/\/www.teatroreal.es\/proyectolova\/#\/schema\/logo\/image\/"},"sameAs":["https:\/\/www.facebook.com\/proyectolova\/","https:\/\/x.com\/proyectolova","https:\/\/www.instagram.com\/proyectolova\/","https:\/\/www.linkedin.com\/company\/proyectolova\/","https:\/\/www.youtube.com\/user\/mecenartis"]}]}},"_links":{"self":[{"href":"https:\/\/www.teatroreal.es\/proyectolova\/wp-json\/wp\/v2\/pages\/6573","targetHints":{"allow":["GET"]}}],"collection":[{"href":"https:\/\/www.teatroreal.es\/proyectolova\/wp-json\/wp\/v2\/pages"}],"about":[{"href":"https:\/\/www.teatroreal.es\/proyectolova\/wp-json\/wp\/v2\/types\/page"}],"author":[{"embeddable":true,"href":"https:\/\/www.teatroreal.es\/proyectolova\/wp-json\/wp\/v2\/users\/151"}],"replies":[{"embeddable":true,"href":"https:\/\/www.teatroreal.es\/proyectolova\/wp-json\/wp\/v2\/comments?post=6573"}],"version-history":[{"count":0,"href":"https:\/\/www.teatroreal.es\/proyectolova\/wp-json\/wp\/v2\/pages\/6573\/revisions"}],"wp:attachment":[{"href":"https:\/\/www.teatroreal.es\/proyectolova\/wp-json\/wp\/v2\/media?parent=6573"}],"wp:term":[{"taxonomy":"hashtags","embeddable":true,"href":"https:\/\/www.teatroreal.es\/proyectolova\/wp-json\/wp\/v2\/hashtags?post=6573"}],"curies":[{"name":"wp","href":"https:\/\/api.w.org\/{rel}","templated":true}]}}