{"id":7431,"date":"2020-09-17T18:18:32","date_gmt":"2020-09-17T16:18:32","guid":{"rendered":"https:\/\/www.teatroreal.es\/proyectolova\/?page_id=7431"},"modified":"2020-09-18T10:30:35","modified_gmt":"2020-09-18T08:30:35","slug":"lovamas-sesion1","status":"publish","type":"page","link":"https:\/\/www.teatroreal.es\/proyectolova\/lovamas\/lovamas-sesion1\/","title":{"rendered":"Creamos (en) red &#8211; Sesi\u00f3n 1 L\u00d3VA+"},"content":{"rendered":"\t\t<div data-elementor-type=\"wp-page\" data-elementor-id=\"7431\" class=\"elementor elementor-7431\" data-elementor-post-type=\"page\">\n\t\t\t\t\t\t<section class=\"elementor-section elementor-top-section elementor-element elementor-element-5a281ad elementor-section-boxed elementor-section-height-default elementor-section-height-default qodef-elementor-content-no\" data-id=\"5a281ad\" data-element_type=\"section\">\n\t\t\t\t\t\t<div class=\"elementor-container elementor-column-gap-default\">\n\t\t\t\t\t<div class=\"elementor-column elementor-col-100 elementor-top-column elementor-element elementor-element-ec97db1\" data-id=\"ec97db1\" data-element_type=\"column\">\n\t\t\t<div class=\"elementor-widget-wrap elementor-element-populated\">\n\t\t\t\t\t\t<div class=\"elementor-element elementor-element-319f710 elementor-widget elementor-widget-heading\" data-id=\"319f710\" data-element_type=\"widget\" data-widget_type=\"heading.default\">\n\t\t\t\t<div class=\"elementor-widget-container\">\n\t\t\t\t\t<h2 class=\"elementor-heading-title elementor-size-default\">Creamos (en) red - Sesi\u00f3n 1 L\u00d3VA+<\/h2>\t\t\t\t<\/div>\n\t\t\t\t<\/div>\n\t\t\t\t\t<\/div>\n\t\t<\/div>\n\t\t\t\t\t<\/div>\n\t\t<\/section>\n\t\t\t\t<section class=\"elementor-section elementor-top-section elementor-element elementor-element-78e03c40 elementor-section-boxed elementor-section-height-default elementor-section-height-default qodef-elementor-content-no\" data-id=\"78e03c40\" data-element_type=\"section\">\n\t\t\t\t\t\t<div class=\"elementor-container elementor-column-gap-default\">\n\t\t\t\t\t<div class=\"elementor-column elementor-col-100 elementor-top-column elementor-element elementor-element-ef5177\" data-id=\"ef5177\" data-element_type=\"column\">\n\t\t\t<div class=\"elementor-widget-wrap elementor-element-populated\">\n\t\t\t\t\t\t<div class=\"elementor-element elementor-element-7ce8d79a elementor-widget elementor-widget-text-editor\" data-id=\"7ce8d79a\" data-element_type=\"widget\" data-widget_type=\"text-editor.default\">\n\t\t\t\t<div class=\"elementor-widget-container\">\n\t\t\t\t\t\t\t\t\tEl pasado mi\u00e9rcoles 9 de septiembre nos juntamos en el primer encuentro on-line de la familia lovera de este curso.\r\n\r\nEsta primera sesi\u00f3n de trabajo en directo tuvo dos partes. En la primera, tuvimos la oportunidad de disfrutar de una motivante e inspiradora sesi\u00f3n facilitada por Mary Ruth McGinn. En la segunda,\u00a0Ll\u00facia Garrido y Benja\u00a0Garz\u00f3n, formadores y docentes de L\u00d3VA y mediadores pedag\u00f3gicos de la experiencia L\u00d3VA+ presentaron el proyecto y desgranaron los resultados de la encuesta inicial que se realiz\u00f3 a loveros y loveras.\r\n\r\n\u00bfQuieres ver m\u00e1s despacio los materiales producidos de manera colaborativa durante la sesi\u00f3n? \u00a1Aqu\u00ed los tienes!\r\n<h3>V\u00eddeo resumen de la primera parte de la sesi\u00f3n<\/h3>\r\n&nbsp;\r\n<iframe width=\"560\" height=\"315\" src=\"https:\/\/www.youtube.com\/embed\/t-ygg4MQgig\" frameborder=\"0\" allow=\"accelerometer; autoplay; clipboard-write; encrypted-media; gyroscope; picture-in-picture\" allowfullscreen><\/iframe>\r\n&nbsp;\r\n<h3>\u00bfQu\u00e9 esperamos de esta primera sesi\u00f3n de L\u00d3VA+? Creamos una nube de tags para recoger nuestras expectativas.<\/h3>\r\n<a href=\"https:\/\/www.teatroreal.es\/proyectolova\/wp-content\/uploads\/2020\/09\/nubeS1_LOVA.png\"><img fetchpriority=\"high\" decoding=\"async\" class=\"alignnone size-large wp-image-7433\" src=\"https:\/\/www.teatroreal.es\/proyectolova\/wp-content\/uploads\/2020\/09\/nubeS1_LOVA-1024x560.png\" alt=\"Nube de tags\" width=\"1024\" height=\"560\" srcset=\"https:\/\/www.teatroreal.es\/proyectolova\/wp-content\/uploads\/2020\/09\/nubeS1_LOVA-1024x560.png 1024w, https:\/\/www.teatroreal.es\/proyectolova\/wp-content\/uploads\/2020\/09\/nubeS1_LOVA-300x164.png 300w, https:\/\/www.teatroreal.es\/proyectolova\/wp-content\/uploads\/2020\/09\/nubeS1_LOVA-768x420.png 768w, https:\/\/www.teatroreal.es\/proyectolova\/wp-content\/uploads\/2020\/09\/nubeS1_LOVA-1536x839.png 1536w, https:\/\/www.teatroreal.es\/proyectolova\/wp-content\/uploads\/2020\/09\/nubeS1_LOVA.png 1680w\" sizes=\"(max-width: 1024px) 100vw, 1024px\" \/><\/a>\r\n<h3><\/h3>\r\n<h3><\/h3>\r\n<h3>\u00bfC\u00f3mo va a servir la red a nuestro aprendizaje colectivo? Compartimos nuestras met\u00e1foras en este tablero colaborativo<\/h3>\r\n&nbsp;\r\n<div class=\"padlet-embed\" style=\"border: 1px solid rgba(0,0,0,0.1); border-radius: 2px; box-sizing: border-box; overflow: hidden; position: relative; width: 100%; background: #F4F4F4;\">\r\n<p style=\"padding: 0; margin: 0;\"><iframe style=\"width: 100%; height: 608px; display: block; padding: 0; margin: 0;\" src=\"https:\/\/padlet.com\/embed\/huim5gmtp1715yqs\" frameborder=\"0\"><\/iframe><\/p>\r\n\r\n<div style=\"padding: 8px; text-align: right; margin: 0;\"><a style=\"padding: 0; margin: 0; border: none; display: block; line-height: 1; height: 16px;\" href=\"https:\/\/padlet.com?ref=embed\" target=\"_blank\" rel=\"noopener noreferrer\"><img decoding=\"async\" style=\"padding: 0; margin: 0; background: none; border: none; display: inline; box-shadow: none;\" src=\"https:\/\/padlet.net\/embeds\/made_with_padlet.png\" alt=\"Hecho con Padlet\" width=\"86\" height=\"16\" \/><\/a><\/div>\r\n<\/div>\r\n<h3><\/h3>\r\n<h3><\/h3>\r\n<h3>\u00bfQu\u00e9 podemos hacer para penetrar la red y sentirnos unidos? Estas son las conclusiones que alcanzaron los distintos grupos de reflexi\u00f3n y debate<\/h3>\r\n&nbsp;\r\n<div class=\"padlet-embed\" style=\"border: 1px solid rgba(0,0,0,0.1); border-radius: 2px; box-sizing: border-box; overflow: hidden; position: relative; width: 100%; background: #F4F4F4;\">\r\n<p style=\"padding: 0; margin: 0;\"><iframe style=\"width: 100%; height: 608px; display: block; padding: 0; margin: 0;\" src=\"https:\/\/padlet.com\/embed\/22ftv0d3nd1fa5m\" frameborder=\"0\"><\/iframe><\/p>\r\n\r\n<div style=\"padding: 8px; text-align: right; margin: 0;\"><a style=\"padding: 0; margin: 0; border: none; display: block; line-height: 1; height: 16px;\" href=\"https:\/\/padlet.com?ref=embed\" target=\"_blank\" rel=\"noopener noreferrer\"><img decoding=\"async\" style=\"padding: 0; margin: 0; background: none; border: none; display: inline; box-shadow: none;\" src=\"https:\/\/padlet.net\/embeds\/made_with_padlet.png\" alt=\"Hecho con Padlet\" width=\"86\" height=\"16\" \/><\/a><\/div>\r\n<\/div>\r\n<h3><\/h3>\r\n<h3><\/h3>\r\n<h3>Presentaci\u00f3n de la segunda parte de la sesi\u00f3n<\/h3>\r\n&nbsp;\r\n\r\n<iframe src=\"https:\/\/docs.google.com\/presentation\/d\/e\/2PACX-1vQN0F5esL9gcZli0IQ1rI-NZWeZpp3JSDzDTdcl-CJ-iBiwLcVrsBbozzWf47su0eV_-i-MbRKws2Ex\/embed?start=false&amp;loop=false&amp;delayms=3000\" width=\"960\" height=\"749\" frameborder=\"0\" allowfullscreen=\"allowfullscreen\"><\/iframe>\t\t\t\t\t\t\t\t<\/div>\n\t\t\t\t<\/div>\n\t\t\t\t\t<\/div>\n\t\t<\/div>\n\t\t\t\t\t<\/div>\n\t\t<\/section>\n\t\t\t\t<\/div>\n\t\t","protected":false},"excerpt":{"rendered":"<p>Creamos (en) red &#8211; Sesi\u00f3n 1 L\u00d3VA+ El pasado mi\u00e9rcoles 9 de septiembre nos juntamos en el primer encuentro on-line de la familia lovera de este curso. Esta primera sesi\u00f3n de trabajo en directo tuvo dos partes. En la primera, tuvimos la oportunidad de disfrutar de una motivante e inspiradora sesi\u00f3n facilitada por Mary Ruth &#8230; <a title=\"Creamos (en) red &#8211; Sesi\u00f3n 1 L\u00d3VA+\" class=\"read-more\" href=\"https:\/\/www.teatroreal.es\/proyectolova\/lovamas\/lovamas-sesion1\/\">Read more<\/a><\/p>\n","protected":false},"author":151,"featured_media":0,"parent":7369,"menu_order":0,"comment_status":"closed","ping_status":"closed","template":"","meta":{"footnotes":""},"hashtags":[],"class_list":["post-7431","page","type-page","status-publish"],"yoast_head":"<!-- This site is optimized with the Yoast SEO plugin v26.8 - https:\/\/yoast.com\/product\/yoast-seo-wordpress\/ -->\n<title>Creamos (en) red - Sesi\u00f3n 1 L\u00d3VA+ - L\u00d3VA<\/title>\n<meta name=\"robots\" content=\"index, follow, max-snippet:-1, max-image-preview:large, max-video-preview:-1\" \/>\n<link rel=\"canonical\" href=\"https:\/\/www.teatroreal.es\/proyectolova\/lovamas\/lovamas-sesion1\/\" \/>\n<meta property=\"og:locale\" content=\"es_ES\" \/>\n<meta property=\"og:type\" content=\"article\" \/>\n<meta property=\"og:title\" content=\"Creamos (en) red - Sesi\u00f3n 1 L\u00d3VA+ - L\u00d3VA\" \/>\n<meta property=\"og:description\" content=\"Creamos (en) red &#8211; Sesi\u00f3n 1 L\u00d3VA+ El pasado mi\u00e9rcoles 9 de septiembre nos juntamos en el primer encuentro on-line de la familia lovera de este curso. Esta primera sesi\u00f3n de trabajo en directo tuvo dos partes. En la primera, tuvimos la oportunidad de disfrutar de una motivante e inspiradora sesi\u00f3n facilitada por Mary Ruth ... Read more\" \/>\n<meta property=\"og:url\" content=\"https:\/\/www.teatroreal.es\/proyectolova\/lovamas\/lovamas-sesion1\/\" \/>\n<meta property=\"og:site_name\" content=\"L\u00d3VA\" \/>\n<meta property=\"article:publisher\" content=\"https:\/\/www.facebook.com\/proyectolova\/\" \/>\n<meta property=\"article:modified_time\" content=\"2020-09-18T08:30:35+00:00\" \/>\n<meta property=\"og:image\" content=\"https:\/\/www.teatroreal.es\/proyectolova\/wp-content\/uploads\/2020\/09\/nubeS1_LOVA-1024x560.png\" \/>\n<meta name=\"twitter:card\" content=\"summary_large_image\" \/>\n<meta name=\"twitter:site\" content=\"@proyectolova\" \/>\n<meta name=\"twitter:label1\" content=\"Tiempo de lectura\" \/>\n\t<meta name=\"twitter:data1\" content=\"1 minuto\" \/>\n<script type=\"application\/ld+json\" class=\"yoast-schema-graph\">{\"@context\":\"https:\/\/schema.org\",\"@graph\":[{\"@type\":\"WebPage\",\"@id\":\"https:\/\/www.teatroreal.es\/proyectolova\/lovamas\/lovamas-sesion1\/\",\"url\":\"https:\/\/www.teatroreal.es\/proyectolova\/lovamas\/lovamas-sesion1\/\",\"name\":\"Creamos (en) red - Sesi\u00f3n 1 L\u00d3VA+ - L\u00d3VA\",\"isPartOf\":{\"@id\":\"https:\/\/www.teatroreal.es\/proyectolova\/#website\"},\"primaryImageOfPage\":{\"@id\":\"https:\/\/www.teatroreal.es\/proyectolova\/lovamas\/lovamas-sesion1\/#primaryimage\"},\"image\":{\"@id\":\"https:\/\/www.teatroreal.es\/proyectolova\/lovamas\/lovamas-sesion1\/#primaryimage\"},\"thumbnailUrl\":\"https:\/\/www.teatroreal.es\/proyectolova\/wp-content\/uploads\/2020\/09\/nubeS1_LOVA-1024x560.png\",\"datePublished\":\"2020-09-17T16:18:32+00:00\",\"dateModified\":\"2020-09-18T08:30:35+00:00\",\"breadcrumb\":{\"@id\":\"https:\/\/www.teatroreal.es\/proyectolova\/lovamas\/lovamas-sesion1\/#breadcrumb\"},\"inLanguage\":\"es\",\"potentialAction\":[{\"@type\":\"ReadAction\",\"target\":[\"https:\/\/www.teatroreal.es\/proyectolova\/lovamas\/lovamas-sesion1\/\"]}]},{\"@type\":\"ImageObject\",\"inLanguage\":\"es\",\"@id\":\"https:\/\/www.teatroreal.es\/proyectolova\/lovamas\/lovamas-sesion1\/#primaryimage\",\"url\":\"https:\/\/www.teatroreal.es\/proyectolova\/wp-content\/uploads\/2020\/09\/nubeS1_LOVA-1024x560.png\",\"contentUrl\":\"https:\/\/www.teatroreal.es\/proyectolova\/wp-content\/uploads\/2020\/09\/nubeS1_LOVA-1024x560.png\"},{\"@type\":\"BreadcrumbList\",\"@id\":\"https:\/\/www.teatroreal.es\/proyectolova\/lovamas\/lovamas-sesion1\/#breadcrumb\",\"itemListElement\":[{\"@type\":\"ListItem\",\"position\":1,\"name\":\"Portada\",\"item\":\"https:\/\/www.teatroreal.es\/proyectolova\/\"},{\"@type\":\"ListItem\",\"position\":2,\"name\":\"ON-LINE\",\"item\":\"https:\/\/www.teatroreal.es\/proyectolova\/lovamas\/\"},{\"@type\":\"ListItem\",\"position\":3,\"name\":\"Creamos (en) red &#8211; Sesi\u00f3n 1 L\u00d3VA+\"}]},{\"@type\":\"WebSite\",\"@id\":\"https:\/\/www.teatroreal.es\/proyectolova\/#website\",\"url\":\"https:\/\/www.teatroreal.es\/proyectolova\/\",\"name\":\"L\u00d3VA\",\"description\":\"La \u00d3pera, un Veh\u00edculo de Aprendizaje\",\"publisher\":{\"@id\":\"https:\/\/www.teatroreal.es\/proyectolova\/#organization\"},\"potentialAction\":[{\"@type\":\"SearchAction\",\"target\":{\"@type\":\"EntryPoint\",\"urlTemplate\":\"https:\/\/www.teatroreal.es\/proyectolova\/?s={search_term_string}\"},\"query-input\":{\"@type\":\"PropertyValueSpecification\",\"valueRequired\":true,\"valueName\":\"search_term_string\"}}],\"inLanguage\":\"es\"},{\"@type\":\"Organization\",\"@id\":\"https:\/\/www.teatroreal.es\/proyectolova\/#organization\",\"name\":\"L\u00d3VA\",\"url\":\"https:\/\/www.teatroreal.es\/proyectolova\/\",\"logo\":{\"@type\":\"ImageObject\",\"inLanguage\":\"es\",\"@id\":\"https:\/\/www.teatroreal.es\/proyectolova\/#\/schema\/logo\/image\/\",\"url\":\"https:\/\/www.teatroreal.es\/proyectolova\/wp-content\/uploads\/2018\/01\/logo-L\u00d3VA-Marin\u00e9.jpg\",\"contentUrl\":\"https:\/\/www.teatroreal.es\/proyectolova\/wp-content\/uploads\/2018\/01\/logo-L\u00d3VA-Marin\u00e9.jpg\",\"width\":1890,\"height\":2848,\"caption\":\"L\u00d3VA\"},\"image\":{\"@id\":\"https:\/\/www.teatroreal.es\/proyectolova\/#\/schema\/logo\/image\/\"},\"sameAs\":[\"https:\/\/www.facebook.com\/proyectolova\/\",\"https:\/\/x.com\/proyectolova\",\"https:\/\/www.instagram.com\/proyectolova\/\",\"https:\/\/www.linkedin.com\/company\/proyectolova\/\",\"https:\/\/www.youtube.com\/user\/mecenartis\"]}]}<\/script>\n<!-- \/ Yoast SEO plugin. -->","yoast_head_json":{"title":"Creamos (en) red - Sesi\u00f3n 1 L\u00d3VA+ - L\u00d3VA","robots":{"index":"index","follow":"follow","max-snippet":"max-snippet:-1","max-image-preview":"max-image-preview:large","max-video-preview":"max-video-preview:-1"},"canonical":"https:\/\/www.teatroreal.es\/proyectolova\/lovamas\/lovamas-sesion1\/","og_locale":"es_ES","og_type":"article","og_title":"Creamos (en) red - Sesi\u00f3n 1 L\u00d3VA+ - L\u00d3VA","og_description":"Creamos (en) red &#8211; Sesi\u00f3n 1 L\u00d3VA+ El pasado mi\u00e9rcoles 9 de septiembre nos juntamos en el primer encuentro on-line de la familia lovera de este curso. Esta primera sesi\u00f3n de trabajo en directo tuvo dos partes. En la primera, tuvimos la oportunidad de disfrutar de una motivante e inspiradora sesi\u00f3n facilitada por Mary Ruth ... Read more","og_url":"https:\/\/www.teatroreal.es\/proyectolova\/lovamas\/lovamas-sesion1\/","og_site_name":"L\u00d3VA","article_publisher":"https:\/\/www.facebook.com\/proyectolova\/","article_modified_time":"2020-09-18T08:30:35+00:00","og_image":[{"url":"https:\/\/www.teatroreal.es\/proyectolova\/wp-content\/uploads\/2020\/09\/nubeS1_LOVA-1024x560.png","type":"","width":"","height":""}],"twitter_card":"summary_large_image","twitter_site":"@proyectolova","twitter_misc":{"Tiempo de lectura":"1 minuto"},"schema":{"@context":"https:\/\/schema.org","@graph":[{"@type":"WebPage","@id":"https:\/\/www.teatroreal.es\/proyectolova\/lovamas\/lovamas-sesion1\/","url":"https:\/\/www.teatroreal.es\/proyectolova\/lovamas\/lovamas-sesion1\/","name":"Creamos (en) red - Sesi\u00f3n 1 L\u00d3VA+ - L\u00d3VA","isPartOf":{"@id":"https:\/\/www.teatroreal.es\/proyectolova\/#website"},"primaryImageOfPage":{"@id":"https:\/\/www.teatroreal.es\/proyectolova\/lovamas\/lovamas-sesion1\/#primaryimage"},"image":{"@id":"https:\/\/www.teatroreal.es\/proyectolova\/lovamas\/lovamas-sesion1\/#primaryimage"},"thumbnailUrl":"https:\/\/www.teatroreal.es\/proyectolova\/wp-content\/uploads\/2020\/09\/nubeS1_LOVA-1024x560.png","datePublished":"2020-09-17T16:18:32+00:00","dateModified":"2020-09-18T08:30:35+00:00","breadcrumb":{"@id":"https:\/\/www.teatroreal.es\/proyectolova\/lovamas\/lovamas-sesion1\/#breadcrumb"},"inLanguage":"es","potentialAction":[{"@type":"ReadAction","target":["https:\/\/www.teatroreal.es\/proyectolova\/lovamas\/lovamas-sesion1\/"]}]},{"@type":"ImageObject","inLanguage":"es","@id":"https:\/\/www.teatroreal.es\/proyectolova\/lovamas\/lovamas-sesion1\/#primaryimage","url":"https:\/\/www.teatroreal.es\/proyectolova\/wp-content\/uploads\/2020\/09\/nubeS1_LOVA-1024x560.png","contentUrl":"https:\/\/www.teatroreal.es\/proyectolova\/wp-content\/uploads\/2020\/09\/nubeS1_LOVA-1024x560.png"},{"@type":"BreadcrumbList","@id":"https:\/\/www.teatroreal.es\/proyectolova\/lovamas\/lovamas-sesion1\/#breadcrumb","itemListElement":[{"@type":"ListItem","position":1,"name":"Portada","item":"https:\/\/www.teatroreal.es\/proyectolova\/"},{"@type":"ListItem","position":2,"name":"ON-LINE","item":"https:\/\/www.teatroreal.es\/proyectolova\/lovamas\/"},{"@type":"ListItem","position":3,"name":"Creamos (en) red &#8211; Sesi\u00f3n 1 L\u00d3VA+"}]},{"@type":"WebSite","@id":"https:\/\/www.teatroreal.es\/proyectolova\/#website","url":"https:\/\/www.teatroreal.es\/proyectolova\/","name":"L\u00d3VA","description":"La \u00d3pera, un Veh\u00edculo de Aprendizaje","publisher":{"@id":"https:\/\/www.teatroreal.es\/proyectolova\/#organization"},"potentialAction":[{"@type":"SearchAction","target":{"@type":"EntryPoint","urlTemplate":"https:\/\/www.teatroreal.es\/proyectolova\/?s={search_term_string}"},"query-input":{"@type":"PropertyValueSpecification","valueRequired":true,"valueName":"search_term_string"}}],"inLanguage":"es"},{"@type":"Organization","@id":"https:\/\/www.teatroreal.es\/proyectolova\/#organization","name":"L\u00d3VA","url":"https:\/\/www.teatroreal.es\/proyectolova\/","logo":{"@type":"ImageObject","inLanguage":"es","@id":"https:\/\/www.teatroreal.es\/proyectolova\/#\/schema\/logo\/image\/","url":"https:\/\/www.teatroreal.es\/proyectolova\/wp-content\/uploads\/2018\/01\/logo-L\u00d3VA-Marin\u00e9.jpg","contentUrl":"https:\/\/www.teatroreal.es\/proyectolova\/wp-content\/uploads\/2018\/01\/logo-L\u00d3VA-Marin\u00e9.jpg","width":1890,"height":2848,"caption":"L\u00d3VA"},"image":{"@id":"https:\/\/www.teatroreal.es\/proyectolova\/#\/schema\/logo\/image\/"},"sameAs":["https:\/\/www.facebook.com\/proyectolova\/","https:\/\/x.com\/proyectolova","https:\/\/www.instagram.com\/proyectolova\/","https:\/\/www.linkedin.com\/company\/proyectolova\/","https:\/\/www.youtube.com\/user\/mecenartis"]}]}},"_links":{"self":[{"href":"https:\/\/www.teatroreal.es\/proyectolova\/wp-json\/wp\/v2\/pages\/7431","targetHints":{"allow":["GET"]}}],"collection":[{"href":"https:\/\/www.teatroreal.es\/proyectolova\/wp-json\/wp\/v2\/pages"}],"about":[{"href":"https:\/\/www.teatroreal.es\/proyectolova\/wp-json\/wp\/v2\/types\/page"}],"author":[{"embeddable":true,"href":"https:\/\/www.teatroreal.es\/proyectolova\/wp-json\/wp\/v2\/users\/151"}],"replies":[{"embeddable":true,"href":"https:\/\/www.teatroreal.es\/proyectolova\/wp-json\/wp\/v2\/comments?post=7431"}],"version-history":[{"count":8,"href":"https:\/\/www.teatroreal.es\/proyectolova\/wp-json\/wp\/v2\/pages\/7431\/revisions"}],"predecessor-version":[{"id":7445,"href":"https:\/\/www.teatroreal.es\/proyectolova\/wp-json\/wp\/v2\/pages\/7431\/revisions\/7445"}],"up":[{"embeddable":true,"href":"https:\/\/www.teatroreal.es\/proyectolova\/wp-json\/wp\/v2\/pages\/7369"}],"wp:attachment":[{"href":"https:\/\/www.teatroreal.es\/proyectolova\/wp-json\/wp\/v2\/media?parent=7431"}],"wp:term":[{"taxonomy":"hashtags","embeddable":true,"href":"https:\/\/www.teatroreal.es\/proyectolova\/wp-json\/wp\/v2\/hashtags?post=7431"}],"curies":[{"name":"wp","href":"https:\/\/api.w.org\/{rel}","templated":true}]}}