{"id":7479,"date":"2020-10-20T09:48:15","date_gmt":"2020-10-20T07:48:15","guid":{"rendered":"https:\/\/www.teatroreal.es\/proyectolova\/?page_id=7479"},"modified":"2020-10-27T10:28:03","modified_gmt":"2020-10-27T08:28:03","slug":"la-arquitectura-que-baila","status":"publish","type":"page","link":"https:\/\/www.teatroreal.es\/proyectolova\/actividades-curso-lova\/aprendanza-2\/aprendanza-20\/la-arquitectura-que-baila\/","title":{"rendered":"La arquitectura que baila"},"content":{"rendered":"\t\t<div data-elementor-type=\"wp-page\" data-elementor-id=\"7479\" class=\"elementor elementor-7479\" data-elementor-post-type=\"page\">\n\t\t\t\t\t\t<section class=\"elementor-section elementor-top-section elementor-element elementor-element-2838f0e elementor-section-boxed elementor-section-height-default elementor-section-height-default qodef-elementor-content-no\" data-id=\"2838f0e\" data-element_type=\"section\">\n\t\t\t\t\t\t<div class=\"elementor-container elementor-column-gap-default\">\n\t\t\t\t\t<div class=\"elementor-column elementor-col-100 elementor-top-column elementor-element elementor-element-4076c70\" data-id=\"4076c70\" data-element_type=\"column\">\n\t\t\t<div class=\"elementor-widget-wrap elementor-element-populated\">\n\t\t\t\t\t\t<div class=\"elementor-element elementor-element-385464a elementor-widget elementor-widget-heading\" data-id=\"385464a\" data-element_type=\"widget\" data-widget_type=\"heading.default\">\n\t\t\t\t<div class=\"elementor-widget-container\">\n\t\t\t\t\t<h2 class=\"elementor-heading-title elementor-size-default\">Taller con Arquilecturas<\/h2>\t\t\t\t<\/div>\n\t\t\t\t<\/div>\n\t\t\t\t\t<\/div>\n\t\t<\/div>\n\t\t\t\t\t<\/div>\n\t\t<\/section>\n\t\t\t\t<section class=\"elementor-section elementor-top-section elementor-element elementor-element-749c88e elementor-section-boxed elementor-section-height-default elementor-section-height-default qodef-elementor-content-no\" data-id=\"749c88e\" data-element_type=\"section\">\n\t\t\t\t\t\t<div class=\"elementor-container elementor-column-gap-default\">\n\t\t\t\t\t<div class=\"elementor-column elementor-col-100 elementor-top-column elementor-element elementor-element-fd88fa4\" data-id=\"fd88fa4\" data-element_type=\"column\">\n\t\t\t<div class=\"elementor-widget-wrap elementor-element-populated\">\n\t\t\t\t\t\t<div class=\"elementor-element elementor-element-4a8b098 elementor-widget elementor-widget-image\" data-id=\"4a8b098\" data-element_type=\"widget\" data-widget_type=\"image.default\">\n\t\t\t\t<div class=\"elementor-widget-container\">\n\t\t\t\t\t\t\t\t\t\t\t\t\t\t\t<img fetchpriority=\"high\" decoding=\"async\" width=\"540\" height=\"720\" src=\"https:\/\/www.teatroreal.es\/proyectolova\/wp-content\/uploads\/2020\/10\/ARQUILECTURAS.jpg\" class=\"attachment-medium_large size-medium_large wp-image-7504\" alt=\"\" srcset=\"https:\/\/www.teatroreal.es\/proyectolova\/wp-content\/uploads\/2020\/10\/ARQUILECTURAS.jpg 540w, https:\/\/www.teatroreal.es\/proyectolova\/wp-content\/uploads\/2020\/10\/ARQUILECTURAS-225x300.jpg 225w\" sizes=\"(max-width: 540px) 100vw, 540px\" \/>\t\t\t\t\t\t\t\t\t\t\t\t\t\t\t<\/div>\n\t\t\t\t<\/div>\n\t\t\t\t\t<\/div>\n\t\t<\/div>\n\t\t\t\t\t<\/div>\n\t\t<\/section>\n\t\t\t\t<section class=\"elementor-section elementor-top-section elementor-element elementor-element-ccfa310 elementor-section-boxed elementor-section-height-default elementor-section-height-default qodef-elementor-content-no\" data-id=\"ccfa310\" data-element_type=\"section\">\n\t\t\t\t\t\t<div class=\"elementor-container elementor-column-gap-default\">\n\t\t\t\t\t<div class=\"elementor-column elementor-col-100 elementor-top-column elementor-element elementor-element-d7863cb\" data-id=\"d7863cb\" data-element_type=\"column\">\n\t\t\t<div class=\"elementor-widget-wrap elementor-element-populated\">\n\t\t\t\t\t\t<div class=\"elementor-element elementor-element-02ef123 elementor-icon-list--layout-traditional elementor-list-item-link-full_width elementor-widget elementor-widget-icon-list\" data-id=\"02ef123\" data-element_type=\"widget\" data-widget_type=\"icon-list.default\">\n\t\t\t\t<div class=\"elementor-widget-container\">\n\t\t\t\t\t\t\t<ul class=\"elementor-icon-list-items\">\n\t\t\t\t\t\t\t<li class=\"elementor-icon-list-item\">\n\t\t\t\t\t\t\t\t\t\t\t<span class=\"elementor-icon-list-icon\">\n\t\t\t\t\t\t\t<i aria-hidden=\"true\" class=\"far fa-calendar\"><\/i>\t\t\t\t\t\t<\/span>\n\t\t\t\t\t\t\t\t\t\t<span class=\"elementor-icon-list-text\">7, 14 y 21 de noviembre. 4h30 divididas en tres sesiones de 1h30. <span style=\"white-space: normal\">Presentaci\u00f3n p\u00fablica del taller: s\u00e1bado 28 de noviembre, de 18h a 19h30.<\/span><\/span>\n\t\t\t\t\t\t\t\t\t<\/li>\n\t\t\t\t\t\t\t\t<li class=\"elementor-icon-list-item\">\n\t\t\t\t\t\t\t\t\t\t\t<span class=\"elementor-icon-list-icon\">\n\t\t\t\t\t\t\t<i aria-hidden=\"true\" class=\"far fa-clock\"><\/i>\t\t\t\t\t\t<\/span>\n\t\t\t\t\t\t\t\t\t\t<span class=\"elementor-icon-list-text\">11h a 12h30<\/span>\n\t\t\t\t\t\t\t\t\t<\/li>\n\t\t\t\t\t\t\t\t<li class=\"elementor-icon-list-item\">\n\t\t\t\t\t\t\t\t\t\t\t<span class=\"elementor-icon-list-icon\">\n\t\t\t\t\t\t\t<i aria-hidden=\"true\" class=\"fas fa-video\"><\/i>\t\t\t\t\t\t<\/span>\n\t\t\t\t\t\t\t\t\t\t<span class=\"elementor-icon-list-text\">on-line. Video-conferencia. Con inscripci\u00f3n previa. Plazas limitadas. 7\u20ac<\/span>\n\t\t\t\t\t\t\t\t\t<\/li>\n\t\t\t\t\t\t<\/ul>\n\t\t\t\t\t\t<\/div>\n\t\t\t\t<\/div>\n\t\t\t\t<div class=\"elementor-element elementor-element-39c2fbe elementor-widget-divider--view-line elementor-widget elementor-widget-divider\" data-id=\"39c2fbe\" data-element_type=\"widget\" data-widget_type=\"divider.default\">\n\t\t\t\t<div class=\"elementor-widget-container\">\n\t\t\t\t\t\t\t<div class=\"elementor-divider\">\n\t\t\t<span class=\"elementor-divider-separator\">\n\t\t\t\t\t\t<\/span>\n\t\t<\/div>\n\t\t\t\t\t\t<\/div>\n\t\t\t\t<\/div>\n\t\t\t\t\t<\/div>\n\t\t<\/div>\n\t\t\t\t\t<\/div>\n\t\t<\/section>\n\t\t\t\t<section class=\"elementor-section elementor-top-section elementor-element elementor-element-451d66e elementor-section-boxed elementor-section-height-default elementor-section-height-default qodef-elementor-content-no\" data-id=\"451d66e\" data-element_type=\"section\">\n\t\t\t\t\t\t<div class=\"elementor-container elementor-column-gap-default\">\n\t\t\t\t\t<div class=\"elementor-column elementor-col-100 elementor-top-column elementor-element elementor-element-2fb6be5\" data-id=\"2fb6be5\" data-element_type=\"column\">\n\t\t\t<div class=\"elementor-widget-wrap elementor-element-populated\">\n\t\t\t\t\t\t<div class=\"elementor-element elementor-element-f9b40db elementor-widget elementor-widget-text-editor\" data-id=\"f9b40db\" data-element_type=\"widget\" data-widget_type=\"text-editor.default\">\n\t\t\t\t<div class=\"elementor-widget-container\">\n\t\t\t\t\t\t\t\t\t<p>La arquitectura est\u00e1 presente desde que nacemos y la forma de habitar nos construye. Durante estas sesiones de <em>La arquitectura que baila<\/em>, trataremos de reflexionar sobre las herramientas de exploraci\u00f3n del espacio que esta disciplina nos ofrece.<\/p><p><strong>Sesi\u00f3n 1 -7 de noviembre.\u00a0<span style=\"color: var( --e-global-color-text ); font-family: var( --e-global-typography-text-font-family );\">EL CUERPO COMO INSTRUMENTO DEL PENSAMIENTO.\u00a0<\/span><\/strong><\/p><p><span style=\"color: var( --e-global-color-text ); font-family: var( --e-global-typography-text-font-family ); font-weight: var( --e-global-typography-text-font-weight );\">El cuerpo arquitect\u00f3nico m\u00e1s complejo es sin duda el cuerpo humano, que es el que el bailar\u00edn o la bailarina utilizan como herramienta de apropiaci\u00f3n del espacio. Tanto en la danza como en la arquitectura se crea espacio, se ordena y se jerarquiza en una composici\u00f3n. Y ambas disciplinas comparten una visi\u00f3n espacial y un proceso creativo muy similar, adem\u00e1s de trabajar el espacio como materia prima. El cuerpo como instrumento para aprehender el espacio arquitect\u00f3nico, para recorrerlo. Reflexionamos sobre la forma de habitar la escuela desde la propiocepci\u00f3n.<\/span><\/p><p><strong>Sesi\u00f3n 2- 14 de noviembre. HABITAR EL ESPACIO<\/strong><\/p><p>Hablamos de educar en habitar. La arquitectura puede visitarse, aprenderse, pero sobre todo debe recorrerse. La percepci\u00f3n de nuestro cuerpo y de sus acciones va asociada a la experiencia del entorno, y se afectan mutuamente. Analizamos algunas experiencias de encuentro entre espacio y danza, y sobre la forma de incorporarlas en la escuela.<\/p><p class=\"p1\"><strong>Sesi\u00f3n 3 &#8211; 21 de noviembre. COREOGRAF\u00cdA DE LA MIRADA.<\/strong><\/p><p class=\"p1\">De la mano de B\u00e1rbara D\u00edaz R\u00edos, core\u00f3grafa y docente de danza, codirectora y coordinadora de proyectos de innovaci\u00f3n e investigaci\u00f3n performativa, y junto a Eneko Lorente Bilbao, docente e investigador en danza y artes visuales, analizamos las relaciones entre el espacio, el cine y la danza a partir de la experiencia e investigaci\u00f3n de sus conferencias danzadas.<\/p><p class=\"p1\">El s\u00e1bado 28 de noviembre a las 18h se realizar\u00e1 una sesi\u00f3n abierta al p\u00fablico general en la que se compartir\u00e1n materiales y reflexiones generados en el proceso del taller.<\/p><hr \/><p><strong>Silvana Andr\u00e9s.<\/strong> Licenciada en Bellas Artes por la Universidad Polit\u00e9cnica de Valencia (UPV) en 2000. Profesora asociada al departamento de Escultura de la Facultad de Bellas Artes UPV. Cuenta con una experiencia de quince a\u00f1os como profesora de Pl\u00e1stica y Tecnolog\u00eda en la Ense\u00f1anza Secundaria Obligatoria. A trav\u00e9s de sus clases tiene la oportunidad de trabajar por metodolog\u00eda proyectual y observa que la arquitectura y el arte son herramientas id\u00f3neas para trabajar las competencias que establece el curr\u00edculum en educaci\u00f3n infantil, primaria y secundaria.<\/p><p><strong>Sonia Rayos.<\/strong> Arquitecta especialidad en Edificaci\u00f3n por la Universidad Polit\u00e9cnica de Valencia (UPV) y graduada como Ingeniera de la Edificaci\u00f3n por la UPV en 1995. Estudi\u00f3 la carrera superior de Danza Cl\u00e1sica y Contempor\u00e1nea. Una de sus motivaciones personales es la de trasladar y aplicar el bagaje adquirido en las diferentes \u00e1reas creativas y de expresi\u00f3n que ha practicado al mundo de la infancia, desde la creencia de que reconocer y entender los espacios contribuye a ser m\u00e1s exigentes, y por tanto m\u00e1s cr\u00edticos con el entorno<\/p>\t\t\t\t\t\t\t\t<\/div>\n\t\t\t\t<\/div>\n\t\t\t\t\t<\/div>\n\t\t<\/div>\n\t\t\t\t\t<\/div>\n\t\t<\/section>\n\t\t\t\t<section class=\"elementor-section elementor-top-section elementor-element elementor-element-2358556 elementor-section-boxed elementor-section-height-default elementor-section-height-default qodef-elementor-content-no\" data-id=\"2358556\" data-element_type=\"section\">\n\t\t\t\t\t\t<div class=\"elementor-container elementor-column-gap-default\">\n\t\t\t\t\t<div class=\"elementor-column elementor-col-50 elementor-top-column elementor-element elementor-element-c1e33c6\" data-id=\"c1e33c6\" data-element_type=\"column\">\n\t\t\t<div class=\"elementor-widget-wrap elementor-element-populated\">\n\t\t\t\t\t\t<div class=\"elementor-element elementor-element-8ceacde elementor-widget elementor-widget-image\" data-id=\"8ceacde\" data-element_type=\"widget\" data-widget_type=\"image.default\">\n\t\t\t\t<div class=\"elementor-widget-container\">\n\t\t\t\t\t\t\t\t\t\t\t\t\t\t\t<img decoding=\"async\" width=\"300\" height=\"223\" src=\"https:\/\/www.teatroreal.es\/proyectolova\/wp-content\/uploads\/2020\/10\/Captura-de-pantalla-2020-10-20-a-las-10.19.44-300x223.png\" class=\"attachment-medium size-medium wp-image-7517\" alt=\"\" srcset=\"https:\/\/www.teatroreal.es\/proyectolova\/wp-content\/uploads\/2020\/10\/Captura-de-pantalla-2020-10-20-a-las-10.19.44-300x223.png 300w, https:\/\/www.teatroreal.es\/proyectolova\/wp-content\/uploads\/2020\/10\/Captura-de-pantalla-2020-10-20-a-las-10.19.44-1024x762.png 1024w, https:\/\/www.teatroreal.es\/proyectolova\/wp-content\/uploads\/2020\/10\/Captura-de-pantalla-2020-10-20-a-las-10.19.44-768x572.png 768w, https:\/\/www.teatroreal.es\/proyectolova\/wp-content\/uploads\/2020\/10\/Captura-de-pantalla-2020-10-20-a-las-10.19.44-1536x1143.png 1536w, https:\/\/www.teatroreal.es\/proyectolova\/wp-content\/uploads\/2020\/10\/Captura-de-pantalla-2020-10-20-a-las-10.19.44.png 1580w\" sizes=\"(max-width: 300px) 100vw, 300px\" \/>\t\t\t\t\t\t\t\t\t\t\t\t\t\t\t<\/div>\n\t\t\t\t<\/div>\n\t\t\t\t\t<\/div>\n\t\t<\/div>\n\t\t\t\t<div class=\"elementor-column elementor-col-50 elementor-top-column elementor-element elementor-element-4be6af5\" data-id=\"4be6af5\" data-element_type=\"column\">\n\t\t\t<div class=\"elementor-widget-wrap\">\n\t\t\t\t\t\t\t<\/div>\n\t\t<\/div>\n\t\t\t\t\t<\/div>\n\t\t<\/section>\n\t\t\t\t<\/div>\n\t\t","protected":false},"excerpt":{"rendered":"<p>Taller con Arquilecturas 7, 14 y 21 de noviembre. 4h30 divididas en tres sesiones de 1h30. Presentaci\u00f3n p\u00fablica del taller: s\u00e1bado 28 de noviembre, de 18h a 19h30. 11h a 12h30 on-line. Video-conferencia. Con inscripci\u00f3n previa. Plazas limitadas. 7\u20ac La arquitectura est\u00e1 presente desde que nacemos y la forma de habitar nos construye. Durante estas &#8230; <a title=\"La arquitectura que baila\" class=\"read-more\" href=\"https:\/\/www.teatroreal.es\/proyectolova\/actividades-curso-lova\/aprendanza-2\/aprendanza-20\/la-arquitectura-que-baila\/\">Read more<\/a><\/p>\n","protected":false},"author":151,"featured_media":0,"parent":7450,"menu_order":0,"comment_status":"closed","ping_status":"closed","template":"","meta":{"footnotes":""},"hashtags":[],"class_list":["post-7479","page","type-page","status-publish"],"yoast_head":"<!-- This site is optimized with the Yoast SEO plugin v26.8 - https:\/\/yoast.com\/product\/yoast-seo-wordpress\/ -->\n<title>La arquitectura que baila - L\u00d3VA<\/title>\n<meta name=\"robots\" content=\"index, follow, max-snippet:-1, max-image-preview:large, max-video-preview:-1\" \/>\n<link rel=\"canonical\" href=\"https:\/\/www.teatroreal.es\/proyectolova\/actividades-curso-lova\/aprendanza-2\/aprendanza-20\/la-arquitectura-que-baila\/\" \/>\n<meta property=\"og:locale\" content=\"es_ES\" \/>\n<meta property=\"og:type\" content=\"article\" \/>\n<meta property=\"og:title\" content=\"La arquitectura que baila - L\u00d3VA\" \/>\n<meta property=\"og:description\" content=\"Taller con Arquilecturas 7, 14 y 21 de noviembre. 4h30 divididas en tres sesiones de 1h30. Presentaci\u00f3n p\u00fablica del taller: s\u00e1bado 28 de noviembre, de 18h a 19h30. 11h a 12h30 on-line. Video-conferencia. Con inscripci\u00f3n previa. Plazas limitadas. 7\u20ac La arquitectura est\u00e1 presente desde que nacemos y la forma de habitar nos construye. Durante estas ... Read more\" \/>\n<meta property=\"og:url\" content=\"https:\/\/www.teatroreal.es\/proyectolova\/actividades-curso-lova\/aprendanza-2\/aprendanza-20\/la-arquitectura-que-baila\/\" \/>\n<meta property=\"og:site_name\" content=\"L\u00d3VA\" \/>\n<meta property=\"article:publisher\" content=\"https:\/\/www.facebook.com\/proyectolova\/\" \/>\n<meta property=\"article:modified_time\" content=\"2020-10-27T08:28:03+00:00\" \/>\n<meta property=\"og:image\" content=\"https:\/\/www.teatroreal.es\/proyectolova\/wp-content\/uploads\/2020\/10\/ARQUILECTURAS.jpg\" \/>\n<meta name=\"twitter:card\" content=\"summary_large_image\" \/>\n<meta name=\"twitter:site\" content=\"@proyectolova\" \/>\n<meta name=\"twitter:label1\" content=\"Tiempo de lectura\" \/>\n\t<meta name=\"twitter:data1\" content=\"3 minutos\" \/>\n<script type=\"application\/ld+json\" class=\"yoast-schema-graph\">{\"@context\":\"https:\/\/schema.org\",\"@graph\":[{\"@type\":\"WebPage\",\"@id\":\"https:\/\/www.teatroreal.es\/proyectolova\/actividades-curso-lova\/aprendanza-2\/aprendanza-20\/la-arquitectura-que-baila\/\",\"url\":\"https:\/\/www.teatroreal.es\/proyectolova\/actividades-curso-lova\/aprendanza-2\/aprendanza-20\/la-arquitectura-que-baila\/\",\"name\":\"La arquitectura que baila - L\u00d3VA\",\"isPartOf\":{\"@id\":\"https:\/\/www.teatroreal.es\/proyectolova\/#website\"},\"primaryImageOfPage\":{\"@id\":\"https:\/\/www.teatroreal.es\/proyectolova\/actividades-curso-lova\/aprendanza-2\/aprendanza-20\/la-arquitectura-que-baila\/#primaryimage\"},\"image\":{\"@id\":\"https:\/\/www.teatroreal.es\/proyectolova\/actividades-curso-lova\/aprendanza-2\/aprendanza-20\/la-arquitectura-que-baila\/#primaryimage\"},\"thumbnailUrl\":\"https:\/\/www.teatroreal.es\/proyectolova\/wp-content\/uploads\/2020\/10\/ARQUILECTURAS.jpg\",\"datePublished\":\"2020-10-20T07:48:15+00:00\",\"dateModified\":\"2020-10-27T08:28:03+00:00\",\"breadcrumb\":{\"@id\":\"https:\/\/www.teatroreal.es\/proyectolova\/actividades-curso-lova\/aprendanza-2\/aprendanza-20\/la-arquitectura-que-baila\/#breadcrumb\"},\"inLanguage\":\"es\",\"potentialAction\":[{\"@type\":\"ReadAction\",\"target\":[\"https:\/\/www.teatroreal.es\/proyectolova\/actividades-curso-lova\/aprendanza-2\/aprendanza-20\/la-arquitectura-que-baila\/\"]}]},{\"@type\":\"ImageObject\",\"inLanguage\":\"es\",\"@id\":\"https:\/\/www.teatroreal.es\/proyectolova\/actividades-curso-lova\/aprendanza-2\/aprendanza-20\/la-arquitectura-que-baila\/#primaryimage\",\"url\":\"https:\/\/www.teatroreal.es\/proyectolova\/wp-content\/uploads\/2020\/10\/ARQUILECTURAS.jpg\",\"contentUrl\":\"https:\/\/www.teatroreal.es\/proyectolova\/wp-content\/uploads\/2020\/10\/ARQUILECTURAS.jpg\",\"width\":540,\"height\":720},{\"@type\":\"BreadcrumbList\",\"@id\":\"https:\/\/www.teatroreal.es\/proyectolova\/actividades-curso-lova\/aprendanza-2\/aprendanza-20\/la-arquitectura-que-baila\/#breadcrumb\",\"itemListElement\":[{\"@type\":\"ListItem\",\"position\":1,\"name\":\"Portada\",\"item\":\"https:\/\/www.teatroreal.es\/proyectolova\/\"},{\"@type\":\"ListItem\",\"position\":2,\"name\":\"Actividades\",\"item\":\"https:\/\/www.teatroreal.es\/proyectolova\/?page_id=1725\"},{\"@type\":\"ListItem\",\"position\":3,\"name\":\"APRENDANZA\",\"item\":\"https:\/\/www.teatroreal.es\/proyectolova\/actividades-curso-lova\/aprendanza-2\/\"},{\"@type\":\"ListItem\",\"position\":4,\"name\":\"aprendanza 20\",\"item\":\"https:\/\/www.teatroreal.es\/proyectolova\/actividades-curso-lova\/aprendanza-2\/aprendanza-20\/\"},{\"@type\":\"ListItem\",\"position\":5,\"name\":\"La arquitectura que baila\"}]},{\"@type\":\"WebSite\",\"@id\":\"https:\/\/www.teatroreal.es\/proyectolova\/#website\",\"url\":\"https:\/\/www.teatroreal.es\/proyectolova\/\",\"name\":\"L\u00d3VA\",\"description\":\"La \u00d3pera, un Veh\u00edculo de Aprendizaje\",\"publisher\":{\"@id\":\"https:\/\/www.teatroreal.es\/proyectolova\/#organization\"},\"potentialAction\":[{\"@type\":\"SearchAction\",\"target\":{\"@type\":\"EntryPoint\",\"urlTemplate\":\"https:\/\/www.teatroreal.es\/proyectolova\/?s={search_term_string}\"},\"query-input\":{\"@type\":\"PropertyValueSpecification\",\"valueRequired\":true,\"valueName\":\"search_term_string\"}}],\"inLanguage\":\"es\"},{\"@type\":\"Organization\",\"@id\":\"https:\/\/www.teatroreal.es\/proyectolova\/#organization\",\"name\":\"L\u00d3VA\",\"url\":\"https:\/\/www.teatroreal.es\/proyectolova\/\",\"logo\":{\"@type\":\"ImageObject\",\"inLanguage\":\"es\",\"@id\":\"https:\/\/www.teatroreal.es\/proyectolova\/#\/schema\/logo\/image\/\",\"url\":\"https:\/\/www.teatroreal.es\/proyectolova\/wp-content\/uploads\/2018\/01\/logo-L\u00d3VA-Marin\u00e9.jpg\",\"contentUrl\":\"https:\/\/www.teatroreal.es\/proyectolova\/wp-content\/uploads\/2018\/01\/logo-L\u00d3VA-Marin\u00e9.jpg\",\"width\":1890,\"height\":2848,\"caption\":\"L\u00d3VA\"},\"image\":{\"@id\":\"https:\/\/www.teatroreal.es\/proyectolova\/#\/schema\/logo\/image\/\"},\"sameAs\":[\"https:\/\/www.facebook.com\/proyectolova\/\",\"https:\/\/x.com\/proyectolova\",\"https:\/\/www.instagram.com\/proyectolova\/\",\"https:\/\/www.linkedin.com\/company\/proyectolova\/\",\"https:\/\/www.youtube.com\/user\/mecenartis\"]}]}<\/script>\n<!-- \/ Yoast SEO plugin. -->","yoast_head_json":{"title":"La arquitectura que baila - L\u00d3VA","robots":{"index":"index","follow":"follow","max-snippet":"max-snippet:-1","max-image-preview":"max-image-preview:large","max-video-preview":"max-video-preview:-1"},"canonical":"https:\/\/www.teatroreal.es\/proyectolova\/actividades-curso-lova\/aprendanza-2\/aprendanza-20\/la-arquitectura-que-baila\/","og_locale":"es_ES","og_type":"article","og_title":"La arquitectura que baila - L\u00d3VA","og_description":"Taller con Arquilecturas 7, 14 y 21 de noviembre. 4h30 divididas en tres sesiones de 1h30. Presentaci\u00f3n p\u00fablica del taller: s\u00e1bado 28 de noviembre, de 18h a 19h30. 11h a 12h30 on-line. Video-conferencia. Con inscripci\u00f3n previa. Plazas limitadas. 7\u20ac La arquitectura est\u00e1 presente desde que nacemos y la forma de habitar nos construye. Durante estas ... Read more","og_url":"https:\/\/www.teatroreal.es\/proyectolova\/actividades-curso-lova\/aprendanza-2\/aprendanza-20\/la-arquitectura-que-baila\/","og_site_name":"L\u00d3VA","article_publisher":"https:\/\/www.facebook.com\/proyectolova\/","article_modified_time":"2020-10-27T08:28:03+00:00","og_image":[{"url":"https:\/\/www.teatroreal.es\/proyectolova\/wp-content\/uploads\/2020\/10\/ARQUILECTURAS.jpg","type":"","width":"","height":""}],"twitter_card":"summary_large_image","twitter_site":"@proyectolova","twitter_misc":{"Tiempo de lectura":"3 minutos"},"schema":{"@context":"https:\/\/schema.org","@graph":[{"@type":"WebPage","@id":"https:\/\/www.teatroreal.es\/proyectolova\/actividades-curso-lova\/aprendanza-2\/aprendanza-20\/la-arquitectura-que-baila\/","url":"https:\/\/www.teatroreal.es\/proyectolova\/actividades-curso-lova\/aprendanza-2\/aprendanza-20\/la-arquitectura-que-baila\/","name":"La arquitectura que baila - L\u00d3VA","isPartOf":{"@id":"https:\/\/www.teatroreal.es\/proyectolova\/#website"},"primaryImageOfPage":{"@id":"https:\/\/www.teatroreal.es\/proyectolova\/actividades-curso-lova\/aprendanza-2\/aprendanza-20\/la-arquitectura-que-baila\/#primaryimage"},"image":{"@id":"https:\/\/www.teatroreal.es\/proyectolova\/actividades-curso-lova\/aprendanza-2\/aprendanza-20\/la-arquitectura-que-baila\/#primaryimage"},"thumbnailUrl":"https:\/\/www.teatroreal.es\/proyectolova\/wp-content\/uploads\/2020\/10\/ARQUILECTURAS.jpg","datePublished":"2020-10-20T07:48:15+00:00","dateModified":"2020-10-27T08:28:03+00:00","breadcrumb":{"@id":"https:\/\/www.teatroreal.es\/proyectolova\/actividades-curso-lova\/aprendanza-2\/aprendanza-20\/la-arquitectura-que-baila\/#breadcrumb"},"inLanguage":"es","potentialAction":[{"@type":"ReadAction","target":["https:\/\/www.teatroreal.es\/proyectolova\/actividades-curso-lova\/aprendanza-2\/aprendanza-20\/la-arquitectura-que-baila\/"]}]},{"@type":"ImageObject","inLanguage":"es","@id":"https:\/\/www.teatroreal.es\/proyectolova\/actividades-curso-lova\/aprendanza-2\/aprendanza-20\/la-arquitectura-que-baila\/#primaryimage","url":"https:\/\/www.teatroreal.es\/proyectolova\/wp-content\/uploads\/2020\/10\/ARQUILECTURAS.jpg","contentUrl":"https:\/\/www.teatroreal.es\/proyectolova\/wp-content\/uploads\/2020\/10\/ARQUILECTURAS.jpg","width":540,"height":720},{"@type":"BreadcrumbList","@id":"https:\/\/www.teatroreal.es\/proyectolova\/actividades-curso-lova\/aprendanza-2\/aprendanza-20\/la-arquitectura-que-baila\/#breadcrumb","itemListElement":[{"@type":"ListItem","position":1,"name":"Portada","item":"https:\/\/www.teatroreal.es\/proyectolova\/"},{"@type":"ListItem","position":2,"name":"Actividades","item":"https:\/\/www.teatroreal.es\/proyectolova\/?page_id=1725"},{"@type":"ListItem","position":3,"name":"APRENDANZA","item":"https:\/\/www.teatroreal.es\/proyectolova\/actividades-curso-lova\/aprendanza-2\/"},{"@type":"ListItem","position":4,"name":"aprendanza 20","item":"https:\/\/www.teatroreal.es\/proyectolova\/actividades-curso-lova\/aprendanza-2\/aprendanza-20\/"},{"@type":"ListItem","position":5,"name":"La arquitectura que baila"}]},{"@type":"WebSite","@id":"https:\/\/www.teatroreal.es\/proyectolova\/#website","url":"https:\/\/www.teatroreal.es\/proyectolova\/","name":"L\u00d3VA","description":"La \u00d3pera, un Veh\u00edculo de Aprendizaje","publisher":{"@id":"https:\/\/www.teatroreal.es\/proyectolova\/#organization"},"potentialAction":[{"@type":"SearchAction","target":{"@type":"EntryPoint","urlTemplate":"https:\/\/www.teatroreal.es\/proyectolova\/?s={search_term_string}"},"query-input":{"@type":"PropertyValueSpecification","valueRequired":true,"valueName":"search_term_string"}}],"inLanguage":"es"},{"@type":"Organization","@id":"https:\/\/www.teatroreal.es\/proyectolova\/#organization","name":"L\u00d3VA","url":"https:\/\/www.teatroreal.es\/proyectolova\/","logo":{"@type":"ImageObject","inLanguage":"es","@id":"https:\/\/www.teatroreal.es\/proyectolova\/#\/schema\/logo\/image\/","url":"https:\/\/www.teatroreal.es\/proyectolova\/wp-content\/uploads\/2018\/01\/logo-L\u00d3VA-Marin\u00e9.jpg","contentUrl":"https:\/\/www.teatroreal.es\/proyectolova\/wp-content\/uploads\/2018\/01\/logo-L\u00d3VA-Marin\u00e9.jpg","width":1890,"height":2848,"caption":"L\u00d3VA"},"image":{"@id":"https:\/\/www.teatroreal.es\/proyectolova\/#\/schema\/logo\/image\/"},"sameAs":["https:\/\/www.facebook.com\/proyectolova\/","https:\/\/x.com\/proyectolova","https:\/\/www.instagram.com\/proyectolova\/","https:\/\/www.linkedin.com\/company\/proyectolova\/","https:\/\/www.youtube.com\/user\/mecenartis"]}]}},"_links":{"self":[{"href":"https:\/\/www.teatroreal.es\/proyectolova\/wp-json\/wp\/v2\/pages\/7479","targetHints":{"allow":["GET"]}}],"collection":[{"href":"https:\/\/www.teatroreal.es\/proyectolova\/wp-json\/wp\/v2\/pages"}],"about":[{"href":"https:\/\/www.teatroreal.es\/proyectolova\/wp-json\/wp\/v2\/types\/page"}],"author":[{"embeddable":true,"href":"https:\/\/www.teatroreal.es\/proyectolova\/wp-json\/wp\/v2\/users\/151"}],"replies":[{"embeddable":true,"href":"https:\/\/www.teatroreal.es\/proyectolova\/wp-json\/wp\/v2\/comments?post=7479"}],"version-history":[{"count":8,"href":"https:\/\/www.teatroreal.es\/proyectolova\/wp-json\/wp\/v2\/pages\/7479\/revisions"}],"predecessor-version":[{"id":7538,"href":"https:\/\/www.teatroreal.es\/proyectolova\/wp-json\/wp\/v2\/pages\/7479\/revisions\/7538"}],"up":[{"embeddable":true,"href":"https:\/\/www.teatroreal.es\/proyectolova\/wp-json\/wp\/v2\/pages\/7450"}],"wp:attachment":[{"href":"https:\/\/www.teatroreal.es\/proyectolova\/wp-json\/wp\/v2\/media?parent=7479"}],"wp:term":[{"taxonomy":"hashtags","embeddable":true,"href":"https:\/\/www.teatroreal.es\/proyectolova\/wp-json\/wp\/v2\/hashtags?post=7479"}],"curies":[{"name":"wp","href":"https:\/\/api.w.org\/{rel}","templated":true}]}}