{"id":7493,"date":"2020-10-16T14:48:46","date_gmt":"2020-10-16T12:48:46","guid":{"rendered":"https:\/\/www.teatroreal.es\/proyectolova\/?page_id=7493"},"modified":"2020-10-17T10:11:53","modified_gmt":"2020-10-17T08:11:53","slug":"lovamas-sesion2","status":"publish","type":"page","link":"https:\/\/www.teatroreal.es\/proyectolova\/lovamas\/lovamas-sesion2\/","title":{"rendered":"Din\u00e1micas &#8211; Sesi\u00f3n 2 L\u00d3VA+"},"content":{"rendered":"\t\t<div data-elementor-type=\"wp-page\" data-elementor-id=\"7493\" class=\"elementor elementor-7493\" data-elementor-post-type=\"page\">\n\t\t\t\t\t\t<section class=\"elementor-section elementor-top-section elementor-element elementor-element-5a281ad elementor-section-boxed elementor-section-height-default elementor-section-height-default qodef-elementor-content-no\" data-id=\"5a281ad\" data-element_type=\"section\">\n\t\t\t\t\t\t<div class=\"elementor-container elementor-column-gap-default\">\n\t\t\t\t\t<div class=\"elementor-column elementor-col-100 elementor-top-column elementor-element elementor-element-ec97db1\" data-id=\"ec97db1\" data-element_type=\"column\">\n\t\t\t<div class=\"elementor-widget-wrap elementor-element-populated\">\n\t\t\t\t\t\t<div class=\"elementor-element elementor-element-319f710 elementor-widget elementor-widget-heading\" data-id=\"319f710\" data-element_type=\"widget\" data-widget_type=\"heading.default\">\n\t\t\t\t<div class=\"elementor-widget-container\">\n\t\t\t\t\t<h2 class=\"elementor-heading-title elementor-size-default\">Din\u00e1micas - Sesi\u00f3n 2 L\u00d3VA+<\/h2>\t\t\t\t<\/div>\n\t\t\t\t<\/div>\n\t\t\t\t\t<\/div>\n\t\t<\/div>\n\t\t\t\t\t<\/div>\n\t\t<\/section>\n\t\t\t\t<section class=\"elementor-section elementor-top-section elementor-element elementor-element-78e03c40 elementor-section-boxed elementor-section-height-default elementor-section-height-default qodef-elementor-content-no\" data-id=\"78e03c40\" data-element_type=\"section\">\n\t\t\t\t\t\t<div class=\"elementor-container elementor-column-gap-default\">\n\t\t\t\t\t<div class=\"elementor-column elementor-col-100 elementor-top-column elementor-element elementor-element-ef5177\" data-id=\"ef5177\" data-element_type=\"column\">\n\t\t\t<div class=\"elementor-widget-wrap elementor-element-populated\">\n\t\t\t\t\t\t<div class=\"elementor-element elementor-element-7ce8d79a elementor-widget elementor-widget-text-editor\" data-id=\"7ce8d79a\" data-element_type=\"widget\" data-widget_type=\"text-editor.default\">\n\t\t\t\t<div class=\"elementor-widget-container\">\n\t\t\t\t\t\t\t\t\t<p>El mi\u00e9rcoles 14 de octubre la familia lovera se volvi\u00f3 a juntar alrededor de la mesa virtual para compartir experiencias y abrazarnos en la distancia.<\/p>\n<p><span class=\"style-scope yt-formatted-string\" dir=\"auto\">Esta segunda sesi\u00f3n de L\u00d3VA+ se divide en dos actos. Aqu\u00ed te dejamos el v\u00eddeo de la sesi\u00f3n:&nbsp;<\/span><\/p>\n<p><iframe src=\"https:\/\/www.youtube.com\/embed\/t_vkuZ_Ien8\" width=\"560\" height=\"315\" frameborder=\"0\" allowfullscreen=\"allowfullscreen\"><\/iframe><\/p>\n<h2>Primer acto<\/h2>\n<p><span class=\"style-scope yt-formatted-string\" dir=\"auto\">Se levant\u00f3 el tel\u00f3n y Marta Ar\u00e9valo y Ana G\u00e1ndara nos invitaron a <\/span>#ponerm\u00e1scuerpo. U<span class=\"style-scope yt-formatted-string\" dir=\"auto\">na propuesta para compartir, investigar y jugar los l\u00edmites entre el 2D y los bustos parlantes, para imaginar formas diferentes de conectar con otras personas. Un escenario donde explorar lo que pasa (y puede pasar) entre nuestra pantalla y la de otras personas. Construimos en colectivo un \u201cmosaico\u201d de movimiento donde mirar la realidad educativa desde otros lugares a partir de propuestas corporales.&nbsp;<\/span><\/p>\n<p><a href=\"http:\/\/lacajonerademarta.blogspot.com\" target=\"_blank\" rel=\"noopener\">Marta Ar\u00e9valo<\/a> es doctora en Ciencias de la Educaci\u00f3n. Imparte docencia e investiga en \u00e1reas de expresi\u00f3n corporal, danza y tecnolog\u00eda en la Universidad de Alcal\u00e1 (Madrid). Su formaci\u00f3n permanente se basa en la interacci\u00f3n con docentes de distintas etapas educativas y la conexi\u00f3n con manifestaciones art\u00edsticas no acad\u00e9micas que trabajan desde el cuerpo en movimiento.<\/p>\n<p><a href=\"https:\/\/www.mirefugio.art\" target=\"_blank\" rel=\"noopener\">Ana H. G\u00e1ndara<\/a> es doctoranda en Educaci\u00f3n. Ha trabajado como educadora en diferentes instituciones relacionadas con el \u00e1mbito cultural y comunitario. Ahora vinculada al \u00e1rea de educaci\u00f3n para la transformaci\u00f3n social en M\u00e9dicos del Mundo.<\/p>\n<p>Curiosas e inquietas. <a href=\"https:\/\/twitter.com\/anahgandara\" target=\"_blank\" rel=\"noopener\">Ana<\/a> y <a href=\"https:\/\/twitter.com\/lacajonera\" target=\"_blank\" rel=\"noopener\">Marta<\/a> siguen explorando los l\u00edmites entre cuerpo y educaci\u00f3n. Siempre buscando nuevas formas de expresi\u00f3n.<\/p>\n<p>Sus din\u00e1micas se fueron entreverando con las propuestas por loveros y loveras.<\/p>\n<p>Nos besamos, intentamos acompasar las respiraciones, hicimos visibles partes del cuerpo normalmente invisibles a la c\u00e1mara, repetimos y repartimos gestos&#8230; y plasmamos nuestras emociones y deseos en una pizarra colaborativa bautizada como la <a href=\"https:\/\/jamboard.google.com\/d\/1-wJlbjetoP3vq0O1ytVMKylUwNAYh9gdtgltYG5ULZs\/edit?usp=sharing\" target=\"_blank\" rel=\"noopener\">Pizarra de Fernando<\/a> ya que daba continuidad a la propuesta de este lovero.<\/p>\n<p><a href=\"https:\/\/www.teatroreal.es\/proyectolova\/wp-content\/uploads\/2020\/10\/pizarraFernando.png\"><img fetchpriority=\"high\" decoding=\"async\" class=\"alignnone size-large wp-image-7494\" src=\"https:\/\/www.teatroreal.es\/proyectolova\/wp-content\/uploads\/2020\/10\/pizarraFernando-1024x621.png\" alt=\"La pizarra de Fernando\" width=\"1024\" height=\"621\" srcset=\"https:\/\/www.teatroreal.es\/proyectolova\/wp-content\/uploads\/2020\/10\/pizarraFernando-1024x621.png 1024w, https:\/\/www.teatroreal.es\/proyectolova\/wp-content\/uploads\/2020\/10\/pizarraFernando-300x182.png 300w, https:\/\/www.teatroreal.es\/proyectolova\/wp-content\/uploads\/2020\/10\/pizarraFernando-768x466.png 768w, https:\/\/www.teatroreal.es\/proyectolova\/wp-content\/uploads\/2020\/10\/pizarraFernando-1536x932.png 1536w, https:\/\/www.teatroreal.es\/proyectolova\/wp-content\/uploads\/2020\/10\/pizarraFernando.png 1632w\" sizes=\"(max-width: 1024px) 100vw, 1024px\" \/><\/a><\/p>\n<p>Aqu\u00ed te dejamos el <a href=\"https:\/\/www.teatroreal.es\/proyectolova\/wp-content\/uploads\/2020\/10\/ponermascuerpo-Lova-14-oct-2020.pdf\" target=\"_blank\" rel=\"noopener\">documento<\/a> que recoge la propuesta #ponerm\u00e1scuerpo completa.<\/p>\n<h2>Segundo acto<\/h2>\n<p><span class=\"style-scope yt-formatted-string\" dir=\"auto\">En el segundo acto, la familia lovera se pone en busca de un producto final para su proceso de creaci\u00f3n de la mano de Llucia Garrido y Benja Garz\u00f3n.<\/span><\/p>\n<p>Comenzamos revisitando el tablero colaborativo que hab\u00edamos venido desarrollando a lo largo de las \u00faltimas semanas: <a href=\"https:\/\/miro.com\/app\/board\/o9J_kn6ra00=\/?moveToWidget=3074457350064576169&amp;cot=12\" target=\"_blank\" rel=\"noopener\">Reinventamos la \u00f3pera.<\/a><\/p>\n<p><iframe src=\"https:\/\/miro.com\/app\/live-embed\/o9J_kn6ra00=\/?moveToViewport=3073,-9050,1518,1000\" width=\"768\" height=\"432\" frameborder=\"0\" scrolling=\"no\" allowfullscreen=\"allowfullscreen\"><\/iframe><\/p>\n<p>A continuaci\u00f3n nos lanzamos a investigar de manera colaborativa, los pros y contras de los distintos productos finales que hab\u00edan surgido en esa primera lluvia de ideas y buscamos soluciones a los problemas detectados.<\/p>\n<p><iframe src=\"https:\/\/miro.com\/app\/live-embed\/o9J_kn6ra00=\/?moveToViewport=60,-9423,2530,1422\" width=\"768\" height=\"432\" frameborder=\"0\" scrolling=\"no\" allowfullscreen=\"allowfullscreen\"><\/iframe><\/p>\n<p>Por \u00faltimo recordamos las distintas herramientas de comunicaci\u00f3n que tenemos para sentirnos acompa\u00f1ados a lo largo de toda esta aventura.<\/p>\n<p>Si quieres repasar m\u00e1s despacio los puntos clave de esta segunda parte de la sesi\u00f3n, aqu\u00ed tienes la <a href=\"https:\/\/drive.google.com\/file\/d\/1rlvbBXXbx7cE7dwKbyeaSCjruB1wUV4d\/view?usp=sharing\" target=\"_blank\" rel=\"noopener\">presentaci\u00f3n<\/a>.<\/p><p><br \/>\n<iframe src=\"https:\/\/docs.google.com\/presentation\/d\/e\/2PACX-1vRH8W287Fu_-P7W4pMCoUFz97fHPAp7K6eJDnWKp7ia5gACS5SHK3rBdQHFPzs7AzKvO366cBoPghJ9\/embed?start=false&amp;loop=false&amp;delayms=3000\" frameborder=\"0\" width=\"960\" height=\"749\" allowfullscreen=\"true\" mozallowfullscreen=\"true\" webkitallowfullscreen=\"true\"><\/iframe><\/p>\t\t\t\t\t\t\t\t<\/div>\n\t\t\t\t<\/div>\n\t\t\t\t\t<\/div>\n\t\t<\/div>\n\t\t\t\t\t<\/div>\n\t\t<\/section>\n\t\t\t\t<\/div>\n\t\t","protected":false},"excerpt":{"rendered":"<p>Din\u00e1micas &#8211; Sesi\u00f3n 2 L\u00d3VA+ El mi\u00e9rcoles 14 de octubre la familia lovera se volvi\u00f3 a juntar alrededor de la mesa virtual para compartir experiencias y abrazarnos en la distancia. Esta segunda sesi\u00f3n de L\u00d3VA+ se divide en dos actos. Aqu\u00ed te dejamos el v\u00eddeo de la sesi\u00f3n:&nbsp; Primer acto Se levant\u00f3 el tel\u00f3n y &#8230; <a title=\"Din\u00e1micas &#8211; Sesi\u00f3n 2 L\u00d3VA+\" class=\"read-more\" href=\"https:\/\/www.teatroreal.es\/proyectolova\/lovamas\/lovamas-sesion2\/\">Read more<\/a><\/p>\n","protected":false},"author":151,"featured_media":0,"parent":7369,"menu_order":0,"comment_status":"closed","ping_status":"closed","template":"","meta":{"footnotes":""},"hashtags":[],"class_list":["post-7493","page","type-page","status-publish"],"yoast_head":"<!-- This site is optimized with the Yoast SEO plugin v26.8 - https:\/\/yoast.com\/product\/yoast-seo-wordpress\/ -->\n<title>Din\u00e1micas - Sesi\u00f3n 2 L\u00d3VA+ - L\u00d3VA<\/title>\n<meta name=\"robots\" content=\"index, follow, max-snippet:-1, max-image-preview:large, max-video-preview:-1\" \/>\n<link rel=\"canonical\" href=\"https:\/\/www.teatroreal.es\/proyectolova\/lovamas\/lovamas-sesion2\/\" \/>\n<meta property=\"og:locale\" content=\"es_ES\" \/>\n<meta property=\"og:type\" content=\"article\" \/>\n<meta property=\"og:title\" content=\"Din\u00e1micas - Sesi\u00f3n 2 L\u00d3VA+ - L\u00d3VA\" \/>\n<meta property=\"og:description\" content=\"Din\u00e1micas &#8211; Sesi\u00f3n 2 L\u00d3VA+ El mi\u00e9rcoles 14 de octubre la familia lovera se volvi\u00f3 a juntar alrededor de la mesa virtual para compartir experiencias y abrazarnos en la distancia. Esta segunda sesi\u00f3n de L\u00d3VA+ se divide en dos actos. Aqu\u00ed te dejamos el v\u00eddeo de la sesi\u00f3n:&nbsp; Primer acto Se levant\u00f3 el tel\u00f3n y ... Read more\" \/>\n<meta property=\"og:url\" content=\"https:\/\/www.teatroreal.es\/proyectolova\/lovamas\/lovamas-sesion2\/\" \/>\n<meta property=\"og:site_name\" content=\"L\u00d3VA\" \/>\n<meta property=\"article:publisher\" content=\"https:\/\/www.facebook.com\/proyectolova\/\" \/>\n<meta property=\"article:modified_time\" content=\"2020-10-17T08:11:53+00:00\" \/>\n<meta property=\"og:image\" content=\"https:\/\/www.teatroreal.es\/proyectolova\/wp-content\/uploads\/2020\/10\/pizarraFernando-1024x621.png\" \/>\n<meta name=\"twitter:card\" content=\"summary_large_image\" \/>\n<meta name=\"twitter:site\" content=\"@proyectolova\" \/>\n<meta name=\"twitter:label1\" content=\"Tiempo de lectura\" \/>\n\t<meta name=\"twitter:data1\" content=\"2 minutos\" \/>\n<script type=\"application\/ld+json\" class=\"yoast-schema-graph\">{\"@context\":\"https:\/\/schema.org\",\"@graph\":[{\"@type\":\"WebPage\",\"@id\":\"https:\/\/www.teatroreal.es\/proyectolova\/lovamas\/lovamas-sesion2\/\",\"url\":\"https:\/\/www.teatroreal.es\/proyectolova\/lovamas\/lovamas-sesion2\/\",\"name\":\"Din\u00e1micas - Sesi\u00f3n 2 L\u00d3VA+ - L\u00d3VA\",\"isPartOf\":{\"@id\":\"https:\/\/www.teatroreal.es\/proyectolova\/#website\"},\"primaryImageOfPage\":{\"@id\":\"https:\/\/www.teatroreal.es\/proyectolova\/lovamas\/lovamas-sesion2\/#primaryimage\"},\"image\":{\"@id\":\"https:\/\/www.teatroreal.es\/proyectolova\/lovamas\/lovamas-sesion2\/#primaryimage\"},\"thumbnailUrl\":\"https:\/\/www.teatroreal.es\/proyectolova\/wp-content\/uploads\/2020\/10\/pizarraFernando-1024x621.png\",\"datePublished\":\"2020-10-16T12:48:46+00:00\",\"dateModified\":\"2020-10-17T08:11:53+00:00\",\"breadcrumb\":{\"@id\":\"https:\/\/www.teatroreal.es\/proyectolova\/lovamas\/lovamas-sesion2\/#breadcrumb\"},\"inLanguage\":\"es\",\"potentialAction\":[{\"@type\":\"ReadAction\",\"target\":[\"https:\/\/www.teatroreal.es\/proyectolova\/lovamas\/lovamas-sesion2\/\"]}]},{\"@type\":\"ImageObject\",\"inLanguage\":\"es\",\"@id\":\"https:\/\/www.teatroreal.es\/proyectolova\/lovamas\/lovamas-sesion2\/#primaryimage\",\"url\":\"https:\/\/www.teatroreal.es\/proyectolova\/wp-content\/uploads\/2020\/10\/pizarraFernando.png\",\"contentUrl\":\"https:\/\/www.teatroreal.es\/proyectolova\/wp-content\/uploads\/2020\/10\/pizarraFernando.png\",\"width\":1632,\"height\":990,\"caption\":\"La pizarra de Fernando\"},{\"@type\":\"BreadcrumbList\",\"@id\":\"https:\/\/www.teatroreal.es\/proyectolova\/lovamas\/lovamas-sesion2\/#breadcrumb\",\"itemListElement\":[{\"@type\":\"ListItem\",\"position\":1,\"name\":\"Portada\",\"item\":\"https:\/\/www.teatroreal.es\/proyectolova\/\"},{\"@type\":\"ListItem\",\"position\":2,\"name\":\"ON-LINE\",\"item\":\"https:\/\/www.teatroreal.es\/proyectolova\/lovamas\/\"},{\"@type\":\"ListItem\",\"position\":3,\"name\":\"Din\u00e1micas &#8211; Sesi\u00f3n 2 L\u00d3VA+\"}]},{\"@type\":\"WebSite\",\"@id\":\"https:\/\/www.teatroreal.es\/proyectolova\/#website\",\"url\":\"https:\/\/www.teatroreal.es\/proyectolova\/\",\"name\":\"L\u00d3VA\",\"description\":\"La \u00d3pera, un Veh\u00edculo de Aprendizaje\",\"publisher\":{\"@id\":\"https:\/\/www.teatroreal.es\/proyectolova\/#organization\"},\"potentialAction\":[{\"@type\":\"SearchAction\",\"target\":{\"@type\":\"EntryPoint\",\"urlTemplate\":\"https:\/\/www.teatroreal.es\/proyectolova\/?s={search_term_string}\"},\"query-input\":{\"@type\":\"PropertyValueSpecification\",\"valueRequired\":true,\"valueName\":\"search_term_string\"}}],\"inLanguage\":\"es\"},{\"@type\":\"Organization\",\"@id\":\"https:\/\/www.teatroreal.es\/proyectolova\/#organization\",\"name\":\"L\u00d3VA\",\"url\":\"https:\/\/www.teatroreal.es\/proyectolova\/\",\"logo\":{\"@type\":\"ImageObject\",\"inLanguage\":\"es\",\"@id\":\"https:\/\/www.teatroreal.es\/proyectolova\/#\/schema\/logo\/image\/\",\"url\":\"https:\/\/www.teatroreal.es\/proyectolova\/wp-content\/uploads\/2018\/01\/logo-L\u00d3VA-Marin\u00e9.jpg\",\"contentUrl\":\"https:\/\/www.teatroreal.es\/proyectolova\/wp-content\/uploads\/2018\/01\/logo-L\u00d3VA-Marin\u00e9.jpg\",\"width\":1890,\"height\":2848,\"caption\":\"L\u00d3VA\"},\"image\":{\"@id\":\"https:\/\/www.teatroreal.es\/proyectolova\/#\/schema\/logo\/image\/\"},\"sameAs\":[\"https:\/\/www.facebook.com\/proyectolova\/\",\"https:\/\/x.com\/proyectolova\",\"https:\/\/www.instagram.com\/proyectolova\/\",\"https:\/\/www.linkedin.com\/company\/proyectolova\/\",\"https:\/\/www.youtube.com\/user\/mecenartis\"]}]}<\/script>\n<!-- \/ Yoast SEO plugin. -->","yoast_head_json":{"title":"Din\u00e1micas - Sesi\u00f3n 2 L\u00d3VA+ - L\u00d3VA","robots":{"index":"index","follow":"follow","max-snippet":"max-snippet:-1","max-image-preview":"max-image-preview:large","max-video-preview":"max-video-preview:-1"},"canonical":"https:\/\/www.teatroreal.es\/proyectolova\/lovamas\/lovamas-sesion2\/","og_locale":"es_ES","og_type":"article","og_title":"Din\u00e1micas - Sesi\u00f3n 2 L\u00d3VA+ - L\u00d3VA","og_description":"Din\u00e1micas &#8211; Sesi\u00f3n 2 L\u00d3VA+ El mi\u00e9rcoles 14 de octubre la familia lovera se volvi\u00f3 a juntar alrededor de la mesa virtual para compartir experiencias y abrazarnos en la distancia. Esta segunda sesi\u00f3n de L\u00d3VA+ se divide en dos actos. Aqu\u00ed te dejamos el v\u00eddeo de la sesi\u00f3n:&nbsp; Primer acto Se levant\u00f3 el tel\u00f3n y ... Read more","og_url":"https:\/\/www.teatroreal.es\/proyectolova\/lovamas\/lovamas-sesion2\/","og_site_name":"L\u00d3VA","article_publisher":"https:\/\/www.facebook.com\/proyectolova\/","article_modified_time":"2020-10-17T08:11:53+00:00","og_image":[{"url":"https:\/\/www.teatroreal.es\/proyectolova\/wp-content\/uploads\/2020\/10\/pizarraFernando-1024x621.png","type":"","width":"","height":""}],"twitter_card":"summary_large_image","twitter_site":"@proyectolova","twitter_misc":{"Tiempo de lectura":"2 minutos"},"schema":{"@context":"https:\/\/schema.org","@graph":[{"@type":"WebPage","@id":"https:\/\/www.teatroreal.es\/proyectolova\/lovamas\/lovamas-sesion2\/","url":"https:\/\/www.teatroreal.es\/proyectolova\/lovamas\/lovamas-sesion2\/","name":"Din\u00e1micas - Sesi\u00f3n 2 L\u00d3VA+ - L\u00d3VA","isPartOf":{"@id":"https:\/\/www.teatroreal.es\/proyectolova\/#website"},"primaryImageOfPage":{"@id":"https:\/\/www.teatroreal.es\/proyectolova\/lovamas\/lovamas-sesion2\/#primaryimage"},"image":{"@id":"https:\/\/www.teatroreal.es\/proyectolova\/lovamas\/lovamas-sesion2\/#primaryimage"},"thumbnailUrl":"https:\/\/www.teatroreal.es\/proyectolova\/wp-content\/uploads\/2020\/10\/pizarraFernando-1024x621.png","datePublished":"2020-10-16T12:48:46+00:00","dateModified":"2020-10-17T08:11:53+00:00","breadcrumb":{"@id":"https:\/\/www.teatroreal.es\/proyectolova\/lovamas\/lovamas-sesion2\/#breadcrumb"},"inLanguage":"es","potentialAction":[{"@type":"ReadAction","target":["https:\/\/www.teatroreal.es\/proyectolova\/lovamas\/lovamas-sesion2\/"]}]},{"@type":"ImageObject","inLanguage":"es","@id":"https:\/\/www.teatroreal.es\/proyectolova\/lovamas\/lovamas-sesion2\/#primaryimage","url":"https:\/\/www.teatroreal.es\/proyectolova\/wp-content\/uploads\/2020\/10\/pizarraFernando.png","contentUrl":"https:\/\/www.teatroreal.es\/proyectolova\/wp-content\/uploads\/2020\/10\/pizarraFernando.png","width":1632,"height":990,"caption":"La pizarra de Fernando"},{"@type":"BreadcrumbList","@id":"https:\/\/www.teatroreal.es\/proyectolova\/lovamas\/lovamas-sesion2\/#breadcrumb","itemListElement":[{"@type":"ListItem","position":1,"name":"Portada","item":"https:\/\/www.teatroreal.es\/proyectolova\/"},{"@type":"ListItem","position":2,"name":"ON-LINE","item":"https:\/\/www.teatroreal.es\/proyectolova\/lovamas\/"},{"@type":"ListItem","position":3,"name":"Din\u00e1micas &#8211; Sesi\u00f3n 2 L\u00d3VA+"}]},{"@type":"WebSite","@id":"https:\/\/www.teatroreal.es\/proyectolova\/#website","url":"https:\/\/www.teatroreal.es\/proyectolova\/","name":"L\u00d3VA","description":"La \u00d3pera, un Veh\u00edculo de Aprendizaje","publisher":{"@id":"https:\/\/www.teatroreal.es\/proyectolova\/#organization"},"potentialAction":[{"@type":"SearchAction","target":{"@type":"EntryPoint","urlTemplate":"https:\/\/www.teatroreal.es\/proyectolova\/?s={search_term_string}"},"query-input":{"@type":"PropertyValueSpecification","valueRequired":true,"valueName":"search_term_string"}}],"inLanguage":"es"},{"@type":"Organization","@id":"https:\/\/www.teatroreal.es\/proyectolova\/#organization","name":"L\u00d3VA","url":"https:\/\/www.teatroreal.es\/proyectolova\/","logo":{"@type":"ImageObject","inLanguage":"es","@id":"https:\/\/www.teatroreal.es\/proyectolova\/#\/schema\/logo\/image\/","url":"https:\/\/www.teatroreal.es\/proyectolova\/wp-content\/uploads\/2018\/01\/logo-L\u00d3VA-Marin\u00e9.jpg","contentUrl":"https:\/\/www.teatroreal.es\/proyectolova\/wp-content\/uploads\/2018\/01\/logo-L\u00d3VA-Marin\u00e9.jpg","width":1890,"height":2848,"caption":"L\u00d3VA"},"image":{"@id":"https:\/\/www.teatroreal.es\/proyectolova\/#\/schema\/logo\/image\/"},"sameAs":["https:\/\/www.facebook.com\/proyectolova\/","https:\/\/x.com\/proyectolova","https:\/\/www.instagram.com\/proyectolova\/","https:\/\/www.linkedin.com\/company\/proyectolova\/","https:\/\/www.youtube.com\/user\/mecenartis"]}]}},"_links":{"self":[{"href":"https:\/\/www.teatroreal.es\/proyectolova\/wp-json\/wp\/v2\/pages\/7493","targetHints":{"allow":["GET"]}}],"collection":[{"href":"https:\/\/www.teatroreal.es\/proyectolova\/wp-json\/wp\/v2\/pages"}],"about":[{"href":"https:\/\/www.teatroreal.es\/proyectolova\/wp-json\/wp\/v2\/types\/page"}],"author":[{"embeddable":true,"href":"https:\/\/www.teatroreal.es\/proyectolova\/wp-json\/wp\/v2\/users\/151"}],"replies":[{"embeddable":true,"href":"https:\/\/www.teatroreal.es\/proyectolova\/wp-json\/wp\/v2\/comments?post=7493"}],"version-history":[{"count":4,"href":"https:\/\/www.teatroreal.es\/proyectolova\/wp-json\/wp\/v2\/pages\/7493\/revisions"}],"predecessor-version":[{"id":7503,"href":"https:\/\/www.teatroreal.es\/proyectolova\/wp-json\/wp\/v2\/pages\/7493\/revisions\/7503"}],"up":[{"embeddable":true,"href":"https:\/\/www.teatroreal.es\/proyectolova\/wp-json\/wp\/v2\/pages\/7369"}],"wp:attachment":[{"href":"https:\/\/www.teatroreal.es\/proyectolova\/wp-json\/wp\/v2\/media?parent=7493"}],"wp:term":[{"taxonomy":"hashtags","embeddable":true,"href":"https:\/\/www.teatroreal.es\/proyectolova\/wp-json\/wp\/v2\/hashtags?post=7493"}],"curies":[{"name":"wp","href":"https:\/\/api.w.org\/{rel}","templated":true}]}}