{"id":7793,"date":"2020-12-20T13:19:06","date_gmt":"2020-12-20T11:19:06","guid":{"rendered":"https:\/\/www.teatroreal.es\/proyectolova\/?page_id=7793"},"modified":"2021-01-20T17:40:53","modified_gmt":"2021-01-20T15:40:53","slug":"archivo-audiovisual-aprendanza20","status":"publish","type":"page","link":"https:\/\/www.teatroreal.es\/proyectolova\/actividades-curso-lova\/aprendanza-2\/archivo-audiovisual-aprendanza20\/","title":{"rendered":"Archivo audiovisual aprendanza20"},"content":{"rendered":"\t\t<div data-elementor-type=\"wp-page\" data-elementor-id=\"7793\" class=\"elementor elementor-7793\" data-elementor-post-type=\"page\">\n\t\t\t\t\t\t<section class=\"elementor-section elementor-top-section elementor-element elementor-element-fe46f83 elementor-section-boxed elementor-section-height-default elementor-section-height-default qodef-elementor-content-no\" data-id=\"fe46f83\" data-element_type=\"section\">\n\t\t\t\t\t\t<div class=\"elementor-container elementor-column-gap-default\">\n\t\t\t\t\t<div class=\"elementor-column elementor-col-50 elementor-top-column elementor-element elementor-element-e8c3ea4\" data-id=\"e8c3ea4\" data-element_type=\"column\">\n\t\t\t<div class=\"elementor-widget-wrap elementor-element-populated\">\n\t\t\t\t\t\t<div class=\"elementor-element elementor-element-dabdcc7 elementor-widget elementor-widget-video\" data-id=\"dabdcc7\" data-element_type=\"widget\" data-settings=\"{&quot;youtube_url&quot;:&quot;https:\\\/\\\/youtu.be\\\/noeHR10ewqo&quot;,&quot;video_type&quot;:&quot;youtube&quot;,&quot;controls&quot;:&quot;yes&quot;}\" data-widget_type=\"video.default\">\n\t\t\t\t<div class=\"elementor-widget-container\">\n\t\t\t\t\t\t\t<div class=\"elementor-wrapper elementor-open-inline\">\n\t\t\t<div class=\"elementor-video\"><\/div>\t\t<\/div>\n\t\t\t\t\t\t<\/div>\n\t\t\t\t<\/div>\n\t\t\t\t\t<\/div>\n\t\t<\/div>\n\t\t\t\t<div class=\"elementor-column elementor-col-50 elementor-top-column elementor-element elementor-element-09416a3\" data-id=\"09416a3\" data-element_type=\"column\">\n\t\t\t<div class=\"elementor-widget-wrap elementor-element-populated\">\n\t\t\t\t\t\t\t<\/div>\n\t\t<\/div>\n\t\t\t\t\t<\/div>\n\t\t<\/section>\n\t\t\t\t<section class=\"elementor-section elementor-top-section elementor-element elementor-element-7c9f1e4 elementor-section-boxed elementor-section-height-default elementor-section-height-default qodef-elementor-content-no\" data-id=\"7c9f1e4\" data-element_type=\"section\">\n\t\t\t\t\t\t<div class=\"elementor-container elementor-column-gap-default\">\n\t\t\t\t\t<div class=\"elementor-column elementor-col-50 elementor-top-column elementor-element elementor-element-85c0555\" data-id=\"85c0555\" data-element_type=\"column\">\n\t\t\t<div class=\"elementor-widget-wrap elementor-element-populated\">\n\t\t\t\t\t\t<div class=\"elementor-element elementor-element-e538d8a elementor-widget elementor-widget-video\" data-id=\"e538d8a\" data-element_type=\"widget\" data-settings=\"{&quot;youtube_url&quot;:&quot;https:\\\/\\\/youtu.be\\\/QE3x9n-WBgk&quot;,&quot;video_type&quot;:&quot;youtube&quot;,&quot;controls&quot;:&quot;yes&quot;}\" data-widget_type=\"video.default\">\n\t\t\t\t<div class=\"elementor-widget-container\">\n\t\t\t\t\t\t\t<div class=\"elementor-wrapper elementor-open-inline\">\n\t\t\t<div class=\"elementor-video\"><\/div>\t\t<\/div>\n\t\t\t\t\t\t<\/div>\n\t\t\t\t<\/div>\n\t\t\t\t\t<\/div>\n\t\t<\/div>\n\t\t\t\t<div class=\"elementor-column elementor-col-50 elementor-top-column elementor-element elementor-element-2f2af1a\" data-id=\"2f2af1a\" data-element_type=\"column\">\n\t\t\t<div class=\"elementor-widget-wrap elementor-element-populated\">\n\t\t\t\t\t\t\t<\/div>\n\t\t<\/div>\n\t\t\t\t\t<\/div>\n\t\t<\/section>\n\t\t\t\t<section class=\"elementor-section elementor-top-section elementor-element elementor-element-0a92f28 elementor-section-boxed elementor-section-height-default elementor-section-height-default qodef-elementor-content-no\" data-id=\"0a92f28\" data-element_type=\"section\">\n\t\t\t\t\t\t<div class=\"elementor-container elementor-column-gap-default\">\n\t\t\t\t\t<div class=\"elementor-column elementor-col-50 elementor-top-column elementor-element elementor-element-3cfa7e4\" data-id=\"3cfa7e4\" data-element_type=\"column\">\n\t\t\t<div class=\"elementor-widget-wrap elementor-element-populated\">\n\t\t\t\t\t\t<div class=\"elementor-element elementor-element-696a060 elementor-widget elementor-widget-video\" data-id=\"696a060\" data-element_type=\"widget\" data-settings=\"{&quot;youtube_url&quot;:&quot;https:\\\/\\\/youtu.be\\\/Ggoge-YYuZY&quot;,&quot;video_type&quot;:&quot;youtube&quot;,&quot;controls&quot;:&quot;yes&quot;}\" data-widget_type=\"video.default\">\n\t\t\t\t<div class=\"elementor-widget-container\">\n\t\t\t\t\t\t\t<div class=\"elementor-wrapper elementor-open-inline\">\n\t\t\t<div class=\"elementor-video\"><\/div>\t\t<\/div>\n\t\t\t\t\t\t<\/div>\n\t\t\t\t<\/div>\n\t\t\t\t\t<\/div>\n\t\t<\/div>\n\t\t\t\t<div class=\"elementor-column elementor-col-50 elementor-top-column elementor-element elementor-element-8aadd37\" data-id=\"8aadd37\" data-element_type=\"column\">\n\t\t\t<div class=\"elementor-widget-wrap\">\n\t\t\t\t\t\t\t<\/div>\n\t\t<\/div>\n\t\t\t\t\t<\/div>\n\t\t<\/section>\n\t\t\t\t<\/div>\n\t\t","protected":false},"excerpt":{"rendered":"<p>https:\/\/youtu.be\/noeHR10ewqohttps:\/\/youtu.be\/QE3x9n-WBgkhttps:\/\/youtu.be\/Ggoge-YYuZY<\/p>\n","protected":false},"author":151,"featured_media":7564,"parent":4583,"menu_order":0,"comment_status":"closed","ping_status":"closed","template":"","meta":{"footnotes":""},"hashtags":[],"class_list":["post-7793","page","type-page","status-publish","has-post-thumbnail"],"yoast_head":"<!-- This site is optimized with the Yoast SEO plugin v26.8 - https:\/\/yoast.com\/product\/yoast-seo-wordpress\/ -->\n<title>Archivo audiovisual aprendanza20 - L\u00d3VA<\/title>\n<meta name=\"robots\" content=\"index, follow, max-snippet:-1, max-image-preview:large, max-video-preview:-1\" \/>\n<link rel=\"canonical\" href=\"https:\/\/www.teatroreal.es\/proyectolova\/actividades-curso-lova\/aprendanza-2\/archivo-audiovisual-aprendanza20\/\" \/>\n<meta property=\"og:locale\" content=\"es_ES\" \/>\n<meta property=\"og:type\" content=\"article\" \/>\n<meta property=\"og:title\" content=\"Archivo audiovisual aprendanza20 - L\u00d3VA\" \/>\n<meta property=\"og:description\" content=\"https:\/\/youtu.be\/noeHR10ewqohttps:\/\/youtu.be\/QE3x9n-WBgkhttps:\/\/youtu.be\/Ggoge-YYuZY\" \/>\n<meta property=\"og:url\" content=\"https:\/\/www.teatroreal.es\/proyectolova\/actividades-curso-lova\/aprendanza-2\/archivo-audiovisual-aprendanza20\/\" \/>\n<meta property=\"og:site_name\" content=\"L\u00d3VA\" \/>\n<meta property=\"article:publisher\" content=\"https:\/\/www.facebook.com\/proyectolova\/\" \/>\n<meta property=\"article:modified_time\" content=\"2021-01-20T15:40:53+00:00\" \/>\n<meta property=\"og:image\" content=\"https:\/\/www.teatroreal.es\/proyectolova\/wp-content\/uploads\/2020\/10\/cartel-eventos-REDES-2.jpg\" \/>\n\t<meta property=\"og:image:width\" content=\"1920\" \/>\n\t<meta property=\"og:image:height\" content=\"1920\" \/>\n\t<meta property=\"og:image:type\" content=\"image\/jpeg\" \/>\n<meta name=\"twitter:card\" content=\"summary_large_image\" \/>\n<meta name=\"twitter:site\" content=\"@proyectolova\" \/>\n<script type=\"application\/ld+json\" class=\"yoast-schema-graph\">{\"@context\":\"https:\/\/schema.org\",\"@graph\":[{\"@type\":\"WebPage\",\"@id\":\"https:\/\/www.teatroreal.es\/proyectolova\/actividades-curso-lova\/aprendanza-2\/archivo-audiovisual-aprendanza20\/\",\"url\":\"https:\/\/www.teatroreal.es\/proyectolova\/actividades-curso-lova\/aprendanza-2\/archivo-audiovisual-aprendanza20\/\",\"name\":\"Archivo audiovisual aprendanza20 - L\u00d3VA\",\"isPartOf\":{\"@id\":\"https:\/\/www.teatroreal.es\/proyectolova\/#website\"},\"primaryImageOfPage\":{\"@id\":\"https:\/\/www.teatroreal.es\/proyectolova\/actividades-curso-lova\/aprendanza-2\/archivo-audiovisual-aprendanza20\/#primaryimage\"},\"image\":{\"@id\":\"https:\/\/www.teatroreal.es\/proyectolova\/actividades-curso-lova\/aprendanza-2\/archivo-audiovisual-aprendanza20\/#primaryimage\"},\"thumbnailUrl\":\"https:\/\/www.teatroreal.es\/proyectolova\/wp-content\/uploads\/2020\/10\/cartel-eventos-REDES-2.jpg\",\"datePublished\":\"2020-12-20T11:19:06+00:00\",\"dateModified\":\"2021-01-20T15:40:53+00:00\",\"breadcrumb\":{\"@id\":\"https:\/\/www.teatroreal.es\/proyectolova\/actividades-curso-lova\/aprendanza-2\/archivo-audiovisual-aprendanza20\/#breadcrumb\"},\"inLanguage\":\"es\",\"potentialAction\":[{\"@type\":\"ReadAction\",\"target\":[\"https:\/\/www.teatroreal.es\/proyectolova\/actividades-curso-lova\/aprendanza-2\/archivo-audiovisual-aprendanza20\/\"]}]},{\"@type\":\"ImageObject\",\"inLanguage\":\"es\",\"@id\":\"https:\/\/www.teatroreal.es\/proyectolova\/actividades-curso-lova\/aprendanza-2\/archivo-audiovisual-aprendanza20\/#primaryimage\",\"url\":\"https:\/\/www.teatroreal.es\/proyectolova\/wp-content\/uploads\/2020\/10\/cartel-eventos-REDES-2.jpg\",\"contentUrl\":\"https:\/\/www.teatroreal.es\/proyectolova\/wp-content\/uploads\/2020\/10\/cartel-eventos-REDES-2.jpg\",\"width\":1920,\"height\":1920},{\"@type\":\"BreadcrumbList\",\"@id\":\"https:\/\/www.teatroreal.es\/proyectolova\/actividades-curso-lova\/aprendanza-2\/archivo-audiovisual-aprendanza20\/#breadcrumb\",\"itemListElement\":[{\"@type\":\"ListItem\",\"position\":1,\"name\":\"Portada\",\"item\":\"https:\/\/www.teatroreal.es\/proyectolova\/\"},{\"@type\":\"ListItem\",\"position\":2,\"name\":\"Actividades\",\"item\":\"https:\/\/www.teatroreal.es\/proyectolova\/?page_id=1725\"},{\"@type\":\"ListItem\",\"position\":3,\"name\":\"APRENDANZA\",\"item\":\"https:\/\/www.teatroreal.es\/proyectolova\/actividades-curso-lova\/aprendanza-2\/\"},{\"@type\":\"ListItem\",\"position\":4,\"name\":\"Archivo audiovisual aprendanza20\"}]},{\"@type\":\"WebSite\",\"@id\":\"https:\/\/www.teatroreal.es\/proyectolova\/#website\",\"url\":\"https:\/\/www.teatroreal.es\/proyectolova\/\",\"name\":\"L\u00d3VA\",\"description\":\"La \u00d3pera, un Veh\u00edculo de Aprendizaje\",\"publisher\":{\"@id\":\"https:\/\/www.teatroreal.es\/proyectolova\/#organization\"},\"potentialAction\":[{\"@type\":\"SearchAction\",\"target\":{\"@type\":\"EntryPoint\",\"urlTemplate\":\"https:\/\/www.teatroreal.es\/proyectolova\/?s={search_term_string}\"},\"query-input\":{\"@type\":\"PropertyValueSpecification\",\"valueRequired\":true,\"valueName\":\"search_term_string\"}}],\"inLanguage\":\"es\"},{\"@type\":\"Organization\",\"@id\":\"https:\/\/www.teatroreal.es\/proyectolova\/#organization\",\"name\":\"L\u00d3VA\",\"url\":\"https:\/\/www.teatroreal.es\/proyectolova\/\",\"logo\":{\"@type\":\"ImageObject\",\"inLanguage\":\"es\",\"@id\":\"https:\/\/www.teatroreal.es\/proyectolova\/#\/schema\/logo\/image\/\",\"url\":\"https:\/\/www.teatroreal.es\/proyectolova\/wp-content\/uploads\/2018\/01\/logo-L\u00d3VA-Marin\u00e9.jpg\",\"contentUrl\":\"https:\/\/www.teatroreal.es\/proyectolova\/wp-content\/uploads\/2018\/01\/logo-L\u00d3VA-Marin\u00e9.jpg\",\"width\":1890,\"height\":2848,\"caption\":\"L\u00d3VA\"},\"image\":{\"@id\":\"https:\/\/www.teatroreal.es\/proyectolova\/#\/schema\/logo\/image\/\"},\"sameAs\":[\"https:\/\/www.facebook.com\/proyectolova\/\",\"https:\/\/x.com\/proyectolova\",\"https:\/\/www.instagram.com\/proyectolova\/\",\"https:\/\/www.linkedin.com\/company\/proyectolova\/\",\"https:\/\/www.youtube.com\/user\/mecenartis\"]}]}<\/script>\n<!-- \/ Yoast SEO plugin. -->","yoast_head_json":{"title":"Archivo audiovisual aprendanza20 - L\u00d3VA","robots":{"index":"index","follow":"follow","max-snippet":"max-snippet:-1","max-image-preview":"max-image-preview:large","max-video-preview":"max-video-preview:-1"},"canonical":"https:\/\/www.teatroreal.es\/proyectolova\/actividades-curso-lova\/aprendanza-2\/archivo-audiovisual-aprendanza20\/","og_locale":"es_ES","og_type":"article","og_title":"Archivo audiovisual aprendanza20 - L\u00d3VA","og_description":"https:\/\/youtu.be\/noeHR10ewqohttps:\/\/youtu.be\/QE3x9n-WBgkhttps:\/\/youtu.be\/Ggoge-YYuZY","og_url":"https:\/\/www.teatroreal.es\/proyectolova\/actividades-curso-lova\/aprendanza-2\/archivo-audiovisual-aprendanza20\/","og_site_name":"L\u00d3VA","article_publisher":"https:\/\/www.facebook.com\/proyectolova\/","article_modified_time":"2021-01-20T15:40:53+00:00","og_image":[{"width":1920,"height":1920,"url":"https:\/\/www.teatroreal.es\/proyectolova\/wp-content\/uploads\/2020\/10\/cartel-eventos-REDES-2.jpg","type":"image\/jpeg"}],"twitter_card":"summary_large_image","twitter_site":"@proyectolova","schema":{"@context":"https:\/\/schema.org","@graph":[{"@type":"WebPage","@id":"https:\/\/www.teatroreal.es\/proyectolova\/actividades-curso-lova\/aprendanza-2\/archivo-audiovisual-aprendanza20\/","url":"https:\/\/www.teatroreal.es\/proyectolova\/actividades-curso-lova\/aprendanza-2\/archivo-audiovisual-aprendanza20\/","name":"Archivo audiovisual aprendanza20 - L\u00d3VA","isPartOf":{"@id":"https:\/\/www.teatroreal.es\/proyectolova\/#website"},"primaryImageOfPage":{"@id":"https:\/\/www.teatroreal.es\/proyectolova\/actividades-curso-lova\/aprendanza-2\/archivo-audiovisual-aprendanza20\/#primaryimage"},"image":{"@id":"https:\/\/www.teatroreal.es\/proyectolova\/actividades-curso-lova\/aprendanza-2\/archivo-audiovisual-aprendanza20\/#primaryimage"},"thumbnailUrl":"https:\/\/www.teatroreal.es\/proyectolova\/wp-content\/uploads\/2020\/10\/cartel-eventos-REDES-2.jpg","datePublished":"2020-12-20T11:19:06+00:00","dateModified":"2021-01-20T15:40:53+00:00","breadcrumb":{"@id":"https:\/\/www.teatroreal.es\/proyectolova\/actividades-curso-lova\/aprendanza-2\/archivo-audiovisual-aprendanza20\/#breadcrumb"},"inLanguage":"es","potentialAction":[{"@type":"ReadAction","target":["https:\/\/www.teatroreal.es\/proyectolova\/actividades-curso-lova\/aprendanza-2\/archivo-audiovisual-aprendanza20\/"]}]},{"@type":"ImageObject","inLanguage":"es","@id":"https:\/\/www.teatroreal.es\/proyectolova\/actividades-curso-lova\/aprendanza-2\/archivo-audiovisual-aprendanza20\/#primaryimage","url":"https:\/\/www.teatroreal.es\/proyectolova\/wp-content\/uploads\/2020\/10\/cartel-eventos-REDES-2.jpg","contentUrl":"https:\/\/www.teatroreal.es\/proyectolova\/wp-content\/uploads\/2020\/10\/cartel-eventos-REDES-2.jpg","width":1920,"height":1920},{"@type":"BreadcrumbList","@id":"https:\/\/www.teatroreal.es\/proyectolova\/actividades-curso-lova\/aprendanza-2\/archivo-audiovisual-aprendanza20\/#breadcrumb","itemListElement":[{"@type":"ListItem","position":1,"name":"Portada","item":"https:\/\/www.teatroreal.es\/proyectolova\/"},{"@type":"ListItem","position":2,"name":"Actividades","item":"https:\/\/www.teatroreal.es\/proyectolova\/?page_id=1725"},{"@type":"ListItem","position":3,"name":"APRENDANZA","item":"https:\/\/www.teatroreal.es\/proyectolova\/actividades-curso-lova\/aprendanza-2\/"},{"@type":"ListItem","position":4,"name":"Archivo audiovisual aprendanza20"}]},{"@type":"WebSite","@id":"https:\/\/www.teatroreal.es\/proyectolova\/#website","url":"https:\/\/www.teatroreal.es\/proyectolova\/","name":"L\u00d3VA","description":"La \u00d3pera, un Veh\u00edculo de Aprendizaje","publisher":{"@id":"https:\/\/www.teatroreal.es\/proyectolova\/#organization"},"potentialAction":[{"@type":"SearchAction","target":{"@type":"EntryPoint","urlTemplate":"https:\/\/www.teatroreal.es\/proyectolova\/?s={search_term_string}"},"query-input":{"@type":"PropertyValueSpecification","valueRequired":true,"valueName":"search_term_string"}}],"inLanguage":"es"},{"@type":"Organization","@id":"https:\/\/www.teatroreal.es\/proyectolova\/#organization","name":"L\u00d3VA","url":"https:\/\/www.teatroreal.es\/proyectolova\/","logo":{"@type":"ImageObject","inLanguage":"es","@id":"https:\/\/www.teatroreal.es\/proyectolova\/#\/schema\/logo\/image\/","url":"https:\/\/www.teatroreal.es\/proyectolova\/wp-content\/uploads\/2018\/01\/logo-L\u00d3VA-Marin\u00e9.jpg","contentUrl":"https:\/\/www.teatroreal.es\/proyectolova\/wp-content\/uploads\/2018\/01\/logo-L\u00d3VA-Marin\u00e9.jpg","width":1890,"height":2848,"caption":"L\u00d3VA"},"image":{"@id":"https:\/\/www.teatroreal.es\/proyectolova\/#\/schema\/logo\/image\/"},"sameAs":["https:\/\/www.facebook.com\/proyectolova\/","https:\/\/x.com\/proyectolova","https:\/\/www.instagram.com\/proyectolova\/","https:\/\/www.linkedin.com\/company\/proyectolova\/","https:\/\/www.youtube.com\/user\/mecenartis"]}]}},"_links":{"self":[{"href":"https:\/\/www.teatroreal.es\/proyectolova\/wp-json\/wp\/v2\/pages\/7793","targetHints":{"allow":["GET"]}}],"collection":[{"href":"https:\/\/www.teatroreal.es\/proyectolova\/wp-json\/wp\/v2\/pages"}],"about":[{"href":"https:\/\/www.teatroreal.es\/proyectolova\/wp-json\/wp\/v2\/types\/page"}],"author":[{"embeddable":true,"href":"https:\/\/www.teatroreal.es\/proyectolova\/wp-json\/wp\/v2\/users\/151"}],"replies":[{"embeddable":true,"href":"https:\/\/www.teatroreal.es\/proyectolova\/wp-json\/wp\/v2\/comments?post=7793"}],"version-history":[{"count":10,"href":"https:\/\/www.teatroreal.es\/proyectolova\/wp-json\/wp\/v2\/pages\/7793\/revisions"}],"predecessor-version":[{"id":7821,"href":"https:\/\/www.teatroreal.es\/proyectolova\/wp-json\/wp\/v2\/pages\/7793\/revisions\/7821"}],"up":[{"embeddable":true,"href":"https:\/\/www.teatroreal.es\/proyectolova\/wp-json\/wp\/v2\/pages\/4583"}],"wp:featuredmedia":[{"embeddable":true,"href":"https:\/\/www.teatroreal.es\/proyectolova\/wp-json\/wp\/v2\/media\/7564"}],"wp:attachment":[{"href":"https:\/\/www.teatroreal.es\/proyectolova\/wp-json\/wp\/v2\/media?parent=7793"}],"wp:term":[{"taxonomy":"hashtags","embeddable":true,"href":"https:\/\/www.teatroreal.es\/proyectolova\/wp-json\/wp\/v2\/hashtags?post=7793"}],"curies":[{"name":"wp","href":"https:\/\/api.w.org\/{rel}","templated":true}]}}