{"id":7826,"date":"2021-01-24T12:16:51","date_gmt":"2021-01-24T10:16:51","guid":{"rendered":"https:\/\/www.teatroreal.es\/proyectolova\/?page_id=7826"},"modified":"2021-01-26T12:52:29","modified_gmt":"2021-01-26T10:52:29","slug":"sesion-5","status":"publish","type":"page","link":"https:\/\/www.teatroreal.es\/proyectolova\/lovamas\/sesion-5\/","title":{"rendered":"Documentamos &#8211; Sesi\u00f3n 5 L\u00d3VA+"},"content":{"rendered":"<p>A\u00f1o nuevo, pandemia vieja. Quinta sesi\u00f3n de L\u00d3VA +. Seguimos vi\u00e9ndonos a trav\u00e9s de la pantalla para contagiarnos\u2026 de \u00e1nimo, de ilusi\u00f3n y de recuerdos.<\/p>\n<p>Es m\u00e1gico eso de entrar en un sal\u00f3n, sin salir de tu casa, y encontrarte con caras que hac\u00eda d\u00edas o a\u00f1os que no ve\u00edas, sin mascarilla y sin peligro, \u00a1guau!.<\/p>\n<p>Hoy quer\u00edamos contarnos muchas cosas, como cuando dos amigos se reencuentran despu\u00e9s de a\u00f1os sin verse o como cuando dos amigas se ven despu\u00e9s de horas sin hablarse.<\/p>\n<p>Como en una pel\u00edcula han pasado ante nosotros decenas de recuerdos, la punta de ese iceberg de ya m\u00e1s de 400 \u00f3peras que flota en el mar de la memoria L\u00d3VA.<\/p>\n<p style=\"text-align: center;\"><iframe src=\"https:\/\/www.youtube.com\/embed\/esvIO2Wx_DQ\" width=\"560\" height=\"315\" frameborder=\"0\" allowfullscreen=\"allowfullscreen\"><\/iframe><\/p>\n<p>Esa ni\u00f1a de 5 a\u00f1os, RR.PP de la compa\u00f1\u00eda, indignada porque un adulto le ha colgado el tel\u00e9fono, sin tomarla en serio o esa Directora de producci\u00f3n de 7 a\u00f1os que llama al Coordinador de L\u00d3VA, Pedro Sarmiento, porque en su cole han entrado los ladrones y les han robado el dinero de la Compa\u00f1\u00eda.<\/p>\n<p>Esos ni\u00f1os inquietos que parece que no se enteran pero que un d\u00eda dicen \u201c\u00a1Basta!\u201d y lo dan todo en el grupo o se despiden del cole diciendo: \u201cL\u00d3VA no lo voy a olvidar en mi vida\u201d o \u201cLo echamos de menos en el instituto\u201d, o te preguntan al marcharse: \u201cMaestra \u00bfqu\u00e9 tengo que estudiar si alg\u00fan d\u00eda quiero ser electricista?\u201d o acuden inmediatamente siempre que se les invita para convencer a los profesores de que tienen que hacer el proyecto en su clase o dibujan a sus 5 a\u00f1itos, con todo lujo de detalles, todos los pormenores de la compa\u00f1ia y nos demuestran que \u201clos que parece que no se enteran tambi\u00e9n se enteran\u201d.<\/p>\n<p>\u201cFelicidad, no tengo m\u00e1s que decir\u201d. Es la respuesta de un ni\u00f1o t\u00edmido cuando le preguntan qu\u00e9 le ha dado L\u00d3VA.<\/p>\n<p>Pablo y Mabel nos traen a esos adolescentes inseguros y peleones que aprenden a respetarse y reconocerse iguales en la diferencia.<\/p>\n<p>No nos olvidamos de los momentos de incertidumbre o de caos aparente del que los propios alumnos aprenden a salir cuando se conf\u00eda en ellos. Ejemplo nos traen Mar y D\u00e9bora tanto de alumnos de Educaci\u00f3n Infantil como de Adultos con discapacidad.<\/p>\n<p>Compa\u00f1\u00edas que regalan camisetas a los reci\u00e9n llegados, esa ni\u00f1a que confecciona pulseras para todo el grupo, esa clase que cambia L\u00d3VA por L\u00d3VU porque para ellos La \u00d3pera es un Veh\u00edculo de Uni\u00f3n, o esa Compa\u00f1\u00eda que no descansa hasta encontrar un centro donde representar su obra sin barreras arquitect\u00f3nicas para que pueda acceder el padre de una compa\u00f1era en silla de ruedas.<\/p>\n<p>Ni la pandemia es capaz de anular el esp\u00edritu de grupo que se ha creado en las compa\u00f1\u00edas para sorpresa y emoci\u00f3n de sus profesores.<\/p>\n<p>Es curioso observar, para quienes conocemos la cantidad de trabajo y momentos complicados que se viven a lo largo del proyecto, de los que la historia de Olel\u00e9 es una buena met\u00e1fora, que todas las penalidades se olvidan cuando se recuerdan esas caras de satisfaccion tras la representaci\u00f3n de la \u00f3pera o esas l\u00e1grimas de desahogo emocional cuando se cuentan cosas \u00edntimas.<\/p>\n<p>Todo indica que no nos estamos equivocando mientras sigamos siendo para nuestros alumnos y alumnas, como le dec\u00eda una ni\u00f1a a Natalia, \u201chacedores de recuerdos\u201d.<\/p>\n<p>Todav\u00eda nos sorprende encontrarnos de buenas a primeras con una ni\u00f1a que dice entusiasmada: \u201cYo hice L\u00d3VA en mi cole\u201d. Trabajamos para que lo raro sea encontrar un ni\u00f1o que diga: \u201cPues yo todav\u00eda no he hecho L\u00d3VA en el m\u00edo\u201d<\/p>\n<p>A todas se nos quedan en el tintero cientos de recuerdos que dar\u00e1n para llenar muchas p\u00e1ginas.<\/p>\n<p>Por fin, no pod\u00eda faltar\u2026 un reto. Nos buscamos por las salas y nos agrupamos los nacidos en primavera, verano, oto\u00f1o o invierno, ordenados por fecha de nacimiento. Lo conseguimos con relativa facilidad. Interesante probarlo con nuestra clase y m\u00e1s a\u00fan si se hace sin hablar ni escribir, solo por se\u00f1as. Ya nos contar\u00e9is el resultado.<\/p>\n<p>Y para terminar\u2026 una tarea que os explicaremos pronto con todo detalle.<\/p>\n<p>\u00a1LUKA-LUKA!<\/p>\n","protected":false},"excerpt":{"rendered":"<p>A\u00f1o nuevo, pandemia vieja. Quinta sesi\u00f3n de L\u00d3VA +. Seguimos vi\u00e9ndonos a trav\u00e9s de la pantalla para contagiarnos\u2026 de \u00e1nimo, de ilusi\u00f3n y de recuerdos. Es m\u00e1gico eso de entrar en un sal\u00f3n, sin salir de tu casa, y encontrarte con caras que hac\u00eda d\u00edas o a\u00f1os que no ve\u00edas, sin mascarilla y sin peligro, &#8230; <a title=\"Documentamos &#8211; Sesi\u00f3n 5 L\u00d3VA+\" class=\"read-more\" href=\"https:\/\/www.teatroreal.es\/proyectolova\/lovamas\/sesion-5\/\">Read more<\/a><\/p>\n","protected":false},"author":151,"featured_media":0,"parent":7369,"menu_order":0,"comment_status":"closed","ping_status":"closed","template":"","meta":{"footnotes":""},"hashtags":[],"class_list":["post-7826","page","type-page","status-publish"],"yoast_head":"<!-- This site is optimized with the Yoast SEO plugin v26.8 - https:\/\/yoast.com\/product\/yoast-seo-wordpress\/ -->\n<title>Documentamos - Sesi\u00f3n 5 L\u00d3VA+ - L\u00d3VA<\/title>\n<meta name=\"robots\" content=\"index, follow, max-snippet:-1, max-image-preview:large, max-video-preview:-1\" \/>\n<link rel=\"canonical\" href=\"https:\/\/www.teatroreal.es\/proyectolova\/lovamas\/sesion-5\/\" \/>\n<meta property=\"og:locale\" content=\"es_ES\" \/>\n<meta property=\"og:type\" content=\"article\" \/>\n<meta property=\"og:title\" content=\"Documentamos - Sesi\u00f3n 5 L\u00d3VA+ - L\u00d3VA\" \/>\n<meta property=\"og:description\" content=\"A\u00f1o nuevo, pandemia vieja. Quinta sesi\u00f3n de L\u00d3VA +. Seguimos vi\u00e9ndonos a trav\u00e9s de la pantalla para contagiarnos\u2026 de \u00e1nimo, de ilusi\u00f3n y de recuerdos. Es m\u00e1gico eso de entrar en un sal\u00f3n, sin salir de tu casa, y encontrarte con caras que hac\u00eda d\u00edas o a\u00f1os que no ve\u00edas, sin mascarilla y sin peligro, ... Read more\" \/>\n<meta property=\"og:url\" content=\"https:\/\/www.teatroreal.es\/proyectolova\/lovamas\/sesion-5\/\" \/>\n<meta property=\"og:site_name\" content=\"L\u00d3VA\" \/>\n<meta property=\"article:publisher\" content=\"https:\/\/www.facebook.com\/proyectolova\/\" \/>\n<meta property=\"article:modified_time\" content=\"2021-01-26T10:52:29+00:00\" \/>\n<meta name=\"twitter:card\" content=\"summary_large_image\" \/>\n<meta name=\"twitter:site\" content=\"@proyectolova\" \/>\n<meta name=\"twitter:label1\" content=\"Tiempo de lectura\" \/>\n\t<meta name=\"twitter:data1\" content=\"4 minutos\" \/>\n<script type=\"application\/ld+json\" class=\"yoast-schema-graph\">{\"@context\":\"https:\/\/schema.org\",\"@graph\":[{\"@type\":\"WebPage\",\"@id\":\"https:\/\/www.teatroreal.es\/proyectolova\/lovamas\/sesion-5\/\",\"url\":\"https:\/\/www.teatroreal.es\/proyectolova\/lovamas\/sesion-5\/\",\"name\":\"Documentamos - Sesi\u00f3n 5 L\u00d3VA+ - L\u00d3VA\",\"isPartOf\":{\"@id\":\"https:\/\/www.teatroreal.es\/proyectolova\/#website\"},\"datePublished\":\"2021-01-24T10:16:51+00:00\",\"dateModified\":\"2021-01-26T10:52:29+00:00\",\"breadcrumb\":{\"@id\":\"https:\/\/www.teatroreal.es\/proyectolova\/lovamas\/sesion-5\/#breadcrumb\"},\"inLanguage\":\"es\",\"potentialAction\":[{\"@type\":\"ReadAction\",\"target\":[\"https:\/\/www.teatroreal.es\/proyectolova\/lovamas\/sesion-5\/\"]}]},{\"@type\":\"BreadcrumbList\",\"@id\":\"https:\/\/www.teatroreal.es\/proyectolova\/lovamas\/sesion-5\/#breadcrumb\",\"itemListElement\":[{\"@type\":\"ListItem\",\"position\":1,\"name\":\"Portada\",\"item\":\"https:\/\/www.teatroreal.es\/proyectolova\/\"},{\"@type\":\"ListItem\",\"position\":2,\"name\":\"ON-LINE\",\"item\":\"https:\/\/www.teatroreal.es\/proyectolova\/lovamas\/\"},{\"@type\":\"ListItem\",\"position\":3,\"name\":\"Documentamos &#8211; Sesi\u00f3n 5 L\u00d3VA+\"}]},{\"@type\":\"WebSite\",\"@id\":\"https:\/\/www.teatroreal.es\/proyectolova\/#website\",\"url\":\"https:\/\/www.teatroreal.es\/proyectolova\/\",\"name\":\"L\u00d3VA\",\"description\":\"La \u00d3pera, un Veh\u00edculo de Aprendizaje\",\"publisher\":{\"@id\":\"https:\/\/www.teatroreal.es\/proyectolova\/#organization\"},\"potentialAction\":[{\"@type\":\"SearchAction\",\"target\":{\"@type\":\"EntryPoint\",\"urlTemplate\":\"https:\/\/www.teatroreal.es\/proyectolova\/?s={search_term_string}\"},\"query-input\":{\"@type\":\"PropertyValueSpecification\",\"valueRequired\":true,\"valueName\":\"search_term_string\"}}],\"inLanguage\":\"es\"},{\"@type\":\"Organization\",\"@id\":\"https:\/\/www.teatroreal.es\/proyectolova\/#organization\",\"name\":\"L\u00d3VA\",\"url\":\"https:\/\/www.teatroreal.es\/proyectolova\/\",\"logo\":{\"@type\":\"ImageObject\",\"inLanguage\":\"es\",\"@id\":\"https:\/\/www.teatroreal.es\/proyectolova\/#\/schema\/logo\/image\/\",\"url\":\"https:\/\/www.teatroreal.es\/proyectolova\/wp-content\/uploads\/2018\/01\/logo-L\u00d3VA-Marin\u00e9.jpg\",\"contentUrl\":\"https:\/\/www.teatroreal.es\/proyectolova\/wp-content\/uploads\/2018\/01\/logo-L\u00d3VA-Marin\u00e9.jpg\",\"width\":1890,\"height\":2848,\"caption\":\"L\u00d3VA\"},\"image\":{\"@id\":\"https:\/\/www.teatroreal.es\/proyectolova\/#\/schema\/logo\/image\/\"},\"sameAs\":[\"https:\/\/www.facebook.com\/proyectolova\/\",\"https:\/\/x.com\/proyectolova\",\"https:\/\/www.instagram.com\/proyectolova\/\",\"https:\/\/www.linkedin.com\/company\/proyectolova\/\",\"https:\/\/www.youtube.com\/user\/mecenartis\"]}]}<\/script>\n<!-- \/ Yoast SEO plugin. -->","yoast_head_json":{"title":"Documentamos - Sesi\u00f3n 5 L\u00d3VA+ - L\u00d3VA","robots":{"index":"index","follow":"follow","max-snippet":"max-snippet:-1","max-image-preview":"max-image-preview:large","max-video-preview":"max-video-preview:-1"},"canonical":"https:\/\/www.teatroreal.es\/proyectolova\/lovamas\/sesion-5\/","og_locale":"es_ES","og_type":"article","og_title":"Documentamos - Sesi\u00f3n 5 L\u00d3VA+ - L\u00d3VA","og_description":"A\u00f1o nuevo, pandemia vieja. Quinta sesi\u00f3n de L\u00d3VA +. Seguimos vi\u00e9ndonos a trav\u00e9s de la pantalla para contagiarnos\u2026 de \u00e1nimo, de ilusi\u00f3n y de recuerdos. Es m\u00e1gico eso de entrar en un sal\u00f3n, sin salir de tu casa, y encontrarte con caras que hac\u00eda d\u00edas o a\u00f1os que no ve\u00edas, sin mascarilla y sin peligro, ... Read more","og_url":"https:\/\/www.teatroreal.es\/proyectolova\/lovamas\/sesion-5\/","og_site_name":"L\u00d3VA","article_publisher":"https:\/\/www.facebook.com\/proyectolova\/","article_modified_time":"2021-01-26T10:52:29+00:00","twitter_card":"summary_large_image","twitter_site":"@proyectolova","twitter_misc":{"Tiempo de lectura":"4 minutos"},"schema":{"@context":"https:\/\/schema.org","@graph":[{"@type":"WebPage","@id":"https:\/\/www.teatroreal.es\/proyectolova\/lovamas\/sesion-5\/","url":"https:\/\/www.teatroreal.es\/proyectolova\/lovamas\/sesion-5\/","name":"Documentamos - Sesi\u00f3n 5 L\u00d3VA+ - L\u00d3VA","isPartOf":{"@id":"https:\/\/www.teatroreal.es\/proyectolova\/#website"},"datePublished":"2021-01-24T10:16:51+00:00","dateModified":"2021-01-26T10:52:29+00:00","breadcrumb":{"@id":"https:\/\/www.teatroreal.es\/proyectolova\/lovamas\/sesion-5\/#breadcrumb"},"inLanguage":"es","potentialAction":[{"@type":"ReadAction","target":["https:\/\/www.teatroreal.es\/proyectolova\/lovamas\/sesion-5\/"]}]},{"@type":"BreadcrumbList","@id":"https:\/\/www.teatroreal.es\/proyectolova\/lovamas\/sesion-5\/#breadcrumb","itemListElement":[{"@type":"ListItem","position":1,"name":"Portada","item":"https:\/\/www.teatroreal.es\/proyectolova\/"},{"@type":"ListItem","position":2,"name":"ON-LINE","item":"https:\/\/www.teatroreal.es\/proyectolova\/lovamas\/"},{"@type":"ListItem","position":3,"name":"Documentamos &#8211; Sesi\u00f3n 5 L\u00d3VA+"}]},{"@type":"WebSite","@id":"https:\/\/www.teatroreal.es\/proyectolova\/#website","url":"https:\/\/www.teatroreal.es\/proyectolova\/","name":"L\u00d3VA","description":"La \u00d3pera, un Veh\u00edculo de Aprendizaje","publisher":{"@id":"https:\/\/www.teatroreal.es\/proyectolova\/#organization"},"potentialAction":[{"@type":"SearchAction","target":{"@type":"EntryPoint","urlTemplate":"https:\/\/www.teatroreal.es\/proyectolova\/?s={search_term_string}"},"query-input":{"@type":"PropertyValueSpecification","valueRequired":true,"valueName":"search_term_string"}}],"inLanguage":"es"},{"@type":"Organization","@id":"https:\/\/www.teatroreal.es\/proyectolova\/#organization","name":"L\u00d3VA","url":"https:\/\/www.teatroreal.es\/proyectolova\/","logo":{"@type":"ImageObject","inLanguage":"es","@id":"https:\/\/www.teatroreal.es\/proyectolova\/#\/schema\/logo\/image\/","url":"https:\/\/www.teatroreal.es\/proyectolova\/wp-content\/uploads\/2018\/01\/logo-L\u00d3VA-Marin\u00e9.jpg","contentUrl":"https:\/\/www.teatroreal.es\/proyectolova\/wp-content\/uploads\/2018\/01\/logo-L\u00d3VA-Marin\u00e9.jpg","width":1890,"height":2848,"caption":"L\u00d3VA"},"image":{"@id":"https:\/\/www.teatroreal.es\/proyectolova\/#\/schema\/logo\/image\/"},"sameAs":["https:\/\/www.facebook.com\/proyectolova\/","https:\/\/x.com\/proyectolova","https:\/\/www.instagram.com\/proyectolova\/","https:\/\/www.linkedin.com\/company\/proyectolova\/","https:\/\/www.youtube.com\/user\/mecenartis"]}]}},"_links":{"self":[{"href":"https:\/\/www.teatroreal.es\/proyectolova\/wp-json\/wp\/v2\/pages\/7826","targetHints":{"allow":["GET"]}}],"collection":[{"href":"https:\/\/www.teatroreal.es\/proyectolova\/wp-json\/wp\/v2\/pages"}],"about":[{"href":"https:\/\/www.teatroreal.es\/proyectolova\/wp-json\/wp\/v2\/types\/page"}],"author":[{"embeddable":true,"href":"https:\/\/www.teatroreal.es\/proyectolova\/wp-json\/wp\/v2\/users\/151"}],"replies":[{"embeddable":true,"href":"https:\/\/www.teatroreal.es\/proyectolova\/wp-json\/wp\/v2\/comments?post=7826"}],"version-history":[{"count":3,"href":"https:\/\/www.teatroreal.es\/proyectolova\/wp-json\/wp\/v2\/pages\/7826\/revisions"}],"predecessor-version":[{"id":7829,"href":"https:\/\/www.teatroreal.es\/proyectolova\/wp-json\/wp\/v2\/pages\/7826\/revisions\/7829"}],"up":[{"embeddable":true,"href":"https:\/\/www.teatroreal.es\/proyectolova\/wp-json\/wp\/v2\/pages\/7369"}],"wp:attachment":[{"href":"https:\/\/www.teatroreal.es\/proyectolova\/wp-json\/wp\/v2\/media?parent=7826"}],"wp:term":[{"taxonomy":"hashtags","embeddable":true,"href":"https:\/\/www.teatroreal.es\/proyectolova\/wp-json\/wp\/v2\/hashtags?post=7826"}],"curies":[{"name":"wp","href":"https:\/\/api.w.org\/{rel}","templated":true}]}}