{"id":8162,"date":"2021-03-15T13:36:05","date_gmt":"2021-03-15T11:36:05","guid":{"rendered":"https:\/\/www.teatroreal.es\/proyectolova\/?page_id=8162"},"modified":"2021-03-23T14:52:56","modified_gmt":"2021-03-23T12:52:56","slug":"sesion-7","status":"publish","type":"page","link":"https:\/\/www.teatroreal.es\/proyectolova\/lovamas\/sesion-7\/","title":{"rendered":"Titireando &#8211; Sesi\u00f3n 7 L\u00d3VA+"},"content":{"rendered":"<p>La \u00faltima sesi\u00f3n de este segundo trimestre\u00a0 tuvo lugar el mi\u00e9rcoles 1o de marzo.<\/p>\n<p>Aqu\u00ed te dejamos el v\u00eddeo de la sesi\u00f3n:<\/p>\n<p style=\"text-align: center;\"><iframe src=\"https:\/\/www.youtube.com\/embed\/gAzYH6U27Iw\" width=\"560\" height=\"315\" frameborder=\"0\" allowfullscreen=\"allowfullscreen\"><\/iframe><\/p>\n<p>\u00bfC\u00f3mo inventar una historia? \u00bfC\u00f3mo plantear las escenas? \u00bfC\u00f3mo escribir el guion? \u00bfC\u00f3mo construir un t\u00edtere? \u00bfC\u00f3mo crear los personajes? \u00bfC\u00f3mo dar vida a un t\u00edtere? \u00bfQu\u00e9 es una paleta de gestos?<\/p>\n<p>Para responder a estas preguntas y plantearnos otras nuevas en esta sesi\u00f3n hemos tenido el placer de contar con uno de los titiriteros m\u00e1s reconocidos del panorama nacional, Guillermo Gil. Guillermo comenz\u00f3 a trabajar con t\u00edteres en 1992 y cre\u00f3 su propia compa\u00f1\u00eda \u201cTropos, teatro de t\u00edteres\u201d en 1998. Desde entonces ha creado 11 espect\u00e1culos con los que ha girado por todo el territorio nacional y obtenido importantes premios. Ha trabajado como manipulador de t\u00edteres para televisi\u00f3n y escrito un libro y art\u00edculos relacionados con el teatro de t\u00edteres. Desde 1998 es director art\u00edstico del Teatro de T\u00edteres de El Retiro.<\/p>\n<p style=\"text-align: left;\">Si os hab\u00e9is quedado con ganas de m\u00e1s no os perd\u00e1is el fabuloso recopilatorio de recursos que nos regal\u00f3.<\/p>\n<p>&nbsp;<\/p>\n<p style=\"text-align: center;\"><iframe src=\"https:\/\/www.youtube.com\/embed\/VqVOhFaS-iM\" width=\"560\" height=\"315\" frameborder=\"0\" allowfullscreen=\"allowfullscreen\"><\/iframe><\/p>\n<p>Adem\u00e1s, Guillermo nos plantea un reto para la siguiente sesi\u00f3n: que el alumnado grabe una peque\u00f1a escena titiritera. Y para ello nos ha dejado una peque\u00f1a gu\u00eda que puedes consultar <a href=\"https:\/\/www.teatroreal.es\/proyectolova\/wp-content\/uploads\/2021\/03\/Ejercicios.pdf\" target=\"_blank\" rel=\"noopener\">aqu\u00ed<\/a>. Si recoges el guante, escr\u00edbenos a lova @ proyectolova. es antes del 14 de abril para organizar la muestra de videos. En la reuni\u00f3n del d\u00eda 21 de abril se podr\u00e1n mostrar videos cortos (2-3 minutos) de lo que hab\u00e9is hecho en clase y volveremos a tener a Guillermo para plantear y resolver dudas, dificultades,&#8230; Estamos deseando verlos.<\/p>\n<h2>Cu\u00e9ntate<\/h2>\n<p>\u00abLas personas tenemos necesidad de contar y en L\u00d3VA tod@s contam@s. Adem\u00e1s necesitamos contar lo que est\u00e1 sucediendo en el aula\u00bb nos dec\u00eda durante la sesi\u00f3n Olga Moreno en su incorporaci\u00f3n al equipo de mediaci\u00f3n pedag\u00f3gica de L\u00d3VA+.\u00a0 As\u00ed que dedicamos la segunda parte de la sesi\u00f3n a compartir en peque\u00f1os grupos esas piedras con las que nos est\u00e1bamos encontrando en el camino y esos hallazgos que nos estaban sorprendiendo.<\/p>\n<h2>Poemario colectivo<\/h2>\n<p>\u00bfOs acord\u00e1is que la misi\u00f3n que os dejamos en la sesi\u00f3n anterior? Os invitamos a proponer a vuestro alumnado la creaci\u00f3n de poemas para componer un poemario colectivo en formato podcast. Pues aqu\u00ed ten\u00e9is el resultado a partir de los versos compuestos y grabados en aulas de: CP El Vall\u00edn, Asturias, CEIP Joaqu\u00edn Costa y CEIP Pintor Rosales de Madrid, IES Alquerias en Murcia, CEIp San Sadurni\u00f1o, CEIP San Roque de Darbo, CEIP de Cari\u00f1o, CPR San Jos\u00e9 de Galicia y CEIP Mestre Emilio Luna Comunidad Valenciana y musicalizado por Pedro Sarmiento.<\/p>\n<p><iframe id=\"audio_66638495\" style=\"border: 1px solid #EEE; box-sizing: border-box; width: 100%;\" src=\"https:\/\/www.ivoox.com\/player_ej_66638495_4_1.html?c1=ff6600\" height=\"200\" frameborder=\"0\" scrolling=\"no\" allowfullscreen=\"allowfullscreen\"><\/iframe><\/p>\n<h2>Cuadernillos de profesiones<\/h2>\n<p><img fetchpriority=\"high\" decoding=\"async\" class=\"alignleft\" src=\"https:\/\/www.teatroreal.es\/proyectolova\/wp-content\/uploads\/2021\/03\/MiniaturaWeb_H-792x1024.png\" alt=\"Cuadernillos\" width=\"200\" height=\"258\" \/>Ya ten\u00e9is on-line una edici\u00f3n renovada de los cuadernillos de profesiones para el nivel educativo de Primaria basada en los materiales desarrollados por Juan Bl\u00e1zquez.<\/p>\n<p>Caracterizaci\u00f3n y vestuario, direcci\u00f3n de producci\u00f3n, composici\u00f3n musical, escenograf\u00eda, carpinter\u00eda, escritura, interpretaci\u00f3n, iluminaci\u00f3n, regidur\u00eda, documentaci\u00f3n y RR.PP.<\/p>\n<p>Pod\u00e9is encontrarlos tanto en el centro de recursos de la <a href=\"https:\/\/redplanea.org\/recursos\/lova\/\" target=\"_blank\" rel=\"noopener\">red PLANEA<\/a> como en <a href=\"https:\/\/www.teatroreal.es\/proyectolova\/cuadernillos\/\" target=\"_blank\" rel=\"noopener\">nuestra web<\/a>. \u00a1Esperamos que os guste mucho y que sea de utilidad!<\/p>\n<p>&nbsp;<\/p>\n","protected":false},"excerpt":{"rendered":"<p>La \u00faltima sesi\u00f3n de este segundo trimestre\u00a0 tuvo lugar el mi\u00e9rcoles 1o de marzo. Aqu\u00ed te dejamos el v\u00eddeo de la sesi\u00f3n: \u00bfC\u00f3mo inventar una historia? \u00bfC\u00f3mo plantear las escenas? \u00bfC\u00f3mo escribir el guion? \u00bfC\u00f3mo construir un t\u00edtere? \u00bfC\u00f3mo crear los personajes? \u00bfC\u00f3mo dar vida a un t\u00edtere? \u00bfQu\u00e9 es una paleta de gestos? Para &#8230; <a title=\"Titireando &#8211; Sesi\u00f3n 7 L\u00d3VA+\" class=\"read-more\" href=\"https:\/\/www.teatroreal.es\/proyectolova\/lovamas\/sesion-7\/\">Read more<\/a><\/p>\n","protected":false},"author":151,"featured_media":8180,"parent":7369,"menu_order":0,"comment_status":"closed","ping_status":"closed","template":"","meta":{"footnotes":""},"hashtags":[],"class_list":["post-8162","page","type-page","status-publish","has-post-thumbnail"],"yoast_head":"<!-- This site is optimized with the Yoast SEO plugin v26.8 - https:\/\/yoast.com\/product\/yoast-seo-wordpress\/ -->\n<title>Titireando - Sesi\u00f3n 7 L\u00d3VA+ - L\u00d3VA<\/title>\n<meta name=\"robots\" content=\"index, follow, max-snippet:-1, max-image-preview:large, max-video-preview:-1\" \/>\n<link rel=\"canonical\" href=\"https:\/\/www.teatroreal.es\/proyectolova\/lovamas\/sesion-7\/\" \/>\n<meta property=\"og:locale\" content=\"es_ES\" \/>\n<meta property=\"og:type\" content=\"article\" \/>\n<meta property=\"og:title\" content=\"Titireando - Sesi\u00f3n 7 L\u00d3VA+ - L\u00d3VA\" \/>\n<meta property=\"og:description\" content=\"La \u00faltima sesi\u00f3n de este segundo trimestre\u00a0 tuvo lugar el mi\u00e9rcoles 1o de marzo. Aqu\u00ed te dejamos el v\u00eddeo de la sesi\u00f3n: \u00bfC\u00f3mo inventar una historia? \u00bfC\u00f3mo plantear las escenas? \u00bfC\u00f3mo escribir el guion? \u00bfC\u00f3mo construir un t\u00edtere? \u00bfC\u00f3mo crear los personajes? \u00bfC\u00f3mo dar vida a un t\u00edtere? \u00bfQu\u00e9 es una paleta de gestos? Para ... Read more\" \/>\n<meta property=\"og:url\" content=\"https:\/\/www.teatroreal.es\/proyectolova\/lovamas\/sesion-7\/\" \/>\n<meta property=\"og:site_name\" content=\"L\u00d3VA\" \/>\n<meta property=\"article:publisher\" content=\"https:\/\/www.facebook.com\/proyectolova\/\" \/>\n<meta property=\"article:modified_time\" content=\"2021-03-23T12:52:56+00:00\" \/>\n<meta property=\"og:image\" content=\"https:\/\/www.teatroreal.es\/proyectolova\/wp-content\/uploads\/2021\/03\/traditional-south-thailand-shadow-puppet-show-thailand-scaled.jpg\" \/>\n\t<meta property=\"og:image:width\" content=\"2560\" \/>\n\t<meta property=\"og:image:height\" content=\"1641\" \/>\n\t<meta property=\"og:image:type\" content=\"image\/jpeg\" \/>\n<meta name=\"twitter:card\" content=\"summary_large_image\" \/>\n<meta name=\"twitter:site\" content=\"@proyectolova\" \/>\n<meta name=\"twitter:label1\" content=\"Tiempo de lectura\" \/>\n\t<meta name=\"twitter:data1\" content=\"3 minutos\" \/>\n<script type=\"application\/ld+json\" class=\"yoast-schema-graph\">{\"@context\":\"https:\/\/schema.org\",\"@graph\":[{\"@type\":\"WebPage\",\"@id\":\"https:\/\/www.teatroreal.es\/proyectolova\/lovamas\/sesion-7\/\",\"url\":\"https:\/\/www.teatroreal.es\/proyectolova\/lovamas\/sesion-7\/\",\"name\":\"Titireando - Sesi\u00f3n 7 L\u00d3VA+ - L\u00d3VA\",\"isPartOf\":{\"@id\":\"https:\/\/www.teatroreal.es\/proyectolova\/#website\"},\"primaryImageOfPage\":{\"@id\":\"https:\/\/www.teatroreal.es\/proyectolova\/lovamas\/sesion-7\/#primaryimage\"},\"image\":{\"@id\":\"https:\/\/www.teatroreal.es\/proyectolova\/lovamas\/sesion-7\/#primaryimage\"},\"thumbnailUrl\":\"https:\/\/www.teatroreal.es\/proyectolova\/wp-content\/uploads\/2021\/03\/traditional-south-thailand-shadow-puppet-show-thailand-scaled.jpg\",\"datePublished\":\"2021-03-15T11:36:05+00:00\",\"dateModified\":\"2021-03-23T12:52:56+00:00\",\"breadcrumb\":{\"@id\":\"https:\/\/www.teatroreal.es\/proyectolova\/lovamas\/sesion-7\/#breadcrumb\"},\"inLanguage\":\"es\",\"potentialAction\":[{\"@type\":\"ReadAction\",\"target\":[\"https:\/\/www.teatroreal.es\/proyectolova\/lovamas\/sesion-7\/\"]}]},{\"@type\":\"ImageObject\",\"inLanguage\":\"es\",\"@id\":\"https:\/\/www.teatroreal.es\/proyectolova\/lovamas\/sesion-7\/#primaryimage\",\"url\":\"https:\/\/www.teatroreal.es\/proyectolova\/wp-content\/uploads\/2021\/03\/traditional-south-thailand-shadow-puppet-show-thailand-scaled.jpg\",\"contentUrl\":\"https:\/\/www.teatroreal.es\/proyectolova\/wp-content\/uploads\/2021\/03\/traditional-south-thailand-shadow-puppet-show-thailand-scaled.jpg\",\"width\":2560,\"height\":1641,\"caption\":\"Traditional south of Thailand Shadow Puppet Show,Thailand\"},{\"@type\":\"BreadcrumbList\",\"@id\":\"https:\/\/www.teatroreal.es\/proyectolova\/lovamas\/sesion-7\/#breadcrumb\",\"itemListElement\":[{\"@type\":\"ListItem\",\"position\":1,\"name\":\"Portada\",\"item\":\"https:\/\/www.teatroreal.es\/proyectolova\/\"},{\"@type\":\"ListItem\",\"position\":2,\"name\":\"ON-LINE\",\"item\":\"https:\/\/www.teatroreal.es\/proyectolova\/lovamas\/\"},{\"@type\":\"ListItem\",\"position\":3,\"name\":\"Titireando &#8211; Sesi\u00f3n 7 L\u00d3VA+\"}]},{\"@type\":\"WebSite\",\"@id\":\"https:\/\/www.teatroreal.es\/proyectolova\/#website\",\"url\":\"https:\/\/www.teatroreal.es\/proyectolova\/\",\"name\":\"L\u00d3VA\",\"description\":\"La \u00d3pera, un Veh\u00edculo de Aprendizaje\",\"publisher\":{\"@id\":\"https:\/\/www.teatroreal.es\/proyectolova\/#organization\"},\"potentialAction\":[{\"@type\":\"SearchAction\",\"target\":{\"@type\":\"EntryPoint\",\"urlTemplate\":\"https:\/\/www.teatroreal.es\/proyectolova\/?s={search_term_string}\"},\"query-input\":{\"@type\":\"PropertyValueSpecification\",\"valueRequired\":true,\"valueName\":\"search_term_string\"}}],\"inLanguage\":\"es\"},{\"@type\":\"Organization\",\"@id\":\"https:\/\/www.teatroreal.es\/proyectolova\/#organization\",\"name\":\"L\u00d3VA\",\"url\":\"https:\/\/www.teatroreal.es\/proyectolova\/\",\"logo\":{\"@type\":\"ImageObject\",\"inLanguage\":\"es\",\"@id\":\"https:\/\/www.teatroreal.es\/proyectolova\/#\/schema\/logo\/image\/\",\"url\":\"https:\/\/www.teatroreal.es\/proyectolova\/wp-content\/uploads\/2018\/01\/logo-L\u00d3VA-Marin\u00e9.jpg\",\"contentUrl\":\"https:\/\/www.teatroreal.es\/proyectolova\/wp-content\/uploads\/2018\/01\/logo-L\u00d3VA-Marin\u00e9.jpg\",\"width\":1890,\"height\":2848,\"caption\":\"L\u00d3VA\"},\"image\":{\"@id\":\"https:\/\/www.teatroreal.es\/proyectolova\/#\/schema\/logo\/image\/\"},\"sameAs\":[\"https:\/\/www.facebook.com\/proyectolova\/\",\"https:\/\/x.com\/proyectolova\",\"https:\/\/www.instagram.com\/proyectolova\/\",\"https:\/\/www.linkedin.com\/company\/proyectolova\/\",\"https:\/\/www.youtube.com\/user\/mecenartis\"]}]}<\/script>\n<!-- \/ Yoast SEO plugin. -->","yoast_head_json":{"title":"Titireando - Sesi\u00f3n 7 L\u00d3VA+ - L\u00d3VA","robots":{"index":"index","follow":"follow","max-snippet":"max-snippet:-1","max-image-preview":"max-image-preview:large","max-video-preview":"max-video-preview:-1"},"canonical":"https:\/\/www.teatroreal.es\/proyectolova\/lovamas\/sesion-7\/","og_locale":"es_ES","og_type":"article","og_title":"Titireando - Sesi\u00f3n 7 L\u00d3VA+ - L\u00d3VA","og_description":"La \u00faltima sesi\u00f3n de este segundo trimestre\u00a0 tuvo lugar el mi\u00e9rcoles 1o de marzo. Aqu\u00ed te dejamos el v\u00eddeo de la sesi\u00f3n: \u00bfC\u00f3mo inventar una historia? \u00bfC\u00f3mo plantear las escenas? \u00bfC\u00f3mo escribir el guion? \u00bfC\u00f3mo construir un t\u00edtere? \u00bfC\u00f3mo crear los personajes? \u00bfC\u00f3mo dar vida a un t\u00edtere? \u00bfQu\u00e9 es una paleta de gestos? Para ... Read more","og_url":"https:\/\/www.teatroreal.es\/proyectolova\/lovamas\/sesion-7\/","og_site_name":"L\u00d3VA","article_publisher":"https:\/\/www.facebook.com\/proyectolova\/","article_modified_time":"2021-03-23T12:52:56+00:00","og_image":[{"width":2560,"height":1641,"url":"https:\/\/www.teatroreal.es\/proyectolova\/wp-content\/uploads\/2021\/03\/traditional-south-thailand-shadow-puppet-show-thailand-scaled.jpg","type":"image\/jpeg"}],"twitter_card":"summary_large_image","twitter_site":"@proyectolova","twitter_misc":{"Tiempo de lectura":"3 minutos"},"schema":{"@context":"https:\/\/schema.org","@graph":[{"@type":"WebPage","@id":"https:\/\/www.teatroreal.es\/proyectolova\/lovamas\/sesion-7\/","url":"https:\/\/www.teatroreal.es\/proyectolova\/lovamas\/sesion-7\/","name":"Titireando - Sesi\u00f3n 7 L\u00d3VA+ - L\u00d3VA","isPartOf":{"@id":"https:\/\/www.teatroreal.es\/proyectolova\/#website"},"primaryImageOfPage":{"@id":"https:\/\/www.teatroreal.es\/proyectolova\/lovamas\/sesion-7\/#primaryimage"},"image":{"@id":"https:\/\/www.teatroreal.es\/proyectolova\/lovamas\/sesion-7\/#primaryimage"},"thumbnailUrl":"https:\/\/www.teatroreal.es\/proyectolova\/wp-content\/uploads\/2021\/03\/traditional-south-thailand-shadow-puppet-show-thailand-scaled.jpg","datePublished":"2021-03-15T11:36:05+00:00","dateModified":"2021-03-23T12:52:56+00:00","breadcrumb":{"@id":"https:\/\/www.teatroreal.es\/proyectolova\/lovamas\/sesion-7\/#breadcrumb"},"inLanguage":"es","potentialAction":[{"@type":"ReadAction","target":["https:\/\/www.teatroreal.es\/proyectolova\/lovamas\/sesion-7\/"]}]},{"@type":"ImageObject","inLanguage":"es","@id":"https:\/\/www.teatroreal.es\/proyectolova\/lovamas\/sesion-7\/#primaryimage","url":"https:\/\/www.teatroreal.es\/proyectolova\/wp-content\/uploads\/2021\/03\/traditional-south-thailand-shadow-puppet-show-thailand-scaled.jpg","contentUrl":"https:\/\/www.teatroreal.es\/proyectolova\/wp-content\/uploads\/2021\/03\/traditional-south-thailand-shadow-puppet-show-thailand-scaled.jpg","width":2560,"height":1641,"caption":"Traditional south of Thailand Shadow Puppet Show,Thailand"},{"@type":"BreadcrumbList","@id":"https:\/\/www.teatroreal.es\/proyectolova\/lovamas\/sesion-7\/#breadcrumb","itemListElement":[{"@type":"ListItem","position":1,"name":"Portada","item":"https:\/\/www.teatroreal.es\/proyectolova\/"},{"@type":"ListItem","position":2,"name":"ON-LINE","item":"https:\/\/www.teatroreal.es\/proyectolova\/lovamas\/"},{"@type":"ListItem","position":3,"name":"Titireando &#8211; Sesi\u00f3n 7 L\u00d3VA+"}]},{"@type":"WebSite","@id":"https:\/\/www.teatroreal.es\/proyectolova\/#website","url":"https:\/\/www.teatroreal.es\/proyectolova\/","name":"L\u00d3VA","description":"La \u00d3pera, un Veh\u00edculo de Aprendizaje","publisher":{"@id":"https:\/\/www.teatroreal.es\/proyectolova\/#organization"},"potentialAction":[{"@type":"SearchAction","target":{"@type":"EntryPoint","urlTemplate":"https:\/\/www.teatroreal.es\/proyectolova\/?s={search_term_string}"},"query-input":{"@type":"PropertyValueSpecification","valueRequired":true,"valueName":"search_term_string"}}],"inLanguage":"es"},{"@type":"Organization","@id":"https:\/\/www.teatroreal.es\/proyectolova\/#organization","name":"L\u00d3VA","url":"https:\/\/www.teatroreal.es\/proyectolova\/","logo":{"@type":"ImageObject","inLanguage":"es","@id":"https:\/\/www.teatroreal.es\/proyectolova\/#\/schema\/logo\/image\/","url":"https:\/\/www.teatroreal.es\/proyectolova\/wp-content\/uploads\/2018\/01\/logo-L\u00d3VA-Marin\u00e9.jpg","contentUrl":"https:\/\/www.teatroreal.es\/proyectolova\/wp-content\/uploads\/2018\/01\/logo-L\u00d3VA-Marin\u00e9.jpg","width":1890,"height":2848,"caption":"L\u00d3VA"},"image":{"@id":"https:\/\/www.teatroreal.es\/proyectolova\/#\/schema\/logo\/image\/"},"sameAs":["https:\/\/www.facebook.com\/proyectolova\/","https:\/\/x.com\/proyectolova","https:\/\/www.instagram.com\/proyectolova\/","https:\/\/www.linkedin.com\/company\/proyectolova\/","https:\/\/www.youtube.com\/user\/mecenartis"]}]}},"_links":{"self":[{"href":"https:\/\/www.teatroreal.es\/proyectolova\/wp-json\/wp\/v2\/pages\/8162","targetHints":{"allow":["GET"]}}],"collection":[{"href":"https:\/\/www.teatroreal.es\/proyectolova\/wp-json\/wp\/v2\/pages"}],"about":[{"href":"https:\/\/www.teatroreal.es\/proyectolova\/wp-json\/wp\/v2\/types\/page"}],"author":[{"embeddable":true,"href":"https:\/\/www.teatroreal.es\/proyectolova\/wp-json\/wp\/v2\/users\/151"}],"replies":[{"embeddable":true,"href":"https:\/\/www.teatroreal.es\/proyectolova\/wp-json\/wp\/v2\/comments?post=8162"}],"version-history":[{"count":22,"href":"https:\/\/www.teatroreal.es\/proyectolova\/wp-json\/wp\/v2\/pages\/8162\/revisions"}],"predecessor-version":[{"id":8197,"href":"https:\/\/www.teatroreal.es\/proyectolova\/wp-json\/wp\/v2\/pages\/8162\/revisions\/8197"}],"up":[{"embeddable":true,"href":"https:\/\/www.teatroreal.es\/proyectolova\/wp-json\/wp\/v2\/pages\/7369"}],"wp:featuredmedia":[{"embeddable":true,"href":"https:\/\/www.teatroreal.es\/proyectolova\/wp-json\/wp\/v2\/media\/8180"}],"wp:attachment":[{"href":"https:\/\/www.teatroreal.es\/proyectolova\/wp-json\/wp\/v2\/media?parent=8162"}],"wp:term":[{"taxonomy":"hashtags","embeddable":true,"href":"https:\/\/www.teatroreal.es\/proyectolova\/wp-json\/wp\/v2\/hashtags?post=8162"}],"curies":[{"name":"wp","href":"https:\/\/api.w.org\/{rel}","templated":true}]}}