{"id":9030,"date":"2022-09-06T11:24:46","date_gmt":"2022-09-06T09:24:46","guid":{"rendered":"https:\/\/www.teatroreal.es\/proyectolova\/?page_id=9030"},"modified":"2022-09-07T12:41:10","modified_gmt":"2022-09-07T10:41:10","slug":"taller-bailarelcurriculum","status":"publish","type":"page","link":"https:\/\/www.teatroreal.es\/proyectolova\/actividades-curso-lova\/aprendanza-2\/aprendanza-22\/taller-bailarelcurriculum\/","title":{"rendered":"Taller"},"content":{"rendered":"\t\t<div data-elementor-type=\"wp-page\" data-elementor-id=\"9030\" class=\"elementor elementor-9030\" data-elementor-post-type=\"page\">\n\t\t\t\t\t\t<section class=\"elementor-section elementor-top-section elementor-element elementor-element-2838f0e elementor-section-boxed elementor-section-height-default elementor-section-height-default qodef-elementor-content-no\" data-id=\"2838f0e\" data-element_type=\"section\">\n\t\t\t\t\t\t<div class=\"elementor-container elementor-column-gap-default\">\n\t\t\t\t\t<div class=\"elementor-column elementor-col-100 elementor-top-column elementor-element elementor-element-4076c70\" data-id=\"4076c70\" data-element_type=\"column\">\n\t\t\t<div class=\"elementor-widget-wrap elementor-element-populated\">\n\t\t\t\t\t\t<div class=\"elementor-element elementor-element-385464a elementor-widget elementor-widget-heading\" data-id=\"385464a\" data-element_type=\"widget\" data-widget_type=\"heading.default\">\n\t\t\t\t<div class=\"elementor-widget-container\">\n\t\t\t\t\t<h2 class=\"elementor-heading-title elementor-size-default\">Taller<br>Danzar el curriculum<br>Leire Guezala de Mier<\/h2>\t\t\t\t<\/div>\n\t\t\t\t<\/div>\n\t\t\t\t\t<\/div>\n\t\t<\/div>\n\t\t\t\t\t<\/div>\n\t\t<\/section>\n\t\t\t\t<section class=\"elementor-section elementor-top-section elementor-element elementor-element-749c88e elementor-section-boxed elementor-section-height-default elementor-section-height-default qodef-elementor-content-no\" data-id=\"749c88e\" data-element_type=\"section\">\n\t\t\t\t\t\t<div class=\"elementor-container elementor-column-gap-default\">\n\t\t\t\t\t<div class=\"elementor-column elementor-col-100 elementor-top-column elementor-element elementor-element-fd88fa4\" data-id=\"fd88fa4\" data-element_type=\"column\">\n\t\t\t<div class=\"elementor-widget-wrap elementor-element-populated\">\n\t\t\t\t\t\t<div class=\"elementor-element elementor-element-4a8b098 elementor-widget elementor-widget-image\" data-id=\"4a8b098\" data-element_type=\"widget\" data-widget_type=\"image.default\">\n\t\t\t\t<div class=\"elementor-widget-container\">\n\t\t\t\t\t\t\t\t\t\t\t\t<figure class=\"wp-caption\">\n\t\t\t\t\t\t\t\t\t\t<img fetchpriority=\"high\" decoding=\"async\" width=\"768\" height=\"577\" src=\"https:\/\/www.teatroreal.es\/proyectolova\/wp-content\/uploads\/2022\/09\/Leire-Guezala-de-Mier..-1-768x577.jpg\" class=\"attachment-medium_large size-medium_large wp-image-9037\" alt=\"\" srcset=\"https:\/\/www.teatroreal.es\/proyectolova\/wp-content\/uploads\/2022\/09\/Leire-Guezala-de-Mier..-1-768x577.jpg 768w, https:\/\/www.teatroreal.es\/proyectolova\/wp-content\/uploads\/2022\/09\/Leire-Guezala-de-Mier..-1-300x225.jpg 300w, https:\/\/www.teatroreal.es\/proyectolova\/wp-content\/uploads\/2022\/09\/Leire-Guezala-de-Mier..-1-1024x769.jpg 1024w, https:\/\/www.teatroreal.es\/proyectolova\/wp-content\/uploads\/2022\/09\/Leire-Guezala-de-Mier..-1-1536x1153.jpg 1536w, https:\/\/www.teatroreal.es\/proyectolova\/wp-content\/uploads\/2022\/09\/Leire-Guezala-de-Mier..-1-2048x1538.jpg 2048w\" sizes=\"(max-width: 768px) 100vw, 768px\" \/>\t\t\t\t\t\t\t\t\t\t\t<figcaption class=\"widget-image-caption wp-caption-text\">Foto: Leire Guezala de Mier<\/figcaption>\n\t\t\t\t\t\t\t\t\t\t<\/figure>\n\t\t\t\t\t\t\t\t\t<\/div>\n\t\t\t\t<\/div>\n\t\t\t\t\t<\/div>\n\t\t<\/div>\n\t\t\t\t\t<\/div>\n\t\t<\/section>\n\t\t\t\t<section class=\"elementor-section elementor-top-section elementor-element elementor-element-ccfa310 elementor-section-boxed elementor-section-height-default elementor-section-height-default qodef-elementor-content-no\" data-id=\"ccfa310\" data-element_type=\"section\">\n\t\t\t\t\t\t<div class=\"elementor-container elementor-column-gap-default\">\n\t\t\t\t\t<div class=\"elementor-column elementor-col-100 elementor-top-column elementor-element elementor-element-d7863cb\" data-id=\"d7863cb\" data-element_type=\"column\">\n\t\t\t<div class=\"elementor-widget-wrap elementor-element-populated\">\n\t\t\t\t\t\t<div class=\"elementor-element elementor-element-02ef123 elementor-icon-list--layout-traditional elementor-list-item-link-full_width elementor-widget elementor-widget-icon-list\" data-id=\"02ef123\" data-element_type=\"widget\" data-widget_type=\"icon-list.default\">\n\t\t\t\t<div class=\"elementor-widget-container\">\n\t\t\t\t\t\t\t<ul class=\"elementor-icon-list-items\">\n\t\t\t\t\t\t\t<li class=\"elementor-icon-list-item\">\n\t\t\t\t\t\t\t\t\t\t\t<span class=\"elementor-icon-list-icon\">\n\t\t\t\t\t\t\t<i aria-hidden=\"true\" class=\"far fa-calendar\"><\/i>\t\t\t\t\t\t<\/span>\n\t\t\t\t\t\t\t\t\t\t<span class=\"elementor-icon-list-text\">24 de septiembre<\/span>\n\t\t\t\t\t\t\t\t\t<\/li>\n\t\t\t\t\t\t\t\t<li class=\"elementor-icon-list-item\">\n\t\t\t\t\t\t\t\t\t\t\t<span class=\"elementor-icon-list-icon\">\n\t\t\t\t\t\t\t<i aria-hidden=\"true\" class=\"far fa-clock\"><\/i>\t\t\t\t\t\t<\/span>\n\t\t\t\t\t\t\t\t\t\t<span class=\"elementor-icon-list-text\">16 a 18h y 18h30 a 20h30<\/span>\n\t\t\t\t\t\t\t\t\t<\/li>\n\t\t\t\t\t\t\t\t<li class=\"elementor-icon-list-item\">\n\t\t\t\t\t\t\t\t\t\t\t<span class=\"elementor-icon-list-icon\">\n\t\t\t\t\t\t\t<i aria-hidden=\"true\" class=\"fas fa-thumbtack\"><\/i>\t\t\t\t\t\t<\/span>\n\t\t\t\t\t\t\t\t\t\t<span class=\"elementor-icon-list-text\">Presencial. Teatro Real. Sala Gayarre<\/span>\n\t\t\t\t\t\t\t\t\t<\/li>\n\t\t\t\t\t\t<\/ul>\n\t\t\t\t\t\t<\/div>\n\t\t\t\t<\/div>\n\t\t\t\t<div class=\"elementor-element elementor-element-39c2fbe elementor-widget-divider--view-line elementor-widget elementor-widget-divider\" data-id=\"39c2fbe\" data-element_type=\"widget\" data-widget_type=\"divider.default\">\n\t\t\t\t<div class=\"elementor-widget-container\">\n\t\t\t\t\t\t\t<div class=\"elementor-divider\">\n\t\t\t<span class=\"elementor-divider-separator\">\n\t\t\t\t\t\t<\/span>\n\t\t<\/div>\n\t\t\t\t\t\t<\/div>\n\t\t\t\t<\/div>\n\t\t\t\t\t<\/div>\n\t\t<\/div>\n\t\t\t\t\t<\/div>\n\t\t<\/section>\n\t\t\t\t<section class=\"elementor-section elementor-top-section elementor-element elementor-element-451d66e elementor-section-boxed elementor-section-height-default elementor-section-height-default qodef-elementor-content-no\" data-id=\"451d66e\" data-element_type=\"section\">\n\t\t\t\t\t\t<div class=\"elementor-container elementor-column-gap-default\">\n\t\t\t\t\t<div class=\"elementor-column elementor-col-100 elementor-top-column elementor-element elementor-element-2fb6be5\" data-id=\"2fb6be5\" data-element_type=\"column\">\n\t\t\t<div class=\"elementor-widget-wrap elementor-element-populated\">\n\t\t\t\t\t\t<div class=\"elementor-element elementor-element-f9b40db elementor-widget elementor-widget-text-editor\" data-id=\"f9b40db\" data-element_type=\"widget\" data-widget_type=\"text-editor.default\">\n\t\t\t\t<div class=\"elementor-widget-container\">\n\t\t\t\t\t\t\t\t\t<p dir=\"ltr\">En el taller analizaremos un tema de ciencias \u00abFuerzas\u00bb, enfocada a alumnos de quinto de primaria. Dentro del tema, exploraremos diferentes m\u00e1quinas simples (poleas, engranajes, palancas, muelles\u2026). Con el material seleccionado, finalizaremos el taller simulando una m\u00e1quina compleja humana incluyendo los diferentes componentes explorados durante la sesi\u00f3n.&nbsp;<\/p>\n<p dir=\"ltr\"><b>Leire Guezala de Mier \u2013 Especialista en danza creativa educacional (Londres)<\/b><\/p>\n<p><span style=\"font-weight: 400;\">Leire Guezala de Mier es Especialista en Danza Creativa Educacional y reside en Londres desde el a\u00f1o 1997. Durante 6 a\u00f1os estuvo combinando sus estudios, impartiendo cursos y proyectos de danza contempor\u00e1nea en c\u00e1rceles y correccionales de menores con la compa\u00f1\u00eda Dance United. En 2004 curs\u00f3 un Postgrado en Danza Comunitaria y Educacional en el Trinity Laban Conservatoire of Music &amp; Dance. Desde entonces dirige toda su atenci\u00f3n profesional a la danza creativa en Educaci\u00f3n Primaria. Todo su trabajo est\u00e1 estrechamente relacionado con el curr\u00edculo nacional escolar ingl\u00e9s, contribuyendo a la inclusi\u00f3n del aprendizaje corporal en las programaciones curriculares de las diferentes asignaturas del ciclo de educaci\u00f3n primaria. En la misma l\u00ednea, Leire imparte cursos de desarrollo de formaci\u00f3n profesional al profesorado de Educaci\u00f3n de Primaria.<\/span><\/p>\n<p>Twitter: @lguezala<\/p>\t\t\t\t\t\t\t\t<\/div>\n\t\t\t\t<\/div>\n\t\t\t\t\t<\/div>\n\t\t<\/div>\n\t\t\t\t\t<\/div>\n\t\t<\/section>\n\t\t\t\t<section class=\"elementor-section elementor-top-section elementor-element elementor-element-2358556 elementor-section-boxed elementor-section-height-default elementor-section-height-default qodef-elementor-content-no\" data-id=\"2358556\" data-element_type=\"section\">\n\t\t\t\t\t\t<div class=\"elementor-container elementor-column-gap-default\">\n\t\t\t\t\t<div class=\"elementor-column elementor-col-50 elementor-top-column elementor-element elementor-element-c1e33c6\" data-id=\"c1e33c6\" data-element_type=\"column\">\n\t\t\t<div class=\"elementor-widget-wrap elementor-element-populated\">\n\t\t\t\t\t\t<div class=\"elementor-element elementor-element-8ceacde elementor-widget elementor-widget-image\" data-id=\"8ceacde\" data-element_type=\"widget\" data-widget_type=\"image.default\">\n\t\t\t\t<div class=\"elementor-widget-container\">\n\t\t\t\t\t\t\t\t\t\t\t\t\t\t\t<img decoding=\"async\" width=\"768\" height=\"512\" src=\"https:\/\/www.teatroreal.es\/proyectolova\/wp-content\/uploads\/2022\/09\/Stweart-Gudgeon.-1-768x512.jpg\" class=\"attachment-medium_large size-medium_large wp-image-9089\" alt=\"\" srcset=\"https:\/\/www.teatroreal.es\/proyectolova\/wp-content\/uploads\/2022\/09\/Stweart-Gudgeon.-1-768x512.jpg 768w, https:\/\/www.teatroreal.es\/proyectolova\/wp-content\/uploads\/2022\/09\/Stweart-Gudgeon.-1-300x200.jpg 300w, https:\/\/www.teatroreal.es\/proyectolova\/wp-content\/uploads\/2022\/09\/Stweart-Gudgeon.-1-1024x683.jpg 1024w, https:\/\/www.teatroreal.es\/proyectolova\/wp-content\/uploads\/2022\/09\/Stweart-Gudgeon.-1-1536x1024.jpg 1536w, https:\/\/www.teatroreal.es\/proyectolova\/wp-content\/uploads\/2022\/09\/Stweart-Gudgeon.-1.jpg 1620w\" sizes=\"(max-width: 768px) 100vw, 768px\" \/>\t\t\t\t\t\t\t\t\t\t\t\t\t\t\t<\/div>\n\t\t\t\t<\/div>\n\t\t\t\t\t<\/div>\n\t\t<\/div>\n\t\t\t\t<div class=\"elementor-column elementor-col-50 elementor-top-column elementor-element elementor-element-4be6af5\" data-id=\"4be6af5\" data-element_type=\"column\">\n\t\t\t<div class=\"elementor-widget-wrap elementor-element-populated\">\n\t\t\t\t\t\t<div class=\"elementor-element elementor-element-5b102ce elementor-widget elementor-widget-image\" data-id=\"5b102ce\" data-element_type=\"widget\" data-widget_type=\"image.default\">\n\t\t\t\t<div class=\"elementor-widget-container\">\n\t\t\t\t\t\t\t\t\t\t\t\t\t\t\t<img decoding=\"async\" width=\"1024\" height=\"683\" src=\"https:\/\/www.teatroreal.es\/proyectolova\/wp-content\/uploads\/2022\/09\/Stweart-Gudgeon-1-1024x683.jpg\" class=\"attachment-large size-large wp-image-9088\" alt=\"\" srcset=\"https:\/\/www.teatroreal.es\/proyectolova\/wp-content\/uploads\/2022\/09\/Stweart-Gudgeon-1-1024x683.jpg 1024w, https:\/\/www.teatroreal.es\/proyectolova\/wp-content\/uploads\/2022\/09\/Stweart-Gudgeon-1-300x200.jpg 300w, https:\/\/www.teatroreal.es\/proyectolova\/wp-content\/uploads\/2022\/09\/Stweart-Gudgeon-1-768x512.jpg 768w, https:\/\/www.teatroreal.es\/proyectolova\/wp-content\/uploads\/2022\/09\/Stweart-Gudgeon-1-1536x1024.jpg 1536w, https:\/\/www.teatroreal.es\/proyectolova\/wp-content\/uploads\/2022\/09\/Stweart-Gudgeon-1.jpg 1620w\" sizes=\"(max-width: 1024px) 100vw, 1024px\" \/>\t\t\t\t\t\t\t\t\t\t\t\t\t\t\t<\/div>\n\t\t\t\t<\/div>\n\t\t\t\t\t<\/div>\n\t\t<\/div>\n\t\t\t\t\t<\/div>\n\t\t<\/section>\n\t\t\t\t<\/div>\n\t\t","protected":false},"excerpt":{"rendered":"<p>TallerDanzar el curriculumLeire Guezala de Mier Foto: Leire Guezala de Mier 24 de septiembre 16 a 18h y 18h30 a 20h30 Presencial. Teatro Real. Sala Gayarre En el taller analizaremos un tema de ciencias \u00abFuerzas\u00bb, enfocada a alumnos de quinto de primaria. Dentro del tema, exploraremos diferentes m\u00e1quinas simples (poleas, engranajes, palancas, muelles\u2026). Con el &#8230; <a title=\"Taller\" class=\"read-more\" href=\"https:\/\/www.teatroreal.es\/proyectolova\/actividades-curso-lova\/aprendanza-2\/aprendanza-22\/taller-bailarelcurriculum\/\">Read more<\/a><\/p>\n","protected":false},"author":168,"featured_media":0,"parent":9003,"menu_order":0,"comment_status":"closed","ping_status":"closed","template":"","meta":{"footnotes":""},"hashtags":[],"class_list":["post-9030","page","type-page","status-publish"],"yoast_head":"<!-- This site is optimized with the Yoast SEO plugin v26.8 - https:\/\/yoast.com\/product\/yoast-seo-wordpress\/ -->\n<title>Taller - L\u00d3VA<\/title>\n<meta name=\"robots\" content=\"index, follow, max-snippet:-1, max-image-preview:large, max-video-preview:-1\" \/>\n<link rel=\"canonical\" href=\"https:\/\/www.teatroreal.es\/proyectolova\/actividades-curso-lova\/aprendanza-2\/aprendanza-22\/taller-bailarelcurriculum\/\" \/>\n<meta property=\"og:locale\" content=\"es_ES\" \/>\n<meta property=\"og:type\" content=\"article\" \/>\n<meta property=\"og:title\" content=\"Taller - L\u00d3VA\" \/>\n<meta property=\"og:description\" content=\"TallerDanzar el curriculumLeire Guezala de Mier Foto: Leire Guezala de Mier 24 de septiembre 16 a 18h y 18h30 a 20h30 Presencial. Teatro Real. Sala Gayarre En el taller analizaremos un tema de ciencias \u00abFuerzas\u00bb, enfocada a alumnos de quinto de primaria. Dentro del tema, exploraremos diferentes m\u00e1quinas simples (poleas, engranajes, palancas, muelles\u2026). Con el ... Read more\" \/>\n<meta property=\"og:url\" content=\"https:\/\/www.teatroreal.es\/proyectolova\/actividades-curso-lova\/aprendanza-2\/aprendanza-22\/taller-bailarelcurriculum\/\" \/>\n<meta property=\"og:site_name\" content=\"L\u00d3VA\" \/>\n<meta property=\"article:publisher\" content=\"https:\/\/www.facebook.com\/proyectolova\/\" \/>\n<meta property=\"article:modified_time\" content=\"2022-09-07T10:41:10+00:00\" \/>\n<meta property=\"og:image\" content=\"https:\/\/www.teatroreal.es\/proyectolova\/wp-content\/uploads\/2022\/09\/Leire-Guezala-de-Mier..-1-768x577.jpg\" \/>\n<meta name=\"twitter:card\" content=\"summary_large_image\" \/>\n<meta name=\"twitter:site\" content=\"@proyectolova\" \/>\n<meta name=\"twitter:label1\" content=\"Tiempo de lectura\" \/>\n\t<meta name=\"twitter:data1\" content=\"1 minuto\" \/>\n<script type=\"application\/ld+json\" class=\"yoast-schema-graph\">{\"@context\":\"https:\/\/schema.org\",\"@graph\":[{\"@type\":\"WebPage\",\"@id\":\"https:\/\/www.teatroreal.es\/proyectolova\/actividades-curso-lova\/aprendanza-2\/aprendanza-22\/taller-bailarelcurriculum\/\",\"url\":\"https:\/\/www.teatroreal.es\/proyectolova\/actividades-curso-lova\/aprendanza-2\/aprendanza-22\/taller-bailarelcurriculum\/\",\"name\":\"Taller - L\u00d3VA\",\"isPartOf\":{\"@id\":\"https:\/\/www.teatroreal.es\/proyectolova\/#website\"},\"primaryImageOfPage\":{\"@id\":\"https:\/\/www.teatroreal.es\/proyectolova\/actividades-curso-lova\/aprendanza-2\/aprendanza-22\/taller-bailarelcurriculum\/#primaryimage\"},\"image\":{\"@id\":\"https:\/\/www.teatroreal.es\/proyectolova\/actividades-curso-lova\/aprendanza-2\/aprendanza-22\/taller-bailarelcurriculum\/#primaryimage\"},\"thumbnailUrl\":\"https:\/\/www.teatroreal.es\/proyectolova\/wp-content\/uploads\/2022\/09\/Leire-Guezala-de-Mier..-1-768x577.jpg\",\"datePublished\":\"2022-09-06T09:24:46+00:00\",\"dateModified\":\"2022-09-07T10:41:10+00:00\",\"breadcrumb\":{\"@id\":\"https:\/\/www.teatroreal.es\/proyectolova\/actividades-curso-lova\/aprendanza-2\/aprendanza-22\/taller-bailarelcurriculum\/#breadcrumb\"},\"inLanguage\":\"es\",\"potentialAction\":[{\"@type\":\"ReadAction\",\"target\":[\"https:\/\/www.teatroreal.es\/proyectolova\/actividades-curso-lova\/aprendanza-2\/aprendanza-22\/taller-bailarelcurriculum\/\"]}]},{\"@type\":\"ImageObject\",\"inLanguage\":\"es\",\"@id\":\"https:\/\/www.teatroreal.es\/proyectolova\/actividades-curso-lova\/aprendanza-2\/aprendanza-22\/taller-bailarelcurriculum\/#primaryimage\",\"url\":\"https:\/\/www.teatroreal.es\/proyectolova\/wp-content\/uploads\/2022\/09\/Leire-Guezala-de-Mier..-1.jpg\",\"contentUrl\":\"https:\/\/www.teatroreal.es\/proyectolova\/wp-content\/uploads\/2022\/09\/Leire-Guezala-de-Mier..-1.jpg\",\"width\":2296,\"height\":1724},{\"@type\":\"BreadcrumbList\",\"@id\":\"https:\/\/www.teatroreal.es\/proyectolova\/actividades-curso-lova\/aprendanza-2\/aprendanza-22\/taller-bailarelcurriculum\/#breadcrumb\",\"itemListElement\":[{\"@type\":\"ListItem\",\"position\":1,\"name\":\"Portada\",\"item\":\"https:\/\/www.teatroreal.es\/proyectolova\/\"},{\"@type\":\"ListItem\",\"position\":2,\"name\":\"Actividades\",\"item\":\"https:\/\/www.teatroreal.es\/proyectolova\/?page_id=1725\"},{\"@type\":\"ListItem\",\"position\":3,\"name\":\"APRENDANZA\",\"item\":\"https:\/\/www.teatroreal.es\/proyectolova\/actividades-curso-lova\/aprendanza-2\/\"},{\"@type\":\"ListItem\",\"position\":4,\"name\":\"aprendanza 22\",\"item\":\"https:\/\/www.teatroreal.es\/proyectolova\/actividades-curso-lova\/aprendanza-2\/aprendanza-22\/\"},{\"@type\":\"ListItem\",\"position\":5,\"name\":\"Taller\"}]},{\"@type\":\"WebSite\",\"@id\":\"https:\/\/www.teatroreal.es\/proyectolova\/#website\",\"url\":\"https:\/\/www.teatroreal.es\/proyectolova\/\",\"name\":\"L\u00d3VA\",\"description\":\"La \u00d3pera, un Veh\u00edculo de Aprendizaje\",\"publisher\":{\"@id\":\"https:\/\/www.teatroreal.es\/proyectolova\/#organization\"},\"potentialAction\":[{\"@type\":\"SearchAction\",\"target\":{\"@type\":\"EntryPoint\",\"urlTemplate\":\"https:\/\/www.teatroreal.es\/proyectolova\/?s={search_term_string}\"},\"query-input\":{\"@type\":\"PropertyValueSpecification\",\"valueRequired\":true,\"valueName\":\"search_term_string\"}}],\"inLanguage\":\"es\"},{\"@type\":\"Organization\",\"@id\":\"https:\/\/www.teatroreal.es\/proyectolova\/#organization\",\"name\":\"L\u00d3VA\",\"url\":\"https:\/\/www.teatroreal.es\/proyectolova\/\",\"logo\":{\"@type\":\"ImageObject\",\"inLanguage\":\"es\",\"@id\":\"https:\/\/www.teatroreal.es\/proyectolova\/#\/schema\/logo\/image\/\",\"url\":\"https:\/\/www.teatroreal.es\/proyectolova\/wp-content\/uploads\/2018\/01\/logo-L\u00d3VA-Marin\u00e9.jpg\",\"contentUrl\":\"https:\/\/www.teatroreal.es\/proyectolova\/wp-content\/uploads\/2018\/01\/logo-L\u00d3VA-Marin\u00e9.jpg\",\"width\":1890,\"height\":2848,\"caption\":\"L\u00d3VA\"},\"image\":{\"@id\":\"https:\/\/www.teatroreal.es\/proyectolova\/#\/schema\/logo\/image\/\"},\"sameAs\":[\"https:\/\/www.facebook.com\/proyectolova\/\",\"https:\/\/x.com\/proyectolova\",\"https:\/\/www.instagram.com\/proyectolova\/\",\"https:\/\/www.linkedin.com\/company\/proyectolova\/\",\"https:\/\/www.youtube.com\/user\/mecenartis\"]}]}<\/script>\n<!-- \/ Yoast SEO plugin. -->","yoast_head_json":{"title":"Taller - L\u00d3VA","robots":{"index":"index","follow":"follow","max-snippet":"max-snippet:-1","max-image-preview":"max-image-preview:large","max-video-preview":"max-video-preview:-1"},"canonical":"https:\/\/www.teatroreal.es\/proyectolova\/actividades-curso-lova\/aprendanza-2\/aprendanza-22\/taller-bailarelcurriculum\/","og_locale":"es_ES","og_type":"article","og_title":"Taller - L\u00d3VA","og_description":"TallerDanzar el curriculumLeire Guezala de Mier Foto: Leire Guezala de Mier 24 de septiembre 16 a 18h y 18h30 a 20h30 Presencial. Teatro Real. Sala Gayarre En el taller analizaremos un tema de ciencias \u00abFuerzas\u00bb, enfocada a alumnos de quinto de primaria. Dentro del tema, exploraremos diferentes m\u00e1quinas simples (poleas, engranajes, palancas, muelles\u2026). Con el ... Read more","og_url":"https:\/\/www.teatroreal.es\/proyectolova\/actividades-curso-lova\/aprendanza-2\/aprendanza-22\/taller-bailarelcurriculum\/","og_site_name":"L\u00d3VA","article_publisher":"https:\/\/www.facebook.com\/proyectolova\/","article_modified_time":"2022-09-07T10:41:10+00:00","og_image":[{"url":"https:\/\/www.teatroreal.es\/proyectolova\/wp-content\/uploads\/2022\/09\/Leire-Guezala-de-Mier..-1-768x577.jpg","type":"","width":"","height":""}],"twitter_card":"summary_large_image","twitter_site":"@proyectolova","twitter_misc":{"Tiempo de lectura":"1 minuto"},"schema":{"@context":"https:\/\/schema.org","@graph":[{"@type":"WebPage","@id":"https:\/\/www.teatroreal.es\/proyectolova\/actividades-curso-lova\/aprendanza-2\/aprendanza-22\/taller-bailarelcurriculum\/","url":"https:\/\/www.teatroreal.es\/proyectolova\/actividades-curso-lova\/aprendanza-2\/aprendanza-22\/taller-bailarelcurriculum\/","name":"Taller - L\u00d3VA","isPartOf":{"@id":"https:\/\/www.teatroreal.es\/proyectolova\/#website"},"primaryImageOfPage":{"@id":"https:\/\/www.teatroreal.es\/proyectolova\/actividades-curso-lova\/aprendanza-2\/aprendanza-22\/taller-bailarelcurriculum\/#primaryimage"},"image":{"@id":"https:\/\/www.teatroreal.es\/proyectolova\/actividades-curso-lova\/aprendanza-2\/aprendanza-22\/taller-bailarelcurriculum\/#primaryimage"},"thumbnailUrl":"https:\/\/www.teatroreal.es\/proyectolova\/wp-content\/uploads\/2022\/09\/Leire-Guezala-de-Mier..-1-768x577.jpg","datePublished":"2022-09-06T09:24:46+00:00","dateModified":"2022-09-07T10:41:10+00:00","breadcrumb":{"@id":"https:\/\/www.teatroreal.es\/proyectolova\/actividades-curso-lova\/aprendanza-2\/aprendanza-22\/taller-bailarelcurriculum\/#breadcrumb"},"inLanguage":"es","potentialAction":[{"@type":"ReadAction","target":["https:\/\/www.teatroreal.es\/proyectolova\/actividades-curso-lova\/aprendanza-2\/aprendanza-22\/taller-bailarelcurriculum\/"]}]},{"@type":"ImageObject","inLanguage":"es","@id":"https:\/\/www.teatroreal.es\/proyectolova\/actividades-curso-lova\/aprendanza-2\/aprendanza-22\/taller-bailarelcurriculum\/#primaryimage","url":"https:\/\/www.teatroreal.es\/proyectolova\/wp-content\/uploads\/2022\/09\/Leire-Guezala-de-Mier..-1.jpg","contentUrl":"https:\/\/www.teatroreal.es\/proyectolova\/wp-content\/uploads\/2022\/09\/Leire-Guezala-de-Mier..-1.jpg","width":2296,"height":1724},{"@type":"BreadcrumbList","@id":"https:\/\/www.teatroreal.es\/proyectolova\/actividades-curso-lova\/aprendanza-2\/aprendanza-22\/taller-bailarelcurriculum\/#breadcrumb","itemListElement":[{"@type":"ListItem","position":1,"name":"Portada","item":"https:\/\/www.teatroreal.es\/proyectolova\/"},{"@type":"ListItem","position":2,"name":"Actividades","item":"https:\/\/www.teatroreal.es\/proyectolova\/?page_id=1725"},{"@type":"ListItem","position":3,"name":"APRENDANZA","item":"https:\/\/www.teatroreal.es\/proyectolova\/actividades-curso-lova\/aprendanza-2\/"},{"@type":"ListItem","position":4,"name":"aprendanza 22","item":"https:\/\/www.teatroreal.es\/proyectolova\/actividades-curso-lova\/aprendanza-2\/aprendanza-22\/"},{"@type":"ListItem","position":5,"name":"Taller"}]},{"@type":"WebSite","@id":"https:\/\/www.teatroreal.es\/proyectolova\/#website","url":"https:\/\/www.teatroreal.es\/proyectolova\/","name":"L\u00d3VA","description":"La \u00d3pera, un Veh\u00edculo de Aprendizaje","publisher":{"@id":"https:\/\/www.teatroreal.es\/proyectolova\/#organization"},"potentialAction":[{"@type":"SearchAction","target":{"@type":"EntryPoint","urlTemplate":"https:\/\/www.teatroreal.es\/proyectolova\/?s={search_term_string}"},"query-input":{"@type":"PropertyValueSpecification","valueRequired":true,"valueName":"search_term_string"}}],"inLanguage":"es"},{"@type":"Organization","@id":"https:\/\/www.teatroreal.es\/proyectolova\/#organization","name":"L\u00d3VA","url":"https:\/\/www.teatroreal.es\/proyectolova\/","logo":{"@type":"ImageObject","inLanguage":"es","@id":"https:\/\/www.teatroreal.es\/proyectolova\/#\/schema\/logo\/image\/","url":"https:\/\/www.teatroreal.es\/proyectolova\/wp-content\/uploads\/2018\/01\/logo-L\u00d3VA-Marin\u00e9.jpg","contentUrl":"https:\/\/www.teatroreal.es\/proyectolova\/wp-content\/uploads\/2018\/01\/logo-L\u00d3VA-Marin\u00e9.jpg","width":1890,"height":2848,"caption":"L\u00d3VA"},"image":{"@id":"https:\/\/www.teatroreal.es\/proyectolova\/#\/schema\/logo\/image\/"},"sameAs":["https:\/\/www.facebook.com\/proyectolova\/","https:\/\/x.com\/proyectolova","https:\/\/www.instagram.com\/proyectolova\/","https:\/\/www.linkedin.com\/company\/proyectolova\/","https:\/\/www.youtube.com\/user\/mecenartis"]}]}},"_links":{"self":[{"href":"https:\/\/www.teatroreal.es\/proyectolova\/wp-json\/wp\/v2\/pages\/9030","targetHints":{"allow":["GET"]}}],"collection":[{"href":"https:\/\/www.teatroreal.es\/proyectolova\/wp-json\/wp\/v2\/pages"}],"about":[{"href":"https:\/\/www.teatroreal.es\/proyectolova\/wp-json\/wp\/v2\/types\/page"}],"author":[{"embeddable":true,"href":"https:\/\/www.teatroreal.es\/proyectolova\/wp-json\/wp\/v2\/users\/168"}],"replies":[{"embeddable":true,"href":"https:\/\/www.teatroreal.es\/proyectolova\/wp-json\/wp\/v2\/comments?post=9030"}],"version-history":[{"count":14,"href":"https:\/\/www.teatroreal.es\/proyectolova\/wp-json\/wp\/v2\/pages\/9030\/revisions"}],"predecessor-version":[{"id":9246,"href":"https:\/\/www.teatroreal.es\/proyectolova\/wp-json\/wp\/v2\/pages\/9030\/revisions\/9246"}],"up":[{"embeddable":true,"href":"https:\/\/www.teatroreal.es\/proyectolova\/wp-json\/wp\/v2\/pages\/9003"}],"wp:attachment":[{"href":"https:\/\/www.teatroreal.es\/proyectolova\/wp-json\/wp\/v2\/media?parent=9030"}],"wp:term":[{"taxonomy":"hashtags","embeddable":true,"href":"https:\/\/www.teatroreal.es\/proyectolova\/wp-json\/wp\/v2\/hashtags?post=9030"}],"curies":[{"name":"wp","href":"https:\/\/api.w.org\/{rel}","templated":true}]}}