{"id":9129,"date":"2022-09-07T10:46:25","date_gmt":"2022-09-07T08:46:25","guid":{"rendered":"https:\/\/www.teatroreal.es\/proyectolova\/?page_id=9129"},"modified":"2022-09-07T12:41:00","modified_gmt":"2022-09-07T10:41:00","slug":"escucharesemitir","status":"publish","type":"page","link":"https:\/\/www.teatroreal.es\/proyectolova\/actividades-curso-lova\/aprendanza-2\/aprendanza-22\/escucharesemitir\/","title":{"rendered":"Taller"},"content":{"rendered":"\t\t<div data-elementor-type=\"wp-page\" data-elementor-id=\"9129\" class=\"elementor elementor-9129\" data-elementor-post-type=\"page\">\n\t\t\t\t\t\t<section class=\"elementor-section elementor-top-section elementor-element elementor-element-2838f0e elementor-section-boxed elementor-section-height-default elementor-section-height-default qodef-elementor-content-no\" data-id=\"2838f0e\" data-element_type=\"section\">\n\t\t\t\t\t\t<div class=\"elementor-container elementor-column-gap-default\">\n\t\t\t\t\t<div class=\"elementor-column elementor-col-100 elementor-top-column elementor-element elementor-element-4076c70\" data-id=\"4076c70\" data-element_type=\"column\">\n\t\t\t<div class=\"elementor-widget-wrap elementor-element-populated\">\n\t\t\t\t\t\t<div class=\"elementor-element elementor-element-385464a elementor-widget elementor-widget-heading\" data-id=\"385464a\" data-element_type=\"widget\" data-widget_type=\"heading.default\">\n\t\t\t\t<div class=\"elementor-widget-container\">\n\t\t\t\t\t<h2 class=\"elementor-heading-title elementor-size-default\">Acci\u00f3n Colectiva<br>Taller de Escuchas<br>E=E<br>Escuchar es emitir<\/h2>\t\t\t\t<\/div>\n\t\t\t\t<\/div>\n\t\t\t\t\t<\/div>\n\t\t<\/div>\n\t\t\t\t\t<\/div>\n\t\t<\/section>\n\t\t\t\t<section class=\"elementor-section elementor-top-section elementor-element elementor-element-749c88e elementor-section-boxed elementor-section-height-default elementor-section-height-default qodef-elementor-content-no\" data-id=\"749c88e\" data-element_type=\"section\">\n\t\t\t\t\t\t<div class=\"elementor-container elementor-column-gap-default\">\n\t\t\t\t\t<div class=\"elementor-column elementor-col-100 elementor-top-column elementor-element elementor-element-fd88fa4\" data-id=\"fd88fa4\" data-element_type=\"column\">\n\t\t\t<div class=\"elementor-widget-wrap elementor-element-populated\">\n\t\t\t\t\t\t<div class=\"elementor-element elementor-element-4a8b098 elementor-widget elementor-widget-image\" data-id=\"4a8b098\" data-element_type=\"widget\" data-widget_type=\"image.default\">\n\t\t\t\t<div class=\"elementor-widget-container\">\n\t\t\t\t\t\t\t\t\t\t\t\t<figure class=\"wp-caption\">\n\t\t\t\t\t\t\t\t\t\t<img fetchpriority=\"high\" decoding=\"async\" width=\"450\" height=\"328\" src=\"https:\/\/www.teatroreal.es\/proyectolova\/wp-content\/uploads\/2022\/09\/timpanoWikipedia-1.png\" class=\"attachment-medium_large size-medium_large wp-image-9132\" alt=\"\" srcset=\"https:\/\/www.teatroreal.es\/proyectolova\/wp-content\/uploads\/2022\/09\/timpanoWikipedia-1.png 450w, https:\/\/www.teatroreal.es\/proyectolova\/wp-content\/uploads\/2022\/09\/timpanoWikipedia-1-300x219.png 300w\" sizes=\"(max-width: 450px) 100vw, 450px\" \/>\t\t\t\t\t\t\t\t\t\t\t<figcaption class=\"widget-image-caption wp-caption-text\">Henry Vandyke Carter. Ilustraci\u00f3n para Henry Gray, Anatomy of the Human Body, ed. de Warren H. Lewis, Philadelphia, Lea &amp; Febiger, 1918 (20.\u00aa ed.) <\/figcaption>\n\t\t\t\t\t\t\t\t\t\t<\/figure>\n\t\t\t\t\t\t\t\t\t<\/div>\n\t\t\t\t<\/div>\n\t\t\t\t\t<\/div>\n\t\t<\/div>\n\t\t\t\t\t<\/div>\n\t\t<\/section>\n\t\t\t\t<section class=\"elementor-section elementor-top-section elementor-element elementor-element-ccfa310 elementor-section-boxed elementor-section-height-default elementor-section-height-default qodef-elementor-content-no\" data-id=\"ccfa310\" data-element_type=\"section\">\n\t\t\t\t\t\t<div class=\"elementor-container elementor-column-gap-default\">\n\t\t\t\t\t<div class=\"elementor-column elementor-col-100 elementor-top-column elementor-element elementor-element-d7863cb\" data-id=\"d7863cb\" data-element_type=\"column\">\n\t\t\t<div class=\"elementor-widget-wrap elementor-element-populated\">\n\t\t\t\t\t\t<div class=\"elementor-element elementor-element-02ef123 elementor-icon-list--layout-traditional elementor-list-item-link-full_width elementor-widget elementor-widget-icon-list\" data-id=\"02ef123\" data-element_type=\"widget\" data-widget_type=\"icon-list.default\">\n\t\t\t\t<div class=\"elementor-widget-container\">\n\t\t\t\t\t\t\t<ul class=\"elementor-icon-list-items\">\n\t\t\t\t\t\t\t<li class=\"elementor-icon-list-item\">\n\t\t\t\t\t\t\t\t\t\t\t<span class=\"elementor-icon-list-icon\">\n\t\t\t\t\t\t\t<i aria-hidden=\"true\" class=\"far fa-calendar\"><\/i>\t\t\t\t\t\t<\/span>\n\t\t\t\t\t\t\t\t\t\t<span class=\"elementor-icon-list-text\">25 de septiembre<\/span>\n\t\t\t\t\t\t\t\t\t<\/li>\n\t\t\t\t\t\t\t\t<li class=\"elementor-icon-list-item\">\n\t\t\t\t\t\t\t\t\t\t\t<span class=\"elementor-icon-list-icon\">\n\t\t\t\t\t\t\t<i aria-hidden=\"true\" class=\"far fa-clock\"><\/i>\t\t\t\t\t\t<\/span>\n\t\t\t\t\t\t\t\t\t\t<span class=\"elementor-icon-list-text\">10h30 a 13h30<\/span>\n\t\t\t\t\t\t\t\t\t<\/li>\n\t\t\t\t\t\t\t\t<li class=\"elementor-icon-list-item\">\n\t\t\t\t\t\t\t\t\t\t\t<span class=\"elementor-icon-list-icon\">\n\t\t\t\t\t\t\t<i aria-hidden=\"true\" class=\"fas fa-thumbtack\"><\/i>\t\t\t\t\t\t<\/span>\n\t\t\t\t\t\t\t\t\t\t<span class=\"elementor-icon-list-text\">Presencial. Teatro Real. Sala de Orquesta<\/span>\n\t\t\t\t\t\t\t\t\t<\/li>\n\t\t\t\t\t\t<\/ul>\n\t\t\t\t\t\t<\/div>\n\t\t\t\t<\/div>\n\t\t\t\t<div class=\"elementor-element elementor-element-39c2fbe elementor-widget-divider--view-line elementor-widget elementor-widget-divider\" data-id=\"39c2fbe\" data-element_type=\"widget\" data-widget_type=\"divider.default\">\n\t\t\t\t<div class=\"elementor-widget-container\">\n\t\t\t\t\t\t\t<div class=\"elementor-divider\">\n\t\t\t<span class=\"elementor-divider-separator\">\n\t\t\t\t\t\t<\/span>\n\t\t<\/div>\n\t\t\t\t\t\t<\/div>\n\t\t\t\t<\/div>\n\t\t\t\t\t<\/div>\n\t\t<\/div>\n\t\t\t\t\t<\/div>\n\t\t<\/section>\n\t\t\t\t<section class=\"elementor-section elementor-top-section elementor-element elementor-element-451d66e elementor-section-boxed elementor-section-height-default elementor-section-height-default qodef-elementor-content-no\" data-id=\"451d66e\" data-element_type=\"section\">\n\t\t\t\t\t\t<div class=\"elementor-container elementor-column-gap-default\">\n\t\t\t\t\t<div class=\"elementor-column elementor-col-100 elementor-top-column elementor-element elementor-element-2fb6be5\" data-id=\"2fb6be5\" data-element_type=\"column\">\n\t\t\t<div class=\"elementor-widget-wrap elementor-element-populated\">\n\t\t\t\t\t\t<div class=\"elementor-element elementor-element-f9b40db elementor-widget elementor-widget-text-editor\" data-id=\"f9b40db\" data-element_type=\"widget\" data-widget_type=\"text-editor.default\">\n\t\t\t\t<div class=\"elementor-widget-container\">\n\t\t\t\t\t\t\t\t\t<p><b>E=E<\/b><\/p>\n<p><b>Escuchar Es Emitir<\/b><\/p>\n<p><span style=\"font-weight: 400;\">Un taller de escuchas con Fran MM Cabeza de Vaca.<\/span><\/p>\n<p><span style=\"font-weight: 400;\">Una fuerza agita un objeto. Un objeto agita el aire que le rodea. El aire agita al aire agita al aire agita al a i r e&nbsp; que le rodea. Ese aire agita al t\u00edmpano. Y el t\u00edmpano entonces vibra y, al vibrar, emite un mensaje hacia adentro, de modo que ya solo ah\u00ed, ya solo despu\u00e9s, ya s\u00f3lo dentro, toda esta cadena de movimiento, de informaci\u00f3n y de escritura se convierte en sonido. Somos, pues, la materia del sonido.&nbsp;<\/span><\/p>\n<p><span style=\"font-weight: 400;\">Lejos de pensar en el o\u00eddo como un perezoso canal sin p\u00e1rpados que admite todo lo que recibe sin filtro alguno, este taller es una invitaci\u00f3n a repensar las escuchas \u2014en plural\u2014 como ejercicios de emisi\u00f3n, como una pr\u00e1ctica y una toma de agencia seg\u00fan la cual escuchamos lo que queremos, lo que podemos, lo que sabemos escuchar. Y entender desde ah\u00ed que si el t\u00edmpano es una membrana es, as\u00ed mismo, un tambor, un micr\u00f3fono, un altavoz.<\/span><\/p>\n<p><b>Fran MM Cabeza de Vaca<\/b><span style=\"font-weight: 400;\"> (C\u00f3rdoba, 1976) es compositor, artista sonoro y profesor de m\u00fasica. Ha estrenado obras instrumentales, electr\u00f3nicas y esc\u00e9nicas en festivales nacionales e internacionales. Ha participado como compositor e int\u00e9rprete en diversos espect\u00e1culos esc\u00e9nicos, como <\/span><i><span style=\"font-weight: 400;\">La casa<\/span><\/i><span style=\"font-weight: 400;\"> de Aitana Cordero o <\/span><i><span style=\"font-weight: 400;\">ECLIPSE:MUNDO<\/span><\/i><span style=\"font-weight: 400;\"> de Paz Rojo. Entre otros trabajos audiovisuales, cabe destacar tres largometrajes documentales junto al artista Jos\u00e9 Luis Tirado, as\u00ed\u0301 como su implicaci\u00f3n activa en el colectivo audiovisual ZEMOS98. Desde 2012, colabora estrechamente en diversas obras con la poeta Mar\u00eda Salgado, destacando la trilog\u00eda de piezas audio-textuales Jinete \u00daltimo Reino: <i>Frag.1<\/i> (2021), <i>Frag.2<\/i> (2019) y <i>Frag.3<\/i> (2017), representadas en su conjunto en noviembre de 2021 en Teatros del Canal dentro de la programaci\u00f3n del Festival de Oto\u00f1o. Como int\u00e9rprete ha sido miembro, entre otros proyectos, de la Orquesta de Improvisaci\u00f3n Farmacia 13, y forma parte activa de la Fanfarria Transfeminista de Madrid. Tras casi dos d\u00e9cadas como profesor de m\u00fasica en secundaria en la escuela p\u00fablica, destaca su labor docente en el M\u00e1ster de Pensamiento y Creaci\u00f3n Esc\u00e9nica Contempor\u00e1nea de la ESADCYL (Valladolid). Desde septiembre de 2018 coordina el \u00c1rea de Comunidades del Departamento de Educaci\u00f3n del Museo Nacional Centro de Arte Reina Sof\u00eda.<\/span><\/p>\t\t\t\t\t\t\t\t<\/div>\n\t\t\t\t<\/div>\n\t\t\t\t\t<\/div>\n\t\t<\/div>\n\t\t\t\t\t<\/div>\n\t\t<\/section>\n\t\t\t\t<section class=\"elementor-section elementor-top-section elementor-element elementor-element-3237b7c elementor-section-boxed elementor-section-height-default elementor-section-height-default qodef-elementor-content-no\" data-id=\"3237b7c\" data-element_type=\"section\">\n\t\t\t\t\t\t<div class=\"elementor-container elementor-column-gap-default\">\n\t\t\t\t\t<div class=\"elementor-column elementor-col-100 elementor-top-column elementor-element elementor-element-44d7a41\" data-id=\"44d7a41\" data-element_type=\"column\">\n\t\t\t<div class=\"elementor-widget-wrap elementor-element-populated\">\n\t\t\t\t\t\t<div class=\"elementor-element elementor-element-17a6fd7 elementor-widget elementor-widget-image\" data-id=\"17a6fd7\" data-element_type=\"widget\" data-widget_type=\"image.default\">\n\t\t\t\t<div class=\"elementor-widget-container\">\n\t\t\t\t\t\t\t\t\t\t\t\t<figure class=\"wp-caption\">\n\t\t\t\t\t\t\t\t\t\t<img decoding=\"async\" width=\"768\" height=\"512\" src=\"https:\/\/www.teatroreal.es\/proyectolova\/wp-content\/uploads\/2022\/09\/FRAN-MM-CABEZADEVACA-768x512.jpeg\" class=\"attachment-medium_large size-medium_large wp-image-9033\" alt=\"\" srcset=\"https:\/\/www.teatroreal.es\/proyectolova\/wp-content\/uploads\/2022\/09\/FRAN-MM-CABEZADEVACA-768x512.jpeg 768w, https:\/\/www.teatroreal.es\/proyectolova\/wp-content\/uploads\/2022\/09\/FRAN-MM-CABEZADEVACA-300x200.jpeg 300w, https:\/\/www.teatroreal.es\/proyectolova\/wp-content\/uploads\/2022\/09\/FRAN-MM-CABEZADEVACA-1024x683.jpeg 1024w, https:\/\/www.teatroreal.es\/proyectolova\/wp-content\/uploads\/2022\/09\/FRAN-MM-CABEZADEVACA-1536x1024.jpeg 1536w, https:\/\/www.teatroreal.es\/proyectolova\/wp-content\/uploads\/2022\/09\/FRAN-MM-CABEZADEVACA.jpeg 1600w\" sizes=\"(max-width: 768px) 100vw, 768px\" \/>\t\t\t\t\t\t\t\t\t\t\t<figcaption class=\"widget-image-caption wp-caption-text\">Todos Can\u00edbales. Foto: Julio Albarr\u00e1n<\/figcaption>\n\t\t\t\t\t\t\t\t\t\t<\/figure>\n\t\t\t\t\t\t\t\t\t<\/div>\n\t\t\t\t<\/div>\n\t\t\t\t\t<\/div>\n\t\t<\/div>\n\t\t\t\t\t<\/div>\n\t\t<\/section>\n\t\t\t\t<\/div>\n\t\t","protected":false},"excerpt":{"rendered":"<p>Acci\u00f3n ColectivaTaller de EscuchasE=EEscuchar es emitir Henry Vandyke Carter. Ilustraci\u00f3n para Henry Gray, Anatomy of the Human Body, ed. de Warren H. Lewis, Philadelphia, Lea &amp; Febiger, 1918 (20.\u00aa ed.) 25 de septiembre 10h30 a 13h30 Presencial. Teatro Real. Sala de Orquesta E=E Escuchar Es Emitir Un taller de escuchas con Fran MM Cabeza de &#8230; <a title=\"Taller\" class=\"read-more\" href=\"https:\/\/www.teatroreal.es\/proyectolova\/actividades-curso-lova\/aprendanza-2\/aprendanza-22\/escucharesemitir\/\">Read more<\/a><\/p>\n","protected":false},"author":168,"featured_media":0,"parent":9003,"menu_order":0,"comment_status":"closed","ping_status":"closed","template":"","meta":{"footnotes":""},"hashtags":[],"class_list":["post-9129","page","type-page","status-publish"],"yoast_head":"<!-- This site is optimized with the Yoast SEO plugin v26.8 - https:\/\/yoast.com\/product\/yoast-seo-wordpress\/ -->\n<title>Taller - L\u00d3VA<\/title>\n<meta name=\"robots\" content=\"index, follow, max-snippet:-1, max-image-preview:large, max-video-preview:-1\" \/>\n<link rel=\"canonical\" href=\"https:\/\/www.teatroreal.es\/proyectolova\/actividades-curso-lova\/aprendanza-2\/aprendanza-22\/escucharesemitir\/\" \/>\n<meta property=\"og:locale\" content=\"es_ES\" \/>\n<meta property=\"og:type\" content=\"article\" \/>\n<meta property=\"og:title\" content=\"Taller - L\u00d3VA\" \/>\n<meta property=\"og:description\" content=\"Acci\u00f3n ColectivaTaller de EscuchasE=EEscuchar es emitir Henry Vandyke Carter. Ilustraci\u00f3n para Henry Gray, Anatomy of the Human Body, ed. de Warren H. Lewis, Philadelphia, Lea &amp; Febiger, 1918 (20.\u00aa ed.) 25 de septiembre 10h30 a 13h30 Presencial. Teatro Real. Sala de Orquesta E=E Escuchar Es Emitir Un taller de escuchas con Fran MM Cabeza de ... Read more\" \/>\n<meta property=\"og:url\" content=\"https:\/\/www.teatroreal.es\/proyectolova\/actividades-curso-lova\/aprendanza-2\/aprendanza-22\/escucharesemitir\/\" \/>\n<meta property=\"og:site_name\" content=\"L\u00d3VA\" \/>\n<meta property=\"article:publisher\" content=\"https:\/\/www.facebook.com\/proyectolova\/\" \/>\n<meta property=\"article:modified_time\" content=\"2022-09-07T10:41:00+00:00\" \/>\n<meta property=\"og:image\" content=\"https:\/\/www.teatroreal.es\/proyectolova\/wp-content\/uploads\/2022\/09\/timpanoWikipedia-1.png\" \/>\n<meta name=\"twitter:card\" content=\"summary_large_image\" \/>\n<meta name=\"twitter:site\" content=\"@proyectolova\" \/>\n<meta name=\"twitter:label1\" content=\"Tiempo de lectura\" \/>\n\t<meta name=\"twitter:data1\" content=\"2 minutos\" \/>\n<script type=\"application\/ld+json\" class=\"yoast-schema-graph\">{\"@context\":\"https:\/\/schema.org\",\"@graph\":[{\"@type\":\"WebPage\",\"@id\":\"https:\/\/www.teatroreal.es\/proyectolova\/actividades-curso-lova\/aprendanza-2\/aprendanza-22\/escucharesemitir\/\",\"url\":\"https:\/\/www.teatroreal.es\/proyectolova\/actividades-curso-lova\/aprendanza-2\/aprendanza-22\/escucharesemitir\/\",\"name\":\"Taller - L\u00d3VA\",\"isPartOf\":{\"@id\":\"https:\/\/www.teatroreal.es\/proyectolova\/#website\"},\"primaryImageOfPage\":{\"@id\":\"https:\/\/www.teatroreal.es\/proyectolova\/actividades-curso-lova\/aprendanza-2\/aprendanza-22\/escucharesemitir\/#primaryimage\"},\"image\":{\"@id\":\"https:\/\/www.teatroreal.es\/proyectolova\/actividades-curso-lova\/aprendanza-2\/aprendanza-22\/escucharesemitir\/#primaryimage\"},\"thumbnailUrl\":\"https:\/\/www.teatroreal.es\/proyectolova\/wp-content\/uploads\/2022\/09\/timpanoWikipedia-1.png\",\"datePublished\":\"2022-09-07T08:46:25+00:00\",\"dateModified\":\"2022-09-07T10:41:00+00:00\",\"breadcrumb\":{\"@id\":\"https:\/\/www.teatroreal.es\/proyectolova\/actividades-curso-lova\/aprendanza-2\/aprendanza-22\/escucharesemitir\/#breadcrumb\"},\"inLanguage\":\"es\",\"potentialAction\":[{\"@type\":\"ReadAction\",\"target\":[\"https:\/\/www.teatroreal.es\/proyectolova\/actividades-curso-lova\/aprendanza-2\/aprendanza-22\/escucharesemitir\/\"]}]},{\"@type\":\"ImageObject\",\"inLanguage\":\"es\",\"@id\":\"https:\/\/www.teatroreal.es\/proyectolova\/actividades-curso-lova\/aprendanza-2\/aprendanza-22\/escucharesemitir\/#primaryimage\",\"url\":\"https:\/\/www.teatroreal.es\/proyectolova\/wp-content\/uploads\/2022\/09\/timpanoWikipedia-1.png\",\"contentUrl\":\"https:\/\/www.teatroreal.es\/proyectolova\/wp-content\/uploads\/2022\/09\/timpanoWikipedia-1.png\",\"width\":450,\"height\":328},{\"@type\":\"BreadcrumbList\",\"@id\":\"https:\/\/www.teatroreal.es\/proyectolova\/actividades-curso-lova\/aprendanza-2\/aprendanza-22\/escucharesemitir\/#breadcrumb\",\"itemListElement\":[{\"@type\":\"ListItem\",\"position\":1,\"name\":\"Portada\",\"item\":\"https:\/\/www.teatroreal.es\/proyectolova\/\"},{\"@type\":\"ListItem\",\"position\":2,\"name\":\"Actividades\",\"item\":\"https:\/\/www.teatroreal.es\/proyectolova\/?page_id=1725\"},{\"@type\":\"ListItem\",\"position\":3,\"name\":\"APRENDANZA\",\"item\":\"https:\/\/www.teatroreal.es\/proyectolova\/actividades-curso-lova\/aprendanza-2\/\"},{\"@type\":\"ListItem\",\"position\":4,\"name\":\"aprendanza 22\",\"item\":\"https:\/\/www.teatroreal.es\/proyectolova\/actividades-curso-lova\/aprendanza-2\/aprendanza-22\/\"},{\"@type\":\"ListItem\",\"position\":5,\"name\":\"Taller\"}]},{\"@type\":\"WebSite\",\"@id\":\"https:\/\/www.teatroreal.es\/proyectolova\/#website\",\"url\":\"https:\/\/www.teatroreal.es\/proyectolova\/\",\"name\":\"L\u00d3VA\",\"description\":\"La \u00d3pera, un Veh\u00edculo de Aprendizaje\",\"publisher\":{\"@id\":\"https:\/\/www.teatroreal.es\/proyectolova\/#organization\"},\"potentialAction\":[{\"@type\":\"SearchAction\",\"target\":{\"@type\":\"EntryPoint\",\"urlTemplate\":\"https:\/\/www.teatroreal.es\/proyectolova\/?s={search_term_string}\"},\"query-input\":{\"@type\":\"PropertyValueSpecification\",\"valueRequired\":true,\"valueName\":\"search_term_string\"}}],\"inLanguage\":\"es\"},{\"@type\":\"Organization\",\"@id\":\"https:\/\/www.teatroreal.es\/proyectolova\/#organization\",\"name\":\"L\u00d3VA\",\"url\":\"https:\/\/www.teatroreal.es\/proyectolova\/\",\"logo\":{\"@type\":\"ImageObject\",\"inLanguage\":\"es\",\"@id\":\"https:\/\/www.teatroreal.es\/proyectolova\/#\/schema\/logo\/image\/\",\"url\":\"https:\/\/www.teatroreal.es\/proyectolova\/wp-content\/uploads\/2018\/01\/logo-L\u00d3VA-Marin\u00e9.jpg\",\"contentUrl\":\"https:\/\/www.teatroreal.es\/proyectolova\/wp-content\/uploads\/2018\/01\/logo-L\u00d3VA-Marin\u00e9.jpg\",\"width\":1890,\"height\":2848,\"caption\":\"L\u00d3VA\"},\"image\":{\"@id\":\"https:\/\/www.teatroreal.es\/proyectolova\/#\/schema\/logo\/image\/\"},\"sameAs\":[\"https:\/\/www.facebook.com\/proyectolova\/\",\"https:\/\/x.com\/proyectolova\",\"https:\/\/www.instagram.com\/proyectolova\/\",\"https:\/\/www.linkedin.com\/company\/proyectolova\/\",\"https:\/\/www.youtube.com\/user\/mecenartis\"]}]}<\/script>\n<!-- \/ Yoast SEO plugin. -->","yoast_head_json":{"title":"Taller - L\u00d3VA","robots":{"index":"index","follow":"follow","max-snippet":"max-snippet:-1","max-image-preview":"max-image-preview:large","max-video-preview":"max-video-preview:-1"},"canonical":"https:\/\/www.teatroreal.es\/proyectolova\/actividades-curso-lova\/aprendanza-2\/aprendanza-22\/escucharesemitir\/","og_locale":"es_ES","og_type":"article","og_title":"Taller - L\u00d3VA","og_description":"Acci\u00f3n ColectivaTaller de EscuchasE=EEscuchar es emitir Henry Vandyke Carter. Ilustraci\u00f3n para Henry Gray, Anatomy of the Human Body, ed. de Warren H. Lewis, Philadelphia, Lea &amp; Febiger, 1918 (20.\u00aa ed.) 25 de septiembre 10h30 a 13h30 Presencial. Teatro Real. Sala de Orquesta E=E Escuchar Es Emitir Un taller de escuchas con Fran MM Cabeza de ... Read more","og_url":"https:\/\/www.teatroreal.es\/proyectolova\/actividades-curso-lova\/aprendanza-2\/aprendanza-22\/escucharesemitir\/","og_site_name":"L\u00d3VA","article_publisher":"https:\/\/www.facebook.com\/proyectolova\/","article_modified_time":"2022-09-07T10:41:00+00:00","og_image":[{"url":"https:\/\/www.teatroreal.es\/proyectolova\/wp-content\/uploads\/2022\/09\/timpanoWikipedia-1.png","type":"","width":"","height":""}],"twitter_card":"summary_large_image","twitter_site":"@proyectolova","twitter_misc":{"Tiempo de lectura":"2 minutos"},"schema":{"@context":"https:\/\/schema.org","@graph":[{"@type":"WebPage","@id":"https:\/\/www.teatroreal.es\/proyectolova\/actividades-curso-lova\/aprendanza-2\/aprendanza-22\/escucharesemitir\/","url":"https:\/\/www.teatroreal.es\/proyectolova\/actividades-curso-lova\/aprendanza-2\/aprendanza-22\/escucharesemitir\/","name":"Taller - L\u00d3VA","isPartOf":{"@id":"https:\/\/www.teatroreal.es\/proyectolova\/#website"},"primaryImageOfPage":{"@id":"https:\/\/www.teatroreal.es\/proyectolova\/actividades-curso-lova\/aprendanza-2\/aprendanza-22\/escucharesemitir\/#primaryimage"},"image":{"@id":"https:\/\/www.teatroreal.es\/proyectolova\/actividades-curso-lova\/aprendanza-2\/aprendanza-22\/escucharesemitir\/#primaryimage"},"thumbnailUrl":"https:\/\/www.teatroreal.es\/proyectolova\/wp-content\/uploads\/2022\/09\/timpanoWikipedia-1.png","datePublished":"2022-09-07T08:46:25+00:00","dateModified":"2022-09-07T10:41:00+00:00","breadcrumb":{"@id":"https:\/\/www.teatroreal.es\/proyectolova\/actividades-curso-lova\/aprendanza-2\/aprendanza-22\/escucharesemitir\/#breadcrumb"},"inLanguage":"es","potentialAction":[{"@type":"ReadAction","target":["https:\/\/www.teatroreal.es\/proyectolova\/actividades-curso-lova\/aprendanza-2\/aprendanza-22\/escucharesemitir\/"]}]},{"@type":"ImageObject","inLanguage":"es","@id":"https:\/\/www.teatroreal.es\/proyectolova\/actividades-curso-lova\/aprendanza-2\/aprendanza-22\/escucharesemitir\/#primaryimage","url":"https:\/\/www.teatroreal.es\/proyectolova\/wp-content\/uploads\/2022\/09\/timpanoWikipedia-1.png","contentUrl":"https:\/\/www.teatroreal.es\/proyectolova\/wp-content\/uploads\/2022\/09\/timpanoWikipedia-1.png","width":450,"height":328},{"@type":"BreadcrumbList","@id":"https:\/\/www.teatroreal.es\/proyectolova\/actividades-curso-lova\/aprendanza-2\/aprendanza-22\/escucharesemitir\/#breadcrumb","itemListElement":[{"@type":"ListItem","position":1,"name":"Portada","item":"https:\/\/www.teatroreal.es\/proyectolova\/"},{"@type":"ListItem","position":2,"name":"Actividades","item":"https:\/\/www.teatroreal.es\/proyectolova\/?page_id=1725"},{"@type":"ListItem","position":3,"name":"APRENDANZA","item":"https:\/\/www.teatroreal.es\/proyectolova\/actividades-curso-lova\/aprendanza-2\/"},{"@type":"ListItem","position":4,"name":"aprendanza 22","item":"https:\/\/www.teatroreal.es\/proyectolova\/actividades-curso-lova\/aprendanza-2\/aprendanza-22\/"},{"@type":"ListItem","position":5,"name":"Taller"}]},{"@type":"WebSite","@id":"https:\/\/www.teatroreal.es\/proyectolova\/#website","url":"https:\/\/www.teatroreal.es\/proyectolova\/","name":"L\u00d3VA","description":"La \u00d3pera, un Veh\u00edculo de Aprendizaje","publisher":{"@id":"https:\/\/www.teatroreal.es\/proyectolova\/#organization"},"potentialAction":[{"@type":"SearchAction","target":{"@type":"EntryPoint","urlTemplate":"https:\/\/www.teatroreal.es\/proyectolova\/?s={search_term_string}"},"query-input":{"@type":"PropertyValueSpecification","valueRequired":true,"valueName":"search_term_string"}}],"inLanguage":"es"},{"@type":"Organization","@id":"https:\/\/www.teatroreal.es\/proyectolova\/#organization","name":"L\u00d3VA","url":"https:\/\/www.teatroreal.es\/proyectolova\/","logo":{"@type":"ImageObject","inLanguage":"es","@id":"https:\/\/www.teatroreal.es\/proyectolova\/#\/schema\/logo\/image\/","url":"https:\/\/www.teatroreal.es\/proyectolova\/wp-content\/uploads\/2018\/01\/logo-L\u00d3VA-Marin\u00e9.jpg","contentUrl":"https:\/\/www.teatroreal.es\/proyectolova\/wp-content\/uploads\/2018\/01\/logo-L\u00d3VA-Marin\u00e9.jpg","width":1890,"height":2848,"caption":"L\u00d3VA"},"image":{"@id":"https:\/\/www.teatroreal.es\/proyectolova\/#\/schema\/logo\/image\/"},"sameAs":["https:\/\/www.facebook.com\/proyectolova\/","https:\/\/x.com\/proyectolova","https:\/\/www.instagram.com\/proyectolova\/","https:\/\/www.linkedin.com\/company\/proyectolova\/","https:\/\/www.youtube.com\/user\/mecenartis"]}]}},"_links":{"self":[{"href":"https:\/\/www.teatroreal.es\/proyectolova\/wp-json\/wp\/v2\/pages\/9129","targetHints":{"allow":["GET"]}}],"collection":[{"href":"https:\/\/www.teatroreal.es\/proyectolova\/wp-json\/wp\/v2\/pages"}],"about":[{"href":"https:\/\/www.teatroreal.es\/proyectolova\/wp-json\/wp\/v2\/types\/page"}],"author":[{"embeddable":true,"href":"https:\/\/www.teatroreal.es\/proyectolova\/wp-json\/wp\/v2\/users\/168"}],"replies":[{"embeddable":true,"href":"https:\/\/www.teatroreal.es\/proyectolova\/wp-json\/wp\/v2\/comments?post=9129"}],"version-history":[{"count":16,"href":"https:\/\/www.teatroreal.es\/proyectolova\/wp-json\/wp\/v2\/pages\/9129\/revisions"}],"predecessor-version":[{"id":9243,"href":"https:\/\/www.teatroreal.es\/proyectolova\/wp-json\/wp\/v2\/pages\/9129\/revisions\/9243"}],"up":[{"embeddable":true,"href":"https:\/\/www.teatroreal.es\/proyectolova\/wp-json\/wp\/v2\/pages\/9003"}],"wp:attachment":[{"href":"https:\/\/www.teatroreal.es\/proyectolova\/wp-json\/wp\/v2\/media?parent=9129"}],"wp:term":[{"taxonomy":"hashtags","embeddable":true,"href":"https:\/\/www.teatroreal.es\/proyectolova\/wp-json\/wp\/v2\/hashtags?post=9129"}],"curies":[{"name":"wp","href":"https:\/\/api.w.org\/{rel}","templated":true}]}}