{"id":9499,"date":"2022-11-22T11:18:59","date_gmt":"2022-11-22T09:18:59","guid":{"rendered":"https:\/\/www.teatroreal.es\/proyectolova\/?page_id=9499"},"modified":"2025-11-21T11:09:34","modified_gmt":"2025-11-21T09:09:34","slug":"cajas-para-hacer-lova","status":"publish","type":"page","link":"https:\/\/www.teatroreal.es\/proyectolova\/cajas-para-hacer-lova\/","title":{"rendered":"CAJAS PARA HACER L\u00d3VA"},"content":{"rendered":"\t\t<div data-elementor-type=\"wp-page\" data-elementor-id=\"9499\" class=\"elementor elementor-9499\" data-elementor-post-type=\"page\">\n\t\t\t\t\t\t<section class=\"elementor-section elementor-top-section elementor-element elementor-element-e149e8c elementor-section-boxed elementor-section-height-default elementor-section-height-default qodef-elementor-content-no\" data-id=\"e149e8c\" data-element_type=\"section\">\n\t\t\t\t\t\t<div class=\"elementor-container elementor-column-gap-default\">\n\t\t\t\t\t<div class=\"elementor-column elementor-col-100 elementor-top-column elementor-element elementor-element-70f77ec\" data-id=\"70f77ec\" data-element_type=\"column\">\n\t\t\t<div class=\"elementor-widget-wrap elementor-element-populated\">\n\t\t\t\t\t\t<div class=\"elementor-element elementor-element-b798aaa elementor-widget elementor-widget-heading\" data-id=\"b798aaa\" data-element_type=\"widget\" data-widget_type=\"heading.default\">\n\t\t\t\t<div class=\"elementor-widget-container\">\n\t\t\t\t\t<h2 class=\"elementor-heading-title elementor-size-default\">CAJAS PARA HACER L\u00d3VA<\/h2>\t\t\t\t<\/div>\n\t\t\t\t<\/div>\n\t\t\t\t<div class=\"elementor-element elementor-element-7280c27 elementor-widget elementor-widget-image\" data-id=\"7280c27\" data-element_type=\"widget\" data-widget_type=\"image.default\">\n\t\t\t\t<div class=\"elementor-widget-container\">\n\t\t\t\t\t\t\t\t\t\t\t\t<figure class=\"wp-caption\">\n\t\t\t\t\t\t\t\t\t\t<img fetchpriority=\"high\" decoding=\"async\" width=\"852\" height=\"1024\" src=\"https:\/\/www.teatroreal.es\/proyectolova\/wp-content\/uploads\/2022\/11\/Piano-color-v2-1-scaled-e1669037044467-852x1024.jpg\" class=\"attachment-large size-large wp-image-9501\" alt=\"\" srcset=\"https:\/\/www.teatroreal.es\/proyectolova\/wp-content\/uploads\/2022\/11\/Piano-color-v2-1-scaled-e1669037044467-852x1024.jpg 852w, https:\/\/www.teatroreal.es\/proyectolova\/wp-content\/uploads\/2022\/11\/Piano-color-v2-1-scaled-e1669037044467-250x300.jpg 250w, https:\/\/www.teatroreal.es\/proyectolova\/wp-content\/uploads\/2022\/11\/Piano-color-v2-1-scaled-e1669037044467-768x923.jpg 768w, https:\/\/www.teatroreal.es\/proyectolova\/wp-content\/uploads\/2022\/11\/Piano-color-v2-1-scaled-e1669037044467-1278x1536.jpg 1278w, https:\/\/www.teatroreal.es\/proyectolova\/wp-content\/uploads\/2022\/11\/Piano-color-v2-1-scaled-e1669037044467.jpg 1459w\" sizes=\"(max-width: 852px) 100vw, 852px\" \/>\t\t\t\t\t\t\t\t\t\t\t<figcaption class=\"widget-image-caption wp-caption-text\">Ilustraci\u00f3n: Fran Parre\u00f1o<\/figcaption>\n\t\t\t\t\t\t\t\t\t\t<\/figure>\n\t\t\t\t\t\t\t\t\t<\/div>\n\t\t\t\t<\/div>\n\t\t\t\t<div class=\"elementor-element elementor-element-47a29a3 elementor-widget elementor-widget-text-editor\" data-id=\"47a29a3\" data-element_type=\"widget\" data-widget_type=\"text-editor.default\">\n\t\t\t\t<div class=\"elementor-widget-container\">\n\t\t\t\t\t\t\t\t\t<p>Si L\u00d3VA es el proyecto que es hoy es gracias a las personas que, a lo largo de su historia, han impulsado este proyecto y su manera de hacer educaci\u00f3n. <strong>Pedro Sarmiento y Peter Hoyle<\/strong> han sido figuras fundamentales en el desarrollo de L\u00d3VA y <strong>LAS CAJAS PARA HACER L\u00d3VA<\/strong> es un proyecto para rendirles homenaje y seguir trasmitiendo su visi\u00f3n certera, su optimismo incansable y su pasi\u00f3n por mejorar la educaci\u00f3n. Con estas cajas queremos como comunidad educativa recordar a Pedro Sarmiento que ha sido y siempre ser\u00e1 la gasolina de L\u00d3VA y a Peter Hoyle, que junto a Mary Ruth McGinn form\u00f3 a m\u00e1s de 300 docentes en Espa\u00f1a.\u00a0<\/p><p>Las CAJAS PARA HACER L\u00d3VA son un kit viajero compuesto por dos cajas: <strong>una caja de herramientas<\/strong> para que la compa\u00f1\u00eda construya todo lo que la imaginaci\u00f3n permita y una <strong>caja de campanas afinadas <\/strong>para jugar con la m\u00fasica y componer estupendas melod\u00edas<strong>.<\/strong> Son objetos \u00fanicos y especiales. Sirven para fabricar objetos y canciones y tambi\u00e9n son una met\u00e1fora en s\u00ed mismas. Con las herramientas adecuadas, los ni\u00f1os y las ni\u00f1as pueden hacer grandes cosas.<\/p><p>Este curso 2025\/26 repartiremos<strong> 9 kits de CAJAS PARA HACER L\u00d3VA<\/strong> a 9 centros escolares con compa\u00f1\u00edas activas, que se sumar\u00e1n a los que ya est\u00e1n circulando. En total 18 kits viajeros. Repartiremos los kits por sorteo entre las solicitudes recibidas atendiendo a que haya cajas repartidas por todas las regiones en las que se hace L\u00d3VA.<\/p><p><strong>\u00bfQui\u00e9n puede participar?<\/strong><\/p><ul><li>Centros escolares con compa\u00f1\u00edas L\u00d3VA activas en el curso 2025\/26 y fecha de estreno en 2026. La compa\u00f1\u00eda se compromete a recibir las cajas durante este curso y que sigan su viaje el pr\u00f3ximo curso a otras compa\u00f1\u00edas. Si vuestro colegio\/instituto sigue teniendo compa\u00f1\u00eda las cajas podr\u00e1n permanecer en vuestro centro educativo.<\/li><\/ul><p><strong>\u00bfC\u00f3mo participar?<\/strong><\/p><ul><li>Enviando un audio de<strong> m\u00e1ximo 3 minutos<\/strong> a lova@teatroreal.es hasta el <strong>20\u00a0de diciembre\u00a0 a las 16h. <\/strong>El audio puede ser un<strong> podcast, un poema locutado, una canci\u00f3n o cualquier otro formato <\/strong>que pod\u00e1is imaginar de la compa\u00f1\u00eda o compa\u00f1\u00edas del cole o instituto. Contadnos qu\u00e9 es L\u00d3VA para vosotros y por qu\u00e9 quer\u00e9is recibir las cajas. Recibir las Cajas implica el compromiso de traspasarlas a otra compa\u00f1\u00eda el pr\u00f3ximo curso escolar por lo que es importante que pens\u00e9is c\u00f3mo os har\u00e9is embajadores de las cajas el pr\u00f3ximo curso. Junto al audio tendr\u00e1s que enviarnos las autorizaciones necesarias para publicarlo en p\u00e1gina web y redes sociales. Descarga <a href=\"https:\/\/drive.google.com\/file\/d\/1d2mgzw3eU82lkCqjj9N7j5sSipRjkGs8\/view?usp=sharing\" target=\"_blank\" rel=\"noopener\">aqu\u00ed<\/a> el modelo.<\/li><\/ul><p><strong>\u00bfCu\u00e1ndo anunciaremos qu\u00e9 compa\u00f1\u00edas recibir\u00e1n las Cajas?<\/strong><\/p><ul><li>El<strong> 10 de enero<\/strong> haremos un sorteo y anunciaremos qu\u00e9 compa\u00f1\u00edas recibir\u00e1n las cajas.<\/li><\/ul><p><strong>\u00bfC\u00f3mo van a llegar las cajas?<\/strong><\/p><ul><li>Las cajas llegar\u00e1n a vuestro centro en la segunda quincena de enero de 2026, siempre que podamos de las manos de una <strong>embajadora o embajador<\/strong> que se convertir\u00e1 en madrina o padrino de vuestra compa\u00f1\u00eda el resto del curso.\u00a0<\/li><\/ul><p><b>Un poco m\u00e1s sobre las CAJAS PARA HACER L\u00d3VA, Pedro Sarmiento y Peter Hoyle:<\/b><\/p><p>La idea de crear una caja de herramientas que evidenciara y homenajeara la visi\u00f3n de Peter Hoyle en la educaci\u00f3n fue idea de Pedro Sarmiento. La caja deb\u00eda ser un elemento simb\u00f3lico y al mismo tiempo \u00fatil. Peter Hoyle cre\u00eda en la capacidad de los ni\u00f1os y las ni\u00f1as de crear y construir y en la importancia de que en la escuela se fabricaran cosas, se aprendiera el manejo b\u00e1sico de herramientas y hubiera tiempo para el trabajo manual y artesanal, especialmente en el proceso de creaci\u00f3n de las \u00f3peras escolares.<\/p><p>La caja de campanas, por otra parte, representa una idea en la que Pedro Sarmiento cre\u00eda profundamente. Que la m\u00fasica es parte de todos y cada uno de nosotros y que todos podemos componer m\u00fasica. Con su forma de estar seria pero a la vez jovial, convert\u00eda algo reservado a \u201cgenios\u201d en algo posible para que cualquiera se sintiera capaz de componer una canci\u00f3n. Su maleta de campanas, siempre estaba preparada para que una ni\u00f1a creara el <em>leit motiv<\/em> perfecto para un personaje, dejarse llevar por una idea o emoci\u00f3n y la expresara a trav\u00e9s de una composici\u00f3n. Su primer estuche de campanas fue adem\u00e1s un regalo de Peter.\u00a0<\/p><p>Esperamos que estas cajas tengan largos viajes, cuenten muchas historias y sirvan de instrumentos para expresar, contar historias y aprender cosas importantes.<\/p><p>Gracias Peter y Pedro por continuar siendo una inspiraci\u00f3n.<\/p><p>Este proyecto cuenta con la colaboraci\u00f3n de la Fundaci\u00f3n Daniel y Nina Carasso.<\/p>\t\t\t\t\t\t\t\t<\/div>\n\t\t\t\t<\/div>\n\t\t\t\t\t<\/div>\n\t\t<\/div>\n\t\t\t\t\t<\/div>\n\t\t<\/section>\n\t\t\t\t<section class=\"elementor-section elementor-top-section elementor-element elementor-element-03e7969 elementor-section-boxed elementor-section-height-default elementor-section-height-default qodef-elementor-content-no\" data-id=\"03e7969\" data-element_type=\"section\">\n\t\t\t\t\t\t<div class=\"elementor-container elementor-column-gap-default\">\n\t\t\t\t\t<div class=\"elementor-column elementor-col-100 elementor-top-column elementor-element elementor-element-f36e9e8\" data-id=\"f36e9e8\" data-element_type=\"column\">\n\t\t\t<div class=\"elementor-widget-wrap elementor-element-populated\">\n\t\t\t\t\t\t<div class=\"elementor-element elementor-element-2d8c8a8 elementor-widget elementor-widget-image\" data-id=\"2d8c8a8\" data-element_type=\"widget\" data-widget_type=\"image.default\">\n\t\t\t\t<div class=\"elementor-widget-container\">\n\t\t\t\t\t\t\t\t\t\t\t\t\t\t\t<img decoding=\"async\" width=\"300\" height=\"153\" src=\"https:\/\/www.teatroreal.es\/proyectolova\/wp-content\/uploads\/2022\/11\/LOGOTYPE-Partenaires-Principal_F-Carasso_ES_RVB-300x153.png\" class=\"attachment-medium size-medium wp-image-9514\" alt=\"\" srcset=\"https:\/\/www.teatroreal.es\/proyectolova\/wp-content\/uploads\/2022\/11\/LOGOTYPE-Partenaires-Principal_F-Carasso_ES_RVB-300x153.png 300w, https:\/\/www.teatroreal.es\/proyectolova\/wp-content\/uploads\/2022\/11\/LOGOTYPE-Partenaires-Principal_F-Carasso_ES_RVB-1024x521.png 1024w, https:\/\/www.teatroreal.es\/proyectolova\/wp-content\/uploads\/2022\/11\/LOGOTYPE-Partenaires-Principal_F-Carasso_ES_RVB-768x391.png 768w, https:\/\/www.teatroreal.es\/proyectolova\/wp-content\/uploads\/2022\/11\/LOGOTYPE-Partenaires-Principal_F-Carasso_ES_RVB.png 1379w\" sizes=\"(max-width: 300px) 100vw, 300px\" \/>\t\t\t\t\t\t\t\t\t\t\t\t\t\t\t<\/div>\n\t\t\t\t<\/div>\n\t\t\t\t\t<\/div>\n\t\t<\/div>\n\t\t\t\t\t<\/div>\n\t\t<\/section>\n\t\t\t\t<\/div>\n\t\t","protected":false},"excerpt":{"rendered":"<p>CAJAS PARA HACER L\u00d3VA Ilustraci\u00f3n: Fran Parre\u00f1o Si L\u00d3VA es el proyecto que es hoy es gracias a las personas que, a lo largo de su historia, han impulsado este proyecto y su manera de hacer educaci\u00f3n. Pedro Sarmiento y Peter Hoyle han sido figuras fundamentales en el desarrollo de L\u00d3VA y LAS CAJAS PARA &#8230; <a title=\"CAJAS PARA HACER L\u00d3VA\" class=\"read-more\" href=\"https:\/\/www.teatroreal.es\/proyectolova\/cajas-para-hacer-lova\/\">Read more<\/a><\/p>\n","protected":false},"author":168,"featured_media":9501,"parent":0,"menu_order":0,"comment_status":"closed","ping_status":"closed","template":"","meta":{"footnotes":""},"hashtags":[],"class_list":["post-9499","page","type-page","status-publish","has-post-thumbnail"],"yoast_head":"<!-- This site is optimized with the Yoast SEO plugin v26.8 - https:\/\/yoast.com\/product\/yoast-seo-wordpress\/ -->\n<title>CAJAS PARA HACER L\u00d3VA - L\u00d3VA<\/title>\n<meta name=\"robots\" content=\"index, follow, max-snippet:-1, max-image-preview:large, max-video-preview:-1\" \/>\n<link rel=\"canonical\" href=\"https:\/\/www.teatroreal.es\/proyectolova\/cajas-para-hacer-lova\/\" \/>\n<meta property=\"og:locale\" content=\"es_ES\" \/>\n<meta property=\"og:type\" content=\"article\" \/>\n<meta property=\"og:title\" content=\"CAJAS PARA HACER L\u00d3VA - L\u00d3VA\" \/>\n<meta property=\"og:description\" content=\"CAJAS PARA HACER L\u00d3VA Ilustraci\u00f3n: Fran Parre\u00f1o Si L\u00d3VA es el proyecto que es hoy es gracias a las personas que, a lo largo de su historia, han impulsado este proyecto y su manera de hacer educaci\u00f3n. Pedro Sarmiento y Peter Hoyle han sido figuras fundamentales en el desarrollo de L\u00d3VA y LAS CAJAS PARA ... Read more\" \/>\n<meta property=\"og:url\" content=\"https:\/\/www.teatroreal.es\/proyectolova\/cajas-para-hacer-lova\/\" \/>\n<meta property=\"og:site_name\" content=\"L\u00d3VA\" \/>\n<meta property=\"article:publisher\" content=\"https:\/\/www.facebook.com\/proyectolova\/\" \/>\n<meta property=\"article:modified_time\" content=\"2025-11-21T09:09:34+00:00\" \/>\n<meta property=\"og:image\" content=\"https:\/\/www.teatroreal.es\/proyectolova\/wp-content\/uploads\/2022\/11\/Piano-color-v2-1-scaled-e1669037044467.jpg\" \/>\n\t<meta property=\"og:image:width\" content=\"1459\" \/>\n\t<meta property=\"og:image:height\" content=\"1753\" \/>\n\t<meta property=\"og:image:type\" content=\"image\/jpeg\" \/>\n<meta name=\"twitter:card\" content=\"summary_large_image\" \/>\n<meta name=\"twitter:site\" content=\"@proyectolova\" \/>\n<meta name=\"twitter:label1\" content=\"Tiempo de lectura\" \/>\n\t<meta name=\"twitter:data1\" content=\"4 minutos\" \/>\n<script type=\"application\/ld+json\" class=\"yoast-schema-graph\">{\"@context\":\"https:\/\/schema.org\",\"@graph\":[{\"@type\":\"WebPage\",\"@id\":\"https:\/\/www.teatroreal.es\/proyectolova\/cajas-para-hacer-lova\/\",\"url\":\"https:\/\/www.teatroreal.es\/proyectolova\/cajas-para-hacer-lova\/\",\"name\":\"CAJAS PARA HACER L\u00d3VA - L\u00d3VA\",\"isPartOf\":{\"@id\":\"https:\/\/www.teatroreal.es\/proyectolova\/#website\"},\"primaryImageOfPage\":{\"@id\":\"https:\/\/www.teatroreal.es\/proyectolova\/cajas-para-hacer-lova\/#primaryimage\"},\"image\":{\"@id\":\"https:\/\/www.teatroreal.es\/proyectolova\/cajas-para-hacer-lova\/#primaryimage\"},\"thumbnailUrl\":\"https:\/\/www.teatroreal.es\/proyectolova\/wp-content\/uploads\/2022\/11\/Piano-color-v2-1-scaled-e1669037044467.jpg\",\"datePublished\":\"2022-11-22T09:18:59+00:00\",\"dateModified\":\"2025-11-21T09:09:34+00:00\",\"breadcrumb\":{\"@id\":\"https:\/\/www.teatroreal.es\/proyectolova\/cajas-para-hacer-lova\/#breadcrumb\"},\"inLanguage\":\"es\",\"potentialAction\":[{\"@type\":\"ReadAction\",\"target\":[\"https:\/\/www.teatroreal.es\/proyectolova\/cajas-para-hacer-lova\/\"]}]},{\"@type\":\"ImageObject\",\"inLanguage\":\"es\",\"@id\":\"https:\/\/www.teatroreal.es\/proyectolova\/cajas-para-hacer-lova\/#primaryimage\",\"url\":\"https:\/\/www.teatroreal.es\/proyectolova\/wp-content\/uploads\/2022\/11\/Piano-color-v2-1-scaled-e1669037044467.jpg\",\"contentUrl\":\"https:\/\/www.teatroreal.es\/proyectolova\/wp-content\/uploads\/2022\/11\/Piano-color-v2-1-scaled-e1669037044467.jpg\",\"width\":1459,\"height\":1753},{\"@type\":\"BreadcrumbList\",\"@id\":\"https:\/\/www.teatroreal.es\/proyectolova\/cajas-para-hacer-lova\/#breadcrumb\",\"itemListElement\":[{\"@type\":\"ListItem\",\"position\":1,\"name\":\"Portada\",\"item\":\"https:\/\/www.teatroreal.es\/proyectolova\/\"},{\"@type\":\"ListItem\",\"position\":2,\"name\":\"CAJAS PARA HACER L\u00d3VA\"}]},{\"@type\":\"WebSite\",\"@id\":\"https:\/\/www.teatroreal.es\/proyectolova\/#website\",\"url\":\"https:\/\/www.teatroreal.es\/proyectolova\/\",\"name\":\"L\u00d3VA\",\"description\":\"La \u00d3pera, un Veh\u00edculo de Aprendizaje\",\"publisher\":{\"@id\":\"https:\/\/www.teatroreal.es\/proyectolova\/#organization\"},\"potentialAction\":[{\"@type\":\"SearchAction\",\"target\":{\"@type\":\"EntryPoint\",\"urlTemplate\":\"https:\/\/www.teatroreal.es\/proyectolova\/?s={search_term_string}\"},\"query-input\":{\"@type\":\"PropertyValueSpecification\",\"valueRequired\":true,\"valueName\":\"search_term_string\"}}],\"inLanguage\":\"es\"},{\"@type\":\"Organization\",\"@id\":\"https:\/\/www.teatroreal.es\/proyectolova\/#organization\",\"name\":\"L\u00d3VA\",\"url\":\"https:\/\/www.teatroreal.es\/proyectolova\/\",\"logo\":{\"@type\":\"ImageObject\",\"inLanguage\":\"es\",\"@id\":\"https:\/\/www.teatroreal.es\/proyectolova\/#\/schema\/logo\/image\/\",\"url\":\"https:\/\/www.teatroreal.es\/proyectolova\/wp-content\/uploads\/2018\/01\/logo-L\u00d3VA-Marin\u00e9.jpg\",\"contentUrl\":\"https:\/\/www.teatroreal.es\/proyectolova\/wp-content\/uploads\/2018\/01\/logo-L\u00d3VA-Marin\u00e9.jpg\",\"width\":1890,\"height\":2848,\"caption\":\"L\u00d3VA\"},\"image\":{\"@id\":\"https:\/\/www.teatroreal.es\/proyectolova\/#\/schema\/logo\/image\/\"},\"sameAs\":[\"https:\/\/www.facebook.com\/proyectolova\/\",\"https:\/\/x.com\/proyectolova\",\"https:\/\/www.instagram.com\/proyectolova\/\",\"https:\/\/www.linkedin.com\/company\/proyectolova\/\",\"https:\/\/www.youtube.com\/user\/mecenartis\"]}]}<\/script>\n<!-- \/ Yoast SEO plugin. -->","yoast_head_json":{"title":"CAJAS PARA HACER L\u00d3VA - L\u00d3VA","robots":{"index":"index","follow":"follow","max-snippet":"max-snippet:-1","max-image-preview":"max-image-preview:large","max-video-preview":"max-video-preview:-1"},"canonical":"https:\/\/www.teatroreal.es\/proyectolova\/cajas-para-hacer-lova\/","og_locale":"es_ES","og_type":"article","og_title":"CAJAS PARA HACER L\u00d3VA - L\u00d3VA","og_description":"CAJAS PARA HACER L\u00d3VA Ilustraci\u00f3n: Fran Parre\u00f1o Si L\u00d3VA es el proyecto que es hoy es gracias a las personas que, a lo largo de su historia, han impulsado este proyecto y su manera de hacer educaci\u00f3n. Pedro Sarmiento y Peter Hoyle han sido figuras fundamentales en el desarrollo de L\u00d3VA y LAS CAJAS PARA ... Read more","og_url":"https:\/\/www.teatroreal.es\/proyectolova\/cajas-para-hacer-lova\/","og_site_name":"L\u00d3VA","article_publisher":"https:\/\/www.facebook.com\/proyectolova\/","article_modified_time":"2025-11-21T09:09:34+00:00","og_image":[{"width":1459,"height":1753,"url":"https:\/\/www.teatroreal.es\/proyectolova\/wp-content\/uploads\/2022\/11\/Piano-color-v2-1-scaled-e1669037044467.jpg","type":"image\/jpeg"}],"twitter_card":"summary_large_image","twitter_site":"@proyectolova","twitter_misc":{"Tiempo de lectura":"4 minutos"},"schema":{"@context":"https:\/\/schema.org","@graph":[{"@type":"WebPage","@id":"https:\/\/www.teatroreal.es\/proyectolova\/cajas-para-hacer-lova\/","url":"https:\/\/www.teatroreal.es\/proyectolova\/cajas-para-hacer-lova\/","name":"CAJAS PARA HACER L\u00d3VA - L\u00d3VA","isPartOf":{"@id":"https:\/\/www.teatroreal.es\/proyectolova\/#website"},"primaryImageOfPage":{"@id":"https:\/\/www.teatroreal.es\/proyectolova\/cajas-para-hacer-lova\/#primaryimage"},"image":{"@id":"https:\/\/www.teatroreal.es\/proyectolova\/cajas-para-hacer-lova\/#primaryimage"},"thumbnailUrl":"https:\/\/www.teatroreal.es\/proyectolova\/wp-content\/uploads\/2022\/11\/Piano-color-v2-1-scaled-e1669037044467.jpg","datePublished":"2022-11-22T09:18:59+00:00","dateModified":"2025-11-21T09:09:34+00:00","breadcrumb":{"@id":"https:\/\/www.teatroreal.es\/proyectolova\/cajas-para-hacer-lova\/#breadcrumb"},"inLanguage":"es","potentialAction":[{"@type":"ReadAction","target":["https:\/\/www.teatroreal.es\/proyectolova\/cajas-para-hacer-lova\/"]}]},{"@type":"ImageObject","inLanguage":"es","@id":"https:\/\/www.teatroreal.es\/proyectolova\/cajas-para-hacer-lova\/#primaryimage","url":"https:\/\/www.teatroreal.es\/proyectolova\/wp-content\/uploads\/2022\/11\/Piano-color-v2-1-scaled-e1669037044467.jpg","contentUrl":"https:\/\/www.teatroreal.es\/proyectolova\/wp-content\/uploads\/2022\/11\/Piano-color-v2-1-scaled-e1669037044467.jpg","width":1459,"height":1753},{"@type":"BreadcrumbList","@id":"https:\/\/www.teatroreal.es\/proyectolova\/cajas-para-hacer-lova\/#breadcrumb","itemListElement":[{"@type":"ListItem","position":1,"name":"Portada","item":"https:\/\/www.teatroreal.es\/proyectolova\/"},{"@type":"ListItem","position":2,"name":"CAJAS PARA HACER L\u00d3VA"}]},{"@type":"WebSite","@id":"https:\/\/www.teatroreal.es\/proyectolova\/#website","url":"https:\/\/www.teatroreal.es\/proyectolova\/","name":"L\u00d3VA","description":"La \u00d3pera, un Veh\u00edculo de Aprendizaje","publisher":{"@id":"https:\/\/www.teatroreal.es\/proyectolova\/#organization"},"potentialAction":[{"@type":"SearchAction","target":{"@type":"EntryPoint","urlTemplate":"https:\/\/www.teatroreal.es\/proyectolova\/?s={search_term_string}"},"query-input":{"@type":"PropertyValueSpecification","valueRequired":true,"valueName":"search_term_string"}}],"inLanguage":"es"},{"@type":"Organization","@id":"https:\/\/www.teatroreal.es\/proyectolova\/#organization","name":"L\u00d3VA","url":"https:\/\/www.teatroreal.es\/proyectolova\/","logo":{"@type":"ImageObject","inLanguage":"es","@id":"https:\/\/www.teatroreal.es\/proyectolova\/#\/schema\/logo\/image\/","url":"https:\/\/www.teatroreal.es\/proyectolova\/wp-content\/uploads\/2018\/01\/logo-L\u00d3VA-Marin\u00e9.jpg","contentUrl":"https:\/\/www.teatroreal.es\/proyectolova\/wp-content\/uploads\/2018\/01\/logo-L\u00d3VA-Marin\u00e9.jpg","width":1890,"height":2848,"caption":"L\u00d3VA"},"image":{"@id":"https:\/\/www.teatroreal.es\/proyectolova\/#\/schema\/logo\/image\/"},"sameAs":["https:\/\/www.facebook.com\/proyectolova\/","https:\/\/x.com\/proyectolova","https:\/\/www.instagram.com\/proyectolova\/","https:\/\/www.linkedin.com\/company\/proyectolova\/","https:\/\/www.youtube.com\/user\/mecenartis"]}]}},"_links":{"self":[{"href":"https:\/\/www.teatroreal.es\/proyectolova\/wp-json\/wp\/v2\/pages\/9499","targetHints":{"allow":["GET"]}}],"collection":[{"href":"https:\/\/www.teatroreal.es\/proyectolova\/wp-json\/wp\/v2\/pages"}],"about":[{"href":"https:\/\/www.teatroreal.es\/proyectolova\/wp-json\/wp\/v2\/types\/page"}],"author":[{"embeddable":true,"href":"https:\/\/www.teatroreal.es\/proyectolova\/wp-json\/wp\/v2\/users\/168"}],"replies":[{"embeddable":true,"href":"https:\/\/www.teatroreal.es\/proyectolova\/wp-json\/wp\/v2\/comments?post=9499"}],"version-history":[{"count":48,"href":"https:\/\/www.teatroreal.es\/proyectolova\/wp-json\/wp\/v2\/pages\/9499\/revisions"}],"predecessor-version":[{"id":11382,"href":"https:\/\/www.teatroreal.es\/proyectolova\/wp-json\/wp\/v2\/pages\/9499\/revisions\/11382"}],"wp:featuredmedia":[{"embeddable":true,"href":"https:\/\/www.teatroreal.es\/proyectolova\/wp-json\/wp\/v2\/media\/9501"}],"wp:attachment":[{"href":"https:\/\/www.teatroreal.es\/proyectolova\/wp-json\/wp\/v2\/media?parent=9499"}],"wp:term":[{"taxonomy":"hashtags","embeddable":true,"href":"https:\/\/www.teatroreal.es\/proyectolova\/wp-json\/wp\/v2\/hashtags?post=9499"}],"curies":[{"name":"wp","href":"https:\/\/api.w.org\/{rel}","templated":true}]}}