{"id":9803,"date":"2023-09-27T22:46:04","date_gmt":"2023-09-27T20:46:04","guid":{"rendered":"https:\/\/www.teatroreal.es\/proyectolova\/?page_id=9803"},"modified":"2023-09-27T22:49:41","modified_gmt":"2023-09-27T20:49:41","slug":"verbena-menilswing","status":"publish","type":"page","link":"https:\/\/www.teatroreal.es\/proyectolova\/actividades-curso-lova\/aprendanza-2\/aprendanza-23\/verbena-menilswing\/","title":{"rendered":"Verbena. MENIL SWING"},"content":{"rendered":"\t\t<div data-elementor-type=\"wp-page\" data-elementor-id=\"9803\" class=\"elementor elementor-9803\" data-elementor-post-type=\"page\">\n\t\t\t\t\t\t<section class=\"elementor-section elementor-top-section elementor-element elementor-element-2838f0e elementor-section-boxed elementor-section-height-default elementor-section-height-default qodef-elementor-content-no\" data-id=\"2838f0e\" data-element_type=\"section\">\n\t\t\t\t\t\t<div class=\"elementor-container elementor-column-gap-default\">\n\t\t\t\t\t<div class=\"elementor-column elementor-col-100 elementor-top-column elementor-element elementor-element-4076c70\" data-id=\"4076c70\" data-element_type=\"column\">\n\t\t\t<div class=\"elementor-widget-wrap elementor-element-populated\">\n\t\t\t\t\t\t<div class=\"elementor-element elementor-element-385464a elementor-widget elementor-widget-heading\" data-id=\"385464a\" data-element_type=\"widget\" data-widget_type=\"heading.default\">\n\t\t\t\t<div class=\"elementor-widget-container\">\n\t\t\t\t\t<h2 class=\"elementor-heading-title elementor-size-default\">Taller y Concierto<\/h2>\t\t\t\t<\/div>\n\t\t\t\t<\/div>\n\t\t\t\t\t<\/div>\n\t\t<\/div>\n\t\t\t\t\t<\/div>\n\t\t<\/section>\n\t\t\t\t<section class=\"elementor-section elementor-top-section elementor-element elementor-element-749c88e elementor-section-boxed elementor-section-height-default elementor-section-height-default qodef-elementor-content-no\" data-id=\"749c88e\" data-element_type=\"section\">\n\t\t\t\t\t\t<div class=\"elementor-container elementor-column-gap-default\">\n\t\t\t\t\t<div class=\"elementor-column elementor-col-100 elementor-top-column elementor-element elementor-element-fd88fa4\" data-id=\"fd88fa4\" data-element_type=\"column\">\n\t\t\t<div class=\"elementor-widget-wrap elementor-element-populated\">\n\t\t\t\t\t\t<div class=\"elementor-element elementor-element-4a8b098 elementor-widget elementor-widget-image\" data-id=\"4a8b098\" data-element_type=\"widget\" data-widget_type=\"image.default\">\n\t\t\t\t<div class=\"elementor-widget-container\">\n\t\t\t\t\t\t\t\t\t\t\t\t\t\t\t<img fetchpriority=\"high\" decoding=\"async\" width=\"768\" height=\"512\" src=\"https:\/\/www.teatroreal.es\/proyectolova\/wp-content\/uploads\/2023\/09\/MENIL-2-768x512.jpg\" class=\"attachment-medium_large size-medium_large wp-image-9780\" alt=\"\" srcset=\"https:\/\/www.teatroreal.es\/proyectolova\/wp-content\/uploads\/2023\/09\/MENIL-2-768x512.jpg 768w, https:\/\/www.teatroreal.es\/proyectolova\/wp-content\/uploads\/2023\/09\/MENIL-2-300x200.jpg 300w, https:\/\/www.teatroreal.es\/proyectolova\/wp-content\/uploads\/2023\/09\/MENIL-2-1024x683.jpg 1024w, https:\/\/www.teatroreal.es\/proyectolova\/wp-content\/uploads\/2023\/09\/MENIL-2-1536x1024.jpg 1536w, https:\/\/www.teatroreal.es\/proyectolova\/wp-content\/uploads\/2023\/09\/MENIL-2-2048x1365.jpg 2048w\" sizes=\"(max-width: 768px) 100vw, 768px\" \/>\t\t\t\t\t\t\t\t\t\t\t\t\t\t\t<\/div>\n\t\t\t\t<\/div>\n\t\t\t\t\t<\/div>\n\t\t<\/div>\n\t\t\t\t\t<\/div>\n\t\t<\/section>\n\t\t\t\t<section class=\"elementor-section elementor-top-section elementor-element elementor-element-ccfa310 elementor-section-boxed elementor-section-height-default elementor-section-height-default qodef-elementor-content-no\" data-id=\"ccfa310\" data-element_type=\"section\">\n\t\t\t\t\t\t<div class=\"elementor-container elementor-column-gap-default\">\n\t\t\t\t\t<div class=\"elementor-column elementor-col-100 elementor-top-column elementor-element elementor-element-d7863cb\" data-id=\"d7863cb\" data-element_type=\"column\">\n\t\t\t<div class=\"elementor-widget-wrap elementor-element-populated\">\n\t\t\t\t\t\t<div class=\"elementor-element elementor-element-02ef123 elementor-icon-list--layout-traditional elementor-list-item-link-full_width elementor-widget elementor-widget-icon-list\" data-id=\"02ef123\" data-element_type=\"widget\" data-widget_type=\"icon-list.default\">\n\t\t\t\t<div class=\"elementor-widget-container\">\n\t\t\t\t\t\t\t<ul class=\"elementor-icon-list-items\">\n\t\t\t\t\t\t\t<li class=\"elementor-icon-list-item\">\n\t\t\t\t\t\t\t\t\t\t\t<span class=\"elementor-icon-list-icon\">\n\t\t\t\t\t\t\t<i aria-hidden=\"true\" class=\"far fa-calendar\"><\/i>\t\t\t\t\t\t<\/span>\n\t\t\t\t\t\t\t\t\t\t<span class=\"elementor-icon-list-text\">20 de octubre<\/span>\n\t\t\t\t\t\t\t\t\t<\/li>\n\t\t\t\t\t\t\t\t<li class=\"elementor-icon-list-item\">\n\t\t\t\t\t\t\t\t\t\t\t<span class=\"elementor-icon-list-icon\">\n\t\t\t\t\t\t\t<i aria-hidden=\"true\" class=\"far fa-clock\"><\/i>\t\t\t\t\t\t<\/span>\n\t\t\t\t\t\t\t\t\t\t<span class=\"elementor-icon-list-text\">18h00 a 20h00<\/span>\n\t\t\t\t\t\t\t\t\t<\/li>\n\t\t\t\t\t\t\t\t<li class=\"elementor-icon-list-item\">\n\t\t\t\t\t\t\t\t\t\t\t<span class=\"elementor-icon-list-icon\">\n\t\t\t\t\t\t\t<i aria-hidden=\"true\" class=\"far fa-building\"><\/i>\t\t\t\t\t\t<\/span>\n\t\t\t\t\t\t\t\t\t\t<span class=\"elementor-icon-list-text\">Hall. Real Teatro de Retiro<\/span>\n\t\t\t\t\t\t\t\t\t<\/li>\n\t\t\t\t\t\t<\/ul>\n\t\t\t\t\t\t<\/div>\n\t\t\t\t<\/div>\n\t\t\t\t<div class=\"elementor-element elementor-element-39c2fbe elementor-widget-divider--view-line elementor-widget elementor-widget-divider\" data-id=\"39c2fbe\" data-element_type=\"widget\" data-widget_type=\"divider.default\">\n\t\t\t\t<div class=\"elementor-widget-container\">\n\t\t\t\t\t\t\t<div class=\"elementor-divider\">\n\t\t\t<span class=\"elementor-divider-separator\">\n\t\t\t\t\t\t<\/span>\n\t\t<\/div>\n\t\t\t\t\t\t<\/div>\n\t\t\t\t<\/div>\n\t\t\t\t\t<\/div>\n\t\t<\/div>\n\t\t\t\t\t<\/div>\n\t\t<\/section>\n\t\t\t\t<section class=\"elementor-section elementor-top-section elementor-element elementor-element-451d66e elementor-section-boxed elementor-section-height-default elementor-section-height-default qodef-elementor-content-no\" data-id=\"451d66e\" data-element_type=\"section\">\n\t\t\t\t\t\t<div class=\"elementor-container elementor-column-gap-default\">\n\t\t\t\t\t<div class=\"elementor-column elementor-col-100 elementor-top-column elementor-element elementor-element-2fb6be5\" data-id=\"2fb6be5\" data-element_type=\"column\">\n\t\t\t<div class=\"elementor-widget-wrap elementor-element-populated\">\n\t\t\t\t\t\t<div class=\"elementor-element elementor-element-f9b40db elementor-widget elementor-widget-text-editor\" data-id=\"f9b40db\" data-element_type=\"widget\" data-widget_type=\"text-editor.default\">\n\t\t\t\t<div class=\"elementor-widget-container\">\n\t\t\t\t\t\t\t\t\t<p>Abrimos aprendanza de la mejor manera, bailando junt+s. \u00a1Ven a la Verbena de aprendanza!<\/p>\n<p><strong>MENIL SWING<\/strong><\/p>\n<p><span style=\"font-weight: 400;\">MENIL SWING es uno de los proyectos m\u00e1s originales y apasionantes de la m\u00fasica popular espa\u00f1ola en los \u00faltimos a\u00f1os. El proyecto, que nace con el prop\u00f3sito de difundir el gipsy-jazz o el jazz-manouche, presenta una NUEVA FORMA DE HACER SWING, capaz de emocionar y hacer vibrar al gran p\u00fablico. MENIL inspira su nombre en el distrito de Par\u00eds M\u00c9NILMONTANT, situado en lo m\u00e1s alto de la capital, que en los a\u00f1os 30 acogi\u00f3 a Reinhardt, Grappelli y muchos artistas como Edith Piaf, Maurice Chevalier\u2026 que llenaron con su arte calles, teatros y \u201ccaf\u00e9s-concert\u201d e inspiraron las noches del lugar m\u00e1s bohemio de la ciudad. Su lenguaje pleno de matices, su virtuosismo y su original interpretaci\u00f3n emociona a todos los p\u00fablicos en un viaje de ida y vuelta al coraz\u00f3n de los a\u00f1os 30 del pasado siglo.<\/span><\/p>\n<p><strong>EVA+LUI. TALLER DANZA SWING<\/strong><\/p>\n<p><span style=\"font-weight: 400;\">Lui, siendo m\u00fasico, descubre que el jazz tambi\u00e9n se baila en un viaje por Barcelona, yendo a escuchar a la Barcelona Jazz Orquesta, desde ese momento queda cautivado de los giros y rebotes que caracterizan los bailes del swing y durante los tres a\u00f1os siguientes s\u00f3lo vive para bailar; aprendiendo con los profesores m\u00e1s reconocidos de la escena nacional e internacional.<\/span><\/p>\n<p><span style=\"font-weight: 400;\">Eva, hija de padre m\u00fasico y madre bailaora lleva el ritmo en la sangre, desde ni\u00f1a se interes\u00f3 en la m\u00fasica y el movimiento, incursionando en el mundo de la danza urbana, cl\u00e1sica y contempor\u00e1nea. Con 18 a\u00f1os conoci\u00f3 el swing y se enamor\u00f3.<\/span><\/p>\n<p><span style=\"font-weight: 400;\">Eva y Lui llevan tres a\u00f1os bailando juntos, en la categor\u00eda de swing est\u00e1n especializados en lindy hop y&nbsp; balboa, haciendo espect\u00e1culos e impartiendo clases.<\/span><\/p>\t\t\t\t\t\t\t\t<\/div>\n\t\t\t\t<\/div>\n\t\t\t\t\t<\/div>\n\t\t<\/div>\n\t\t\t\t\t<\/div>\n\t\t<\/section>\n\t\t\t\t<section class=\"elementor-section elementor-top-section elementor-element elementor-element-2358556 elementor-section-boxed elementor-section-height-default elementor-section-height-default qodef-elementor-content-no\" data-id=\"2358556\" data-element_type=\"section\">\n\t\t\t\t\t\t<div class=\"elementor-container elementor-column-gap-default\">\n\t\t\t\t\t<div class=\"elementor-column elementor-col-50 elementor-top-column elementor-element elementor-element-c1e33c6\" data-id=\"c1e33c6\" data-element_type=\"column\">\n\t\t\t<div class=\"elementor-widget-wrap elementor-element-populated\">\n\t\t\t\t\t\t<div class=\"elementor-element elementor-element-8ceacde elementor-widget elementor-widget-image\" data-id=\"8ceacde\" data-element_type=\"widget\" data-widget_type=\"image.default\">\n\t\t\t\t<div class=\"elementor-widget-container\">\n\t\t\t\t\t\t\t\t\t\t\t\t\t\t\t<img decoding=\"async\" width=\"1024\" height=\"768\" src=\"https:\/\/www.teatroreal.es\/proyectolova\/wp-content\/uploads\/2023\/09\/11.jpeg\" class=\"attachment-2048x2048 size-2048x2048 wp-image-9805\" alt=\"\" srcset=\"https:\/\/www.teatroreal.es\/proyectolova\/wp-content\/uploads\/2023\/09\/11.jpeg 1024w, https:\/\/www.teatroreal.es\/proyectolova\/wp-content\/uploads\/2023\/09\/11-300x225.jpeg 300w, https:\/\/www.teatroreal.es\/proyectolova\/wp-content\/uploads\/2023\/09\/11-768x576.jpeg 768w\" sizes=\"(max-width: 1024px) 100vw, 1024px\" \/>\t\t\t\t\t\t\t\t\t\t\t\t\t\t\t<\/div>\n\t\t\t\t<\/div>\n\t\t\t\t\t<\/div>\n\t\t<\/div>\n\t\t\t\t<div class=\"elementor-column elementor-col-50 elementor-top-column elementor-element elementor-element-4be6af5\" data-id=\"4be6af5\" data-element_type=\"column\">\n\t\t\t<div class=\"elementor-widget-wrap elementor-element-populated\">\n\t\t\t\t\t\t<div class=\"elementor-element elementor-element-1a2cb84 elementor-widget elementor-widget-image\" data-id=\"1a2cb84\" data-element_type=\"widget\" data-widget_type=\"image.default\">\n\t\t\t\t<div class=\"elementor-widget-container\">\n\t\t\t\t\t\t\t\t\t\t\t\t\t\t\t<img decoding=\"async\" width=\"768\" height=\"512\" src=\"https:\/\/www.teatroreal.es\/proyectolova\/wp-content\/uploads\/2023\/09\/MENIL-0-768x512.jpg\" class=\"attachment-medium_large size-medium_large wp-image-9807\" alt=\"\" srcset=\"https:\/\/www.teatroreal.es\/proyectolova\/wp-content\/uploads\/2023\/09\/MENIL-0-768x512.jpg 768w, https:\/\/www.teatroreal.es\/proyectolova\/wp-content\/uploads\/2023\/09\/MENIL-0-300x200.jpg 300w, https:\/\/www.teatroreal.es\/proyectolova\/wp-content\/uploads\/2023\/09\/MENIL-0-1024x683.jpg 1024w, https:\/\/www.teatroreal.es\/proyectolova\/wp-content\/uploads\/2023\/09\/MENIL-0-1536x1024.jpg 1536w, https:\/\/www.teatroreal.es\/proyectolova\/wp-content\/uploads\/2023\/09\/MENIL-0-2048x1365.jpg 2048w\" sizes=\"(max-width: 768px) 100vw, 768px\" \/>\t\t\t\t\t\t\t\t\t\t\t\t\t\t\t<\/div>\n\t\t\t\t<\/div>\n\t\t\t\t\t<\/div>\n\t\t<\/div>\n\t\t\t\t\t<\/div>\n\t\t<\/section>\n\t\t\t\t<\/div>\n\t\t","protected":false},"excerpt":{"rendered":"<p>Taller y Concierto 20 de octubre 18h00 a 20h00 Hall. Real Teatro de Retiro Abrimos aprendanza de la mejor manera, bailando junt+s. \u00a1Ven a la Verbena de aprendanza! MENIL SWING MENIL SWING es uno de los proyectos m\u00e1s originales y apasionantes de la m\u00fasica popular espa\u00f1ola en los \u00faltimos a\u00f1os. El proyecto, que nace con &#8230; <a title=\"Verbena. MENIL SWING\" class=\"read-more\" href=\"https:\/\/www.teatroreal.es\/proyectolova\/actividades-curso-lova\/aprendanza-2\/aprendanza-23\/verbena-menilswing\/\">Read more<\/a><\/p>\n","protected":false},"author":168,"featured_media":0,"parent":9770,"menu_order":0,"comment_status":"closed","ping_status":"closed","template":"","meta":{"footnotes":""},"hashtags":[],"class_list":["post-9803","page","type-page","status-publish"],"yoast_head":"<!-- This site is optimized with the Yoast SEO plugin v26.8 - https:\/\/yoast.com\/product\/yoast-seo-wordpress\/ -->\n<title>Verbena. MENIL SWING - L\u00d3VA<\/title>\n<meta name=\"robots\" content=\"index, follow, max-snippet:-1, max-image-preview:large, max-video-preview:-1\" \/>\n<link rel=\"canonical\" href=\"https:\/\/www.teatroreal.es\/proyectolova\/actividades-curso-lova\/aprendanza-2\/aprendanza-23\/verbena-menilswing\/\" \/>\n<meta property=\"og:locale\" content=\"es_ES\" \/>\n<meta property=\"og:type\" content=\"article\" \/>\n<meta property=\"og:title\" content=\"Verbena. MENIL SWING - L\u00d3VA\" \/>\n<meta property=\"og:description\" content=\"Taller y Concierto 20 de octubre 18h00 a 20h00 Hall. Real Teatro de Retiro Abrimos aprendanza de la mejor manera, bailando junt+s. \u00a1Ven a la Verbena de aprendanza! MENIL SWING MENIL SWING es uno de los proyectos m\u00e1s originales y apasionantes de la m\u00fasica popular espa\u00f1ola en los \u00faltimos a\u00f1os. El proyecto, que nace con ... Read more\" \/>\n<meta property=\"og:url\" content=\"https:\/\/www.teatroreal.es\/proyectolova\/actividades-curso-lova\/aprendanza-2\/aprendanza-23\/verbena-menilswing\/\" \/>\n<meta property=\"og:site_name\" content=\"L\u00d3VA\" \/>\n<meta property=\"article:publisher\" content=\"https:\/\/www.facebook.com\/proyectolova\/\" \/>\n<meta property=\"article:modified_time\" content=\"2023-09-27T20:49:41+00:00\" \/>\n<meta property=\"og:image\" content=\"https:\/\/www.teatroreal.es\/proyectolova\/wp-content\/uploads\/2023\/09\/MENIL-2-768x512.jpg\" \/>\n<meta name=\"twitter:card\" content=\"summary_large_image\" \/>\n<meta name=\"twitter:site\" content=\"@proyectolova\" \/>\n<meta name=\"twitter:label1\" content=\"Tiempo de lectura\" \/>\n\t<meta name=\"twitter:data1\" content=\"2 minutos\" \/>\n<script type=\"application\/ld+json\" class=\"yoast-schema-graph\">{\"@context\":\"https:\/\/schema.org\",\"@graph\":[{\"@type\":\"WebPage\",\"@id\":\"https:\/\/www.teatroreal.es\/proyectolova\/actividades-curso-lova\/aprendanza-2\/aprendanza-23\/verbena-menilswing\/\",\"url\":\"https:\/\/www.teatroreal.es\/proyectolova\/actividades-curso-lova\/aprendanza-2\/aprendanza-23\/verbena-menilswing\/\",\"name\":\"Verbena. MENIL SWING - L\u00d3VA\",\"isPartOf\":{\"@id\":\"https:\/\/www.teatroreal.es\/proyectolova\/#website\"},\"primaryImageOfPage\":{\"@id\":\"https:\/\/www.teatroreal.es\/proyectolova\/actividades-curso-lova\/aprendanza-2\/aprendanza-23\/verbena-menilswing\/#primaryimage\"},\"image\":{\"@id\":\"https:\/\/www.teatroreal.es\/proyectolova\/actividades-curso-lova\/aprendanza-2\/aprendanza-23\/verbena-menilswing\/#primaryimage\"},\"thumbnailUrl\":\"https:\/\/www.teatroreal.es\/proyectolova\/wp-content\/uploads\/2023\/09\/MENIL-2-768x512.jpg\",\"datePublished\":\"2023-09-27T20:46:04+00:00\",\"dateModified\":\"2023-09-27T20:49:41+00:00\",\"breadcrumb\":{\"@id\":\"https:\/\/www.teatroreal.es\/proyectolova\/actividades-curso-lova\/aprendanza-2\/aprendanza-23\/verbena-menilswing\/#breadcrumb\"},\"inLanguage\":\"es\",\"potentialAction\":[{\"@type\":\"ReadAction\",\"target\":[\"https:\/\/www.teatroreal.es\/proyectolova\/actividades-curso-lova\/aprendanza-2\/aprendanza-23\/verbena-menilswing\/\"]}]},{\"@type\":\"ImageObject\",\"inLanguage\":\"es\",\"@id\":\"https:\/\/www.teatroreal.es\/proyectolova\/actividades-curso-lova\/aprendanza-2\/aprendanza-23\/verbena-menilswing\/#primaryimage\",\"url\":\"https:\/\/www.teatroreal.es\/proyectolova\/wp-content\/uploads\/2023\/09\/MENIL-2-scaled.jpg\",\"contentUrl\":\"https:\/\/www.teatroreal.es\/proyectolova\/wp-content\/uploads\/2023\/09\/MENIL-2-scaled.jpg\",\"width\":2560,\"height\":1707},{\"@type\":\"BreadcrumbList\",\"@id\":\"https:\/\/www.teatroreal.es\/proyectolova\/actividades-curso-lova\/aprendanza-2\/aprendanza-23\/verbena-menilswing\/#breadcrumb\",\"itemListElement\":[{\"@type\":\"ListItem\",\"position\":1,\"name\":\"Portada\",\"item\":\"https:\/\/www.teatroreal.es\/proyectolova\/\"},{\"@type\":\"ListItem\",\"position\":2,\"name\":\"Actividades\",\"item\":\"https:\/\/www.teatroreal.es\/proyectolova\/?page_id=1725\"},{\"@type\":\"ListItem\",\"position\":3,\"name\":\"APRENDANZA\",\"item\":\"https:\/\/www.teatroreal.es\/proyectolova\/actividades-curso-lova\/aprendanza-2\/\"},{\"@type\":\"ListItem\",\"position\":4,\"name\":\"aprendanza 23\",\"item\":\"https:\/\/www.teatroreal.es\/proyectolova\/actividades-curso-lova\/aprendanza-2\/aprendanza-23\/\"},{\"@type\":\"ListItem\",\"position\":5,\"name\":\"Verbena. MENIL SWING\"}]},{\"@type\":\"WebSite\",\"@id\":\"https:\/\/www.teatroreal.es\/proyectolova\/#website\",\"url\":\"https:\/\/www.teatroreal.es\/proyectolova\/\",\"name\":\"L\u00d3VA\",\"description\":\"La \u00d3pera, un Veh\u00edculo de Aprendizaje\",\"publisher\":{\"@id\":\"https:\/\/www.teatroreal.es\/proyectolova\/#organization\"},\"potentialAction\":[{\"@type\":\"SearchAction\",\"target\":{\"@type\":\"EntryPoint\",\"urlTemplate\":\"https:\/\/www.teatroreal.es\/proyectolova\/?s={search_term_string}\"},\"query-input\":{\"@type\":\"PropertyValueSpecification\",\"valueRequired\":true,\"valueName\":\"search_term_string\"}}],\"inLanguage\":\"es\"},{\"@type\":\"Organization\",\"@id\":\"https:\/\/www.teatroreal.es\/proyectolova\/#organization\",\"name\":\"L\u00d3VA\",\"url\":\"https:\/\/www.teatroreal.es\/proyectolova\/\",\"logo\":{\"@type\":\"ImageObject\",\"inLanguage\":\"es\",\"@id\":\"https:\/\/www.teatroreal.es\/proyectolova\/#\/schema\/logo\/image\/\",\"url\":\"https:\/\/www.teatroreal.es\/proyectolova\/wp-content\/uploads\/2018\/01\/logo-L\u00d3VA-Marin\u00e9.jpg\",\"contentUrl\":\"https:\/\/www.teatroreal.es\/proyectolova\/wp-content\/uploads\/2018\/01\/logo-L\u00d3VA-Marin\u00e9.jpg\",\"width\":1890,\"height\":2848,\"caption\":\"L\u00d3VA\"},\"image\":{\"@id\":\"https:\/\/www.teatroreal.es\/proyectolova\/#\/schema\/logo\/image\/\"},\"sameAs\":[\"https:\/\/www.facebook.com\/proyectolova\/\",\"https:\/\/x.com\/proyectolova\",\"https:\/\/www.instagram.com\/proyectolova\/\",\"https:\/\/www.linkedin.com\/company\/proyectolova\/\",\"https:\/\/www.youtube.com\/user\/mecenartis\"]}]}<\/script>\n<!-- \/ Yoast SEO plugin. -->","yoast_head_json":{"title":"Verbena. MENIL SWING - L\u00d3VA","robots":{"index":"index","follow":"follow","max-snippet":"max-snippet:-1","max-image-preview":"max-image-preview:large","max-video-preview":"max-video-preview:-1"},"canonical":"https:\/\/www.teatroreal.es\/proyectolova\/actividades-curso-lova\/aprendanza-2\/aprendanza-23\/verbena-menilswing\/","og_locale":"es_ES","og_type":"article","og_title":"Verbena. MENIL SWING - L\u00d3VA","og_description":"Taller y Concierto 20 de octubre 18h00 a 20h00 Hall. Real Teatro de Retiro Abrimos aprendanza de la mejor manera, bailando junt+s. \u00a1Ven a la Verbena de aprendanza! MENIL SWING MENIL SWING es uno de los proyectos m\u00e1s originales y apasionantes de la m\u00fasica popular espa\u00f1ola en los \u00faltimos a\u00f1os. El proyecto, que nace con ... Read more","og_url":"https:\/\/www.teatroreal.es\/proyectolova\/actividades-curso-lova\/aprendanza-2\/aprendanza-23\/verbena-menilswing\/","og_site_name":"L\u00d3VA","article_publisher":"https:\/\/www.facebook.com\/proyectolova\/","article_modified_time":"2023-09-27T20:49:41+00:00","og_image":[{"url":"https:\/\/www.teatroreal.es\/proyectolova\/wp-content\/uploads\/2023\/09\/MENIL-2-768x512.jpg","type":"","width":"","height":""}],"twitter_card":"summary_large_image","twitter_site":"@proyectolova","twitter_misc":{"Tiempo de lectura":"2 minutos"},"schema":{"@context":"https:\/\/schema.org","@graph":[{"@type":"WebPage","@id":"https:\/\/www.teatroreal.es\/proyectolova\/actividades-curso-lova\/aprendanza-2\/aprendanza-23\/verbena-menilswing\/","url":"https:\/\/www.teatroreal.es\/proyectolova\/actividades-curso-lova\/aprendanza-2\/aprendanza-23\/verbena-menilswing\/","name":"Verbena. MENIL SWING - L\u00d3VA","isPartOf":{"@id":"https:\/\/www.teatroreal.es\/proyectolova\/#website"},"primaryImageOfPage":{"@id":"https:\/\/www.teatroreal.es\/proyectolova\/actividades-curso-lova\/aprendanza-2\/aprendanza-23\/verbena-menilswing\/#primaryimage"},"image":{"@id":"https:\/\/www.teatroreal.es\/proyectolova\/actividades-curso-lova\/aprendanza-2\/aprendanza-23\/verbena-menilswing\/#primaryimage"},"thumbnailUrl":"https:\/\/www.teatroreal.es\/proyectolova\/wp-content\/uploads\/2023\/09\/MENIL-2-768x512.jpg","datePublished":"2023-09-27T20:46:04+00:00","dateModified":"2023-09-27T20:49:41+00:00","breadcrumb":{"@id":"https:\/\/www.teatroreal.es\/proyectolova\/actividades-curso-lova\/aprendanza-2\/aprendanza-23\/verbena-menilswing\/#breadcrumb"},"inLanguage":"es","potentialAction":[{"@type":"ReadAction","target":["https:\/\/www.teatroreal.es\/proyectolova\/actividades-curso-lova\/aprendanza-2\/aprendanza-23\/verbena-menilswing\/"]}]},{"@type":"ImageObject","inLanguage":"es","@id":"https:\/\/www.teatroreal.es\/proyectolova\/actividades-curso-lova\/aprendanza-2\/aprendanza-23\/verbena-menilswing\/#primaryimage","url":"https:\/\/www.teatroreal.es\/proyectolova\/wp-content\/uploads\/2023\/09\/MENIL-2-scaled.jpg","contentUrl":"https:\/\/www.teatroreal.es\/proyectolova\/wp-content\/uploads\/2023\/09\/MENIL-2-scaled.jpg","width":2560,"height":1707},{"@type":"BreadcrumbList","@id":"https:\/\/www.teatroreal.es\/proyectolova\/actividades-curso-lova\/aprendanza-2\/aprendanza-23\/verbena-menilswing\/#breadcrumb","itemListElement":[{"@type":"ListItem","position":1,"name":"Portada","item":"https:\/\/www.teatroreal.es\/proyectolova\/"},{"@type":"ListItem","position":2,"name":"Actividades","item":"https:\/\/www.teatroreal.es\/proyectolova\/?page_id=1725"},{"@type":"ListItem","position":3,"name":"APRENDANZA","item":"https:\/\/www.teatroreal.es\/proyectolova\/actividades-curso-lova\/aprendanza-2\/"},{"@type":"ListItem","position":4,"name":"aprendanza 23","item":"https:\/\/www.teatroreal.es\/proyectolova\/actividades-curso-lova\/aprendanza-2\/aprendanza-23\/"},{"@type":"ListItem","position":5,"name":"Verbena. MENIL SWING"}]},{"@type":"WebSite","@id":"https:\/\/www.teatroreal.es\/proyectolova\/#website","url":"https:\/\/www.teatroreal.es\/proyectolova\/","name":"L\u00d3VA","description":"La \u00d3pera, un Veh\u00edculo de Aprendizaje","publisher":{"@id":"https:\/\/www.teatroreal.es\/proyectolova\/#organization"},"potentialAction":[{"@type":"SearchAction","target":{"@type":"EntryPoint","urlTemplate":"https:\/\/www.teatroreal.es\/proyectolova\/?s={search_term_string}"},"query-input":{"@type":"PropertyValueSpecification","valueRequired":true,"valueName":"search_term_string"}}],"inLanguage":"es"},{"@type":"Organization","@id":"https:\/\/www.teatroreal.es\/proyectolova\/#organization","name":"L\u00d3VA","url":"https:\/\/www.teatroreal.es\/proyectolova\/","logo":{"@type":"ImageObject","inLanguage":"es","@id":"https:\/\/www.teatroreal.es\/proyectolova\/#\/schema\/logo\/image\/","url":"https:\/\/www.teatroreal.es\/proyectolova\/wp-content\/uploads\/2018\/01\/logo-L\u00d3VA-Marin\u00e9.jpg","contentUrl":"https:\/\/www.teatroreal.es\/proyectolova\/wp-content\/uploads\/2018\/01\/logo-L\u00d3VA-Marin\u00e9.jpg","width":1890,"height":2848,"caption":"L\u00d3VA"},"image":{"@id":"https:\/\/www.teatroreal.es\/proyectolova\/#\/schema\/logo\/image\/"},"sameAs":["https:\/\/www.facebook.com\/proyectolova\/","https:\/\/x.com\/proyectolova","https:\/\/www.instagram.com\/proyectolova\/","https:\/\/www.linkedin.com\/company\/proyectolova\/","https:\/\/www.youtube.com\/user\/mecenartis"]}]}},"_links":{"self":[{"href":"https:\/\/www.teatroreal.es\/proyectolova\/wp-json\/wp\/v2\/pages\/9803","targetHints":{"allow":["GET"]}}],"collection":[{"href":"https:\/\/www.teatroreal.es\/proyectolova\/wp-json\/wp\/v2\/pages"}],"about":[{"href":"https:\/\/www.teatroreal.es\/proyectolova\/wp-json\/wp\/v2\/types\/page"}],"author":[{"embeddable":true,"href":"https:\/\/www.teatroreal.es\/proyectolova\/wp-json\/wp\/v2\/users\/168"}],"replies":[{"embeddable":true,"href":"https:\/\/www.teatroreal.es\/proyectolova\/wp-json\/wp\/v2\/comments?post=9803"}],"version-history":[{"count":5,"href":"https:\/\/www.teatroreal.es\/proyectolova\/wp-json\/wp\/v2\/pages\/9803\/revisions"}],"predecessor-version":[{"id":9825,"href":"https:\/\/www.teatroreal.es\/proyectolova\/wp-json\/wp\/v2\/pages\/9803\/revisions\/9825"}],"up":[{"embeddable":true,"href":"https:\/\/www.teatroreal.es\/proyectolova\/wp-json\/wp\/v2\/pages\/9770"}],"wp:attachment":[{"href":"https:\/\/www.teatroreal.es\/proyectolova\/wp-json\/wp\/v2\/media?parent=9803"}],"wp:term":[{"taxonomy":"hashtags","embeddable":true,"href":"https:\/\/www.teatroreal.es\/proyectolova\/wp-json\/wp\/v2\/hashtags?post=9803"}],"curies":[{"name":"wp","href":"https:\/\/api.w.org\/{rel}","templated":true}]}}