{"id":9814,"date":"2023-09-27T22:52:33","date_gmt":"2023-09-27T20:52:33","guid":{"rendered":"https:\/\/www.teatroreal.es\/proyectolova\/?page_id=9814"},"modified":"2023-10-03T11:23:36","modified_gmt":"2023-10-03T09:23:36","slug":"espacioabierto","status":"publish","type":"page","link":"https:\/\/www.teatroreal.es\/proyectolova\/actividades-curso-lova\/aprendanza-2\/aprendanza-23\/espacioabierto\/","title":{"rendered":"Espacio Abierto. No se llama"},"content":{"rendered":"\t\t<div data-elementor-type=\"wp-page\" data-elementor-id=\"9814\" class=\"elementor elementor-9814\" data-elementor-post-type=\"page\">\n\t\t\t\t\t\t<section class=\"elementor-section elementor-top-section elementor-element elementor-element-2838f0e elementor-section-boxed elementor-section-height-default elementor-section-height-default qodef-elementor-content-no\" data-id=\"2838f0e\" data-element_type=\"section\">\n\t\t\t\t\t\t<div class=\"elementor-container elementor-column-gap-default\">\n\t\t\t\t\t<div class=\"elementor-column elementor-col-100 elementor-top-column elementor-element elementor-element-4076c70\" data-id=\"4076c70\" data-element_type=\"column\">\n\t\t\t<div class=\"elementor-widget-wrap elementor-element-populated\">\n\t\t\t\t\t\t<div class=\"elementor-element elementor-element-385464a elementor-widget elementor-widget-heading\" data-id=\"385464a\" data-element_type=\"widget\" data-widget_type=\"heading.default\">\n\t\t\t\t<div class=\"elementor-widget-container\">\n\t\t\t\t\t<h2 class=\"elementor-heading-title elementor-size-default\">Espacio Abierto. No se llama.<br>Creaci\u00f3n colectiva<\/h2>\t\t\t\t<\/div>\n\t\t\t\t<\/div>\n\t\t\t\t\t<\/div>\n\t\t<\/div>\n\t\t\t\t\t<\/div>\n\t\t<\/section>\n\t\t\t\t<section class=\"elementor-section elementor-top-section elementor-element elementor-element-749c88e elementor-section-boxed elementor-section-height-default elementor-section-height-default qodef-elementor-content-no\" data-id=\"749c88e\" data-element_type=\"section\">\n\t\t\t\t\t\t<div class=\"elementor-container elementor-column-gap-default\">\n\t\t\t\t\t<div class=\"elementor-column elementor-col-100 elementor-top-column elementor-element elementor-element-fd88fa4\" data-id=\"fd88fa4\" data-element_type=\"column\">\n\t\t\t<div class=\"elementor-widget-wrap elementor-element-populated\">\n\t\t\t\t\t\t<div class=\"elementor-element elementor-element-4a8b098 elementor-widget elementor-widget-image\" data-id=\"4a8b098\" data-element_type=\"widget\" data-widget_type=\"image.default\">\n\t\t\t\t<div class=\"elementor-widget-container\">\n\t\t\t\t\t\t\t\t\t\t\t\t\t\t\t<img decoding=\"async\" src=\"https:\/\/www.teatroreal.es\/proyectolova\/wp-content\/uploads\/elementor\/thumbs\/Screenshot_20220621_114457-e1695850309282-qd1o8pwqofibxpw70y3v6cfuallaqrqn3fqddz15sq.jpg\" title=\"Screenshot_20220621_114457\" alt=\"Screenshot_20220621_114457\" loading=\"lazy\" \/>\t\t\t\t\t\t\t\t\t\t\t\t\t\t\t<\/div>\n\t\t\t\t<\/div>\n\t\t\t\t\t<\/div>\n\t\t<\/div>\n\t\t\t\t\t<\/div>\n\t\t<\/section>\n\t\t\t\t<section class=\"elementor-section elementor-top-section elementor-element elementor-element-ccfa310 elementor-section-boxed elementor-section-height-default elementor-section-height-default qodef-elementor-content-no\" data-id=\"ccfa310\" data-element_type=\"section\">\n\t\t\t\t\t\t<div class=\"elementor-container elementor-column-gap-default\">\n\t\t\t\t\t<div class=\"elementor-column elementor-col-100 elementor-top-column elementor-element elementor-element-d7863cb\" data-id=\"d7863cb\" data-element_type=\"column\">\n\t\t\t<div class=\"elementor-widget-wrap elementor-element-populated\">\n\t\t\t\t\t\t<div class=\"elementor-element elementor-element-02ef123 elementor-icon-list--layout-traditional elementor-list-item-link-full_width elementor-widget elementor-widget-icon-list\" data-id=\"02ef123\" data-element_type=\"widget\" data-widget_type=\"icon-list.default\">\n\t\t\t\t<div class=\"elementor-widget-container\">\n\t\t\t\t\t\t\t<ul class=\"elementor-icon-list-items\">\n\t\t\t\t\t\t\t<li class=\"elementor-icon-list-item\">\n\t\t\t\t\t\t\t\t\t\t\t<span class=\"elementor-icon-list-icon\">\n\t\t\t\t\t\t\t<i aria-hidden=\"true\" class=\"far fa-calendar\"><\/i>\t\t\t\t\t\t<\/span>\n\t\t\t\t\t\t\t\t\t\t<span class=\"elementor-icon-list-text\">21 de octubre<\/span>\n\t\t\t\t\t\t\t\t\t<\/li>\n\t\t\t\t\t\t\t\t<li class=\"elementor-icon-list-item\">\n\t\t\t\t\t\t\t\t\t\t\t<span class=\"elementor-icon-list-icon\">\n\t\t\t\t\t\t\t<i aria-hidden=\"true\" class=\"far fa-clock\"><\/i>\t\t\t\t\t\t<\/span>\n\t\t\t\t\t\t\t\t\t\t<span class=\"elementor-icon-list-text\">10:30 a 14:00<\/span>\n\t\t\t\t\t\t\t\t\t<\/li>\n\t\t\t\t\t\t\t\t<li class=\"elementor-icon-list-item\">\n\t\t\t\t\t\t\t\t\t\t\t<span class=\"elementor-icon-list-icon\">\n\t\t\t\t\t\t\t<i aria-hidden=\"true\" class=\"far fa-building\"><\/i>\t\t\t\t\t\t<\/span>\n\t\t\t\t\t\t\t\t\t\t<span class=\"elementor-icon-list-text\">Sala Pac\u00edfico. Real Teatro de Retiro<\/span>\n\t\t\t\t\t\t\t\t\t<\/li>\n\t\t\t\t\t\t<\/ul>\n\t\t\t\t\t\t<\/div>\n\t\t\t\t<\/div>\n\t\t\t\t<div class=\"elementor-element elementor-element-39c2fbe elementor-widget-divider--view-line elementor-widget elementor-widget-divider\" data-id=\"39c2fbe\" data-element_type=\"widget\" data-widget_type=\"divider.default\">\n\t\t\t\t<div class=\"elementor-widget-container\">\n\t\t\t\t\t\t\t<div class=\"elementor-divider\">\n\t\t\t<span class=\"elementor-divider-separator\">\n\t\t\t\t\t\t<\/span>\n\t\t<\/div>\n\t\t\t\t\t\t<\/div>\n\t\t\t\t<\/div>\n\t\t\t\t\t<\/div>\n\t\t<\/div>\n\t\t\t\t\t<\/div>\n\t\t<\/section>\n\t\t\t\t<section class=\"elementor-section elementor-top-section elementor-element elementor-element-451d66e elementor-section-boxed elementor-section-height-default elementor-section-height-default qodef-elementor-content-no\" data-id=\"451d66e\" data-element_type=\"section\">\n\t\t\t\t\t\t<div class=\"elementor-container elementor-column-gap-default\">\n\t\t\t\t\t<div class=\"elementor-column elementor-col-100 elementor-top-column elementor-element elementor-element-2fb6be5\" data-id=\"2fb6be5\" data-element_type=\"column\">\n\t\t\t<div class=\"elementor-widget-wrap elementor-element-populated\">\n\t\t\t\t\t\t<div class=\"elementor-element elementor-element-f9b40db elementor-widget elementor-widget-text-editor\" data-id=\"f9b40db\" data-element_type=\"widget\" data-widget_type=\"text-editor.default\">\n\t\t\t\t<div class=\"elementor-widget-container\">\n\t\t\t\t\t\t\t\t\t<h2><em><span style=\"font-weight: 400;\">NO SE LLAMA<\/span><\/em><\/h2><h2><span style=\"font-weight: 400;\">MARTA AR\u00c9VALO Y LUCIANA SPADAFORA<\/span><\/h2><p><span style=\"font-weight: 400;\">aprendanza es un encuentro heterog\u00e9neo creativo de personas unidas por la Educaci\u00f3n por el arte. Con la propuesta \u201cNo se llama\u201d se quiere invitar a participar en un dispositivo de creaci\u00f3n colectiva, donde repensar el modo de abordaje de la creaci\u00f3n y la puesta en escena en contextos educativos formales e no formales.<\/span><\/p><p><span style=\"font-weight: 400;\">Los disparadores\/detonantes son juego, deporte, humor y danza, que ser\u00e1n entendidos como \u201cingredientes, a partir de los cu\u00e1les el colectivo har\u00e1 su propio ensalada singular\u201d. En todo caso, el enfoque ser\u00e1 particularmente intrigante debido a la naturaleza fluida y experimental de una creaci\u00f3n as\u00ed.<\/span><\/p><p><span style=\"font-weight: 400;\">El car\u00e1cter colectivo de la creaci\u00f3n en danza al facilitar un grupo requiere generar un clima favorable, confiable y seguro para que se pueda desplegar todo el potencial creativo de cada persona y del grupo en su conjunto.<\/span><\/p><p><span style=\"font-weight: 400;\">Partir de lo contextual, desde los recursos que se tienen en cuanto a espacio, tiempo, perfil participante, n\u00famero de personas incierto, horario, recursos, etc.<\/span><\/p><p><span style=\"font-weight: 400;\">Algunas de los tips para manejar: Arbitraje, calentamiento, haka, lo competitivo, sonidos del deporte, tarjetas, celebraciones, desfile ol\u00edmpico, espectadores, acrobacia blanda, pico, g\u00e9stica deportiva, etc. Matices y calidades del movimiento: C\u00e1mara lenta, voz y lo coral, trayectorias.<\/span><\/p><p><span style=\"font-weight: 400;\">Humor, llevado a la parodia, desde lo sorpresivo y el absurdo, pudiendo hacer deriva a pensamiento cr\u00edtico, resistencia sobre lo que se reconozca como oportunidad.<\/span><\/p><p><b>Marta Ar\u00e9valo<\/b><span style=\"font-weight: 400;\">\u00a0<\/span><\/p><p><span style=\"font-weight: 400;\">Es doctora en Ciencias de la Educaci\u00f3n. Imparte docencia en \u00e1reas de expresi\u00f3n corporal, danza, educaci\u00f3n f\u00edsica y entornos digitales en la Universidad de Alcal\u00e1. <\/span><span style=\"font-weight: 400;\">Aunque su labor principal la realiza en el \u00e1mbito universitario, para investigaci\u00f3n, formaci\u00f3n y conexiones mira m\u00e1s fuera que dentro del mundo acad\u00e9mico. Entiende que las paredes de un aula deben ser porosas a la realidad que acontece y todo momento educativo tiene que partir del contexto y de las necesidades de las personas que habitan esos espacios educativos.<\/span><\/p><p><span style=\"font-weight: 400;\">Sus proyectos de innovaci\u00f3n educativa y algunas de sus investigaciones se vertebran desde las conexiones entre la expresi\u00f3n del cuerpo, la danza, la creaci\u00f3n, el pensamiento cr\u00edtico, el juego y las tecnolog\u00edas.<\/span><\/p><p><b>Luciana Spadafora<\/b><span style=\"font-weight: 400;\">\u00a0<\/span><\/p><p><span style=\"font-weight: 400;\">Es Licenciada en composici\u00f3n coreogr\u00e1fica, menci\u00f3n Expresi\u00f3n Corporal de la Universidad Nacional de Artes del movimiento en Buenos Aires, Argentina, as\u00ed como maestra y profesora nacional de educaci\u00f3n f\u00edsica en la misma ciudad. Su principal labor en este momento es vincular la actividad f\u00edsica a las artes esc\u00e9nicas. Llega <\/span><span style=\"font-weight: 400;\">hace 7 a\u00f1os a Lleida (Espa\u00f1a) a implementar y crear una escuela de circo y expresi\u00f3n corporal en el club INEF Lleida y en el Club esportiu INEF Barcelona.<\/span><\/p><p><span style=\"font-weight: 400;\">Ella se define como una \u201ccaja de pandora\u201d, adem\u00e1s de ser formadora de educadores con el proyecto \u201cinspiragenios educativos\u201d, es coordinadora y entrenadora de gimnasia art\u00edstica femenina y masculina. <\/span><span style=\"font-weight: 400;\">Es miembro de una compa\u00f1\u00eda de danza teatro llamada C\u00f2rnia, que actualmente est\u00e1n de gira haciendo dos obras <\/span><i><span style=\"font-weight: 400;\">Dones y Vaya Palo<\/span><\/i><span style=\"font-weight: 400;\">. Su nuevo proyecto es un unipersonal de clown y danza que ha estrenado en Julio del 2023 que se llama <\/span><i><span style=\"font-weight: 400;\">Harrrrta del \u00c9xito.<\/span><\/i><\/p>\t\t\t\t\t\t\t\t<\/div>\n\t\t\t\t<\/div>\n\t\t\t\t\t<\/div>\n\t\t<\/div>\n\t\t\t\t\t<\/div>\n\t\t<\/section>\n\t\t\t\t<\/div>\n\t\t","protected":false},"excerpt":{"rendered":"<p>Espacio Abierto. No se llama.Creaci\u00f3n colectiva 21 de octubre 10:30 a 14:00 Sala Pac\u00edfico. Real Teatro de Retiro NO SE LLAMA MARTA AR\u00c9VALO Y LUCIANA SPADAFORA aprendanza es un encuentro heterog\u00e9neo creativo de personas unidas por la Educaci\u00f3n por el arte. Con la propuesta \u201cNo se llama\u201d se quiere invitar a participar en un dispositivo &#8230; <a title=\"Espacio Abierto. No se llama\" class=\"read-more\" href=\"https:\/\/www.teatroreal.es\/proyectolova\/actividades-curso-lova\/aprendanza-2\/aprendanza-23\/espacioabierto\/\">Read more<\/a><\/p>\n","protected":false},"author":168,"featured_media":0,"parent":9770,"menu_order":0,"comment_status":"closed","ping_status":"closed","template":"","meta":{"footnotes":""},"hashtags":[],"class_list":["post-9814","page","type-page","status-publish"],"yoast_head":"<!-- This site is optimized with the Yoast SEO plugin v26.8 - https:\/\/yoast.com\/product\/yoast-seo-wordpress\/ -->\n<title>Espacio Abierto. No se llama - L\u00d3VA<\/title>\n<meta name=\"robots\" content=\"index, follow, max-snippet:-1, max-image-preview:large, max-video-preview:-1\" \/>\n<link rel=\"canonical\" href=\"https:\/\/www.teatroreal.es\/proyectolova\/actividades-curso-lova\/aprendanza-2\/aprendanza-23\/espacioabierto\/\" \/>\n<meta property=\"og:locale\" content=\"es_ES\" \/>\n<meta property=\"og:type\" content=\"article\" \/>\n<meta property=\"og:title\" content=\"Espacio Abierto. No se llama - L\u00d3VA\" \/>\n<meta property=\"og:description\" content=\"Espacio Abierto. No se llama.Creaci\u00f3n colectiva 21 de octubre 10:30 a 14:00 Sala Pac\u00edfico. Real Teatro de Retiro NO SE LLAMA MARTA AR\u00c9VALO Y LUCIANA SPADAFORA aprendanza es un encuentro heterog\u00e9neo creativo de personas unidas por la Educaci\u00f3n por el arte. Con la propuesta \u201cNo se llama\u201d se quiere invitar a participar en un dispositivo ... Read more\" \/>\n<meta property=\"og:url\" content=\"https:\/\/www.teatroreal.es\/proyectolova\/actividades-curso-lova\/aprendanza-2\/aprendanza-23\/espacioabierto\/\" \/>\n<meta property=\"og:site_name\" content=\"L\u00d3VA\" \/>\n<meta property=\"article:publisher\" content=\"https:\/\/www.facebook.com\/proyectolova\/\" \/>\n<meta property=\"article:modified_time\" content=\"2023-10-03T09:23:36+00:00\" \/>\n<meta property=\"og:image\" content=\"https:\/\/www.teatroreal.es\/proyectolova\/wp-content\/uploads\/elementor\/thumbs\/Screenshot_20220621_114457-e1695850309282-qd1o8pwqofibxpw70y3v6cfuallaqrqn3fqddz15t0.jpg\" \/>\n<meta name=\"twitter:card\" content=\"summary_large_image\" \/>\n<meta name=\"twitter:site\" content=\"@proyectolova\" \/>\n<meta name=\"twitter:label1\" content=\"Tiempo de lectura\" \/>\n\t<meta name=\"twitter:data1\" content=\"3 minutos\" \/>\n<script type=\"application\/ld+json\" class=\"yoast-schema-graph\">{\"@context\":\"https:\/\/schema.org\",\"@graph\":[{\"@type\":\"WebPage\",\"@id\":\"https:\/\/www.teatroreal.es\/proyectolova\/actividades-curso-lova\/aprendanza-2\/aprendanza-23\/espacioabierto\/\",\"url\":\"https:\/\/www.teatroreal.es\/proyectolova\/actividades-curso-lova\/aprendanza-2\/aprendanza-23\/espacioabierto\/\",\"name\":\"Espacio Abierto. No se llama - L\u00d3VA\",\"isPartOf\":{\"@id\":\"https:\/\/www.teatroreal.es\/proyectolova\/#website\"},\"primaryImageOfPage\":{\"@id\":\"https:\/\/www.teatroreal.es\/proyectolova\/actividades-curso-lova\/aprendanza-2\/aprendanza-23\/espacioabierto\/#primaryimage\"},\"image\":{\"@id\":\"https:\/\/www.teatroreal.es\/proyectolova\/actividades-curso-lova\/aprendanza-2\/aprendanza-23\/espacioabierto\/#primaryimage\"},\"thumbnailUrl\":\"https:\/\/www.teatroreal.es\/proyectolova\/wp-content\/uploads\/elementor\/thumbs\/Screenshot_20220621_114457-e1695850309282-qd1o8pwqofibxpw70y3v6cfuallaqrqn3fqddz15t0.jpg\",\"datePublished\":\"2023-09-27T20:52:33+00:00\",\"dateModified\":\"2023-10-03T09:23:36+00:00\",\"breadcrumb\":{\"@id\":\"https:\/\/www.teatroreal.es\/proyectolova\/actividades-curso-lova\/aprendanza-2\/aprendanza-23\/espacioabierto\/#breadcrumb\"},\"inLanguage\":\"es\",\"potentialAction\":[{\"@type\":\"ReadAction\",\"target\":[\"https:\/\/www.teatroreal.es\/proyectolova\/actividades-curso-lova\/aprendanza-2\/aprendanza-23\/espacioabierto\/\"]}]},{\"@type\":\"ImageObject\",\"inLanguage\":\"es\",\"@id\":\"https:\/\/www.teatroreal.es\/proyectolova\/actividades-curso-lova\/aprendanza-2\/aprendanza-23\/espacioabierto\/#primaryimage\",\"url\":\"https:\/\/www.teatroreal.es\/proyectolova\/wp-content\/uploads\/elementor\/thumbs\/Screenshot_20220621_114457-e1695850309282-qd1o8pwqofibxpw70y3v6cfuallaqrqn3fqddz15t0.jpg\",\"contentUrl\":\"https:\/\/www.teatroreal.es\/proyectolova\/wp-content\/uploads\/elementor\/thumbs\/Screenshot_20220621_114457-e1695850309282-qd1o8pwqofibxpw70y3v6cfuallaqrqn3fqddz15t0.jpg\"},{\"@type\":\"BreadcrumbList\",\"@id\":\"https:\/\/www.teatroreal.es\/proyectolova\/actividades-curso-lova\/aprendanza-2\/aprendanza-23\/espacioabierto\/#breadcrumb\",\"itemListElement\":[{\"@type\":\"ListItem\",\"position\":1,\"name\":\"Portada\",\"item\":\"https:\/\/www.teatroreal.es\/proyectolova\/\"},{\"@type\":\"ListItem\",\"position\":2,\"name\":\"Actividades\",\"item\":\"https:\/\/www.teatroreal.es\/proyectolova\/?page_id=1725\"},{\"@type\":\"ListItem\",\"position\":3,\"name\":\"APRENDANZA\",\"item\":\"https:\/\/www.teatroreal.es\/proyectolova\/actividades-curso-lova\/aprendanza-2\/\"},{\"@type\":\"ListItem\",\"position\":4,\"name\":\"aprendanza 23\",\"item\":\"https:\/\/www.teatroreal.es\/proyectolova\/actividades-curso-lova\/aprendanza-2\/aprendanza-23\/\"},{\"@type\":\"ListItem\",\"position\":5,\"name\":\"Espacio Abierto. No se llama\"}]},{\"@type\":\"WebSite\",\"@id\":\"https:\/\/www.teatroreal.es\/proyectolova\/#website\",\"url\":\"https:\/\/www.teatroreal.es\/proyectolova\/\",\"name\":\"L\u00d3VA\",\"description\":\"La \u00d3pera, un Veh\u00edculo de Aprendizaje\",\"publisher\":{\"@id\":\"https:\/\/www.teatroreal.es\/proyectolova\/#organization\"},\"potentialAction\":[{\"@type\":\"SearchAction\",\"target\":{\"@type\":\"EntryPoint\",\"urlTemplate\":\"https:\/\/www.teatroreal.es\/proyectolova\/?s={search_term_string}\"},\"query-input\":{\"@type\":\"PropertyValueSpecification\",\"valueRequired\":true,\"valueName\":\"search_term_string\"}}],\"inLanguage\":\"es\"},{\"@type\":\"Organization\",\"@id\":\"https:\/\/www.teatroreal.es\/proyectolova\/#organization\",\"name\":\"L\u00d3VA\",\"url\":\"https:\/\/www.teatroreal.es\/proyectolova\/\",\"logo\":{\"@type\":\"ImageObject\",\"inLanguage\":\"es\",\"@id\":\"https:\/\/www.teatroreal.es\/proyectolova\/#\/schema\/logo\/image\/\",\"url\":\"https:\/\/www.teatroreal.es\/proyectolova\/wp-content\/uploads\/2018\/01\/logo-L\u00d3VA-Marin\u00e9.jpg\",\"contentUrl\":\"https:\/\/www.teatroreal.es\/proyectolova\/wp-content\/uploads\/2018\/01\/logo-L\u00d3VA-Marin\u00e9.jpg\",\"width\":1890,\"height\":2848,\"caption\":\"L\u00d3VA\"},\"image\":{\"@id\":\"https:\/\/www.teatroreal.es\/proyectolova\/#\/schema\/logo\/image\/\"},\"sameAs\":[\"https:\/\/www.facebook.com\/proyectolova\/\",\"https:\/\/x.com\/proyectolova\",\"https:\/\/www.instagram.com\/proyectolova\/\",\"https:\/\/www.linkedin.com\/company\/proyectolova\/\",\"https:\/\/www.youtube.com\/user\/mecenartis\"]}]}<\/script>\n<!-- \/ Yoast SEO plugin. -->","yoast_head_json":{"title":"Espacio Abierto. No se llama - L\u00d3VA","robots":{"index":"index","follow":"follow","max-snippet":"max-snippet:-1","max-image-preview":"max-image-preview:large","max-video-preview":"max-video-preview:-1"},"canonical":"https:\/\/www.teatroreal.es\/proyectolova\/actividades-curso-lova\/aprendanza-2\/aprendanza-23\/espacioabierto\/","og_locale":"es_ES","og_type":"article","og_title":"Espacio Abierto. No se llama - L\u00d3VA","og_description":"Espacio Abierto. No se llama.Creaci\u00f3n colectiva 21 de octubre 10:30 a 14:00 Sala Pac\u00edfico. Real Teatro de Retiro NO SE LLAMA MARTA AR\u00c9VALO Y LUCIANA SPADAFORA aprendanza es un encuentro heterog\u00e9neo creativo de personas unidas por la Educaci\u00f3n por el arte. Con la propuesta \u201cNo se llama\u201d se quiere invitar a participar en un dispositivo ... Read more","og_url":"https:\/\/www.teatroreal.es\/proyectolova\/actividades-curso-lova\/aprendanza-2\/aprendanza-23\/espacioabierto\/","og_site_name":"L\u00d3VA","article_publisher":"https:\/\/www.facebook.com\/proyectolova\/","article_modified_time":"2023-10-03T09:23:36+00:00","og_image":[{"url":"https:\/\/www.teatroreal.es\/proyectolova\/wp-content\/uploads\/elementor\/thumbs\/Screenshot_20220621_114457-e1695850309282-qd1o8pwqofibxpw70y3v6cfuallaqrqn3fqddz15t0.jpg","type":"","width":"","height":""}],"twitter_card":"summary_large_image","twitter_site":"@proyectolova","twitter_misc":{"Tiempo de lectura":"3 minutos"},"schema":{"@context":"https:\/\/schema.org","@graph":[{"@type":"WebPage","@id":"https:\/\/www.teatroreal.es\/proyectolova\/actividades-curso-lova\/aprendanza-2\/aprendanza-23\/espacioabierto\/","url":"https:\/\/www.teatroreal.es\/proyectolova\/actividades-curso-lova\/aprendanza-2\/aprendanza-23\/espacioabierto\/","name":"Espacio Abierto. No se llama - L\u00d3VA","isPartOf":{"@id":"https:\/\/www.teatroreal.es\/proyectolova\/#website"},"primaryImageOfPage":{"@id":"https:\/\/www.teatroreal.es\/proyectolova\/actividades-curso-lova\/aprendanza-2\/aprendanza-23\/espacioabierto\/#primaryimage"},"image":{"@id":"https:\/\/www.teatroreal.es\/proyectolova\/actividades-curso-lova\/aprendanza-2\/aprendanza-23\/espacioabierto\/#primaryimage"},"thumbnailUrl":"https:\/\/www.teatroreal.es\/proyectolova\/wp-content\/uploads\/elementor\/thumbs\/Screenshot_20220621_114457-e1695850309282-qd1o8pwqofibxpw70y3v6cfuallaqrqn3fqddz15t0.jpg","datePublished":"2023-09-27T20:52:33+00:00","dateModified":"2023-10-03T09:23:36+00:00","breadcrumb":{"@id":"https:\/\/www.teatroreal.es\/proyectolova\/actividades-curso-lova\/aprendanza-2\/aprendanza-23\/espacioabierto\/#breadcrumb"},"inLanguage":"es","potentialAction":[{"@type":"ReadAction","target":["https:\/\/www.teatroreal.es\/proyectolova\/actividades-curso-lova\/aprendanza-2\/aprendanza-23\/espacioabierto\/"]}]},{"@type":"ImageObject","inLanguage":"es","@id":"https:\/\/www.teatroreal.es\/proyectolova\/actividades-curso-lova\/aprendanza-2\/aprendanza-23\/espacioabierto\/#primaryimage","url":"https:\/\/www.teatroreal.es\/proyectolova\/wp-content\/uploads\/elementor\/thumbs\/Screenshot_20220621_114457-e1695850309282-qd1o8pwqofibxpw70y3v6cfuallaqrqn3fqddz15t0.jpg","contentUrl":"https:\/\/www.teatroreal.es\/proyectolova\/wp-content\/uploads\/elementor\/thumbs\/Screenshot_20220621_114457-e1695850309282-qd1o8pwqofibxpw70y3v6cfuallaqrqn3fqddz15t0.jpg"},{"@type":"BreadcrumbList","@id":"https:\/\/www.teatroreal.es\/proyectolova\/actividades-curso-lova\/aprendanza-2\/aprendanza-23\/espacioabierto\/#breadcrumb","itemListElement":[{"@type":"ListItem","position":1,"name":"Portada","item":"https:\/\/www.teatroreal.es\/proyectolova\/"},{"@type":"ListItem","position":2,"name":"Actividades","item":"https:\/\/www.teatroreal.es\/proyectolova\/?page_id=1725"},{"@type":"ListItem","position":3,"name":"APRENDANZA","item":"https:\/\/www.teatroreal.es\/proyectolova\/actividades-curso-lova\/aprendanza-2\/"},{"@type":"ListItem","position":4,"name":"aprendanza 23","item":"https:\/\/www.teatroreal.es\/proyectolova\/actividades-curso-lova\/aprendanza-2\/aprendanza-23\/"},{"@type":"ListItem","position":5,"name":"Espacio Abierto. No se llama"}]},{"@type":"WebSite","@id":"https:\/\/www.teatroreal.es\/proyectolova\/#website","url":"https:\/\/www.teatroreal.es\/proyectolova\/","name":"L\u00d3VA","description":"La \u00d3pera, un Veh\u00edculo de Aprendizaje","publisher":{"@id":"https:\/\/www.teatroreal.es\/proyectolova\/#organization"},"potentialAction":[{"@type":"SearchAction","target":{"@type":"EntryPoint","urlTemplate":"https:\/\/www.teatroreal.es\/proyectolova\/?s={search_term_string}"},"query-input":{"@type":"PropertyValueSpecification","valueRequired":true,"valueName":"search_term_string"}}],"inLanguage":"es"},{"@type":"Organization","@id":"https:\/\/www.teatroreal.es\/proyectolova\/#organization","name":"L\u00d3VA","url":"https:\/\/www.teatroreal.es\/proyectolova\/","logo":{"@type":"ImageObject","inLanguage":"es","@id":"https:\/\/www.teatroreal.es\/proyectolova\/#\/schema\/logo\/image\/","url":"https:\/\/www.teatroreal.es\/proyectolova\/wp-content\/uploads\/2018\/01\/logo-L\u00d3VA-Marin\u00e9.jpg","contentUrl":"https:\/\/www.teatroreal.es\/proyectolova\/wp-content\/uploads\/2018\/01\/logo-L\u00d3VA-Marin\u00e9.jpg","width":1890,"height":2848,"caption":"L\u00d3VA"},"image":{"@id":"https:\/\/www.teatroreal.es\/proyectolova\/#\/schema\/logo\/image\/"},"sameAs":["https:\/\/www.facebook.com\/proyectolova\/","https:\/\/x.com\/proyectolova","https:\/\/www.instagram.com\/proyectolova\/","https:\/\/www.linkedin.com\/company\/proyectolova\/","https:\/\/www.youtube.com\/user\/mecenartis"]}]}},"_links":{"self":[{"href":"https:\/\/www.teatroreal.es\/proyectolova\/wp-json\/wp\/v2\/pages\/9814","targetHints":{"allow":["GET"]}}],"collection":[{"href":"https:\/\/www.teatroreal.es\/proyectolova\/wp-json\/wp\/v2\/pages"}],"about":[{"href":"https:\/\/www.teatroreal.es\/proyectolova\/wp-json\/wp\/v2\/types\/page"}],"author":[{"embeddable":true,"href":"https:\/\/www.teatroreal.es\/proyectolova\/wp-json\/wp\/v2\/users\/168"}],"replies":[{"embeddable":true,"href":"https:\/\/www.teatroreal.es\/proyectolova\/wp-json\/wp\/v2\/comments?post=9814"}],"version-history":[{"count":7,"href":"https:\/\/www.teatroreal.es\/proyectolova\/wp-json\/wp\/v2\/pages\/9814\/revisions"}],"predecessor-version":[{"id":9967,"href":"https:\/\/www.teatroreal.es\/proyectolova\/wp-json\/wp\/v2\/pages\/9814\/revisions\/9967"}],"up":[{"embeddable":true,"href":"https:\/\/www.teatroreal.es\/proyectolova\/wp-json\/wp\/v2\/pages\/9770"}],"wp:attachment":[{"href":"https:\/\/www.teatroreal.es\/proyectolova\/wp-json\/wp\/v2\/media?parent=9814"}],"wp:term":[{"taxonomy":"hashtags","embeddable":true,"href":"https:\/\/www.teatroreal.es\/proyectolova\/wp-json\/wp\/v2\/hashtags?post=9814"}],"curies":[{"name":"wp","href":"https:\/\/api.w.org\/{rel}","templated":true}]}}